{"id":23779,"date":"2015-06-12T11:17:21","date_gmt":"2015-06-12T09:17:21","guid":{"rendered":"https:\/\/alzira.es\/cuenta-general-2016\/"},"modified":"2022-01-17T12:11:57","modified_gmt":"2022-01-17T11:11:57","slug":"cuenta-general-2016-cas-no","status":"publish","type":"page","link":"https:\/\/alzira.es\/es\/servicios-municipales\/economia-y-recaudacion\/intervencion-cas-no\/cuenta-general-cas-no\/historicos-cuentas-generales\/cuenta-general-2016-cas-no\/","title":{"rendered":"Cuenta general 2016-cas-no"},"content":{"rendered":"<p>&nbsp;<\/p>\n<table style=\"margin-left: -3.6pt; border-collapse: collapse; width: 600px;\" border=\"1\" cellspacing=\"0\" cellpadding=\"0\">\n<tbody>\n<tr>\n<td style=\"border: 1pt solid windowtext; padding: 0cm 3.5pt;\">\n<p style=\"text-align: left;\" align=\"left\"><strong><span style=\"font-size: 10pt;\">A)<\/span><\/strong><\/p>\n<\/td>\n<td style=\"border-width: 1pt 1pt 1pt medium; border-style: solid solid solid none; border-color: windowtext windowtext windowtext -moz-use-text-color; padding: 0cm 3.5pt;\">\n<p style=\"text-align: left;\" align=\"left\"><strong><span style=\"font-size: 10pt;\">Cuenta general. Tramitaci\u00f3n y aprobaci\u00f3n<\/span><\/strong><\/p>\n<\/td>\n<\/tr>\n<tr>\n<td style=\"border-width: medium 1pt 1pt; border-style: none solid solid; border-color: -moz-use-text-color windowtext windowtext; padding: 0cm 3.5pt;\" rowspan=\"12\">&nbsp;<\/td>\n<td style=\"border-width: medium 1pt 1pt medium; border-style: none solid solid none; border-color: -moz-use-text-color windowtext windowtext -moz-use-text-color; padding: 0cm 3.5pt;\">&nbsp;<\/td>\n<\/tr>\n<tr>\n<td style=\"border-width: medium 1pt 1pt medium; border-style: none solid solid none; border-color: -moz-use-text-color windowtext windowtext -moz-use-text-color; padding: 0cm 3.5pt;\">\n<p style=\"text-align: left;\" align=\"left\"><a href=\"https:\/\/alzira.es\/wp-content\/uploads\/2015\/06\/A_formacio_compte_general_2016.pdf\" target=\"_blank\" rel=\"noopener\"><span style=\"font-size: 10pt;\">Formaci\u00f3n Cuenta general<\/span><\/a><\/p>\n<\/td>\n<\/tr>\n<tr>\n<td style=\"border-width: medium 1pt 1pt medium; border-style: none solid solid none; border-color: -moz-use-text-color windowtext windowtext -moz-use-text-color; padding: 0cm 3.5pt;\">\n<p style=\"text-align: left;\" align=\"left\"><a href=\"https:\/\/alzira.es\/wp-content\/uploads\/2015\/06\/A_decret_1236.pdf\" target=\"_blank\" rel=\"noopener\"><span style=\"font-size: 10pt;\">Decreto Alcald\u00eda n\u00famero 1236\/17 rendici\u00f3n cuentas<\/span><\/a><\/p>\n<\/td>\n<\/tr>\n<tr>\n<td style=\"border-width: medium 1pt 1pt medium; border-style: none solid solid none; border-color: -moz-use-text-color windowtext windowtext -moz-use-text-color; padding: 0cm 3.5pt;\">\n<p style=\"text-align: left;\" align=\"left\"><a href=\"https:\/\/alzira.es\/wp-content\/uploads\/2015\/06\/A_Dictamen_comissio_especial_comptes.pdf\" target=\"_blank\" rel=\"noopener\"><span style=\"font-size: 10pt;\">Dictamen Comisi\u00f3n Especial de Cuentas<\/span><\/a><\/p>\n<\/td>\n<\/tr>\n<tr>\n<td style=\"border-width: medium 1pt 1pt medium; border-style: none solid solid none; border-color: -moz-use-text-color windowtext windowtext -moz-use-text-color; padding: 0cm 3.5pt;\">\n<p style=\"text-align: left;\" align=\"left\"><a href=\"https:\/\/alzira.es\/wp-content\/uploads\/2015\/06\/A_Edicte_aprovacio_compte_general_2016.pdf\" target=\"_blank\" rel=\"noopener\"><span style=\"font-size: 10pt;\">Edicto Cuenta general<\/span><\/a><\/p>\n<\/td>\n<\/tr>\n<tr>\n<td style=\"border-width: medium 1pt 1pt medium; border-style: none solid solid none; border-color: -moz-use-text-color windowtext windowtext -moz-use-text-color; padding: 0cm 3.5pt;\">\n<p style=\"text-align: left;\" align=\"left\"><a href=\"https:\/\/alzira.es\/wp-content\/uploads\/2015\/06\/A_Edicte_compte_general_BOP.pdf\" target=\"_blank\" rel=\"noopener\"><span style=\"font-size: 10pt;\">Exposici\u00f3n p\u00fablica Cuenta general<\/span><\/a><\/p>\n<\/td>\n<\/tr>\n<tr>\n<td style=\"border-width: medium 1pt 1pt medium; border-style: none solid solid none; border-color: -moz-use-text-color windowtext windowtext -moz-use-text-color; padding: 0cm 3.5pt;\">\n<p style=\"text-align: left;\" align=\"left\"><a href=\"https:\/\/alzira.es\/wp-content\/uploads\/2015\/06\/A_Certificat_no_reclamacions.pdf\" target=\"_blank\" rel=\"noopener\"><span style=\"font-size: 10pt;\">Certificado no reclamaciones<\/span><\/a><\/p>\n<\/td>\n<\/tr>\n<tr>\n<td style=\"border-width: medium 1pt 1pt medium; border-style: none solid solid none; border-color: -moz-use-text-color windowtext windowtext -moz-use-text-color; padding: 0cm 3.5pt;\">\n<p style=\"text-align: left;\" align=\"left\"><a href=\"contenidos\/Area_Economica\/Cuenta_general\/2016\/A_Acord_Ple_aprovacio_compte_general.pdf\" target=\"_blank\" rel=\"noopener\"><span style=\"font-size: 10pt;\">Acuerdo Pleno aprobaci\u00f3n Cuenta general<\/span><\/a><\/p>\n<\/td>\n<\/tr>\n<tr>\n<td style=\"border-width: medium 1pt 1pt medium; border-style: none solid solid none; border-color: -moz-use-text-color windowtext windowtext -moz-use-text-color; padding: 0cm 3.5pt;\">\n<p style=\"text-align: left;\" align=\"left\"><a href=\"https:\/\/alzira.es\/wp-content\/uploads\/2015\/06\/A_Acord_Ple.pdf\" target=\"_blank\" rel=\"noopener\"><span style=\"font-size: 10pt;\"><\/span><\/a><a href=\"https:\/\/alzira.es\/wp-content\/uploads\/2015\/06\/A_ofici_conselleria_hisenda.pdf\" target=\"_blank\" rel=\"noopener\"><span style=\"font-size: 10pt;\">Oficio remisi\u00f3n Conselleria de Hacienda y Modelo Econ\u00f3mico<\/span><\/a><a href=\"https:\/\/alzira.es\/wp-content\/uploads\/2015\/06\/A_Acord_Ple.pdf\" target=\"_blank\" rel=\"noopener\"><span style=\"font-size: 10pt;\"><\/span><\/a><\/p>\n<\/td>\n<\/tr>\n<tr>\n<td style=\"border-width: medium 1pt 1pt medium; border-style: none solid solid none; border-color: -moz-use-text-color windowtext windowtext -moz-use-text-color; padding: 0cm 3.5pt;\">\n<p style=\"text-align: left;\" align=\"left\"><a href=\"https:\/\/alzira.es\/wp-content\/uploads\/2015\/06\/A_ofici_Delegacio_Economia.pdf\" target=\"_blank\" rel=\"noopener\"><span style=\"font-size: 10pt;\">Oficio remisi\u00f3n Delegaci\u00f3n de Econom\u00eda y Hacienda<\/span><\/a><\/p>\n<\/td>\n<\/tr>\n<tr>\n<td style=\"border-width: medium 1pt 1pt medium; border-style: none solid solid none; border-color: -moz-use-text-color windowtext windowtext -moz-use-text-color; padding: 0cm 3.5pt;\">\n<p style=\"text-align: left;\" align=\"left\"><a href=\"https:\/\/alzira.es\/wp-content\/uploads\/2015\/06\/A_acuseRecibo.pdf\" target=\"_blank\" rel=\"noopener\"><span style=\"font-size: 10pt;\">Rendici\u00f3n cuenta general Sindicatura de Comptes<\/span><\/a><\/p>\n<\/td>\n<\/tr>\n<tr>\n<td style=\"border-width: medium 1pt 1pt medium; border-style: none solid solid none; border-color: -moz-use-text-color windowtext windowtext -moz-use-text-color; padding: 0cm 3.5pt;\">&nbsp;<\/td>\n<\/tr>\n<tr>\n<td style=\"border-width: medium 1pt 1pt; border-style: none solid solid; border-color: -moz-use-text-color windowtext windowtext; padding: 0cm 3.5pt;\">\n<p style=\"text-align: left;\" align=\"left\"><strong><span style=\"font-size: 10pt;\">B)<\/span><\/strong><\/p>\n<\/td>\n<td style=\"border-width: medium 1pt 1pt medium; border-style: none solid solid none; border-color: -moz-use-text-color windowtext windowtext -moz-use-text-color; padding: 0cm 3.5pt;\">\n<p style=\"text-align: left;\" align=\"left\"><strong><span style=\"font-size: 10pt;\">Cuenta general. Estados contables y presupuestarios<\/span><\/strong><\/p>\n<\/td>\n<\/tr>\n<tr>\n<td style=\"border-width: medium 1pt 1pt; border-style: none solid solid; border-color: -moz-use-text-color windowtext windowtext; padding: 0cm 3.5pt;\" rowspan=\"27\">&nbsp;<\/td>\n<td style=\"border-width: medium 1pt 1pt medium; border-style: none solid solid none; border-color: -moz-use-text-color windowtext windowtext -moz-use-text-color; padding: 0cm 3.5pt;\">&nbsp;<\/td>\n<\/tr>\n<tr>\n<td style=\"border-width: medium 1pt 1pt medium; border-style: none solid solid none; border-color: -moz-use-text-color windowtext windowtext -moz-use-text-color; padding: 0cm 3.5pt;\">\n<p style=\"text-align: left;\" align=\"left\"><a href=\"https:\/\/alzira.es\/wp-content\/uploads\/2015\/06\/B1_Balanc_de_situacio.PDF\" target=\"_blank\" rel=\"noopener\"><span style=\"font-size: 10pt;\">Balance de situaci\u00f3n final<\/span><\/a><\/p>\n<\/td>\n<\/tr>\n<tr>\n<td style=\"border-width: medium 1pt 1pt medium; border-style: none solid solid none; border-color: -moz-use-text-color windowtext windowtext -moz-use-text-color; padding: 0cm 3.5pt;\">\n<p style=\"text-align: left;\" align=\"left\"><a href=\"https:\/\/alzira.es\/wp-content\/uploads\/2015\/06\/B2_Compte_resultat_economic_patrimonial.PDF\" target=\"_blank\" rel=\"noopener\"><span style=\"font-size: 10pt;\">Cuenta de resultados ejercicio<\/span><\/a><\/p>\n<\/td>\n<\/tr>\n<tr>\n<td style=\"border-width: medium 1pt 1pt medium; border-style: none solid solid none; border-color: -moz-use-text-color windowtext windowtext -moz-use-text-color; padding: 0cm 3.5pt;\">\n<p style=\"text-align: left;\" align=\"left\"><span style=\"font-size: 10pt;\">Liquidaci\u00f3n presupuesto gastos &#8211; <a href=\"https:\/\/alzira.es\/wp-content\/uploads\/2015\/06\/B3_Liquidacio_gastos_aplicacions_pressupostaries.PDF\" target=\"_blank\" rel=\"noopener\">detalle<\/a><br \/>\n<\/span><\/p>\n<\/td>\n<\/tr>\n<tr>\n<td style=\"border-width: medium 1pt 1pt medium; border-style: none solid solid none; border-color: -moz-use-text-color windowtext windowtext -moz-use-text-color; padding: 0cm 3.5pt;\">\n<p style=\"text-align: left;\" align=\"left\"><span style=\"font-size: 10pt;\">Liquidaci\u00f3n presupuesto gastos \u2013 <a href=\"https:\/\/alzira.es\/wp-content\/uploads\/2015\/06\/B4_Liquidacio_gastos_resum_arees_gasto.PDF\" target=\"_blank\" rel=\"noopener\">resumen \u00e1reas de gasto<\/a><\/span><\/p>\n<\/td>\n<\/tr>\n<tr>\n<td style=\"border-width: medium 1pt 1pt medium; border-style: none solid solid none; border-color: -moz-use-text-color windowtext windowtext -moz-use-text-color; padding: 0cm 3.5pt;\">\n<p style=\"text-align: left;\" align=\"left\"><span style=\"font-size: 10pt;\">Liquidaci\u00f3n presupuesto gastos \u2013 <a href=\"https:\/\/alzira.es\/wp-content\/uploads\/2015\/06\/B5_Liquidacio_gastos_resum_capitols.PDF\" target=\"_blank\" rel=\"noopener\">resumen cap\u00edtulos<\/a><\/span><\/p>\n<\/td>\n<\/tr>\n<tr>\n<td style=\"border-width: medium 1pt 1pt medium; border-style: none solid solid none; border-color: -moz-use-text-color windowtext windowtext -moz-use-text-color; padding: 0cm 3.5pt;\">\n<p style=\"text-align: left;\" align=\"left\"><span style=\"font-size: 10pt;\">Liquidaci\u00f3n presupuesto ingresos \u2013 <a href=\"https:\/\/alzira.es\/wp-content\/uploads\/2015\/06\/B6_Liquidacio_ingressos_resum_capitols.PDF\" target=\"_blank\" rel=\"noopener\">resumen<\/a><\/span><\/p>\n<\/td>\n<\/tr>\n<tr>\n<td style=\"border-width: medium 1pt 1pt medium; border-style: none solid solid none; border-color: -moz-use-text-color windowtext windowtext -moz-use-text-color; padding: 0cm 3.5pt;\">\n<p style=\"text-align: left;\" align=\"left\"><span style=\"font-size: 10pt;\">Liquidaci\u00f3n presupuesto ingresos \u2013 <a href=\"https:\/\/alzira.es\/wp-content\/uploads\/2015\/06\/B7_Liquidacio_ingressos_detall_aplicacions.PDF\" target=\"_blank\" rel=\"noopener\">detalle<\/a><\/span><\/p>\n<\/td>\n<\/tr>\n<tr>\n<td style=\"border-width: medium 1pt 1pt medium; border-style: none solid solid none; border-color: -moz-use-text-color windowtext windowtext -moz-use-text-color; padding: 0cm 3.5pt;\">\n<p style=\"text-align: left;\" align=\"left\"><span style=\"font-size: 10pt;\">Tesorer\u00eda<\/span><\/p>\n<\/td>\n<\/tr>\n<tr>\n<td style=\"border-width: medium 1pt 1pt medium; border-style: none solid solid none; border-color: -moz-use-text-color windowtext windowtext -moz-use-text-color; padding: 0cm 3.5pt;\">\n<p style=\"text-align: left;\" align=\"left\"><span style=\"font-size: 10pt;\">Estado endeudamiento (capitales \/ intereses)<br \/>\n<\/span><\/p>\n<\/td>\n<\/tr>\n<tr>\n<td style=\"border-width: medium 1pt 1pt medium; border-style: none solid solid none; border-color: -moz-use-text-color windowtext windowtext -moz-use-text-color; padding: 0cm 3.5pt;\">\n<p style=\"text-align: left;\" align=\"left\"><span style=\"font-size: 10pt;\">Operaciones no presupuestarias Tesorer\u00eda \u2013 <a href=\"https:\/\/alzira.es\/wp-content\/uploads\/2015\/06\/B10_ONP_deutors.PDF\" target=\"_blank\" rel=\"noopener\">deudores<\/a><\/span><\/p>\n<\/td>\n<\/tr>\n<tr>\n<td style=\"border-width: medium 1pt 1pt medium; border-style: none solid solid none; border-color: -moz-use-text-color windowtext windowtext -moz-use-text-color; padding: 0cm 3.5pt;\">\n<p style=\"text-align: left;\" align=\"left\"><span style=\"font-size: 10pt;\">Operaciones no presupuestarias Tesorer\u00eda \u2013 <a href=\"https:\/\/alzira.es\/wp-content\/uploads\/2015\/06\/B11_ONP_creditors.PDF\" target=\"_blank\" rel=\"noopener\">acreedores<\/a><\/span><\/p>\n<\/td>\n<\/tr>\n<tr>\n<td style=\"border-width: medium 1pt 1pt medium; border-style: none solid solid none; border-color: -moz-use-text-color windowtext windowtext -moz-use-text-color; padding: 0cm 3.5pt;\">\n<p style=\"text-align: left;\" align=\"left\"><span style=\"font-size: 10pt;\">Operaciones no presupuestarias Tesorer\u00eda \u2013 <a href=\"https:\/\/alzira.es\/wp-content\/uploads\/2015\/06\/B12_ONP_cobraments_endents_aplicacio.PDF\" target=\"_blank\" rel=\"noopener\">pendiente aplicar ingresos<\/a><a href=\"contenidos\/Area_Economica\/13%20Cuenta%20general\/b12_np_pendientes_de_aplicacion_ingreso.pdf\" target=\"_blank\" rel=\"noopener\"> <\/a><\/span><\/p>\n<\/td>\n<\/tr>\n<tr>\n<td style=\"border-width: medium 1pt 1pt medium; border-style: none solid solid none; border-color: -moz-use-text-color windowtext windowtext -moz-use-text-color; padding: 0cm 3.5pt;\">\n<p style=\"text-align: left;\" align=\"left\"><span style=\"font-size: 10pt;\">Operaciones no presupuestarias Tesorer\u00eda \u2013 <a href=\"https:\/\/alzira.es\/wp-content\/uploads\/2015\/06\/B13_ONP_pagaments_pendents_aplicacio.PDF\" target=\"_blank\" rel=\"noopener\">pendiente aplicar pagos<\/a><\/span><\/p>\n<\/td>\n<\/tr>\n<tr>\n<td style=\"border-width: medium 1pt 1pt medium; border-style: none solid solid none; border-color: -moz-use-text-color windowtext windowtext -moz-use-text-color; padding: 0cm 3.5pt;\">\n<p style=\"text-align: left;\" align=\"left\"><a href=\"https:\/\/alzira.es\/wp-content\/uploads\/2015\/06\/B14_estat_valors_rebuts_diposit.PDF\" target=\"_blank\" rel=\"noopener\"><span style=\"font-size: 10pt;\">Valores recibidos en dep\u00f3sito<\/span><\/a><a href=\"https:\/\/alzira.es\/wp-content\/uploads\/2014\/07\/b14_valores_recibidos_en_deposito.pdf\" target=\"_blank\" rel=\"noopener\"><span style=\"font-size: 10pt;\"> <\/span><\/a><\/p>\n<\/td>\n<\/tr>\n<tr>\n<td style=\"border-width: medium 1pt 1pt medium; border-style: none solid solid none; border-color: -moz-use-text-color windowtext windowtext -moz-use-text-color; padding: 0cm 3.5pt;\">\n<p style=\"text-align: left;\" align=\"left\"><span style=\"font-size: 10pt;\"><a href=\"https:\/\/alzira.es\/wp-content\/uploads\/2015\/06\/b15_EOAF.PDF\" target=\"_blank\" rel=\"noopener\">EOAF<\/a> y cuadro financiaci\u00f3n anual<\/span><\/p>\n<\/td>\n<\/tr>\n<tr>\n<td style=\"border-width: medium 1pt 1pt medium; border-style: none solid solid none; border-color: -moz-use-text-color windowtext windowtext -moz-use-text-color; padding: 0cm 3.5pt;\">\n<p style=\"text-align: left;\" align=\"left\"><a href=\"https:\/\/alzira.es\/wp-content\/uploads\/2015\/06\/B16_modificacions_credit.PDF\" target=\"_blank\" rel=\"noopener\"><span style=\"font-size: 10pt;\">Modificaciones cr\u00e9dito<\/span><\/a><\/p>\n<\/td>\n<\/tr>\n<tr>\n<td style=\"border-width: medium 1pt 1pt medium; border-style: none solid solid none; border-color: -moz-use-text-color windowtext windowtext -moz-use-text-color; padding: 0cm 3.5pt;\">\n<p style=\"text-align: left;\" align=\"left\"><a href=\"https:\/\/alzira.es\/wp-content\/uploads\/2015\/06\/B17_romanents_credits.PDF\" target=\"_blank\" rel=\"noopener\"><span style=\"font-size: 10pt;\">Remanentes cr\u00e9dito<\/span><\/a><a href=\"https:\/\/alzira.es\/wp-content\/uploads\/2015\/06\/b17_remanentes_de_creditos.pdf\" target=\"_blank\" rel=\"noopener\"><span style=\"font-size: 10pt;\"> <\/span><\/a><\/p>\n<\/td>\n<\/tr>\n<tr>\n<td style=\"border-width: medium 1pt 1pt medium; border-style: none solid solid none; border-color: -moz-use-text-color windowtext windowtext -moz-use-text-color; padding: 0cm 3.5pt;\">\n<p style=\"text-align: left;\" align=\"left\"><a href=\"https:\/\/alzira.es\/wp-content\/uploads\/2015\/06\/B18_projectes-gasto.PDF\" target=\"_blank\" rel=\"noopener\"><span style=\"font-size: 10pt;\">Proyectos de gasto desviaciones de financiaci\u00f3n<\/span><\/a><\/p>\n<\/td>\n<\/tr>\n<tr>\n<td style=\"border-width: medium 1pt 1pt medium; border-style: none solid solid none; border-color: -moz-use-text-color windowtext windowtext -moz-use-text-color; padding: 0cm 3.5pt;\">\n<p style=\"text-align: left;\" align=\"left\"><span style=\"font-size: 10pt;\">Liquidaci\u00f3n presupuesto ingresos a) derechos anulados (<a href=\"https:\/\/alzira.es\/wp-content\/uploads\/2015\/06\/B20_drets_anullats_resum.PDF\" target=\"_blank\" rel=\"noopener\">resumen<\/a> \/ <a href=\"https:\/\/alzira.es\/wp-content\/uploads\/2015\/06\/B20_drets-anullats_detall.PDF\" target=\"_blank\" rel=\"noopener\">detalle<\/a>)<br \/>\n<\/span><\/p>\n<\/td>\n<\/tr>\n<tr>\n<td style=\"border-width: medium 1pt 1pt medium; border-style: none solid solid none; border-color: -moz-use-text-color windowtext windowtext -moz-use-text-color; padding: 0cm 3.5pt;\">\n<p style=\"text-align: left;\" align=\"left\"><span style=\"font-size: 10pt;\">Liquidaci\u00f3n presupuesto ingresos b) derechos cancelados (<a href=\"https:\/\/alzira.es\/wp-content\/uploads\/2015\/06\/B21_drets_cancellats_resum.PDF\" target=\"_blank\" rel=\"noopener\">resumen<\/a> \/ <a href=\"https:\/\/alzira.es\/wp-content\/uploads\/2015\/06\/B21_drets_cancellats_detall.PDF\" target=\"_blank\" rel=\"noopener\">detalle<\/a>)<br \/>\n<\/span><\/p>\n<\/td>\n<\/tr>\n<tr>\n<td style=\"border-width: medium 1pt 1pt medium; border-style: none solid solid none; border-color: -moz-use-text-color windowtext windowtext -moz-use-text-color; padding: 0cm 3.5pt;\">\n<p style=\"text-align: left;\" align=\"left\"><span style=\"font-size: 10pt;\">Liquidaci\u00f3n presupuesto ingresos c) recaudaci\u00f3n neta (<a href=\"https:\/\/alzira.es\/wp-content\/uploads\/2015\/06\/B22_recaptacio_neta_resum.PDF\" target=\"_blank\" rel=\"noopener\">resumen<\/a> \/ <a href=\"https:\/\/alzira.es\/wp-content\/uploads\/2015\/06\/B22_recaptacio_neta_detall.PDF\" target=\"_blank\" rel=\"noopener\">detalle<\/a>)<br \/>\n<\/span><\/p>\n<\/td>\n<\/tr>\n<tr>\n<td style=\"border-width: medium 1pt 1pt medium; border-style: none solid solid none; border-color: -moz-use-text-color windowtext windowtext -moz-use-text-color; padding: 0cm 3.5pt;\">\n<p style=\"text-align: left;\" align=\"left\"><span style=\"font-size: 10pt;\">Liquidaci\u00f3n presupuesto ingresos d) devoluciones (<a href=\"https:\/\/alzira.es\/wp-content\/uploads\/2015\/06\/B23_devolucions_ingressos_resum.PDF\" target=\"_blank\" rel=\"noopener\">resumen<\/a> \/ <a href=\"https:\/\/alzira.es\/wp-content\/uploads\/2015\/06\/B23_devolucions_ingressos_detall.PDF\" target=\"_blank\" rel=\"noopener\">detalle<\/a>)<br \/>\n<\/span><\/p>\n<\/td>\n<\/tr>\n<tr>\n<td style=\"border-width: medium 1pt 1pt medium; border-style: none solid solid none; border-color: -moz-use-text-color windowtext windowtext -moz-use-text-color; padding: 0cm 3.5pt;\">\n<p style=\"text-align: left;\" align=\"left\"><span style=\"font-size: 10pt;\">Presupuestos cerrados \u2013 derechos pendientes cobro (<\/span><a href=\"https:\/\/alzira.es\/wp-content\/uploads\/2015\/06\/B25_drets_pendents_cobrament_anullats.PDF\" target=\"_blank\" rel=\"noopener\"><span style=\"font-size: 10pt;\">anulados<\/span><\/a><span style=\"font-size: 10pt;\">, <a href=\"https:\/\/alzira.es\/wp-content\/uploads\/2015\/06\/B25_drets_pendents_cobrament_cancellats.PDF\" target=\"_blank\" rel=\"noopener\">cancelados<\/a>)<\/span><\/p>\n<\/td>\n<\/tr>\n<tr>\n<td style=\"border-width: medium 1pt 1pt medium; border-style: none solid solid none; border-color: -moz-use-text-color windowtext windowtext -moz-use-text-color; padding: 0cm 3.5pt;\">\n<p style=\"text-align: left;\" align=\"left\"><span style=\"font-size: 10pt;\"><a href=\"https:\/\/alzira.es\/wp-content\/uploads\/2015\/06\/B19_gastos_financament_afectat.PDF\" target=\"_blank\" rel=\"noopener\">Gastos financiaci\u00f3n afectada<\/a> \u2013 <a href=\"https:\/\/alzira.es\/wp-content\/uploads\/2015\/06\/B19_Gastos_financament_afectat_01.PDF\" target=\"_blank\" rel=\"noopener\">01<\/a>, <a href=\"https:\/\/alzira.es\/wp-content\/uploads\/2015\/06\/B19_Gastos_financament_afectat_02.PDF\" target=\"_blank\" rel=\"noopener\">02<\/a>,&nbsp;<a href=\"https:\/\/alzira.es\/wp-content\/uploads\/2015\/06\/B19_Gastos_financament_afectat_02.PDF\" target=\"_blank\" rel=\"noopener\">03<\/a>, <a href=\"https:\/\/alzira.es\/wp-content\/uploads\/2015\/06\/B19_Gastos_financament_afectat_03.PDF\" target=\"_blank\" rel=\"noopener\">04<\/a><br \/>\n<\/span><\/p>\n<\/td>\n<\/tr>\n<tr>\n<td style=\"border-width: medium 1pt 1pt medium; border-style: none solid solid none; border-color: -moz-use-text-color windowtext windowtext -moz-use-text-color; padding: 0cm 3.5pt;\">\n<p style=\"text-align: left;\" align=\"left\"><span style=\"font-size: 10pt;\"><a href=\"https:\/\/alzira.es\/wp-content\/uploads\/2015\/06\/B26_estat_conciliacio_bancaria.PDF\" target=\"_blank\" rel=\"noopener\">Estado concialiaci\u00f3n bancaria<\/a>, <a href=\"https:\/\/alzira.es\/wp-content\/uploads\/2015\/06\/B26_arqueig.pdf\" target=\"_blank\" rel=\"noopener\">arqueo<\/a> y <\/span><a href=\"https:\/\/alzira.es\/wp-content\/uploads\/2015\/06\/B26_concialiacions_bancaries.pdf\" target=\"_blank\" rel=\"noopener\"><span style=\"font-size: 10pt;\">concialiciones bancarias<\/span><\/a><a href=\"contenidos\/Area_Economica\/13%20Cuenta%20general\/b27_estado_conciliacion_bancaria.pdf\" target=\"_blank\" rel=\"noopener\"> <\/a><\/p>\n<\/td>\n<\/tr>\n<tr>\n<td style=\"border-width: medium 1pt 1pt medium; border-style: none solid solid none; border-color: -moz-use-text-color windowtext windowtext -moz-use-text-color; padding: 0cm 3.5pt;\">&nbsp;<\/td>\n<\/tr>\n<\/tbody>\n<\/table>\n","protected":false},"excerpt":{"rendered":"<p>&nbsp; A) Cuenta general. Tramitaci\u00f3n y aprobaci\u00f3n &nbsp; &nbsp; Formaci\u00f3n Cuenta general Decreto Alcald\u00eda n\u00famero 1236\/17 rendici\u00f3n cuentas Dictamen Comisi\u00f3n Especial de Cuentas Edicto Cuenta general Exposici\u00f3n p\u00fablica Cuenta general Certificado no reclamaciones Acuerdo Pleno aprobaci\u00f3n Cuenta general Oficio remisi\u00f3n Conselleria de Hacienda y Modelo Econ\u00f3mico Oficio remisi\u00f3n Delegaci\u00f3n de Econom\u00eda y Hacienda Rendici\u00f3n cuenta &hellip; <\/p>\n<p class=\"link-more\"><a href=\"https:\/\/alzira.es\/es\/servicios-municipales\/economia-y-recaudacion\/intervencion-cas-no\/cuenta-general-cas-no\/historicos-cuentas-generales\/cuenta-general-2016-cas-no\/\" class=\"more-link\">Continuar leyendo<span class=\"screen-reader-text\"> \u00abCuenta general 2016-cas-no\u00bb<\/span><\/a><\/p>\n","protected":false},"author":12,"featured_media":0,"parent":38301,"menu_order":15,"comment_status":"closed","ping_status":"closed","template":"","meta":{"_acf_changed":false,"footnotes":""},"class_list":["post-23779","page","type-page","status-publish","hentry"],"acf":[],"_links":{"self":[{"href":"https:\/\/alzira.es\/es\/wp-json\/wp\/v2\/pages\/23779","targetHints":{"allow":["GET"]}}],"collection":[{"href":"https:\/\/alzira.es\/es\/wp-json\/wp\/v2\/pages"}],"about":[{"href":"https:\/\/alzira.es\/es\/wp-json\/wp\/v2\/types\/page"}],"author":[{"embeddable":true,"href":"https:\/\/alzira.es\/es\/wp-json\/wp\/v2\/users\/12"}],"replies":[{"embeddable":true,"href":"https:\/\/alzira.es\/es\/wp-json\/wp\/v2\/comments?post=23779"}],"version-history":[{"count":3,"href":"https:\/\/alzira.es\/es\/wp-json\/wp\/v2\/pages\/23779\/revisions"}],"predecessor-version":[{"id":111583,"href":"https:\/\/alzira.es\/es\/wp-json\/wp\/v2\/pages\/23779\/revisions\/111583"}],"up":[{"embeddable":true,"href":"https:\/\/alzira.es\/es\/wp-json\/wp\/v2\/pages\/38301"}],"wp:attachment":[{"href":"https:\/\/alzira.es\/es\/wp-json\/wp\/v2\/media?parent=23779"}],"curies":[{"name":"wp","href":"https:\/\/api.w.org\/{rel}","templated":true}]}}