{"id":23630,"date":"2017-06-26T12:35:02","date_gmt":"2017-06-26T10:35:02","guid":{"rendered":"https:\/\/alzira.es\/programa-prevencion-de-la-legionelosis\/"},"modified":"2021-07-23T16:48:43","modified_gmt":"2021-07-23T14:48:43","slug":"programa-prevencion-de-la-legionelosis","status":"publish","type":"page","link":"https:\/\/alzira.es\/es\/servicios-municipales\/sanidad\/programa-prevencion-de-la-legionelosis\/","title":{"rendered":"Programa para la prevenci\u00f3n de la legionelosis"},"content":{"rendered":"\n<p><span style=\"font-size: 14.4px;\">El Plan de Prevenci\u00f3n y control de la legionelosis de la Comunidad Valenciana contempla la aplicaci\u00f3n del RD. 865\/2003, de 4 de julio, por el que se establecen los criterios higi\u00e9nico-sanitarios para la prevenci\u00f3n y control de legionelosis.<\/span><\/p>\n\n\n\n<p>Las medidas contenidas en este RD se aplican a las instalaciones que utilicen agua en funcionamiento, produzcan aerosoles y se encuentren ubicadas en el interior o exterior de edificios de uso colectivo, instalaciones industriales o medidas de trasporte que puedan ser susceptibles de convertirse en focos para la propagaci\u00f3n de la enfermedad.<\/p>\n\n\n\n<p>A estos efectos, las instalaciones de riego se clasifican en funci\u00f3n de la probabilidad de dispersi\u00f3n de legionella.<\/p>\n\n\n\n<p>Dentro de las instalaciones con mayor probabilidad de legionella se contemplan:<\/p>\n\n\n\n<p>\u2022 Torres de refrigeraci\u00f3n y condensadores evaporativos.<br>\u2022 Sistemas de agua caliente sanitaria con acumulaci\u00f3n y circuito de retorno.<br>\u2022 Sistema de agua climatizada con agitaci\u00f3n constante y recirculaci\u00f3n a trav\u00e9s de chorros (Spass, jacuzzis, piscinas, ba\u00f1eras terap\u00e9uticas, de hidromasaje&#8230;)<br>\u2022 Centrales humidificadotas industriales.<\/p>\n\n\n\n<p>Como instalaciones de menor probabilidad de proliferaci\u00f3n de legionella:<\/p>\n\n\n\n<p>\u2022 Sistemas de agua fr\u00eda de consumo humano, dep\u00f3sitos m\u00f3viles y agua caliente sanitaria sin circuito de retorno.<br>\u2022 Sistemas de enfriamiento evaporativo.<br>\u2022 Humectadores industriales.<br>\u2022 Fuentes ornamentales.<br>\u2022 Sistemas contra incendios.<br>\u2022 Riegos por aspersi\u00f3n.<\/p>\n\n\n\n<p>El Ayuntamiento de Alzira tiene contrato con la Eco_tratamientos y Servicios S.L, la prestaci\u00f3n del servicio de prevenci\u00f3n y control de la legionelosis en dependencias e instalaciones.<\/p>\n\n\n\n<p>Dicho control consiste en :<\/p>\n\n\n\n<p>\u2022 El Mantenimiento, seg\u00fan los art\u00edculos 7 y 8 y el anexo 3 del Real Decreto 865\/2003, del sistema de agua fr\u00eda de consumo humano y de agua caliente en edificios de dependencia municipal.(en adelante RD 865\/2003).<\/p>\n\n\n\n<p>\u2022 Revisi\u00f3n de la instalaci\u00f3n y control de la calidad microbiol\u00f3gica del agua de las fuentes ornamentales, los puntos de riego de jardines y parques, sistema de agua contra incendios, conductos de aire condicionado, dep\u00f3sitos y pozos.<\/p>\n\n\n\n<p>\u2022 En las Piscinas se est\u00e1 a los dispuesto en el Real Decreto 742\/2013, de 27 de septiembre, por el que se establecen los criterios t\u00e9cnico-sanitarios de las piscinas y el Decreto 255\/1994, de 7 de diciembre del Gobierno Valenciano, por el que se regulan las normas higi\u00e9nico-sanitarias y de seguridad de las piscinas de uso colectivo y de los parques acu\u00e1ticos y el Decreto 97\/2000, de 13 de junio, del Gobierno Valenciano, por el que se modifica el Decreto 255\/1994, de 7 de diciembre, del Gobierno Valenciano, por el que se regulan las normas higi\u00e9nico-sanitarias y de seguridad de las piscinas de uso colectivo y de los parques acu\u00e1ticos. En el \u00e1mbito de la normativa de la Comunitat Valenciana los Decretos 255\/1994 y 97\/2000 est\u00e1n derogados en todo aquello que se oponga a lo establecido en el Decreto 52\/2010.<\/p>\n\n\n\n<div class=\"wp-block-image\"><figure class=\"aligncenter is-resized\"><img fetchpriority=\"high\" decoding=\"async\" src=\"https:\/\/alzira.es\/wp-content\/uploads\/2017\/06\/foto_0006.jpg\" alt=\"foto 0006\" class=\"wp-image-23454\" width=\"439\" height=\"297\" title=\"legionelosis\" srcset=\"https:\/\/alzira.es\/wp-content\/uploads\/2017\/06\/foto_0006.jpg 1021w, https:\/\/alzira.es\/wp-content\/uploads\/2017\/06\/foto_0006-680x460.jpg 680w, https:\/\/alzira.es\/wp-content\/uploads\/2017\/06\/foto_0006-768x520.jpg 768w\" sizes=\"(max-width: 439px) 100vw, 439px\" \/><\/figure><\/div>\n\n\n\n<p class=\"has-text-align-center\"><strong><span style=\"background-color: #c0c0c0;\"><span style=\"background-color: #c0c0c0;\"><\/span><\/span><\/strong><\/p>\n\n\n\n<p><strong><span style=\"background-color: #c0c0c0;\"><a class=\"jcepopup\" title=\"Relaci\u00f3n de dependencias e instalaciones.\" href=\"https:\/\/alzira.es\/wp-content\/uploads\/2017\/06\/lista.pdf\" target=\"_blank\" rel=\"noopener\"><span style=\"background-color: #c0c0c0;\">Relaci\u00f3n de dependencias e instalaciones <img decoding=\"async\" width=\"18\" height=\"15\" class=\"size-full wp-image-23519 lazyload\" data-src=\"https:\/\/alzira.es\/wp-content\/uploads\/2017\/06\/pdf_rojo.gif\" alt=\"pdf rojo\" src=\"data:image\/svg+xml;base64,PHN2ZyB3aWR0aD0iMSIgaGVpZ2h0PSIxIiB4bWxucz0iaHR0cDovL3d3dy53My5vcmcvMjAwMC9zdmciPjwvc3ZnPg==\" style=\"--smush-placeholder-width: 18px; --smush-placeholder-aspect-ratio: 18\/15;\"><br><\/span><\/a><\/span><\/strong><\/p>\n","protected":false},"excerpt":{"rendered":"<p>El Plan de Prevenci\u00f3n y control de la legionelosis de la Comunidad Valenciana contempla la aplicaci\u00f3n del RD. 865\/2003, de 4 de julio, por el que se establecen los criterios higi\u00e9nico-sanitarios para la prevenci\u00f3n y control de legionelosis. Las medidas contenidas en este RD se aplican a las instalaciones que utilicen agua en funcionamiento, produzcan &hellip; <\/p>\n<p class=\"link-more\"><a href=\"https:\/\/alzira.es\/es\/servicios-municipales\/sanidad\/programa-prevencion-de-la-legionelosis\/\" class=\"more-link\">Continuar leyendo<span class=\"screen-reader-text\"> \u00abPrograma para la prevenci\u00f3n de la legionelosis\u00bb<\/span><\/a><\/p>\n","protected":false},"author":29,"featured_media":23454,"parent":83083,"menu_order":10,"comment_status":"closed","ping_status":"closed","template":"","meta":{"_acf_changed":false,"footnotes":""},"class_list":["post-23630","page","type-page","status-publish","has-post-thumbnail","hentry"],"acf":[],"_links":{"self":[{"href":"https:\/\/alzira.es\/es\/wp-json\/wp\/v2\/pages\/23630","targetHints":{"allow":["GET"]}}],"collection":[{"href":"https:\/\/alzira.es\/es\/wp-json\/wp\/v2\/pages"}],"about":[{"href":"https:\/\/alzira.es\/es\/wp-json\/wp\/v2\/types\/page"}],"author":[{"embeddable":true,"href":"https:\/\/alzira.es\/es\/wp-json\/wp\/v2\/users\/29"}],"replies":[{"embeddable":true,"href":"https:\/\/alzira.es\/es\/wp-json\/wp\/v2\/comments?post=23630"}],"version-history":[{"count":2,"href":"https:\/\/alzira.es\/es\/wp-json\/wp\/v2\/pages\/23630\/revisions"}],"predecessor-version":[{"id":83184,"href":"https:\/\/alzira.es\/es\/wp-json\/wp\/v2\/pages\/23630\/revisions\/83184"}],"up":[{"embeddable":true,"href":"https:\/\/alzira.es\/es\/wp-json\/wp\/v2\/pages\/83083"}],"wp:featuredmedia":[{"embeddable":true,"href":"https:\/\/alzira.es\/es\/wp-json\/wp\/v2\/media\/23454"}],"wp:attachment":[{"href":"https:\/\/alzira.es\/es\/wp-json\/wp\/v2\/media?parent=23630"}],"curies":[{"name":"wp","href":"https:\/\/api.w.org\/{rel}","templated":true}]}}