{"id":23462,"date":"2017-06-19T10:46:29","date_gmt":"2017-06-19T08:46:29","guid":{"rendered":"https:\/\/alzira.es\/normativa-aplicable\/"},"modified":"2026-01-21T13:36:59","modified_gmt":"2026-01-21T12:36:59","slug":"normativa-aplicable-sanidad","status":"publish","type":"page","link":"https:\/\/alzira.es\/es\/servicios-municipales\/sanidad\/normativa-aplicable-sanidad\/","title":{"rendered":"Normativa aplicable Sanidad"},"content":{"rendered":"\n<p><strong><span style=\"font-size: 14.4px;\">ORDENANZAS MUNICIPALES<\/span><\/strong><\/p>\n\n\n\n<ul class=\"wp-block-list\">\n<li><a href=\"https:\/\/alzira.es\/wp-content\/uploads\/2021\/11\/ordenanza_municipal_sobre_la_regulacin_de_los_animales_de_compaa_en_los_lugares_pblicos_y_privados_identificacin_de_perros_y_acreditacin_de_la_tenencia_de_razas_peligrosas.pdf\" target=\"_blank\" rel=\"noreferrer noopener\">Ordenanza Municipal sobre la regulaci\u00f3n de los animales de compa\u00f1\u00eda en los lugares p\u00fablicos y privados, identificaci\u00f3n de perros y acreditaci\u00f3n de la tenencia de razas peligrosas.<\/a><\/li>\n\n\n\n<li><a title=\"Ordenanza\" href=\"https:\/\/alzira.es\/wp-content\/uploads\/2016\/02\/ordenanza_fiscal_tasa_incineracion_animales.pdf\" target=\"_blank\" rel=\"noopener\" class=\"jcepopup\">Ordenanza Fiscal Reguladora de la Tasa por prestaci\u00f3n del servicio de retirada, mantenimiento e incineraci\u00f3n de animales equinos y otros animales de granja o ganado en el suelo urbano del t\u00e9rmino municipal de Alzira<\/a>.<\/li>\n<\/ul>\n\n\n\n<p><strong>BANDOS MUNICIPALES<\/strong><\/p>\n\n\n\n<ul class=\"wp-block-list\">\n<li><a title=\"Bando\" href=\"https:\/\/alzira.es\/wp-content\/uploads\/2017\/06\/Bando_20130220.pdf\" target=\"_blank\" rel=\"noopener\" class=\"jcepopup\">Bando de la Alcald\u00eda de fecha 20 de febrero de 2013 relativo a la declaraci\u00f3n del agua de la red de distribuci\u00f3n como agua no apta para el consumo como bebida y\/o cocinado de alimentos<\/a>.<\/li>\n\n\n\n<li><a title=\"Bando\" href=\"https:\/\/alzira.es\/wp-content\/uploads\/2017\/06\/Bando_20130520.pdf\" target=\"_blank\" rel=\"noopener\" class=\"jcepopup\">Bando de la Alcald\u00eda de fecha 20 de mayo de 2013 relativo al levantamiento de las restricciones para su consumo incluyendo el uso como cocinado y bebido<\/a>.<\/li>\n\n\n\n<li><a title=\"Bando\" href=\"https:\/\/alzira.es\/wp-content\/uploads\/2017\/06\/Bando_Sagrada_Familia.pdf\" target=\"_blank\" rel=\"noopener\" class=\"jcepopup\">Bando de la Alcald\u00eda de fecha 22 de octubre de 2013 relativo al levantamiento de las restricciones para su consumo como agua apta para el consumo en la zona de abastecimiento Alzira 5- torretx\u00f3-Sagrada Fam\u00edlia<\/a>.<\/li>\n\n\n\n<li><a title=\"Bando\" href=\"https:\/\/alzira.es\/wp-content\/uploads\/2017\/06\/Bando_San_Bernardo.pdf\" target=\"_blank\" rel=\"noopener\" class=\"jcepopup\">Bando de la Alcald\u00eda de fecha 27 de agosto de 2013 en virtud del cual se levantan las restricciones para el consumo en la Zona de Abastecimiento Alzira 4-Sant Bernat<\/a><\/li>\n\n\n\n<li><a title=\"Bando\" href=\"https:\/\/alzira.es\/wp-content\/uploads\/2017\/06\/Exp-1833-18-Bando.pdf\" target=\"_blank\" rel=\"noopener\" class=\"jcepopup\">Bando de la Alcald\u00eda de fecha 16 de marzo de 2018 relativo a la declaraci\u00f3n del agua de la zona de abastecimiento Alzira-4 Sant Bernat como no apta para bebida de lactanets y mujeres embarazadas, as\u00ed como para preparado de alimentos infantiles, pudi\u00e9ndose utilizar para cualquier otro uso.<\/a>.<\/li>\n<\/ul>\n\n\n\n<p><strong>NORMATIVA EN MATERIA DE SANIDAD.<\/strong><\/p>\n\n\n\n<ul class=\"wp-block-list\">\n<li><a title=\"Normativa\" href=\"https:\/\/alzira.es\/wp-content\/uploads\/2017\/06\/A15207_15224.pdf\" target=\"_blank\" rel=\"noopener\" class=\"jcepopup\">Ley 14\/1986, de 25 de abril, General de Sanidad.<\/a><\/li>\n\n\n\n<li><a title=\"Normativa\" href=\"https:\/\/alzira.es\/wp-content\/uploads\/2017\/06\/2003_1655.pdf\" target=\"_blank\" rel=\"noopener\" class=\"jcepopup\">Ley 3\/2003, de 6 de febrero, de Ordenaci\u00f3n Sanitaria de la Comunidad Valenciana<\/a>.<\/li>\n\n\n\n<li><a title=\"Normativa\" href=\"https:\/\/alzira.es\/wp-content\/uploads\/2017\/06\/A25066_25085.pdf\" target=\"_blank\" rel=\"noopener\" class=\"jcepopup\">Ley 4\/2005, de 17 de junio, de la Generalitat, de Salud P\u00fablica de la Comunidad Valenciana<\/a><\/li>\n\n\n\n<li><a title=\"Normativa\" href=\"https:\/\/alzira.es\/wp-content\/uploads\/2017\/06\/BOE-A-2015-1239-consolidado.pdf\" target=\"_blank\" rel=\"noopener\" class=\"jcepopup\">Ley 10\/2014, de 29 de diciembre, de la Generalitat, de Salud de la Comunidad Valenciana<\/a>.<\/li>\n<\/ul>\n\n\n\n<p><strong>NORMATIVA EN MATERIA DE TENENCIA DE ANIMALES.<\/strong><\/p>\n\n\n<div class=\"wp-block-image\">\n<figure class=\"alignleft is-resized\"><img decoding=\"async\" data-src=\"https:\/\/alzira.es\/wp-content\/uploads\/2017\/06\/foto_0001.jpg\" alt=\"foto 0001\" class=\"wp-image-23416 lazyload\" style=\"--smush-placeholder-width: 2210px; --smush-placeholder-aspect-ratio: 2210\/2926;width:173px;height:229px\" src=\"data:image\/svg+xml;base64,PHN2ZyB3aWR0aD0iMSIgaGVpZ2h0PSIxIiB4bWxucz0iaHR0cDovL3d3dy53My5vcmcvMjAwMC9zdmciPjwvc3ZnPg==\" \/><\/figure>\n<\/div>\n\n\n<ul class=\"wp-block-list\">\n<li><a title=\"Normativa\" href=\"https:\/\/alzira.es\/wp-content\/uploads\/2017\/06\/BOE_A_1994_18881_consolidado.pdf\" target=\"_blank\" rel=\"noopener\" class=\"jcepopup\">Ley 4\/1994, de 8 de julio, del Gobierno Valenciano sobre protecci\u00f3n de animales de compa\u00f1\u00eda.<\/a><\/li>\n\n\n\n<li><a title=\"Normativa\" href=\"https:\/\/alzira.es\/wp-content\/uploads\/2017\/06\/DOGV_158_1996.pdf\" target=\"_blank\" rel=\"noopener\" class=\"jcepopup\">Decreto 158\/1996, de 13 de agosto, del Gobierno Valenciano, por el que se desarrolla la Ley 4\/1994, de 8 de julio, sobre protecci\u00f3n de animales de compa\u00f1\u00eda.<\/a><\/li>\n\n\n\n<li><a title=\"Normativa\" href=\"https:\/\/alzira.es\/wp-content\/uploads\/2017\/06\/BOE_A_1999_24419_consolidado.pdf\" target=\"_blank\" rel=\"noopener\" class=\"jcepopup\">Ley 50\/1999, de 23 de diciembre, sobre el R\u00e9gimen Jur\u00eddico de la tenencia de animales potencialmente peligrosos.<\/a><\/li>\n\n\n\n<li><a title=\"Normativa\" href=\"https:\/\/alzira.es\/wp-content\/uploads\/2017\/06\/DOGV_145_2000.pdf\" target=\"_blank\" rel=\"noopener\" class=\"jcepopup\">Decreto 145\/2000, de 26 de septiembre, del Gobierno Valenciano, por el que se regula en la Comunidad Valenciana, la tenencia de animales potencialmente peligrosos.<\/a><\/li>\n\n\n\n<li><a title=\"Normativa\" href=\"https:\/\/alzira.es\/wp-content\/uploads\/2017\/06\/A12290_12292.pdf\" target=\"_blank\" rel=\"noopener\" class=\"jcepopup\">Real Decreto 287\/2002, de 22 de marzo, por el que se desarrolla la Ley 50\/1999, de 23 de diciembre, sobre el r\u00e9gimen jur\u00eddico de la tenencia de animales potencialmente peligrosos<\/a>.<\/li>\n\n\n\n<li><a href=\"https:\/\/alzira.es\/wp-content\/uploads\/2026\/01\/discapacidad-y-perros-guia.pdf\" target=\"_blank\" rel=\"noreferrer noopener\" class=\"jcepopup\">Ley 7\/2025, de 26 de diciembre, de la Generalitat, reguladora del acceso al entorno de las personas con discapacidad usuarias de perro de asistencia<\/a>.<\/li>\n<\/ul>\n\n\n\n<p>&nbsp;<\/p>\n\n\n\n<p>&nbsp;<\/p>\n\n\n\n<p><strong>NORMATIVA EN MATERIA DE AGUA.<\/strong><\/p>\n\n\n<div class=\"wp-block-image\">\n<figure class=\"alignleft is-resized\"><img decoding=\"async\" data-src=\"https:\/\/alzira.es\/wp-content\/uploads\/2017\/06\/foto_0004.jpg\" alt=\"foto 0004\" class=\"wp-image-23446 lazyload\" style=\"--smush-placeholder-width: 3269px; --smush-placeholder-aspect-ratio: 3269\/2457;width:214px;height:161px\" src=\"data:image\/svg+xml;base64,PHN2ZyB3aWR0aD0iMSIgaGVpZ2h0PSIxIiB4bWxucz0iaHR0cDovL3d3dy53My5vcmcvMjAwMC9zdmciPjwvc3ZnPg==\" \/><\/figure>\n<\/div>\n\n\n<ul class=\"wp-block-list\">\n<li><a title=\"Normativa\" href=\"https:\/\/alzira.es\/wp-content\/uploads\/2017\/06\/BOE_A_2003_3596_consolidado.pdf\" target=\"_blank\" rel=\"noopener\" class=\"jcepopup\">Real Decreto 140\/2003, de 7 de febrero por el que se establecen los criterios sanitarios de calidad del agua de consumo humano<\/a>.<\/li>\n<\/ul>\n\n\n\n<ul class=\"wp-block-list\">\n<li><a title=\"Normativa\" href=\"https:\/\/alzira.es\/wp-content\/uploads\/2017\/06\/DOGV_58_2006.pdf\" target=\"_blank\" rel=\"noopener\" class=\"jcepopup\">Decreto 58\/2006, de 5 de mayo, del Consell, por el que se desarrolla, en el \u00e1mbito de la Comunitat Valenciana, el Real Decreto 140\/2003, de 7 de febrero, por el que se establecen los criterios sanitarios de la calidad del agua de consumo humano<\/a>.<\/li>\n<\/ul>\n\n\n\n<ul class=\"wp-block-list\">\n<li><a title=\"Normativa\" href=\"https:\/\/alzira.es\/wp-content\/uploads\/2017\/06\/BOE-A-2018-10940.pdf\" target=\"_blank\" rel=\"noopener\" class=\"jcepopup\">Real Decreto 902\/2018, de 20 de julio, por el que se establecen los criterios sanitarios de la calidad del agua de consumo humano y las especificaciones de los m\u00e9todos de an\u00e1lisis del Real Decreto 1798\/2010, del 30 de diciembre, por el que se regula la explotaci\u00f3n y comercializaci\u00f3n de aguas minerales naturales y aguas de manantial envasadas para consumo humano, y del Real Decreto 1799\/2010, del 30 de diciembre, por el que se regula el proceso de elaboraci\u00f3n y comercializaci\u00f3n de aguas preparadas envasadas para el consumo humano.<\/a>.<\/li>\n<\/ul>\n\n\n\n<p>&nbsp;<\/p>\n\n\n\n<p>&nbsp;<\/p>\n\n\n\n<p><strong>NORMATIVA EN MATERIA DE LEGIONELOSIS<\/strong><\/p>\n\n\n<div class=\"wp-block-image\">\n<figure class=\"alignleft is-resized\"><img fetchpriority=\"high\" decoding=\"async\" width=\"1021\" height=\"691\" src=\"https:\/\/alzira.es\/wp-content\/uploads\/2017\/06\/foto_0006.jpg\" alt=\"foto 0006\" class=\"wp-image-23454\" style=\"width:203px;height:137px\" srcset=\"https:\/\/alzira.es\/wp-content\/uploads\/2017\/06\/foto_0006.jpg 1021w, https:\/\/alzira.es\/wp-content\/uploads\/2017\/06\/foto_0006-680x460.jpg 680w, https:\/\/alzira.es\/wp-content\/uploads\/2017\/06\/foto_0006-768x520.jpg 768w\" sizes=\"(max-width: 706px) 89vw, (max-width: 767px) 82vw, 740px\" \/><\/figure>\n<\/div>\n\n\n<ul class=\"wp-block-list\">\n<li><a title=\"Normativa\" href=\"https:\/\/alzira.es\/wp-content\/uploads\/2017\/06\/A28055_28069.pdf\" target=\"_blank\" rel=\"noopener\" class=\"jcepopup\">Real Decreto 865\/2003, de 4 de julio, por el que se establecen los criterios higi\u00e9nico-sanitarios para la prevenci\u00f3n y control de la legionelosis<\/a>.<\/li>\n<\/ul>\n\n\n\n<ul class=\"wp-block-list\">\n<li><a title=\"Legionelosis\" href=\"https:\/\/www.msssi.gob.es\/ciudadanos\/saludAmbLaboral\/agenBiologicos\/home.htm\" target=\"_blank\" rel=\"noopener\">Las gu\u00edas t\u00e9cnicas para la prevenci\u00f3n y control de la legionelosis en instalaciones, publicadas por el Ministerio de Sanidad y Pol\u00edtica Social<\/a>.<\/li>\n<\/ul>\n\n\n\n<p>El Real Decreto 742\/2013, de 27 de septiembre, por el que se establecen los criterios t\u00e9cnico-sanitarios de las piscinas y el Decreto 255\/1994, de 7 de diciembre del Gobierno Valenciano, por el que se regulan las normas higi\u00e9nico-sanitarias y de seguridad de las piscinas de uso colectivo y de los parques acu\u00e1ticos y el Decreto 97\/2000, de 13 de junio, del Gobierno Valenciano, por el que se modifica el Decreto 255\/1994, de 7 de diciembre, del Gobierno Valenciano, por el que se regulan las normas higi\u00e9nico-sanitarias y de seguridad de las piscinas de uso colectivo y de los parques acu\u00e1ticos. En el \u00e1mbito de la normativa de la Comunitat Valenciana los Decretos 255\/1994 y 97\/2000 est\u00e1n derogados en todo aquello que se oponga a lo establecido en el Decreto 52\/2010.<\/p>\n\n\n\n<p><strong>NORMATIVA EN MATERIA DE INHUMACI\u00d3N DE CAD\u00c1VERES DE PERSONAS INDIGENTES.<\/strong><\/p>\n\n\n\n<p>El Ayuntamiento de Alzira presta el servicio p\u00fablico de traslado e inhumaci\u00f3n de cad\u00e1veres de personas indigentes al Cementerio Municipal de Alzira, conforme a las siguientes caracter\u00edsticas:<\/p>\n\n\n\n<p>a) La persona indigente debe fallecer en el t\u00e9rmino municipal de Alzira.<\/p>\n\n\n\n<p>b) Ser\u00e1 preceptivo que los Servicios Sociales de este Ayuntamiento emitan informe en el que quede acreditada la ausencia de recursos econ\u00f3micos de la persona fallecida.<\/p>\n\n\n\n<p>LA NORMATIVA EN MATERIA DE INHUMACI\u00d3N DE CAD\u00c1VERES INDIGENTES DICE:<\/p>\n\n\n\n<p>\u2022 <a class=\"jcepopup\" title=\"Normativa\" href=\"https:\/\/alzira.es\/wp-content\/uploads\/2017\/06\/A17000_17006.pdf\" target=\"_blank\" rel=\"noopener\">El art. 22 de Decreto 2263\/1974, de 20 de Julio, por el que se aprueba el Reglamento de la Polic\u00eda Sanitaria Mortuoria, contempla que la conservaci\u00f3n transitoria de un cad\u00e1ver ser\u00e1 obligatoria, cuando haya de ser inhumado con traslado o no, dentro del territorio nacional, pasadas las 48 horas, de producirse la defunci\u00f3n<\/a>.<\/p>\n\n\n\n<p>\u2022 Seg\u00fan el art. 9 del Reglamento de Polic\u00eda Sanitaria Mortuoria, aprobado por Decreto 2263\/1974, de 20 de Julio, se establece que los f\u00e9retros para fallecidos indigentes ser\u00e1n obligatoriamente facilitados por el Ayuntamiento en cuyo t\u00e9rmino Municipal haya ocurrido la defunci\u00f3n.<\/p>\n\n\n<div class=\"wp-block-image\">\n<figure class=\"aligncenter is-resized\"><img decoding=\"async\" width=\"817\" height=\"614\" data-src=\"https:\/\/alzira.es\/wp-content\/uploads\/2017\/06\/foto_0014.jpg\" alt=\"foto 0014\" class=\"wp-image-23460 lazyload\" style=\"--smush-placeholder-width: 817px; --smush-placeholder-aspect-ratio: 817\/614;width:621px;height:466px\" title=\"INHUMACI\u00d3N DE CAD\u00c1VERES INDIGENTES\" data-srcset=\"https:\/\/alzira.es\/wp-content\/uploads\/2017\/06\/foto_0014.jpg 817w, https:\/\/alzira.es\/wp-content\/uploads\/2017\/06\/foto_0014-680x510.jpg 680w, https:\/\/alzira.es\/wp-content\/uploads\/2017\/06\/foto_0014-768x577.jpg 768w\" data-sizes=\"(max-width: 706px) 89vw, (max-width: 767px) 82vw, 740px\" src=\"data:image\/svg+xml;base64,PHN2ZyB3aWR0aD0iMSIgaGVpZ2h0PSIxIiB4bWxucz0iaHR0cDovL3d3dy53My5vcmcvMjAwMC9zdmciPjwvc3ZnPg==\" \/><\/figure>\n<\/div>\n\n\n<p class=\"has-text-align-center\"><\/p>\n","protected":false},"excerpt":{"rendered":"<p>ORDENANZAS MUNICIPALES BANDOS MUNICIPALES NORMATIVA EN MATERIA DE SANIDAD. NORMATIVA EN MATERIA DE TENENCIA DE ANIMALES. &nbsp; &nbsp; NORMATIVA EN MATERIA DE AGUA. &nbsp; &nbsp; NORMATIVA EN MATERIA DE LEGIONELOSIS El Real Decreto 742\/2013, de 27 de septiembre, por el que se establecen los criterios t\u00e9cnico-sanitarios de las piscinas y el Decreto 255\/1994, de 7 &hellip; <\/p>\n<p class=\"link-more\"><a href=\"https:\/\/alzira.es\/es\/servicios-municipales\/sanidad\/normativa-aplicable-sanidad\/\" class=\"more-link\">Continuar leyendo<span class=\"screen-reader-text\"> \u00abNormativa aplicable Sanidad\u00bb<\/span><\/a><\/p>\n","protected":false},"author":29,"featured_media":23416,"parent":83083,"menu_order":13,"comment_status":"closed","ping_status":"closed","template":"","meta":{"_acf_changed":false,"footnotes":""},"class_list":["post-23462","page","type-page","status-publish","has-post-thumbnail","hentry"],"acf":[],"_links":{"self":[{"href":"https:\/\/alzira.es\/es\/wp-json\/wp\/v2\/pages\/23462","targetHints":{"allow":["GET"]}}],"collection":[{"href":"https:\/\/alzira.es\/es\/wp-json\/wp\/v2\/pages"}],"about":[{"href":"https:\/\/alzira.es\/es\/wp-json\/wp\/v2\/types\/page"}],"author":[{"embeddable":true,"href":"https:\/\/alzira.es\/es\/wp-json\/wp\/v2\/users\/29"}],"replies":[{"embeddable":true,"href":"https:\/\/alzira.es\/es\/wp-json\/wp\/v2\/comments?post=23462"}],"version-history":[{"count":2,"href":"https:\/\/alzira.es\/es\/wp-json\/wp\/v2\/pages\/23462\/revisions"}],"predecessor-version":[{"id":167236,"href":"https:\/\/alzira.es\/es\/wp-json\/wp\/v2\/pages\/23462\/revisions\/167236"}],"up":[{"embeddable":true,"href":"https:\/\/alzira.es\/es\/wp-json\/wp\/v2\/pages\/83083"}],"wp:featuredmedia":[{"embeddable":true,"href":"https:\/\/alzira.es\/es\/wp-json\/wp\/v2\/media\/23416"}],"wp:attachment":[{"href":"https:\/\/alzira.es\/es\/wp-json\/wp\/v2\/media?parent=23462"}],"curies":[{"name":"wp","href":"https:\/\/api.w.org\/{rel}","templated":true}]}}