{"id":23414,"date":"2017-06-19T09:33:50","date_gmt":"2017-06-19T07:33:50","guid":{"rendered":"https:\/\/alzira.es\/informacion-general-5\/"},"modified":"2024-10-14T14:14:44","modified_gmt":"2024-10-14T12:14:44","slug":"informacion-general-sanidad","status":"publish","type":"page","link":"https:\/\/alzira.es\/es\/servicios-municipales\/sanidad\/informacion-general-sanidad\/","title":{"rendered":"Informaci\u00f3n general"},"content":{"rendered":"<table border=\"0\">\n<tbody>\n<tr>\n<td style=\"background-color: #6495ed;\"><span style=\"color: #ffffff;\"><strong style=\"font-size: 14.4px; text-align: justify;\">Departamento:<\/strong><\/span><\/td>\n<td><span style=\"font-size: 14.4px; text-align: justify;\">Sanidad<\/span><\/td>\n<\/tr>\n<tr>\n<td style=\"background-color: #6495ed;\"><span style=\"color: #ffffff;\"><strong style=\"font-size: 14.4px; text-align: justify;\">Direcci\u00f3n:<\/strong><\/span><\/td>\n<td><span style=\"font-size: 14.4px; text-align: justify;\">C\/ Sant Roc, 10, Alzira (Valencia), C.P. 46600.<\/span><\/td>\n<\/tr>\n<tr>\n<td style=\"background-color: #6495ed;\"><span style=\"color: #ffffff;\"><strong style=\"font-size: 14.4px; text-align: justify;\">Tel\u00e9fono:<\/strong><\/span><\/td>\n<td><span style=\"font-size: 14.4px; text-align: justify;\">96\/2400450, ext.281, ext.772., ext.299, ext.716<\/span><\/td>\n<\/tr>\n<tr>\n<td style=\"background-color: #6495ed;\"><span style=\"color: #ffffff;\"><strong style=\"font-size: 14.4px; text-align: justify;\">Fax:<\/strong><\/span><\/td>\n<td><span style=\"font-size: 14.4px; text-align: justify;\">96 245 92 81<\/span><\/td>\n<\/tr>\n<tr>\n<td style=\"background-color: #6495ed;\"><span style=\"color: #ffffff;\"><strong style=\"font-size: 14.4px; text-align: justify;\">Correo electr\u00f3nico:<\/strong><\/span><\/td>\n<td><a style=\"font-size: 14.4px; text-align: justify;\" href=\"mailto:sanitat@alzira.es\">sanitat@alzira.es<\/a><\/td>\n<\/tr>\n<\/tbody>\n<\/table>\n<p style=\"margin-left: 30px; text-align: justify;\">&nbsp;<\/p>\n<p style=\"text-align: justify;\"><span style=\"text-decoration: underline;\"><strong>HORARIO DE ATENCI\u00d3N AL P\u00daBLICO<\/strong><\/span><\/p>\n<p style=\"text-align: justify; margin-left: 30px;\">Lunes a Viernes: De 9 h a 15 h.<\/p>\n<p style=\"text-align: justify;\"><span style=\"text-decoration: underline;\"><strong>CENTROS Y DEPARTAMENTOS DE INTER\u00c9S<\/strong><\/span><\/p>\n<table border=\"0\">\n<tbody>\n<tr>\n<td style=\"background-color: #6495ed;\"><span style=\"color: #ffffff;\"><strong><span style=\"font-size: 14.4px; text-align: justify;\">Centros<\/span> <\/strong> <\/span><\/td>\n<td style=\"background-color: #6495ed;\"><span style=\"color: #ffffff;\"><strong><span style=\"font-size: 14.4px; text-align: justify;\">Direcci\u00f3n<\/span> <\/strong> <\/span><\/td>\n<td style=\"background-color: #6495ed;\"><span style=\"color: #ffffff;\"><strong><span style=\"font-size: 14.4px; text-align: justify;\">Tel\u00e9fonos<\/span> <\/strong> <\/span><\/td>\n<\/tr>\n<tr>\n<td>&nbsp;<span style=\"font-size: 14.4px; text-align: justify;\">CENTRO DE SALUD P\u00daBLICA (SANIDAD AMBIENTAL)<\/span><\/td>\n<td>&nbsp;<span style=\"font-size: 14.4px; text-align: justify;\">C\/ La Paz, s\/n, Alzira.<\/span><\/td>\n<td>&nbsp;<span style=\"font-size: 14.4px; text-align: justify;\">962469615<\/span><\/td>\n<\/tr>\n<tr>\n<td>&nbsp;<span style=\"font-size: 14.4px; text-align: justify;\">HOSPITAL DE LA RIBERA.<\/span><\/td>\n<td>&nbsp;<span style=\"font-size: 14.4px; text-align: justify;\">Ctra. Alzira-Corbera, Km 1, Alzira.<\/span><\/td>\n<td>&nbsp;<span style=\"font-size: 14.4px; text-align: justify;\">962458100<\/span><\/td>\n<\/tr>\n<tr>\n<td>&nbsp;<span style=\"font-size: 14.4px; text-align: justify;\">CRUZ ROJA<\/span><\/td>\n<td>&nbsp;<span style=\"font-size: 14.4px; text-align: justify;\">C\/ Riola, Alzira.<\/span><\/td>\n<td>&nbsp;<span style=\"font-size: 14.4px; text-align: justify;\">962410974<\/span><\/td>\n<\/tr>\n<tr>\n<td>&nbsp;<span style=\"font-size: 14.4px; text-align: justify;\">AGUAS DE VALENCIA, S.A.<\/span><\/td>\n<td>&nbsp;<span style=\"font-size: 14.4px; text-align: justify;\">C\/Costa , 16, Alzira.<\/span><\/td>\n<td>&nbsp;<span style=\"font-size: 14.4px; text-align: justify;\">962403759<\/span><\/td>\n<\/tr>\n<\/tbody>\n<\/table>\n\n\n<figure class=\"wp-block-image size-full\"><a href=\"https:\/\/alzira.es\/wp-content\/uploads\/2024\/10\/alzira-camina.pdf\" target=\"_blank\" rel=\"noreferrer noopener\"><img fetchpriority=\"high\" decoding=\"async\" width=\"1353\" height=\"957\" src=\"https:\/\/alzira.es\/wp-content\/uploads\/2024\/10\/alzira-camina.png\" alt=\"\" class=\"wp-image-154950\" srcset=\"https:\/\/alzira.es\/wp-content\/uploads\/2024\/10\/alzira-camina.png 1353w, https:\/\/alzira.es\/wp-content\/uploads\/2024\/10\/alzira-camina-680x481.png 680w, https:\/\/alzira.es\/wp-content\/uploads\/2024\/10\/alzira-camina-768x543.png 768w\" sizes=\"(max-width: 706px) 89vw, (max-width: 767px) 82vw, 740px\" \/><\/a><\/figure>\n","protected":false},"excerpt":{"rendered":"<p>Departamento: Sanidad Direcci\u00f3n: C\/ Sant Roc, 10, Alzira (Valencia), C.P. 46600. Tel\u00e9fono: 96\/2400450, ext.281, ext.772., ext.299, ext.716 Fax: 96 245 92 81 Correo electr\u00f3nico: sanitat@alzira.es &nbsp; HORARIO DE ATENCI\u00d3N AL P\u00daBLICO Lunes a Viernes: De 9 h a 15 h. CENTROS Y DEPARTAMENTOS DE INTER\u00c9S Centros Direcci\u00f3n Tel\u00e9fonos &nbsp;CENTRO DE SALUD P\u00daBLICA (SANIDAD AMBIENTAL) &nbsp;C\/ &hellip; <\/p>\n<p class=\"link-more\"><a href=\"https:\/\/alzira.es\/es\/servicios-municipales\/sanidad\/informacion-general-sanidad\/\" class=\"more-link\">Continuar leyendo<span class=\"screen-reader-text\"> \u00abInformaci\u00f3n general\u00bb<\/span><\/a><\/p>\n","protected":false},"author":29,"featured_media":0,"parent":83083,"menu_order":15,"comment_status":"closed","ping_status":"closed","template":"","meta":{"_acf_changed":false,"footnotes":""},"class_list":["post-23414","page","type-page","status-publish","hentry"],"acf":[],"_links":{"self":[{"href":"https:\/\/alzira.es\/es\/wp-json\/wp\/v2\/pages\/23414","targetHints":{"allow":["GET"]}}],"collection":[{"href":"https:\/\/alzira.es\/es\/wp-json\/wp\/v2\/pages"}],"about":[{"href":"https:\/\/alzira.es\/es\/wp-json\/wp\/v2\/types\/page"}],"author":[{"embeddable":true,"href":"https:\/\/alzira.es\/es\/wp-json\/wp\/v2\/users\/29"}],"replies":[{"embeddable":true,"href":"https:\/\/alzira.es\/es\/wp-json\/wp\/v2\/comments?post=23414"}],"version-history":[{"count":1,"href":"https:\/\/alzira.es\/es\/wp-json\/wp\/v2\/pages\/23414\/revisions"}],"predecessor-version":[{"id":154955,"href":"https:\/\/alzira.es\/es\/wp-json\/wp\/v2\/pages\/23414\/revisions\/154955"}],"up":[{"embeddable":true,"href":"https:\/\/alzira.es\/es\/wp-json\/wp\/v2\/pages\/83083"}],"wp:attachment":[{"href":"https:\/\/alzira.es\/es\/wp-json\/wp\/v2\/media?parent=23414"}],"curies":[{"name":"wp","href":"https:\/\/api.w.org\/{rel}","templated":true}]}}