{"id":2341,"date":"2009-04-07T19:28:32","date_gmt":"2009-04-07T17:28:32","guid":{"rendered":"https:\/\/alzira.es\/n-a\/"},"modified":"2021-08-29T11:47:53","modified_gmt":"2021-08-29T09:47:53","slug":"contactar-departamento-educacion","status":"publish","type":"page","link":"https:\/\/alzira.es\/es\/servicios-municipales\/contactar-departamento-educacion\/","title":{"rendered":"Contactar Departamento Educaci\u00f3n"},"content":{"rendered":"<p style=\"text-align: justify;\"><span style=\"font-family: arial, helvetica, sans-serif; font-size: 12pt;\"><strong><span style=\"color: #0000ff;\">Personal t\u00e9cnico del Departamento de Educaci\u00f3n:<\/span> <\/strong> <\/span><\/p>\n<p style=\"line-height: 23.0400009155273px;\"><span style=\"font-family: arial, helvetica, sans-serif; font-size: 10pt;\"><span style=\"color: #000000;\">Sergio Piera P\u00e9rez<\/span><\/span><\/p>\n<p style=\"line-height: 23.0400009155273px;\"><span style=\"font-family: arial, helvetica, sans-serif; font-size: 10pt;\"><span style=\"color: #000000;\">Licenciado en Pedagog\u00eda<\/span><\/span><\/p>\n<p style=\"line-height: 23.0400009155273px;\"><span style=\"font-family: arial, helvetica, sans-serif; font-size: 10pt;\"><span style=\"color: #000000;\">Tel: 96 245 92 84<\/span><\/span><\/p>\n<p style=\"line-height: 23.0400009155273px;\"><span style=\"font-family: arial, helvetica, sans-serif; font-size: 10pt;\"><span style=\"color: #000000;\">Fax: 96 241 68 33<\/span><\/span><\/p>\n<p style=\"line-height: 23.0400009155273px;\"><a href=\"mailto:educacio@alzira.es\">educacio@alzira.es<\/a><\/p>\n","protected":false},"excerpt":{"rendered":"<p>Personal t\u00e9cnico del Departamento de Educaci\u00f3n: Sergio Piera P\u00e9rez Licenciado en Pedagog\u00eda Tel: 96 245 92 84 Fax: 96 241 68 33 educacio@alzira.es<\/p>\n","protected":false},"author":29,"featured_media":0,"parent":60847,"menu_order":2,"comment_status":"closed","ping_status":"closed","template":"","meta":{"_acf_changed":false,"footnotes":""},"class_list":["post-2341","page","type-page","status-publish","hentry"],"acf":[],"_links":{"self":[{"href":"https:\/\/alzira.es\/es\/wp-json\/wp\/v2\/pages\/2341","targetHints":{"allow":["GET"]}}],"collection":[{"href":"https:\/\/alzira.es\/es\/wp-json\/wp\/v2\/pages"}],"about":[{"href":"https:\/\/alzira.es\/es\/wp-json\/wp\/v2\/types\/page"}],"author":[{"embeddable":true,"href":"https:\/\/alzira.es\/es\/wp-json\/wp\/v2\/users\/29"}],"replies":[{"embeddable":true,"href":"https:\/\/alzira.es\/es\/wp-json\/wp\/v2\/comments?post=2341"}],"version-history":[{"count":1,"href":"https:\/\/alzira.es\/es\/wp-json\/wp\/v2\/pages\/2341\/revisions"}],"predecessor-version":[{"id":85289,"href":"https:\/\/alzira.es\/es\/wp-json\/wp\/v2\/pages\/2341\/revisions\/85289"}],"up":[{"embeddable":true,"href":"https:\/\/alzira.es\/es\/wp-json\/wp\/v2\/pages\/60847"}],"wp:attachment":[{"href":"https:\/\/alzira.es\/es\/wp-json\/wp\/v2\/media?parent=2341"}],"curies":[{"name":"wp","href":"https:\/\/api.w.org\/{rel}","templated":true}]}}