{"id":2248,"date":"2009-11-17T10:19:40","date_gmt":"2009-11-17T09:19:40","guid":{"rendered":"https:\/\/alzira.es\/mantenimiento-de-terceros\/"},"modified":"2023-06-15T12:28:52","modified_gmt":"2023-06-15T10:28:52","slug":"mantenimiento-de-terceros","status":"publish","type":"page","link":"https:\/\/alzira.es\/es\/servicios-municipales\/economia-y-recaudacion\/mantenimiento-de-terceros\/","title":{"rendered":"Mantenimiento de terceros"},"content":{"rendered":"\t\t<div data-elementor-type=\"wp-page\" data-elementor-id=\"2248\" class=\"elementor elementor-2248\">\n\t\t\t\t\t\t<section class=\"elementor-section elementor-top-section elementor-element elementor-element-21d89cb6 elementor-section-boxed elementor-section-height-default elementor-section-height-default\" data-id=\"21d89cb6\" data-element_type=\"section\">\n\t\t\t\t\t\t<div class=\"elementor-container elementor-column-gap-default\">\n\t\t\t\t\t<div class=\"elementor-column elementor-col-100 elementor-top-column elementor-element elementor-element-745b8015\" data-id=\"745b8015\" data-element_type=\"column\">\n\t\t\t<div class=\"elementor-widget-wrap elementor-element-populated\">\n\t\t\t\t\t\t<div class=\"elementor-element elementor-element-17f2917 elementor-widget elementor-widget-text-editor\" data-id=\"17f2917\" data-element_type=\"widget\" data-widget_type=\"text-editor.default\">\n\t\t\t\t<div class=\"elementor-widget-container\">\n\t\t\t\t\t\t\t\t\t<div class=\"wp-block-image\"><figure class=\"aligncenter\"><a href=\"https:\/\/sedeelectronica.alzira.es\/PortalCiudadano\/info\/inicio.do?formAction=btLoad&amp;lang=es&amp;refresh=true\" target=\"_blank\" rel=\"noopener\"><img decoding=\"async\" width=\"200\" height=\"50\" class=\"wp-image-2244 lazyload\" data-src=\"https:\/\/alzira.es\/wp-content\/uploads\/2009\/11\/Portalciudadania.gif\" alt=\"\" src=\"data:image\/svg+xml;base64,PHN2ZyB3aWR0aD0iMSIgaGVpZ2h0PSIxIiB4bWxucz0iaHR0cDovL3d3dy53My5vcmcvMjAwMC9zdmciPjwvc3ZnPg==\" style=\"--smush-placeholder-width: 200px; --smush-placeholder-aspect-ratio: 200\/50;\" \/><\/a><\/figure><\/div><hr class=\"wp-block-separator\" \/><p><strong>Altas \/ Modificaci\u00f3n de datos de terceros<\/strong><\/p><p>Este procedimiento regula la tramitaci\u00f3n de altas y modificaciones de Terceros y de sus datos de domiciliaci\u00f3n de pagos.<\/p><p>Se consideran terceros las personas f\u00edsicas o jur\u00eddicas o las entidades sin personalidad jur\u00eddica, p\u00fablicas o privadas, que tienen una relaci\u00f3n econ\u00f3mica con la Administraci\u00f3n, y que hayan de percibir cantidades econ\u00f3micas del Ayuntamiento de Alzira.<\/p><p>El mantenimiento de terceros es un impreso de cumplimentaci\u00f3n obligatoria. El tercero, mediante el impreso de mantenimiento de terceros, puede solicitar alta (cuando se inicia la relaci\u00f3n econ\u00f3mica con la Administraci\u00f3n), o bien puede solicitar modificaci\u00f3n de datos del tercero o de los datos bancarios.<\/p><p><a href=\"#Documentacion_requerida\"><strong>Documentaci\u00f3n requerida<\/strong><\/a><br \/><a href=\"#Forma_de_presentacion\"><strong>Forma de presentaci\u00f3n<\/strong><\/a><br \/><a href=\"#Plazo_de_presentacion\"><strong>Plazo de presentaci\u00f3n<\/strong><\/a><br \/><a href=\"#Resolucion\"><strong>Resoluci\u00f3n<\/strong><\/a><br \/><a href=\"#Normativa\"><strong>Normativa<\/strong><\/a><br \/><a href=\"#Contactos\"><strong>Contactos<\/strong><\/a><\/p><hr class=\"wp-block-separator\" \/><p><a name=\"Documentacion_requerida\"><\/a><strong>Documentaci\u00f3n requerida<\/strong><\/p><p>\u00b7 Identidad del tercero copia del documento acreditativo de la identidad del tercero (NIF, NIE, pasaporte, VAT, otros)<br \/>\u00b7 Identidad del representante del tercero. En su caso, copia del documento acreditativo de la identidad de la persona que act\u00faa en representaci\u00f3n legal del Tercero (NIF, NIE, pasaporte, VAT, otros)<br \/>\u00b7 Formulario de mantenimiento de terceros impreso de mantenimiento de terceros, debidamente cumplimentado, con la firma y sello del tercero o, en su caso, de su representante legal. Necesitar\u00e1 incluir la cuenta bancaria para la domiciliaci\u00f3n de los pagos.\u00a0<br \/>\u00b7 Acreditaci\u00f3n de la representaci\u00f3n legal del tercero. El solicitante, en caso de actuar en representaci\u00f3n legal del tercero, deber\u00e1 aportar documento que acredite tal representaci\u00f3n.<br \/>\u00b7 Acreditaci\u00f3n de la titularidad de la cuenta bancaria. En caso de alta de tercero o de modificaci\u00f3n de la cuenta bancaria, el solicitante debe acreditar la titularidad de la cuenta bancaria mediante certificado de la entidad bancaria en que conste la cuenta y el titular, o bien con el conforme de la entidad bancaria a los datos aportados en el formulario de mantenimiento de terceros.<\/p><p><a name=\"Forma_de_presentacion\"><\/a><strong>Forma de presentaci\u00f3n<\/strong><\/p><ul><li>Presencialmente, en la Clave (calle Rambla, 23) con cita previa (Cita Previa (alzira.es) o al tel\u00e9fono 96 070 43 48).<\/li><li>A trav\u00e9s de la sede electr\u00f3nica, con certificado electr\u00f3nico o Cl@ve, al siguiente enlace: <em><span style=\"color: #3366ff;\"><a style=\"color: #3366ff;\" href=\"https:\/\/sedeelectronica.alzira.es\/PortalCiudadano\/tramites\/tramite.do?formAction=btShow&amp;t=2366#no-back-button\" target=\"_blank\" rel=\"noopener\">Solicitud de Alta\/Modificaci\u00f3n de Datos de Terceros<\/a><\/span><\/em><\/li><li>En cualquier otra de las formas que establece el art\u00edculo 16.4 de la Ley 39\/2015, reguladora del Procedimiento Administrativo Com\u00fan de las Administraciones P\u00fablicas.<\/li><li>En caso de presentaci\u00f3n presencial, aqu\u00ed puede descargar el modelo: <em><span style=\"color: #3366ff;\"><a style=\"color: #3366ff;\" href=\"https:\/\/alzira.es\/es\/administracion-24h\/modelos-y-solicitudes\/\">Modelos y solicitudes \u00bb Ayuntamiento de Alzira<\/a><\/span><\/em><\/li><\/ul><p><a name=\"Plazo_de_presentacion\"><\/a><strong>Plazo de presentaci\u00f3n<\/strong><\/p><p>\u00b7 En cualquier momento.<\/p><p><a name=\"Resolucion\"><\/a><strong>Resoluci\u00f3n<\/strong><\/p><p>\u00b7 Una vez recibida la solicitud en el departamento correspondiente, se proceder\u00e1 al examen de la documentaci\u00f3n aportada.<br \/>\u00b7 Si se considera correcta y suficiente la documentaci\u00f3n presentada, se proceder\u00e1 a su registro en el fichero de mantenimiento de terceros del Ayuntamiento.<br \/>\u00b7 En caso de observar defectos en dicha documentaci\u00f3n, se solicitar\u00e1 al interesado la subsanaci\u00f3n de los defectos observados.<\/p><p><a name=\"Normativa\"><\/a><strong>Normativa<\/strong><\/p><p>\u00b7 Ley 11\/2007, de 22 de junio, de Acceso Electr\u00f3nico de los Ciudadanos a los Servicios P\u00fablicos.<br \/>\u00b7 Protocolo del Ayuntamiento de Alzira para la publicaci\u00f3n en la p\u00e1gina web municipal de procedimientos administrativos.<\/p><p><a name=\"Contactos\"><\/a><strong>Contactos<\/strong><\/p><p><strong>\u00c1rea Econ\u00f3mica. Intervenci\u00f3n. Contabilidad municipal<\/strong><br \/>Ayuntamiento de Alzira. 1\u00aa Planta. Tfno. 962400450<br \/><a href=\"mailto:hisenda@alzira.es\">hisenda@alzira.es<\/a><\/p><p><strong>\u00c1rea Econ\u00f3mica. Tesorer\u00eda<\/strong><br \/>Ayuntamiento de Alzira. 1\u00aa Planta. Tfno. 962400450<br \/><a href=\"mailto:tresoreria@alzira.es\">tresoreria@alzira.es<\/a><\/p>\t\t\t\t\t\t\t\t<\/div>\n\t\t\t\t<\/div>\n\t\t\t\t\t<\/div>\n\t\t<\/div>\n\t\t\t\t\t<\/div>\n\t\t<\/section>\n\t\t\t\t<\/div>\n\t\t","protected":false},"excerpt":{"rendered":"<p>Altas \/ Modificaci\u00f3n de datos de terceros Este procedimiento regula la tramitaci\u00f3n de altas y modificaciones de Terceros y de sus datos de domiciliaci\u00f3n de pagos. Se consideran terceros las personas f\u00edsicas o jur\u00eddicas o las entidades sin personalidad jur\u00eddica, p\u00fablicas o privadas, que tienen una relaci\u00f3n econ\u00f3mica con la Administraci\u00f3n, y que hayan de &hellip; <\/p>\n<p class=\"link-more\"><a href=\"https:\/\/alzira.es\/es\/servicios-municipales\/economia-y-recaudacion\/mantenimiento-de-terceros\/\" class=\"more-link\">Continuar leyendo<span class=\"screen-reader-text\"> \u00abMantenimiento de terceros\u00bb<\/span><\/a><\/p>\n","protected":false},"author":12,"featured_media":2244,"parent":84774,"menu_order":58,"comment_status":"closed","ping_status":"closed","template":"","meta":{"_acf_changed":false,"footnotes":""},"class_list":["post-2248","page","type-page","status-publish","has-post-thumbnail","hentry"],"acf":[],"_links":{"self":[{"href":"https:\/\/alzira.es\/es\/wp-json\/wp\/v2\/pages\/2248","targetHints":{"allow":["GET"]}}],"collection":[{"href":"https:\/\/alzira.es\/es\/wp-json\/wp\/v2\/pages"}],"about":[{"href":"https:\/\/alzira.es\/es\/wp-json\/wp\/v2\/types\/page"}],"author":[{"embeddable":true,"href":"https:\/\/alzira.es\/es\/wp-json\/wp\/v2\/users\/12"}],"replies":[{"embeddable":true,"href":"https:\/\/alzira.es\/es\/wp-json\/wp\/v2\/comments?post=2248"}],"version-history":[{"count":2,"href":"https:\/\/alzira.es\/es\/wp-json\/wp\/v2\/pages\/2248\/revisions"}],"predecessor-version":[{"id":138584,"href":"https:\/\/alzira.es\/es\/wp-json\/wp\/v2\/pages\/2248\/revisions\/138584"}],"up":[{"embeddable":true,"href":"https:\/\/alzira.es\/es\/wp-json\/wp\/v2\/pages\/84774"}],"wp:featuredmedia":[{"embeddable":true,"href":"https:\/\/alzira.es\/es\/wp-json\/wp\/v2\/media\/2244"}],"wp:attachment":[{"href":"https:\/\/alzira.es\/es\/wp-json\/wp\/v2\/media?parent=2248"}],"curies":[{"name":"wp","href":"https:\/\/api.w.org\/{rel}","templated":true}]}}