{"id":2238,"date":"2009-05-05T12:24:46","date_gmt":"2009-05-05T10:24:46","guid":{"rendered":"https:\/\/alzira.es\/tesoreria\/"},"modified":"2023-06-15T12:48:24","modified_gmt":"2023-06-15T10:48:24","slug":"tesoreria","status":"publish","type":"page","link":"https:\/\/alzira.es\/es\/servicios-municipales\/economia-y-recaudacion\/tesoreria\/","title":{"rendered":"Tesorer\u00eda"},"content":{"rendered":"\t\t<div data-elementor-type=\"wp-page\" data-elementor-id=\"2238\" class=\"elementor elementor-2238\">\n\t\t\t\t\t\t<section class=\"elementor-section elementor-top-section elementor-element elementor-element-79ce276a elementor-section-boxed elementor-section-height-default elementor-section-height-default\" data-id=\"79ce276a\" data-element_type=\"section\">\n\t\t\t\t\t\t<div class=\"elementor-container elementor-column-gap-default\">\n\t\t\t\t\t<div class=\"elementor-column elementor-col-100 elementor-top-column elementor-element elementor-element-74e95cd2\" data-id=\"74e95cd2\" data-element_type=\"column\">\n\t\t\t<div class=\"elementor-widget-wrap elementor-element-populated\">\n\t\t\t\t\t\t<div class=\"elementor-element elementor-element-4cf358aa elementor-widget elementor-widget-text-editor\" data-id=\"4cf358aa\" data-element_type=\"widget\" data-widget_type=\"text-editor.default\">\n\t\t\t\t<div class=\"elementor-widget-container\">\n\t\t\t\t\t\t\t\t\t<p>Constituyen la tesorer\u00eda del Ayuntamiento de Alzira todos los recursos financieros, sean dinero, valores o cr\u00e9ditos, de la entidad local, tanto por operaciones presupuestarias como extrapresupuestarias.<\/p><p>Las disponibilidades de la tesorer\u00eda y sus variaciones quedan sujetas a intervenci\u00f3n y al r\u00e9gimen de la contabilidad p\u00fablica.<\/p><div style=\"text-align: justify;\"><a href=\"#Funciones\"><strong>Funciones<\/strong><\/a><\/div><div style=\"text-align: justify;\"><a href=\"#Caja_y_cuentas_bancarias\"><strong>Caja y cuentas bancarias<\/strong><\/a><\/div><div style=\"text-align: justify;\"><a href=\"#Medios_de_ingreso_y_de_pago\"><strong>Medios de ingreso y de pago<\/strong><\/a><\/div><div style=\"text-align: justify;\"><a href=\"https:\/\/alzira.es\/es\/servicios-municipales\/economia-y-recaudacion\/mantenimiento-de-terceros\/\"><strong>Mantenimiento de terceros<\/strong><\/a><\/div><div style=\"text-align: justify;\"><a href=\"#Gestion_de_la_tesoreria\"><strong>Gesti\u00f3n de la tesorer\u00eda<\/strong><\/a><\/div><div style=\"text-align: justify;\"><a href=\"#Legislacion\"><strong>Legislaci\u00f3n<\/strong><\/a><\/div><div style=\"text-align: justify;\">\u00a0<\/div><div><hr \/><\/div><div><a name=\"Funciones\"><\/a><strong>Funciones<\/strong><\/div><p>Son funciones encomendadas a la tesorer\u00eda de las entidades locales<\/p><p>a) Recaudar los derechos y pagar las obligaciones.<\/p><p>b) Servir al principio de unidad de caja, mediante la centralizaci\u00f3n de todos los fondos y valores generados por operaciones presupuestarias y extrapresupuestarias.<\/p><p>c) Distribuir en el tiempo las disponibilidades dinerarias para la puntual satisfacci\u00f3n de las obligaciones.<\/p><p>d) Responder de los avales contra\u00eddos.<\/p><p>e) Realizar las dem\u00e1s que se deriven o relacionen con las anteriormente numeradas.<\/p><div>\u00a0<\/div><p><a name=\"Caja_y_cuentas_bancarias\"><\/a><strong>Caja y cuentas bancarias <\/strong><\/p><p>El Ayuntamiento de Alzira tiene concertados los servicios financieros de su tesorer\u00eda con entidades de cr\u00e9dito y ahorro, mediante la apertura de los siguientes tipos de cuentas:<\/p><div style=\"margin-left: 18pt; text-align: justify;\">a) Cuentas operativas de ingresos y pagos.<\/div><div style=\"margin-left: 18pt; text-align: justify;\">b) Cuentas restringidas de recaudaci\u00f3n.<\/div><div style=\"margin-left: 18pt; text-align: justify;\">c) Cuentas restringidas de pagos.<\/div><div style=\"margin-left: 18pt; text-align: justify;\">d) Cuentas financieras de colocaci\u00f3n de excedentes de tesorer\u00eda.<\/div><p>Asimismo puede autorizar la existencia de cajas de efectivo, para los fondos de las operaciones diarias, las cuales estar\u00e1n sujetas a las limitaciones que reglamentariamente se establezcan.<\/p><p><a name=\"Medios_de_ingreso_y_de_pago\"><\/a><strong>Medios de ingreso y de pago<\/strong><\/p><p>El Ayuntamiento de Alzira pude dictar reglas especiales para el ingreso del producto de la recaudaci\u00f3n de los recursos que podr\u00e1n realizarse en las cajas de efectivo o en las entidades de cr\u00e9dito colaboradoras mediante efectivo, transferencias, cheques o cualquier otro medio o documento de pago, sean o no bancarios, que se establezcan.<\/p><p>Asimismo podr\u00e1 pagar sus obligaciones por cualquiera de los medios a que se refiere el p\u00e1rrafo anterior.<\/p><p><a name=\"Gestion_de_la_tesoreria\"><\/a><strong>Gesti\u00f3n de la tesorer\u00eda<\/strong><\/p><p>El Ayuntamiento de Alzira puede concertar, con cualesquier entidad financiera, operaciones de tesorer\u00eda para cubrir d\u00e9ficit temporales de liquidez derivados de las diferencias de vencimientos de sus pagos e ingresos.<\/p><p>Igualmente, puede rentabilizar sus excedentes temporales de tesorer\u00eda mediante inversiones que re\u00fanan las condiciones de liquidez y seguridad.<\/p><p><a name=\"Legislacion\"><\/a><strong>Legislaci\u00f3n <\/strong><\/p><ol><li>Real Decreto Legislativo 2\/2004, de 5 de marzo, por el que se aprueba el texto refundido de la Ley Reguladora de las Haciendas Locales.<\/li><li>Ley 7\/1985, de 2 de abril, Reguladora de las Bases del R\u00e9gimen Local.<\/li><li>Ley Org\u00e1nica 2\/2012, de 27 de abril, de estabilidad presupuestaria y sostenibilidad financiera.<\/li><li>Ley 15\/2010, de 5 de julio, de modificaci\u00f3n de la Ley 3\/2004, de 29 de diciembre, por la que se establecen medidas de lucha contra la morosidad en las operaciones comerciales.<\/li><li>Real Decreto 500\/1990, de 20 de abril, por el que se desarrolla el cap\u00edtulo primero del t\u00edtulo sexto de la Ley 39\/1988, de 28 de diciembre, reguladora de las Haciendas Locales, en materia de presupuestos.<\/li><li>Orden EHA\/4041\/2004, de 23 de noviembre, por la que se aprueba la Instrucci\u00f3n del modelo normal de contabilidad local.<\/li><li>Orden EHA\/3565\/2008, de 3 de diciembre, por la que se aprueba la estructura de los presupuestos de las entidades locales.<\/li><\/ol>\t\t\t\t\t\t\t\t<\/div>\n\t\t\t\t<\/div>\n\t\t\t\t\t<\/div>\n\t\t<\/div>\n\t\t\t\t\t<\/div>\n\t\t<\/section>\n\t\t\t\t<\/div>\n\t\t","protected":false},"excerpt":{"rendered":"<p>Constituyen la tesorer\u00eda del Ayuntamiento de Alzira todos los recursos financieros, sean dinero, valores o cr\u00e9ditos, de la entidad local, tanto por operaciones presupuestarias como extrapresupuestarias. Las disponibilidades de la tesorer\u00eda y sus variaciones quedan sujetas a intervenci\u00f3n y al r\u00e9gimen de la contabilidad p\u00fablica. FuncionesCaja y cuentas bancariasMedios de ingreso y de pagoMantenimiento de &hellip; <\/p>\n<p class=\"link-more\"><a href=\"https:\/\/alzira.es\/es\/servicios-municipales\/economia-y-recaudacion\/tesoreria\/\" class=\"more-link\">Continuar leyendo<span class=\"screen-reader-text\"> \u00abTesorer\u00eda\u00bb<\/span><\/a><\/p>\n","protected":false},"author":29,"featured_media":0,"parent":84774,"menu_order":50,"comment_status":"closed","ping_status":"closed","template":"","meta":{"_acf_changed":false,"footnotes":""},"class_list":["post-2238","page","type-page","status-publish","hentry"],"acf":[],"_links":{"self":[{"href":"https:\/\/alzira.es\/es\/wp-json\/wp\/v2\/pages\/2238","targetHints":{"allow":["GET"]}}],"collection":[{"href":"https:\/\/alzira.es\/es\/wp-json\/wp\/v2\/pages"}],"about":[{"href":"https:\/\/alzira.es\/es\/wp-json\/wp\/v2\/types\/page"}],"author":[{"embeddable":true,"href":"https:\/\/alzira.es\/es\/wp-json\/wp\/v2\/users\/29"}],"replies":[{"embeddable":true,"href":"https:\/\/alzira.es\/es\/wp-json\/wp\/v2\/comments?post=2238"}],"version-history":[{"count":2,"href":"https:\/\/alzira.es\/es\/wp-json\/wp\/v2\/pages\/2238\/revisions"}],"predecessor-version":[{"id":138602,"href":"https:\/\/alzira.es\/es\/wp-json\/wp\/v2\/pages\/2238\/revisions\/138602"}],"up":[{"embeddable":true,"href":"https:\/\/alzira.es\/es\/wp-json\/wp\/v2\/pages\/84774"}],"wp:attachment":[{"href":"https:\/\/alzira.es\/es\/wp-json\/wp\/v2\/media?parent=2238"}],"curies":[{"name":"wp","href":"https:\/\/api.w.org\/{rel}","templated":true}]}}