{"id":2236,"date":"2009-05-05T12:19:28","date_gmt":"2009-05-05T10:19:28","guid":{"rendered":"https:\/\/alzira.es\/intervencion\/"},"modified":"2023-05-15T13:29:15","modified_gmt":"2023-05-15T11:29:15","slug":"intervencion-cas-no","status":"publish","type":"page","link":"https:\/\/alzira.es\/es\/servicios-municipales\/economia-y-recaudacion\/intervencion-cas-no\/","title":{"rendered":"Intervenci\u00f3n"},"content":{"rendered":"<p style=\"text-align: justify;\"><span>El departamento de Intervenci\u00f3n se encarga del control interno y de la fiscalizaci\u00f3n de la actividad econ\u00f3mica, financiera, contable y presupuestaria del Ayuntamiento de Alzira.<\/span><\/p>\n<p style=\"text-align: justify;\"><span>Al departamento de Intervenci\u00f3n le corresponden las siguientes funciones:<\/span><\/p>\n<div style=\"text-align: justify;\"><a href=\"#Funcion_contable\"><strong><span>Funci\u00f3n contable<\/span><\/strong><\/a><\/div>\n<div style=\"text-align: justify;\"><a href=\"#Funcion_interventora\"><strong><span>Funci\u00f3n interventora<\/span><\/strong><\/a><\/div>\n<div style=\"text-align: justify;\"><a href=\"#Funcion_de_control_financiero\"><strong><span>Funci\u00f3n de control financiero<\/span><\/strong><\/a><\/div>\n<div style=\"text-align: justify;\"><a href=\"#Funcion_de_control_eficacia\"><strong><span>Funci\u00f3n de control de eficacia<\/span><\/strong><\/a><\/div>\n<div style=\"text-align: justify;\"><a href=\"#Control_externo\"><strong><span>Control externo<\/span><\/strong><\/a><\/div>\n<div style=\"text-align: justify;\"><a href=\"#Legislacion\"><strong>Legislaci\u00f3n<\/strong><\/a><\/div>\n<div style=\"text-align: justify;\">&nbsp;<\/div>\n<hr>\n<div>&nbsp;<\/div>\n<p><a name=\"Funcion_contable\"><strong><span>Funci\u00f3n contable<\/span><\/strong><\/a><\/p>\n<div style=\"text-align: justify;\"><span>Al departamento de Intervenci\u00f3n le corresponde llevar y desarrollar la contabilidad financiera y el seguimiento, en t\u00e9rminos financieros, de la ejecuci\u00f3n de los presupuestos de acuerdo con las normas generales y las dictadas por el Pleno de la corporaci\u00f3n.<\/span><\/div>\n<p style=\"text-align: justify;\"><span>Asimismo, es competencia de la Intervenci\u00f3n la inspecci\u00f3n de la contabilidad de las sociedades mercantiles municipales Alzira Radio, S.A. e Instalaciones Deportivas Alzira, S.A., de acuerdo con los procedimientos que establezca el Pleno.<\/span><\/p>\n<p style=\"text-align: justify;\"><a name=\"Funcion_interventora\"><strong><span>Funci\u00f3n interventora<\/span><\/strong><\/a><\/p>\n<p style=\"text-align: justify;\"><span>La funci\u00f3n interventora tendr\u00e1 como objeto fiscalizar todos los actos del Ayuntamiento de Alzira que dan lugar al reconocimiento y liquidaci\u00f3n de derechos y obligaciones o gastos de contenido econ\u00f3mico, los ingresos y pagos que de aquellos se deriven, y la recaudaci\u00f3n, inversi\u00f3n y aplicaci\u00f3n, en general, de los caudales p\u00fablicos administrados, para que la gesti\u00f3n se ajuste a las disposiciones aplicables en cada caso.<\/span><\/p>\n<p style=\"text-align: justify;\"><a name=\"Funcion_de_control_financiero\"><strong><span>Funci\u00f3n de control financiero<\/span><\/strong><\/a><\/p>\n<p style=\"text-align: justify;\"><span>El control financiero tendr\u00e1 como objeto comprobar el funcionamiento en el aspecto econ\u00f3mico-financiero de los servicios del Ayuntamiento de Alzira y de las sociedades mercantiles Alzira R\u00e0dio, S.A, Instalaciones Deportivas Alzira, S.A y Gestora del Suelo Alzira, S.A.<\/span><\/p>\n<p style=\"text-align: justify;\"><span>Dicho control tendr\u00e1 como objeto informar sobre la adecuada presentaci\u00f3n de la informaci\u00f3n financiera, del cumplimiento de las normas y directrices que se aplican y del grado de eficacia y eficiencia en la consecuci\u00f3n de los objetivos previstos.<\/span><\/p>\n<p style=\"text-align: justify;\"><span>El control financiero se realizar\u00e1 por procedimientos de auditor\u00eda de acuerdo con las normas de auditor\u00eda del sector p\u00fablico.<\/span><\/p>\n<p style=\"text-align: justify;\"><a name=\"Funcion_de_control_eficacia\"><strong><span>Funci\u00f3n de control de eficacia<\/span><\/strong><\/a><\/p>\n<p style=\"text-align: justify;\"><span>El control de eficacia tendr\u00e1 como objeto la comprobaci\u00f3n peri\u00f3dica del grado de cumplimiento de los objetivos, as\u00ed como el an\u00e1lisis del coste de funcionamiento y del rendimiento de los respectivos servicios o inversiones.<\/span><\/p>\n<p style=\"text-align: justify;\"><span>Los funcionarios que tienen a su cargo la funci\u00f3n interventora as\u00ed como los que son designados para llevar a efecto los controles financiero y de eficacia, ejercen su funci\u00f3n con plena independencia y pueden pedir todos los antecedentes que consideran necesarios, efectuar el examen y comprobaci\u00f3n de los libros, cuentas y documentos que consideren precisos, verificar arqueos y recuentos y solicitar de quien corresponda, cuando la naturaleza del acto, documento o expediente que deba ser intervenido lo requiera, los informes t\u00e9cnicos y asesoramientos que estimen necesarios. <\/span><\/p>\n<p style=\"text-align: justify;\"><a name=\"Control_externo\"><strong><span>Control externo<\/span><\/strong><\/a><\/p>\n<p style=\"text-align: justify;\"><span>La fiscalizaci\u00f3n externa de las cuentas y de la gesti\u00f3n econ\u00f3mica del Ayuntamiento de Alzira y de las sociedades mercantiles municipales es funci\u00f3n propia de la Sindicatura de Comptes.<\/span><\/p>\n<p style=\"text-align: justify;\"><span>A este efecto, el Ayuntamiento de Alzira rendir\u00e1 a la Sindicatura de Comptes, antes del d\u00eda 15 de octubre de cada a\u00f1o, la cuenta general correspondiente al ejercicio econ\u00f3mico anterior.<\/span><\/p>\n<p style=\"text-align: justify;\"><span>Una vez fiscalizados las cuentas por la Sindicatura, se someter\u00e1 a la consideraci\u00f3n del Ayuntamiento de Alzira la propuesta de correcci\u00f3n de las anomal\u00edas observadas y el ejercicio de las acciones procedentes, sin perjuicio, todo eso, de las actuaciones que puedan corresponder a la Sindicatura de Comptes en los casos de exigencia de responsabilidad contable.<\/span><\/p>\n<p style=\"text-align: justify;\"><strong><span><a name=\"Legislacion\"><\/a>Legislaci\u00f3n<\/span><\/strong><\/p>\n<ol>\n<li style=\"text-align: justify;\"><span>Real Decreto Legislativo 2\/2004, de 5 de marzo, por el que se aprueba el texto refundido de la Ley Reguladora de las Haciendas Locales.<\/span><\/li>\n<li style=\"text-align: justify;\"><span>Ley 7\/1985, de 2 de abril, Reguladora de las Bases del R\u00e9gimen Local.<\/span><\/li>\n<li style=\"text-align: justify;\">Ley Org\u00e1nica 2\/2012, de 27 de abril, de estabilidad presupuestaria y sostenibilidad financiera.<span><\/span><\/li>\n<li style=\"text-align: justify;\"><span>Real Decreto 500\/1990, de 20 de abril, por el que se desarrolla el cap\u00edtulo primero del t\u00edtulo sexto de la Ley 39\/1988, de 28 de diciembre, reguladora de las Haciendas Locales, en materia de presupuestos.<\/span><\/li>\n<li style=\"text-align: justify;\"><span>Orden EHA\/4041\/2004, de 23 de noviembre, por la que se aprueba la Instrucci\u00f3n del modelo normal de contabilidad local.<\/span><\/li>\n<li style=\"text-align: justify;\"><span>Orden EHA\/3565\/2008, de 3 de diciembre, por la que se aprueba la estructura de los presupuestos de las entidades locales.<\/span><\/li>\n<\/ol>\n","protected":false},"excerpt":{"rendered":"<p>El departamento de Intervenci\u00f3n se encarga del control interno y de la fiscalizaci\u00f3n de la actividad econ\u00f3mica, financiera, contable y presupuestaria del Ayuntamiento de Alzira. Al departamento de Intervenci\u00f3n le corresponden las siguientes funciones: Funci\u00f3n contable Funci\u00f3n interventora Funci\u00f3n de control financiero Funci\u00f3n de control de eficacia Control externo Legislaci\u00f3n &nbsp; &nbsp; Funci\u00f3n contable Al &hellip; <\/p>\n<p class=\"link-more\"><a href=\"https:\/\/alzira.es\/es\/servicios-municipales\/economia-y-recaudacion\/intervencion-cas-no\/\" class=\"more-link\">Continuar leyendo<span class=\"screen-reader-text\"> \u00abIntervenci\u00f3n\u00bb<\/span><\/a><\/p>\n","protected":false},"author":29,"featured_media":0,"parent":84774,"menu_order":60,"comment_status":"closed","ping_status":"closed","template":"","meta":{"_acf_changed":false,"footnotes":""},"class_list":["post-2236","page","type-page","status-publish","hentry"],"acf":[],"_links":{"self":[{"href":"https:\/\/alzira.es\/es\/wp-json\/wp\/v2\/pages\/2236","targetHints":{"allow":["GET"]}}],"collection":[{"href":"https:\/\/alzira.es\/es\/wp-json\/wp\/v2\/pages"}],"about":[{"href":"https:\/\/alzira.es\/es\/wp-json\/wp\/v2\/types\/page"}],"author":[{"embeddable":true,"href":"https:\/\/alzira.es\/es\/wp-json\/wp\/v2\/users\/29"}],"replies":[{"embeddable":true,"href":"https:\/\/alzira.es\/es\/wp-json\/wp\/v2\/comments?post=2236"}],"version-history":[{"count":2,"href":"https:\/\/alzira.es\/es\/wp-json\/wp\/v2\/pages\/2236\/revisions"}],"predecessor-version":[{"id":137252,"href":"https:\/\/alzira.es\/es\/wp-json\/wp\/v2\/pages\/2236\/revisions\/137252"}],"up":[{"embeddable":true,"href":"https:\/\/alzira.es\/es\/wp-json\/wp\/v2\/pages\/84774"}],"wp:attachment":[{"href":"https:\/\/alzira.es\/es\/wp-json\/wp\/v2\/media?parent=2236"}],"curies":[{"name":"wp","href":"https:\/\/api.w.org\/{rel}","templated":true}]}}