{"id":2226,"date":"2009-05-05T11:36:40","date_gmt":"2009-05-05T09:36:40","guid":{"rendered":"https:\/\/alzira.es\/recaudacion-voluntaria\/"},"modified":"2021-08-29T11:02:12","modified_gmt":"2021-08-29T09:02:12","slug":"recaudacion-voluntaria","status":"publish","type":"page","link":"https:\/\/alzira.es\/es\/servicios-municipales\/economia-y-recaudacion\/recaudacion-voluntaria\/","title":{"rendered":"Recaudaci\u00f3n Voluntaria"},"content":{"rendered":"<p><strong><span style=\"color: navy; font-size: 11pt;\">FUNCIONES<\/span><\/strong><\/p>\n<div style=\"text-align: justify; margin-left: 16pt;\">&nbsp;<span style=\"font-size: 11pt;\">&nbsp; &nbsp; &nbsp; &nbsp; &nbsp;La gesti\u00f3n recaudatoria, encaminada al cobro de las deudas tributarias derivadas de los impuestos y tasas municipales de car\u00e1cter peri\u00f3dico as\u00ed como de las liquidaciones procedentes de altas o modificaciones en un tributo.<\/span><\/div>\n<div style=\"text-align: justify; margin-left: 16pt;\"><\/div>\n<div style=\"text-align: justify; margin-left: 16pt;\"><\/div>\n<div style=\"text-align: justify; margin-left: 16pt;\"><strong><span style=\"color: navy; font-size: 11pt;\">SERVICIOS<\/span><\/strong><\/div>\n<div style=\"text-align: justify; margin-left: 16pt;\"><\/div>\n<div style=\"text-align: justify; text-indent: -18pt; margin-left: 38.85pt;\"><span style=\"font-size: 11pt;\">\u00b7<span style=\"font: 7pt 'Times New Roman';\">&nbsp; &nbsp;<\/span><\/span><span style=\"font-size: 11pt;\">El cobro de los siguientes tributos, de vencimiento peri\u00f3dico y notificaci\u00f3n colectiva, gestionados mediante padrones fiscales:<\/span><\/div>\n<div style=\"text-align: justify; text-indent: -18pt; margin-left: 38.85pt;\"><\/div>\n<div style=\"margin: 0cm 0cm 0pt 120px;\"><span style=\"font-size: 11pt;\">&#8211;&nbsp;Impuesto de Veh\u00edculos de Tracci\u00f3n Mec\u00e1nica (<i>VEH\u00cdCULOS<\/i>)<\/span><\/div>\n<div style=\"margin: 0cm 0cm 0pt 120px;\"><\/div>\n<div style=\"margin: 0cm 0cm 0pt 120px;\"><span style=\"font-size: 11pt;\">&#8211;&nbsp;Tasa por Entrada de Veh\u00edculos-Vados (<i>VADOS<\/i>)<\/span><\/div>\n<div style=\"margin: 0cm 0cm 0pt 120px;\"><\/div>\n<div style=\"margin: 0cm 0cm 0pt 120px;\"><span style=\"font-size: 11pt;\">&#8211;&nbsp;Impuesto de Bienes Inmuebles de Naturaleza Urbana (<i>URBANA<\/i>)<\/span><\/div>\n<div style=\"margin: 0cm 0cm 0pt 120px;\"><\/div>\n<div style=\"margin: 0cm 0cm 0pt 120px;\"><span style=\"font-size: 11pt;\">&#8211;&nbsp;Impuesto de Bienes Inmuebles de Naturaleza R\u00fastica (<i>R\u00daSTICA<\/i>)<\/span><\/div>\n<div style=\"margin: 0cm 0cm 0pt 120px;\"><\/div>\n<div style=\"margin: 0cm 0cm 0pt 120px;\"><span style=\"font-size: 11pt;\">&#8211;&nbsp;Impuesto de Actividades Econ\u00f3micas (<i>IAE<\/i>)<\/span><\/div>\n<div style=\"margin: 0cm 0cm 0pt 120px;\"><\/div>\n<div style=\"margin: 0cm 0cm 0pt 120px;\"><span style=\"font-size: 11pt;\">&#8211;&nbsp;Tasa por Retirada de Basura de Actividades Econ\u00f3micas (<i>BASURA INDUSTRIAL<\/i>).<\/span><\/div>\n<div style=\"margin: 0cm 0cm 0pt 35.45pt;\"><\/div>\n<p style=\"text-align: justify; margin-left: 40px;\"><span style=\"font-size: 11pt;\">\u00b7<span style=\"font: 7pt 'Times New Roman';\">&nbsp;&nbsp;&nbsp;&nbsp;&nbsp;&nbsp;&nbsp;<\/span><\/span><span style=\"font-size: 11pt;\">El cobro de las liquidaciones derivadas de altas o modificaciones en un tributo.&nbsp;<\/span><\/p>\n<div style=\"text-align: justify; margin: 0cm 0cm 0pt 14.2pt;\">&nbsp; &nbsp;<span style=\"font-size: 11pt;\">\u00b7<span style=\"font: 7pt 'Times New Roman';\">&nbsp; &nbsp;&nbsp;<\/span><\/span><span style=\"font-size: 11pt;\">El cobro del Impuesto por el incremento del valor de los terrenos de naturaleza urbana (PLUSVAL\u00cdA) derivado de la venta o adquisici\u00f3n, por donaci\u00f3n o herencia, de un inmueble.<\/span><\/div>\n<div style=\"text-align: justify; margin: 0cm 0cm 0pt 14.2pt;\"><\/div>\n<div style=\"text-align: justify; text-indent: -18pt; margin: 0cm 0cm 0pt 38.85pt;\"><span style=\"font-size: 11pt;\">&nbsp;\u00b7<span style=\"font: 7pt 'Times New Roman';\">&nbsp;&nbsp;&nbsp;&nbsp;&nbsp;&nbsp;&nbsp;&nbsp; <\/span><\/span><span style=\"font-size: 11pt;\">Domiciliaci\u00f3n de tributos de cobro peri\u00f3dico.<\/span><\/div>\n<div style=\"text-align: justify; margin: 0cm 0cm 0pt 14.2pt;\"><\/div>\n<div style=\"text-align: justify; text-indent: -18pt; margin: 0cm 0cm 0pt 38.85pt;\"><span style=\"font-size: 11pt;\">&nbsp;\u00b7<span style=\"font: 7pt 'Times New Roman';\">&nbsp;&nbsp;&nbsp;&nbsp;&nbsp;&nbsp;&nbsp;&nbsp; <\/span><\/span><span style=\"font-size: 11pt;\">Devoluci\u00f3n de ingresos indebidos o duplicados. <\/span><\/div>\n<div style=\"text-align: justify; margin: 0cm 0cm 0pt 14.2pt;\"><\/div>\n<div style=\"text-align: justify; text-indent: -18pt; margin: 0cm 0cm 0pt 38.85pt;\"><span style=\"font-size: 11pt;\">&nbsp;\u00b7<span style=\"font: 7pt 'Times New Roman';\">&nbsp;&nbsp;&nbsp;&nbsp;&nbsp;&nbsp;&nbsp;&nbsp; <\/span><\/span><span style=\"font-size: 11pt;\">Expedici\u00f3n de Cartas de Pago y de justificantes de ingreso.<\/span><\/div>\n<div style=\"text-align: justify; text-indent: -18pt; margin: 0cm 0cm 0pt 38.85pt;\"><\/div>\n<div style=\"text-align: justify; text-indent: -18pt; margin: 0cm 0cm 0pt 38.85pt;\"><span style=\"font-size: 11pt;\">&nbsp;\u00b7 &nbsp; &nbsp;Aplazamiento y fraccionamiento de deudas, en per\u00edodo voluntario.<\/span><\/div>\n<div><\/div>\n<p style=\"text-align: justify; margin-left: 40px;\">\n<p>&nbsp;<span style=\"font-size: medium;\"><span style=\"color: #000080;\"><strong>DIRECCI\u00d3N Y CONTACTO<\/strong><\/span><\/span><\/p>\n<table style=\"width: 320px; height: 230px;\" border=\"1\" cellspacing=\"1\" cellpadding=\"1\">\n<tbody>\n<tr>\n<td>\n<p style=\"text-align: center;\"><span style=\"font-size: medium;\"><img fetchpriority=\"high\" decoding=\"async\" width=\"221\" height=\"293\" class=\" size-full wp-image-2220\" style=\"width: 57px; height: 73px;\" src=\"https:\/\/alzira.es\/wp-content\/uploads\/2009\/05\/mapa_ALZIRA.gif\" alt=\"\"><\/span><\/p>\n<\/td>\n<td><span style=\"font-size: small;\"><span style=\"color: #0000ff;\"><br \/>\nC\/ Sant Roc, 6 &#8211; 46600 Alzira <\/span><\/span><\/p>\n<p><span style=\"font-size: small;\">&nbsp;<\/span><\/td>\n<\/tr>\n<tr>\n<td style=\"text-align: center;\"><span style=\"font-size: small;\"><img decoding=\"async\" width=\"130\" height=\"130\" class=\"size-full wp-image-2222 lazyload\" style=\"--smush-placeholder-width: 130px; --smush-placeholder-aspect-ratio: 130\/130;width: 66px; height: 69px;\" data-src=\"https:\/\/alzira.es\/wp-content\/uploads\/2009\/05\/telefono.jpg\" alt=\"\" data-srcset=\"https:\/\/alzira.es\/wp-content\/uploads\/2009\/05\/telefono.jpg 130w, https:\/\/alzira.es\/wp-content\/uploads\/2009\/05\/telefono-100x100.jpg 100w\" data-sizes=\"(max-width: 130px) 100vw, 130px\" src=\"data:image\/svg+xml;base64,PHN2ZyB3aWR0aD0iMSIgaGVpZ2h0PSIxIiB4bWxucz0iaHR0cDovL3d3dy53My5vcmcvMjAwMC9zdmciPjwvc3ZnPg==\" \/><\/span><\/td>\n<td><span style=\"font-size: small;\"><span style=\"color: #0000ff;\"><br \/>\nR. VOLUNT\u00c0RIA: 96 245 92 67<\/span><\/span><\/td>\n<\/tr>\n<tr>\n<td style=\"text-align: center;\"><span style=\"font-size: small;\"><img decoding=\"async\" width=\"380\" height=\"380\" class=\"size-full wp-image-2224 lazyload\" style=\"--smush-placeholder-width: 380px; --smush-placeholder-aspect-ratio: 380\/380;width: 66px; height: 68px;\" data-src=\"https:\/\/alzira.es\/wp-content\/uploads\/2009\/05\/mail.jpg\" alt=\"\" data-srcset=\"https:\/\/alzira.es\/wp-content\/uploads\/2009\/05\/mail.jpg 380w, https:\/\/alzira.es\/wp-content\/uploads\/2009\/05\/mail-350x350.jpg 350w, https:\/\/alzira.es\/wp-content\/uploads\/2009\/05\/mail-100x100.jpg 100w\" data-sizes=\"(max-width: 380px) 100vw, 380px\" src=\"data:image\/svg+xml;base64,PHN2ZyB3aWR0aD0iMSIgaGVpZ2h0PSIxIiB4bWxucz0iaHR0cDovL3d3dy53My5vcmcvMjAwMC9zdmciPjwvc3ZnPg==\" \/><\/span><\/td>\n<td><a href=\"mailto:voluntaria@alzira.es\"><span style=\"font-size: small;\"><span style=\"color: #0000ff;\"><br \/>\nvoluntaria@alzira.es<\/span><\/span><\/a><\/td>\n<\/tr>\n<\/tbody>\n<\/table>\n<p style=\"margin-left: 40px;\"><span style=\"font-size: medium;\">&nbsp;<\/span><\/p>\n<p><span style=\"font-size: medium;\">&nbsp;<\/span><\/p>\n<p style=\"margin-left: 40px;\">\n<p style=\"text-align: justify; margin-left: 40px;\">\n<p style=\"text-align: justify; margin-left: 40px;\">\n<p style=\"text-align: justify; margin-left: 40px;\">\n","protected":false},"excerpt":{"rendered":"<p>FUNCIONES &nbsp;&nbsp; &nbsp; &nbsp; &nbsp; &nbsp;La gesti\u00f3n recaudatoria, encaminada al cobro de las deudas tributarias derivadas de los impuestos y tasas municipales de car\u00e1cter peri\u00f3dico as\u00ed como de las liquidaciones procedentes de altas o modificaciones en un tributo. SERVICIOS \u00b7&nbsp; &nbsp;El cobro de los siguientes tributos, de vencimiento peri\u00f3dico y notificaci\u00f3n colectiva, gestionados mediante padrones &hellip; <\/p>\n<p class=\"link-more\"><a href=\"https:\/\/alzira.es\/es\/servicios-municipales\/economia-y-recaudacion\/recaudacion-voluntaria\/\" class=\"more-link\">Continuar leyendo<span class=\"screen-reader-text\"> \u00abRecaudaci\u00f3n Voluntaria\u00bb<\/span><\/a><\/p>\n","protected":false},"author":29,"featured_media":0,"parent":84774,"menu_order":44,"comment_status":"closed","ping_status":"closed","template":"","meta":{"_acf_changed":false,"footnotes":""},"class_list":["post-2226","page","type-page","status-publish","hentry"],"acf":[],"_links":{"self":[{"href":"https:\/\/alzira.es\/es\/wp-json\/wp\/v2\/pages\/2226","targetHints":{"allow":["GET"]}}],"collection":[{"href":"https:\/\/alzira.es\/es\/wp-json\/wp\/v2\/pages"}],"about":[{"href":"https:\/\/alzira.es\/es\/wp-json\/wp\/v2\/types\/page"}],"author":[{"embeddable":true,"href":"https:\/\/alzira.es\/es\/wp-json\/wp\/v2\/users\/29"}],"replies":[{"embeddable":true,"href":"https:\/\/alzira.es\/es\/wp-json\/wp\/v2\/comments?post=2226"}],"version-history":[{"count":2,"href":"https:\/\/alzira.es\/es\/wp-json\/wp\/v2\/pages\/2226\/revisions"}],"predecessor-version":[{"id":85122,"href":"https:\/\/alzira.es\/es\/wp-json\/wp\/v2\/pages\/2226\/revisions\/85122"}],"up":[{"embeddable":true,"href":"https:\/\/alzira.es\/es\/wp-json\/wp\/v2\/pages\/84774"}],"wp:attachment":[{"href":"https:\/\/alzira.es\/es\/wp-json\/wp\/v2\/media?parent=2226"}],"curies":[{"name":"wp","href":"https:\/\/api.w.org\/{rel}","templated":true}]}}