{"id":2192,"date":"2009-05-04T15:18:01","date_gmt":"2009-05-04T13:18:01","guid":{"rendered":"https:\/\/alzira.es\/bonificaciones-fiscales\/"},"modified":"2022-01-14T14:17:37","modified_gmt":"2022-01-14T13:17:37","slug":"bonificaciones-fiscales-cas-no","status":"publish","type":"page","link":"https:\/\/alzira.es\/es\/servicios-municipales\/economia-y-recaudacion\/gestion-tributaria-cas-no\/bonificaciones-fiscales-cas-no\/","title":{"rendered":"Bonificaciones fiscales-cas-no"},"content":{"rendered":"<div style=\"text-align: left;\" align=\"left\"><a href=\"#IBI\" target=\"_blank\" rel=\"noopener\"><strong>IBI<\/strong><\/a><\/div>\n<div style=\"text-align: left;\" align=\"left\"><a href=\"#Vehiculos\" target=\"_blank\" rel=\"noopener\"><strong>Veh\u00edculos<\/strong><\/a><\/div>\n<div style=\"text-align: left;\" align=\"left\"><a href=\"#Plusvalia\" target=\"_blank\" rel=\"noopener\"><strong>Plusval\u00eda<\/strong><\/a><\/div>\n<div style=\"text-align: left;\" align=\"left\"><a href=\"#Vados\"><strong>Vados<\/strong><\/a><\/div>\n<div style=\"text-align: center;\" align=\"center\">\n<hr align=\"center\" size=\"2\" width=\"100%\">\n<\/div>\n<p><a name=\"IBI\"><\/a><strong><span style=\"color: black;\">IBI<\/span><\/strong><\/p>\n<p><span style=\"color: black;\">Viviendas de protecci\u00f3n oficial<\/span><\/p>\n<p><span style=\"color: black;\">Bonificaci\u00f3n: 50% los 5 primeros a\u00f1os<\/span><\/p>\n<p><span style=\"color: black;\">Solicitud, por el constructor o promotor, en el ejercicio anterior a la concesi\u00f3n de la bonificaci\u00f3n a partir de la qualifici\u00f3n definitiva<\/span><\/p>\n<p><span style=\"color: black;\">Inmuebles que constituyan el objeto de la actividad de empresas de urbanizaci\u00f3n, construcci\u00f3n y promoci\u00f3n inmobiliaria<\/span><\/p>\n<p><span style=\"color: black;\">Bonificaci\u00f3n: 90% desde el per\u00edodo siguiente al de la iniciaci\u00f3n de las obras hasta el posterior a su finalizaci\u00f3n, con un m\u00e1ximo de 3 a\u00f1os<\/span><\/p>\n<p><span style=\"color: black;\">Solicitud: antes del inicio de las obras<\/span><\/p>\n<p><span style=\"color: black;\">Vivienda habitual de familias numerosas<\/span><\/p>\n<p><span style=\"color: black;\">Cuota \u00edntegra (\u20ac) Bonificaci\u00f3n:<\/span><\/p>\n<p><span style=\"color: black;\">Inferior a 683,10 90%<\/span><\/p>\n<p><span style=\"color: black;\">Desde 683,11 hasta 909,70 50%<\/span><\/p>\n<p><span style=\"color: black;\">Desde 909,71 hasta 1.139,60 25%<\/span><\/p>\n<p><span style=\"color: black;\">M\u00e1s de 1.139,61 10%<\/span><\/p>\n<p><span style=\"color: black;\">Solicitud: del 1 de enero al \u00faltimo d\u00eda del per\u00edodo de cobro en voluntaria<\/span><\/p>\n<p><span style=\"color: black;\">Bonificaci\u00f3n: 5% para recibos domiciliados al menos con 15 d\u00edas de antelaci\u00f3n al inicio al per\u00edodo de cobros <\/span><\/p>\n<p><span style=\"color: black;\">Bonificaci\u00f3n: 25% para bienes inmuebles destinados a viviendas, en los que se instalen sistemas para el aprovechamiento t\u00e9rmico o el\u00e9ctrico de la energ\u00eda proveniente del sol, durante los dos per\u00edodos impositivos siguientes a la instalaci\u00f3n<br \/>\n<\/span><\/p>\n<p><span style=\"color: black;\">Solicitud: tres meses posteriores a la instalaci\u00f3n<\/span><\/p>\n<p><span style=\"color: black;\">Bonificaci\u00f3n: titulares catastrales que desarrollen en los inmuebles actividades econ\u00f3micas que hayan incrementado el promedio anual de su plantilla de trabajadores con contrato indefinido durante el ejercicio 2014<\/span><\/p>\n<p><span style=\"color: black;\">Incremento de hasta un 5%: bonificaci\u00f3n del 10%<\/span><\/p>\n<p><span style=\"color: black;\">Incremento de m\u00e1s del 10% y hasta el 15%: bonificaci\u00f3n del 30%<\/span><\/p>\n<p><span style=\"color: black;\">Incremento de m\u00e1s del 15% y hasta el 50%: bonificaci\u00f3n del 40%<\/span><\/p>\n<p><span style=\"color: black;\">Incremento de m\u00e1s del 50%: bonificaci\u00f3n del 50%<\/span><\/p>\n<p><a name=\"Vehiculos\"><\/a><strong><span style=\"color: black;\">Veh\u00edculos<\/span><\/strong><\/p>\n<table style=\"border-collapse: collapse;\" border=\"1\" cellspacing=\"0\" cellpadding=\"0\">\n<tbody>\n<tr style=\"height: 22.7pt;\">\n<td style=\"border: 1pt solid windowtext; padding: 0cm 5.4pt; height: 22.7pt;\">\n<p style=\"text-align: center;\" align=\"center\"><strong>IVTM<\/strong><\/p>\n<\/td>\n<td style=\"border-width: 1pt 1pt 1pt medium; border-style: solid solid solid none; border-color: windowtext windowtext windowtext -moz-use-text-color; padding: 0cm 5.4pt; height: 22.7pt;\">\n<p style=\"text-align: center;\" align=\"center\"><strong>Exenci\u00f3n<\/strong><\/p>\n<\/td>\n<td style=\"border-width: 1pt 1pt 1pt medium; border-style: solid solid solid none; border-color: windowtext windowtext windowtext -moz-use-text-color; padding: 0cm 5.4pt; height: 22.7pt;\">\n<p style=\"text-align: center;\" align=\"center\"><strong>Bonificaci\u00f3n<\/strong><\/p>\n<\/td>\n<td style=\"border-width: 1pt 1pt 1pt medium; border-style: solid solid solid none; border-color: windowtext windowtext windowtext -moz-use-text-color; padding: 0cm 5.4pt; height: 22.7pt;\">\n<p style=\"text-align: center;\" align=\"center\"><strong>Solicitud<\/strong><\/p>\n<\/td>\n<\/tr>\n<tr style=\"height: 22.7pt;\">\n<td style=\"border-right: 1pt solid windowtext; border-width: medium 1pt 1pt; border-style: none solid solid; border-color: -moz-use-text-color windowtext windowtext; padding: 0cm 5.4pt; height: 22.7pt;\">\n<p style=\"text-align: center;\" align=\"center\">Uso exclusivo veh\u00edculo titular discapacitado<\/p>\n<\/td>\n<td style=\"border-width: medium 1pt 1pt medium; border-style: none solid solid none; border-color: -moz-use-text-color windowtext windowtext -moz-use-text-color; padding: 0cm 5.4pt; height: 22.7pt;\">\n<p style=\"text-align: center;\" align=\"center\">100%<\/p>\n<\/td>\n<td style=\"border-width: medium 1pt 1pt medium; border-style: none solid solid none; border-color: -moz-use-text-color windowtext windowtext -moz-use-text-color; padding: 0cm 5.4pt; height: 22.7pt;\">\n<p style=\"text-align: center;\" align=\"center\">&#8211;<\/p>\n<\/td>\n<td style=\"border-width: medium 1pt 1pt medium; border-style: none solid solid none; border-color: -moz-use-text-color windowtext windowtext -moz-use-text-color; padding: 0cm 5.4pt; height: 22.7pt;\">\n<p style=\"text-align: center;\" align=\"center\">A\u00f1o anterior<\/p>\n<\/td>\n<\/tr>\n<tr style=\"height: 22.7pt;\">\n<td style=\"border-right: 1pt solid windowtext; border-width: medium 1pt 1pt; border-style: none solid solid; border-color: -moz-use-text-color windowtext windowtext; padding: 0cm 5.4pt; height: 22.7pt;\">\n<p style=\"text-align: center;\" align=\"center\">Veh\u00edculo agr\u00edcola<\/p>\n<\/td>\n<td style=\"border-width: medium 1pt 1pt medium; border-style: none solid solid none; border-color: -moz-use-text-color windowtext windowtext -moz-use-text-color; padding: 0cm 5.4pt; height: 22.7pt;\">\n<p style=\"text-align: center;\" align=\"center\">100%<\/p>\n<\/td>\n<td style=\"border-width: medium 1pt 1pt medium; border-style: none solid solid none; border-color: -moz-use-text-color windowtext windowtext -moz-use-text-color; padding: 0cm 5.4pt; height: 22.7pt;\">\n<p style=\"text-align: center;\" align=\"center\">&#8211;<\/p>\n<\/td>\n<td style=\"border-width: medium 1pt 1pt medium; border-style: none solid solid none; border-color: -moz-use-text-color windowtext windowtext -moz-use-text-color; padding: 0cm 5.4pt; height: 22.7pt;\">\n<p style=\"text-align: center;\" align=\"center\">A\u00f1o anterior<\/p>\n<\/td>\n<\/tr>\n<tr style=\"height: 22.7pt;\">\n<td style=\"border-right: 1pt solid windowtext; border-width: medium 1pt 1pt; border-style: none solid solid; border-color: -moz-use-text-color windowtext windowtext; padding: 0cm 5.4pt; height: 22.7pt;\">\n<p style=\"text-align: center;\" align=\"center\">Veh\u00edculo hist\u00f3rico + 25 a\u00f1os<\/p>\n<\/td>\n<td style=\"border-width: medium 1pt 1pt medium; border-style: none solid solid none; border-color: -moz-use-text-color windowtext windowtext -moz-use-text-color; padding: 0cm 5.4pt; height: 22.7pt;\">\n<p style=\"text-align: center;\" align=\"center\">&#8211;<\/p>\n<\/td>\n<td style=\"border-width: medium 1pt 1pt medium; border-style: none solid solid none; border-color: -moz-use-text-color windowtext windowtext -moz-use-text-color; padding: 0cm 5.4pt; height: 22.7pt;\">\n<p style=\"text-align: center;\" align=\"center\">50%<\/p>\n<\/td>\n<td style=\"border-width: medium 1pt 1pt medium; border-style: none solid solid none; border-color: -moz-use-text-color windowtext windowtext -moz-use-text-color; padding: 0cm 5.4pt; height: 22.7pt;\">\n<p style=\"text-align: center;\" align=\"center\">A\u00f1o anterior<\/p>\n<\/td>\n<\/tr>\n<tr style=\"height: 22.7pt;\">\n<td style=\"border-right: 1pt solid windowtext; border-width: medium 1pt 1pt; border-style: none solid solid; border-color: -moz-use-text-color windowtext windowtext; padding: 0cm 5.4pt; height: 22.7pt;\">\n<p style=\"text-align: center;\" align=\"center\">Veh\u00edculo hist\u00f3rico + 50 a\u00f1os<\/p>\n<\/td>\n<td style=\"border-width: medium 1pt 1pt medium; border-style: none solid solid none; border-color: -moz-use-text-color windowtext windowtext -moz-use-text-color; padding: 0cm 5.4pt; height: 22.7pt;\">\n<p style=\"text-align: center;\" align=\"center\">&#8211;<\/p>\n<\/td>\n<td style=\"border-width: medium 1pt 1pt medium; border-style: none solid solid none; border-color: -moz-use-text-color windowtext windowtext -moz-use-text-color; padding: 0cm 5.4pt; height: 22.7pt;\">\n<p style=\"text-align: center;\" align=\"center\">100%<\/p>\n<\/td>\n<td style=\"border-width: medium 1pt 1pt medium; border-style: none solid solid none; border-color: -moz-use-text-color windowtext windowtext -moz-use-text-color; padding: 0cm 5.4pt; height: 22.7pt;\">\n<p style=\"text-align: center;\" align=\"center\">A\u00f1o anterior<\/p>\n<\/td>\n<\/tr>\n<tr style=\"height: 22.7pt;\">\n<td style=\"border-right: 1pt solid windowtext; border-width: medium 1pt 1pt; border-style: none solid solid; border-color: -moz-use-text-color windowtext windowtext; padding: 0cm 5.4pt; height: 22.7pt;\">\n<p style=\"text-align: center;\" align=\"center\">Motor el\u00e9ctrico \/ biocombustible reciclado<\/p>\n<\/td>\n<td style=\"border-width: medium 1pt 1pt medium; border-style: none solid solid none; border-color: -moz-use-text-color windowtext windowtext -moz-use-text-color; padding: 0cm 5.4pt; height: 22.7pt;\">\n<p style=\"text-align: center;\" align=\"center\">&#8211;<\/p>\n<\/td>\n<td style=\"border-width: medium 1pt 1pt medium; border-style: none solid solid none; border-color: -moz-use-text-color windowtext windowtext -moz-use-text-color; padding: 0cm 5.4pt; height: 22.7pt;\">\n<p style=\"text-align: center;\" align=\"center\">75%<\/p>\n<\/td>\n<td style=\"border-width: medium 1pt 1pt medium; border-style: none solid solid none; border-color: -moz-use-text-color windowtext windowtext -moz-use-text-color; padding: 0cm 5.4pt; height: 22.7pt;\">\n<p style=\"text-align: center;\" align=\"center\">A\u00f1o anterior<\/p>\n<\/td>\n<\/tr>\n<tr style=\"height: 22.7pt;\">\n<td style=\"border-right: 1pt solid windowtext; border-width: medium 1pt 1pt; border-style: none solid solid; border-color: -moz-use-text-color windowtext windowtext; padding: 0cm 5.4pt; height: 22.7pt;\">\n<p style=\"text-align: center;\" align=\"center\">H\u00edbridos<\/p>\n<\/td>\n<td style=\"border-width: medium 1pt 1pt medium; border-style: none solid solid none; border-color: -moz-use-text-color windowtext windowtext -moz-use-text-color; padding: 0cm 5.4pt; height: 22.7pt;\">\n<p style=\"text-align: center;\" align=\"center\">&#8211;<\/p>\n<\/td>\n<td style=\"border-width: medium 1pt 1pt medium; border-style: none solid solid none; border-color: -moz-use-text-color windowtext windowtext -moz-use-text-color; padding: 0cm 5.4pt; height: 22.7pt;\">\n<p style=\"text-align: center;\" align=\"center\">50%<\/p>\n<\/td>\n<td style=\"border-width: medium 1pt 1pt medium; border-style: none solid solid none; border-color: -moz-use-text-color windowtext windowtext -moz-use-text-color; padding: 0cm 5.4pt; height: 22.7pt;\">\n<p style=\"text-align: center;\" align=\"center\">A\u00f1o anterior<\/p>\n<\/td>\n<\/tr>\n<tr style=\"height: 22.7pt;\">\n<td style=\"border-right: 1pt solid windowtext; border-width: medium 1pt 1pt; border-style: none solid solid; border-color: -moz-use-text-color windowtext windowtext; padding: 0cm 5.4pt; height: 22.7pt;\">\n<p style=\"text-align: center;\" align=\"center\">Biocombustible no reciclado<\/p>\n<\/td>\n<td style=\"border-width: medium 1pt 1pt medium; border-style: none solid solid none; border-color: -moz-use-text-color windowtext windowtext -moz-use-text-color; padding: 0cm 5.4pt; height: 22.7pt;\">\n<p style=\"text-align: center;\" align=\"center\">&#8211;<\/p>\n<\/td>\n<td style=\"border-width: medium 1pt 1pt medium; border-style: none solid solid none; border-color: -moz-use-text-color windowtext windowtext -moz-use-text-color; padding: 0cm 5.4pt; height: 22.7pt;\">\n<p style=\"text-align: center;\" align=\"center\">30%<\/p>\n<\/td>\n<td style=\"border-width: medium 1pt 1pt medium; border-style: none solid solid none; border-color: -moz-use-text-color windowtext windowtext -moz-use-text-color; padding: 0cm 5.4pt; height: 22.7pt;\">\n<p style=\"text-align: center;\" align=\"center\">A\u00f1o anterior<\/p>\n<\/td>\n<\/tr>\n<\/tbody>\n<\/table>\n<p><a name=\"Plusvalia\"><\/a><strong><span style=\"color: black;\">Plusval\u00eda<\/span><\/strong><\/p>\n<table style=\"border-collapse: collapse;\" border=\"1\" cellspacing=\"0\" cellpadding=\"0\">\n<tbody>\n<tr style=\"height: 22.7pt;\">\n<td style=\"border: 1pt solid windowtext; padding: 0cm 5.4pt; height: 22.7pt;\">\n<p style=\"text-align: center;\" align=\"center\"><strong>Plusval\u00eda<\/strong><\/p>\n<\/td>\n<td style=\"border-width: 1pt 1pt 1pt medium; border-style: solid solid solid none; border-color: windowtext windowtext windowtext -moz-use-text-color; padding: 0cm 5.4pt; height: 22.7pt;\">\n<p style=\"text-align: center;\" align=\"center\"><strong>Bonificaci\u00f3n<\/strong><\/p>\n<\/td>\n<td style=\"border-width: 1pt 1pt 1pt medium; border-style: solid solid solid none; border-color: windowtext windowtext windowtext -moz-use-text-color; padding: 0cm 5.4pt; height: 22.7pt;\">\n<p style=\"text-align: center;\" align=\"center\"><strong>Solicitud<\/strong><\/p>\n<\/td>\n<\/tr>\n<tr style=\"height: 22.7pt;\">\n<td style=\"border-right: 1pt solid windowtext; border-width: medium 1pt 1pt; border-style: none solid solid; border-color: -moz-use-text-color windowtext windowtext; padding: 0cm 5.4pt; height: 22.7pt;\">\n<p style=\"text-align: center;\" align=\"center\">Herencias<\/p>\n<\/td>\n<td style=\"border-width: medium 1pt 1pt medium; border-style: none solid solid none; border-color: -moz-use-text-color windowtext windowtext -moz-use-text-color; padding: 0cm 5.4pt; height: 22.7pt;\">\n<p style=\"text-align: center;\" align=\"center\">50%<\/p>\n<\/td>\n<td style=\"border-width: medium 1pt 1pt medium; border-style: none solid solid none; border-color: -moz-use-text-color windowtext windowtext -moz-use-text-color; padding: 0cm 5.4pt; height: 22.7pt;\">\n<p style=\"text-align: center;\" align=\"center\">Aplicaci\u00f3n autom\u00e1tica liquidaci\u00f3n<\/p>\n<\/td>\n<\/tr>\n<tr style=\"height: 22.7pt;\">\n<td style=\"border-right: 1pt solid windowtext; border-width: medium 1pt 1pt; border-style: none solid solid; border-color: -moz-use-text-color windowtext windowtext; padding: 0cm 5.4pt; height: 22.7pt;\">\n<p style=\"text-align: center;\" align=\"center\">Fusiones y escisiones empresas<\/p>\n<\/td>\n<td style=\"border-width: medium 1pt 1pt medium; border-style: none solid solid none; border-color: -moz-use-text-color windowtext windowtext -moz-use-text-color; padding: 0cm 5.4pt; height: 22.7pt;\">\n<p style=\"text-align: center;\" align=\"center\">99%<\/p>\n<\/td>\n<td style=\"border-width: medium 1pt 1pt medium; border-style: none solid solid none; border-color: -moz-use-text-color windowtext windowtext -moz-use-text-color; padding: 0cm 5.4pt; height: 22.7pt;\">\n<p style=\"text-align: center;\" align=\"center\">Aplicaci\u00f3n autom\u00e1tica liquidaci\u00f3n<\/p>\n<\/td>\n<\/tr>\n<\/tbody>\n<\/table>\n<p><a name=\"Vados\"><\/a><strong>Vados<\/strong><\/p>\n<table style=\"border-collapse: collapse;\" border=\"1\" cellspacing=\"0\" cellpadding=\"0\">\n<tbody>\n<tr style=\"height: 22.7pt;\">\n<td style=\"border: 1pt solid windowtext; padding: 0cm 5.4pt; height: 22.7pt;\">\n<p style=\"text-align: center;\" align=\"center\"><strong>Vados<\/strong><\/p>\n<\/td>\n<td style=\"border-width: 1pt 1pt 1pt medium; border-style: solid solid solid none; border-color: windowtext windowtext windowtext -moz-use-text-color; padding: 0cm 5.4pt; height: 22.7pt;\">\n<p style=\"text-align: center;\" align=\"center\"><strong>Bonificaci\u00f3n<\/strong><\/p>\n<\/td>\n<td style=\"border-width: 1pt 1pt 1pt medium; border-style: solid solid solid none; border-color: windowtext windowtext windowtext -moz-use-text-color; padding: 0cm 5.4pt; height: 22.7pt;\">\n<p style=\"text-align: center;\" align=\"center\"><strong>Solicitud<\/strong><\/p>\n<\/td>\n<\/tr>\n<tr style=\"height: 22.7pt;\">\n<td style=\"border-right: 1pt solid windowtext; border-width: medium 1pt 1pt; border-style: none solid solid; border-color: -moz-use-text-color windowtext windowtext; padding: 0cm 5.4pt; height: 22.7pt;\">\n<p style=\"text-align: center;\" align=\"center\">Personas movilidad reducida<\/p>\n<p style=\"text-align: center;\" align=\"center\">silla ruedas<\/p>\n<\/td>\n<td style=\"border-width: medium 1pt 1pt medium; border-style: none solid solid none; border-color: -moz-use-text-color windowtext windowtext -moz-use-text-color; padding: 0cm 5.4pt; height: 22.7pt;\">\n<p style=\"text-align: center;\" align=\"center\">50%<\/p>\n<\/td>\n<td style=\"border-width: medium 1pt 1pt medium; border-style: none solid solid none; border-color: -moz-use-text-color windowtext windowtext -moz-use-text-color; padding: 0cm 5.4pt; height: 22.7pt;\">\n<p style=\"text-align: center;\" align=\"center\">A\u00f1o anterior<\/p>\n<\/td>\n<\/tr>\n<\/tbody>\n<\/table>\n","protected":false},"excerpt":{"rendered":"<p>IBI Veh\u00edculos Plusval\u00eda Vados IBI Viviendas de protecci\u00f3n oficial Bonificaci\u00f3n: 50% los 5 primeros a\u00f1os Solicitud, por el constructor o promotor, en el ejercicio anterior a la concesi\u00f3n de la bonificaci\u00f3n a partir de la qualifici\u00f3n definitiva Inmuebles que constituyan el objeto de la actividad de empresas de urbanizaci\u00f3n, construcci\u00f3n y promoci\u00f3n inmobiliaria Bonificaci\u00f3n: 90% &hellip; <\/p>\n<p class=\"link-more\"><a href=\"https:\/\/alzira.es\/es\/servicios-municipales\/economia-y-recaudacion\/gestion-tributaria-cas-no\/bonificaciones-fiscales-cas-no\/\" class=\"more-link\">Continuar leyendo<span class=\"screen-reader-text\"> \u00abBonificaciones fiscales-cas-no\u00bb<\/span><\/a><\/p>\n","protected":false},"author":12,"featured_media":0,"parent":8082,"menu_order":49,"comment_status":"closed","ping_status":"closed","template":"","meta":{"_acf_changed":false,"footnotes":""},"class_list":["post-2192","page","type-page","status-publish","hentry"],"acf":[],"_links":{"self":[{"href":"https:\/\/alzira.es\/es\/wp-json\/wp\/v2\/pages\/2192","targetHints":{"allow":["GET"]}}],"collection":[{"href":"https:\/\/alzira.es\/es\/wp-json\/wp\/v2\/pages"}],"about":[{"href":"https:\/\/alzira.es\/es\/wp-json\/wp\/v2\/types\/page"}],"author":[{"embeddable":true,"href":"https:\/\/alzira.es\/es\/wp-json\/wp\/v2\/users\/12"}],"replies":[{"embeddable":true,"href":"https:\/\/alzira.es\/es\/wp-json\/wp\/v2\/comments?post=2192"}],"version-history":[{"count":2,"href":"https:\/\/alzira.es\/es\/wp-json\/wp\/v2\/pages\/2192\/revisions"}],"predecessor-version":[{"id":110962,"href":"https:\/\/alzira.es\/es\/wp-json\/wp\/v2\/pages\/2192\/revisions\/110962"}],"up":[{"embeddable":true,"href":"https:\/\/alzira.es\/es\/wp-json\/wp\/v2\/pages\/8082"}],"wp:attachment":[{"href":"https:\/\/alzira.es\/es\/wp-json\/wp\/v2\/media?parent=2192"}],"curies":[{"name":"wp","href":"https:\/\/api.w.org\/{rel}","templated":true}]}}