{"id":20418,"date":"2016-10-11T09:58:16","date_gmt":"2016-10-11T07:58:16","guid":{"rendered":"https:\/\/alzira.es\/escoles-esportives\/"},"modified":"2021-09-02T01:20:13","modified_gmt":"2021-09-01T23:20:13","slug":"escoles-esportives","status":"publish","type":"page","link":"https:\/\/alzira.es\/es\/servicios-municipales\/deportes\/serme\/escoles-esportives\/","title":{"rendered":"Escuelas Deportivas"},"content":{"rendered":"<div style=\"text-align: center;\"><img fetchpriority=\"high\" decoding=\"async\" class=\" size-full wp-image-18571\" title=\"Escoles Esportives\" src=\"https:\/\/alzira.es\/wp-content\/uploads\/2016\/10\/escoles_esportives_titol.png\" alt=\"escoles esportives titol\" width=\"775\" height=\"101\" srcset=\"https:\/\/alzira.es\/wp-content\/uploads\/2016\/10\/escoles_esportives_titol.png 1421w, https:\/\/alzira.es\/wp-content\/uploads\/2016\/10\/escoles_esportives_titol-680x89.png 680w, https:\/\/alzira.es\/wp-content\/uploads\/2016\/10\/escoles_esportives_titol-768x100.png 768w\" sizes=\"(max-width: 706px) 89vw, (max-width: 767px) 82vw, 740px\" \/><\/div>\n<div style=\"text-align: center;\">&nbsp;<\/div>\n<div style=\"text-align: center;\">&nbsp;<\/div>\n<div style=\"text-align: center;\">Las Escuelas Deportivas programadas van dirigidas para los ni\u00f1os y ni\u00f1as de nuestra poblaci\u00f3n.<\/div>\n<div style=\"text-align: center;\">&nbsp;<\/div>\n<div style=\"text-align: center;\">Son actividades deportivas de iniciaci\u00f3n que intentan ampliar sus calidades motrices huyendo de una especializaci\u00f3n temprana y ofreciendo unas actividades polideportivas y recreativas de acuerdo con las necesidades del alumnado.<\/div>\n<div style=\"text-align: center;\">&nbsp;<\/div>\n<div style=\"text-align: center;\">Inscripciones desde septiembre en las entidades deportivas.<\/div>\n<div style=\"text-align: center;\">&nbsp;<\/div>\n<div style=\"text-align: center;\"><span style=\"font-size: 14.4px; line-height: 1.6;\">M\u00e1s informaci\u00f3n: C\/ Rambla, s\/n<\/span><\/div>\n<div style=\"text-align: center;\">&nbsp;<\/div>\n<div style=\"text-align: center;\"><span style=\"color: #ff0000;\"><strong>962 459 250<\/strong><\/span><\/div>\n<div style=\"text-align: center;\">&nbsp;<\/div>\n<div style=\"text-align: center;\"><strong><a href=\"mailto:esports@alzira.es\">esports@alzira.es<\/a><\/strong><\/div>\n<div style=\"text-align: center;\">&nbsp;&nbsp;<\/div>\n<div style=\"text-align: center;\">\n<hr>\n<\/div>\n<div style=\"text-align: center;\"><a class=\"jcepopup\" href=\"https:\/\/alzira.es\/wp-content\/uploads\/2016\/10\/escoles_esportives_fitxa.pdf\" target=\"_blank\" rel=\"noopener\"><img decoding=\"async\" width=\"450\" height=\"590\" class=\"size-full wp-image-20412 lazyload\" data-src=\"https:\/\/alzira.es\/wp-content\/uploads\/2016\/10\/escoles_esportives_fitxa.png\" alt=\"escoles esportives fitxa\" data-srcset=\"https:\/\/alzira.es\/wp-content\/uploads\/2016\/10\/escoles_esportives_fitxa.png 450w, https:\/\/alzira.es\/wp-content\/uploads\/2016\/10\/escoles_esportives_fitxa-389x510.png 389w\" data-sizes=\"(max-width: 450px) 100vw, 450px\" src=\"data:image\/svg+xml;base64,PHN2ZyB3aWR0aD0iMSIgaGVpZ2h0PSIxIiB4bWxucz0iaHR0cDovL3d3dy53My5vcmcvMjAwMC9zdmciPjwvc3ZnPg==\" style=\"--smush-placeholder-width: 450px; --smush-placeholder-aspect-ratio: 450\/590;\" \/><\/a>&nbsp;<a class=\"jcepopup\" href=\"https:\/\/alzira.es\/wp-content\/uploads\/2016\/10\/escoles_esportives_fullet.pdf\" target=\"_blank\" rel=\"noopener\"><img decoding=\"async\" width=\"467\" height=\"590\" class=\"size-full wp-image-20416 lazyload\" data-src=\"https:\/\/alzira.es\/wp-content\/uploads\/2016\/10\/escoles_esportives_fullet.png\" alt=\"escoles esportives fullet\" data-srcset=\"https:\/\/alzira.es\/wp-content\/uploads\/2016\/10\/escoles_esportives_fullet.png 467w, https:\/\/alzira.es\/wp-content\/uploads\/2016\/10\/escoles_esportives_fullet-404x510.png 404w\" data-sizes=\"(max-width: 467px) 100vw, 467px\" src=\"data:image\/svg+xml;base64,PHN2ZyB3aWR0aD0iMSIgaGVpZ2h0PSIxIiB4bWxucz0iaHR0cDovL3d3dy53My5vcmcvMjAwMC9zdmciPjwvc3ZnPg==\" style=\"--smush-placeholder-width: 467px; --smush-placeholder-aspect-ratio: 467\/590;\" \/><\/a><\/div>\n","protected":false},"excerpt":{"rendered":"<p>&nbsp; &nbsp; Las Escuelas Deportivas programadas van dirigidas para los ni\u00f1os y ni\u00f1as de nuestra poblaci\u00f3n. &nbsp; Son actividades deportivas de iniciaci\u00f3n que intentan ampliar sus calidades motrices huyendo de una especializaci\u00f3n temprana y ofreciendo unas actividades polideportivas y recreativas de acuerdo con las necesidades del alumnado. &nbsp; Inscripciones desde septiembre en las entidades deportivas. &hellip; <\/p>\n<p class=\"link-more\"><a href=\"https:\/\/alzira.es\/es\/servicios-municipales\/deportes\/serme\/escoles-esportives\/\" class=\"more-link\">Continuar leyendo<span class=\"screen-reader-text\"> \u00abEscuelas Deportivas\u00bb<\/span><\/a><\/p>\n","protected":false},"author":29,"featured_media":18571,"parent":88815,"menu_order":7,"comment_status":"closed","ping_status":"closed","template":"","meta":{"_acf_changed":false,"footnotes":""},"class_list":["post-20418","page","type-page","status-publish","has-post-thumbnail","hentry"],"acf":[],"_links":{"self":[{"href":"https:\/\/alzira.es\/es\/wp-json\/wp\/v2\/pages\/20418","targetHints":{"allow":["GET"]}}],"collection":[{"href":"https:\/\/alzira.es\/es\/wp-json\/wp\/v2\/pages"}],"about":[{"href":"https:\/\/alzira.es\/es\/wp-json\/wp\/v2\/types\/page"}],"author":[{"embeddable":true,"href":"https:\/\/alzira.es\/es\/wp-json\/wp\/v2\/users\/29"}],"replies":[{"embeddable":true,"href":"https:\/\/alzira.es\/es\/wp-json\/wp\/v2\/comments?post=20418"}],"version-history":[{"count":1,"href":"https:\/\/alzira.es\/es\/wp-json\/wp\/v2\/pages\/20418\/revisions"}],"predecessor-version":[{"id":88819,"href":"https:\/\/alzira.es\/es\/wp-json\/wp\/v2\/pages\/20418\/revisions\/88819"}],"up":[{"embeddable":true,"href":"https:\/\/alzira.es\/es\/wp-json\/wp\/v2\/pages\/88815"}],"wp:featuredmedia":[{"embeddable":true,"href":"https:\/\/alzira.es\/es\/wp-json\/wp\/v2\/media\/18571"}],"wp:attachment":[{"href":"https:\/\/alzira.es\/es\/wp-json\/wp\/v2\/media?parent=20418"}],"curies":[{"name":"wp","href":"https:\/\/api.w.org\/{rel}","templated":true}]}}