{"id":19892,"date":"2016-12-20T09:57:22","date_gmt":"2016-12-20T08:57:22","guid":{"rendered":"https:\/\/alzira.es\/qui-som\/"},"modified":"2021-09-21T19:43:19","modified_gmt":"2021-09-21T17:43:19","slug":"quienes-somos-la-clau","status":"publish","type":"page","link":"https:\/\/alzira.es\/es\/servicios-municipales\/la-clau\/quienes-somos-la-clau\/","title":{"rendered":"\u00bfQuien somos?"},"content":{"rendered":"<div style=\"text-align: justify;\"><img decoding=\"async\" class=\"alignright size-full wp-image-19886 lazyload\" style=\"--smush-placeholder-width: 185px; --smush-placeholder-aspect-ratio: 185\/186;font-size: 14.4px; line-height: 23.04px; text-align: justify; float: right;\" title=\"La Clau\" data-src=\"https:\/\/alzira.es\/wp-content\/uploads\/2016\/12\/CLAU_obrim.png\" alt=\"CLAU obrim\" width=\"185\" height=\"186\" data-srcset=\"https:\/\/alzira.es\/wp-content\/uploads\/2016\/12\/CLAU_obrim.png 270w, https:\/\/alzira.es\/wp-content\/uploads\/2016\/12\/CLAU_obrim-100x100.png 100w\" data-sizes=\"(max-width: 185px) 100vw, 185px\" src=\"data:image\/svg+xml;base64,PHN2ZyB3aWR0aD0iMSIgaGVpZ2h0PSIxIiB4bWxucz0iaHR0cDovL3d3dy53My5vcmcvMjAwMC9zdmciPjwvc3ZnPg==\" \/><\/div>\n<div style=\"text-align: justify;\">Estimado vecino \/ vecina:<\/div>\n<div>&nbsp;<\/div>\n<div>El objetivo de <strong>La Clau<\/strong> es informar y atender la ciudadan\u00eda de forma eficiente y con calidad y facilitar su relaci\u00f3n con el Ayuntamiento.<\/div>\n<div>&nbsp;<\/div>\n<div>Mediante la simplificaci\u00f3n de los tr\u00e1mites y la reducci\u00f3n de papel y copias conseguimos un ahorro de tiempo sin desplazamientos innecesarios.<\/div>\n<div>&nbsp;<\/div>\n<div>Desde una misma mesa se pueden hacer todos los tr\u00e1mites administrativos sin deber dirigirse a cada departamento municipal.<\/div>\n<div>&nbsp;<\/div>\n<div style=\"text-align: center;\">&nbsp;<\/div>\n<div style=\"text-align: center;\"><strong>Inmaculada Onrubia<\/strong><\/div>\n<div style=\"text-align: center;\">Concejala de Modernizaci\u00f3n<\/div>\n<div style=\"text-align: center;\">y Participaci\u00f3n Ciudadana<\/div>\n<div style=\"text-align: right;\"><a class=\"jcepopup\" title=\"Qui som?\" href=\"https:\/\/alzira.es\/wp-content\/uploads\/2016\/12\/CLAU_qui_som.png\" target=\"_blank\" rel=\"noopener\"><img decoding=\"async\" width=\"185\" height=\"185\" class=\"size-full wp-image-19890 lazyload\" style=\"--smush-placeholder-width: 185px; --smush-placeholder-aspect-ratio: 185\/185;font-size: 14.4px; line-height: 23.04px; text-align: justify; display: block; margin-left: auto; margin-right: auto;\" title=\"La Clau\" data-src=\"https:\/\/alzira.es\/wp-content\/uploads\/2016\/12\/CLAU_qui_som_1.png\" alt=\"CLAU qui som 1\" data-srcset=\"https:\/\/alzira.es\/wp-content\/uploads\/2016\/12\/CLAU_qui_som_1.png 185w, https:\/\/alzira.es\/wp-content\/uploads\/2016\/12\/CLAU_qui_som_1-100x100.png 100w\" data-sizes=\"(max-width: 185px) 100vw, 185px\" src=\"data:image\/svg+xml;base64,PHN2ZyB3aWR0aD0iMSIgaGVpZ2h0PSIxIiB4bWxucz0iaHR0cDovL3d3dy53My5vcmcvMjAwMC9zdmciPjwvc3ZnPg==\" \/><\/a><\/div>\n<p>&nbsp;<\/p>\n","protected":false},"excerpt":{"rendered":"<p>Estimado vecino \/ vecina: &nbsp; El objetivo de La Clau es informar y atender la ciudadan\u00eda de forma eficiente y con calidad y facilitar su relaci\u00f3n con el Ayuntamiento. &nbsp; Mediante la simplificaci\u00f3n de los tr\u00e1mites y la reducci\u00f3n de papel y copias conseguimos un ahorro de tiempo sin desplazamientos innecesarios. &nbsp; Desde una misma &hellip; <\/p>\n<p class=\"link-more\"><a href=\"https:\/\/alzira.es\/es\/servicios-municipales\/la-clau\/quienes-somos-la-clau\/\" class=\"more-link\">Continuar leyendo<span class=\"screen-reader-text\"> \u00ab\u00bfQuien somos?\u00bb<\/span><\/a><\/p>\n","protected":false},"author":29,"featured_media":0,"parent":86254,"menu_order":11,"comment_status":"closed","ping_status":"closed","template":"","meta":{"_acf_changed":false,"footnotes":""},"class_list":["post-19892","page","type-page","status-publish","hentry"],"acf":[],"_links":{"self":[{"href":"https:\/\/alzira.es\/es\/wp-json\/wp\/v2\/pages\/19892","targetHints":{"allow":["GET"]}}],"collection":[{"href":"https:\/\/alzira.es\/es\/wp-json\/wp\/v2\/pages"}],"about":[{"href":"https:\/\/alzira.es\/es\/wp-json\/wp\/v2\/types\/page"}],"author":[{"embeddable":true,"href":"https:\/\/alzira.es\/es\/wp-json\/wp\/v2\/users\/29"}],"replies":[{"embeddable":true,"href":"https:\/\/alzira.es\/es\/wp-json\/wp\/v2\/comments?post=19892"}],"version-history":[{"count":1,"href":"https:\/\/alzira.es\/es\/wp-json\/wp\/v2\/pages\/19892\/revisions"}],"predecessor-version":[{"id":91986,"href":"https:\/\/alzira.es\/es\/wp-json\/wp\/v2\/pages\/19892\/revisions\/91986"}],"up":[{"embeddable":true,"href":"https:\/\/alzira.es\/es\/wp-json\/wp\/v2\/pages\/86254"}],"wp:attachment":[{"href":"https:\/\/alzira.es\/es\/wp-json\/wp\/v2\/media?parent=19892"}],"curies":[{"name":"wp","href":"https:\/\/api.w.org\/{rel}","templated":true}]}}