{"id":1880,"date":"2009-03-25T14:34:47","date_gmt":"2009-03-25T13:34:47","guid":{"rendered":"https:\/\/alzira.es\/presupuestos\/"},"modified":"2022-01-14T14:56:10","modified_gmt":"2022-01-14T13:56:10","slug":"presupuestos-cas-no","status":"publish","type":"page","link":"https:\/\/alzira.es\/es\/servicios-municipales\/economia-y-recaudacion\/intervencion-cas-no\/presupuestos-cas-no\/","title":{"rendered":"Presupuestos-cas-no"},"content":{"rendered":"<p style=\"text-align: justify;\">El presupuesto municipal es la expresi\u00f3n cifrada, conjunta y sistem\u00e1tica de las obligaciones que, como m\u00e1ximo, puede reconocer el Ayuntamiento de Alzira y los derechos que prevea liquidar, as\u00ed como las previsiones de ingresos y gastos de las sociedades mercantiles Alzira R\u00e0dio, S.A. e Instalaciones Deportivas Alzira, S.A. de capital \u00edntegramente municipal.<\/p>\n<div style=\"text-align: justify;\"><a href=\"#Ambito_temporal\"><strong>\u00c1mbito temporal<\/strong><\/a><\/div>\n<div style=\"text-align: justify;\"><a href=\"#Contenido_del_presupuesto_general\"><strong>Contenido del presupuesto general<\/strong><\/a><\/div>\n<div style=\"text-align: justify;\"><a href=\"#Contenido_de_los_presupuestos_integrantes\"><strong>Contenido de los presupuestos integrantes<\/strong><\/a><\/div>\n<div style=\"text-align: justify;\"><a href=\"#Anexos\"><strong>Anexos<\/strong><\/a><\/div>\n<div style=\"text-align: justify;\"><a href=\"#Elaboracion_y_aprobacion_inicial\"><strong>Elaboraci\u00f3n y aprobaci\u00f3n inicial<\/strong><\/a><\/div>\n<div style=\"text-align: justify;\"><a href=\"#Publicidad\"><strong>Publicidad<\/strong><\/a><\/div>\n<div style=\"text-align: justify;\"><a href=\"#Aprobacion_definitiva\"><strong>Aprobaci\u00f3n definitiva<\/strong><\/a><\/div>\n<div style=\"text-align: justify;\"><a href=\"#Entrada_en_vigor\"><strong>Entrada en vigor<\/strong><\/a><\/div>\n<div style=\"text-align: justify;\"><\/div>\n<div style=\"text-align: justify;\">\n<hr>\n<\/div>\n<div style=\"text-align: justify;\"><\/div>\n<div style=\"text-align: justify;\"><a name=\"Ambito_temporal\"><\/a><strong>\u00c1mbito temporal<\/strong><\/div>\n<div style=\"text-align: justify;\">El ejercicio presupuestario coincidir\u00e1 con el a\u00f1o natural y a \u00e9l se imputar\u00e1n:<\/div>\n<div>a) Los derechos liquidados en el ejercicio, cualquiera que sea el per\u00edodo de que deriven; y<\/div>\n<div>b) Las obligaciones reconocidas durante el ejercicio<\/div>\n<div><strong><a name=\"Contenido_del_presupuesto_general\"><\/a>Contenido del presupuesto general<br \/>\n<\/strong><\/div>\n<div style=\"text-align: justify;\">El Ayuntamiento de Alzira elaborar\u00e1 y aprobar\u00e1 anualmente un presupuesto general en el que se integrar\u00e1n:<\/div>\n<p>a) El presupuesto de la propia entidad.<br \/>\n<span style=\"text-align: justify; font-size: 1rem;\">c) Los estados de previsi\u00f3n de gastos e ingresos de las sociedades mercantiles Alzira R\u00e0dio, S.A. e Instalaciones Deportivas Alzira, S.A.<\/span><\/p>\n<div style=\"text-align: justify;\"><\/div>\n<div style=\"text-align: justify;\"><a name=\"Contenido_de_los_presupuestos_integrantes\"><\/a><strong>Contenido de los presupuestos integrantes<\/strong><\/div>\n<div style=\"text-align: justify;\">El presupuesto general atender\u00e1 al cumplimiento del principio de estabilidad en los t\u00e9rminos previstos en la Ley 18\/2001, General de Estabilidad Presupuestaria, y contendr\u00e1 para cada uno de los presupuestos que en \u00e9l se integren:<\/div>\n<div>a) Los estados de gastos, en los que se incluir\u00e1n, con la debida especificaci\u00f3n, los cr\u00e9ditos necesarios para atender al cumplimiento de las obligaciones.<\/div>\n<p>b) Los estados de ingresos, en los que figurar\u00e1n las estimaciones de los distintos recursos econ\u00f3micos a liquidar durante el ejercicio.<\/p>\n<div style=\"text-align: justify;\">Asimismo, incluir\u00e1 las bases de ejecuci\u00f3n, que contendr\u00e1n la adaptaci\u00f3n de las disposiciones generales en materia presupuestaria a la organizaci\u00f3n y circunstancias del Ayuntamiento de Alzira, as\u00ed como aquellas otras necesarias para su acertada gesti\u00f3n, estableciendo cuantas prevenciones se consideren oportunas o convenientes para la mejor realizaci\u00f3n de los gastos y recaudaci\u00f3n de los recursos, sin que puedan modificar lo legislado para la administraci\u00f3n econ\u00f3mica ni comprender preceptos de orden administrativo que requieran legalmente procedimiento y solemnidades espec\u00edficas distintas de lo previsto para el presupuesto.<\/div>\n<div style=\"text-align: justify;\">Los recursos del Ayuntamiento de Alzira y las sociedades mercantiles Alzira R\u00e0dio, S.A. e Instalaciones Deportivas Alzira, S.A. se destinar\u00e1n a satisfacer el conjunto de sus respectivas obligaciones, salvo en el caso de ingresos espec\u00edficos afectados a fines determinados.<\/div>\n<p style=\"text-align: justify;\">Los derechos liquidados y las obligaciones reconocidas se aplicar\u00e1n a los presupuestos por su importe \u00edntegro. Queda prohibido atender obligaciones mediante minoraci\u00f3n de los derechos a liquidar o ya ingresados, salvo que la ley lo autorice de modo expreso. Se except\u00faan de lo anterior las devoluciones de ingresos que se declaren indebidos por tribunal o autoridad competentes.<\/p>\n<p style=\"text-align: justify;\">Cada uno de los presupuestos que se integran en el presupuesto general deber\u00e1 aprobarse sin d\u00e9ficit inicial.<\/p>\n<div style=\"text-align: justify;\"><a name=\"Anexos\"><\/a><strong>Anexos<\/strong><\/div>\n<div style=\"text-align: justify;\">Al presupuesto general se unir\u00e1n como anexos:<\/div>\n<div><\/div>\n<div style=\"text-align: justify;\">\n<p>a) Los planes y programas de inversi\u00f3n y financiaci\u00f3n que, para un plazo de cuatro a\u00f1os, podr\u00e1 formular el Ayuntamiento de Alzira.<br \/>\nb) Los programas anuales de actuaci\u00f3n, inversiones y financiaci\u00f3n de las sociedades mercantiles Alzira R\u00e0dio, S.A., Instalaciones Deportivas Alzira, S.A. y Gestora del Suelo Alzira, S.A.<br \/>\nc) El estado de consolidaci\u00f3n del presupuesto del Ayuntamiento de Alzira con el de todos los presupuestos y estados de previsi\u00f3n de sus sociedades mercantiles.<br \/>\nd) El estado de previsi\u00f3n de movimientos y situaci\u00f3n de la deuda comprensiva del detalle de operaciones de cr\u00e9dito o de endeudamiento pendientes de reembolso al principio del ejercicio, de las nuevas operaciones previstas a realizar a lo largo del ejercicio y del volumen de endeudamiento al cierre del ejercicio econ\u00f3mico, con distinci\u00f3n de operaciones a corto plazo, operaciones a largo plazo, de recurrencia al mercado de capitales y realizadas en divisas o similares, as\u00ed como de las amortizaciones que se prev\u00e9n realizar durante el mismo ejercicio.<\/p>\n<\/div>\n<div style=\"text-align: justify;\"><\/div>\n<div>El plan de inversiones que deber\u00e1 coordinarse, en su caso, con el programa de actuaci\u00f3n y planes de etapas de planeamiento urban\u00edstico, se completar\u00e1 con el programa financiero, que contendr\u00e1:<\/div>\n<div><\/div>\n<div style=\"text-align: justify;\">\n<p>a) La inversi\u00f3n prevista a realizar en cada uno de los cuatro ejercicios.<br \/>\nb) Los ingresos por subvenciones, contribuciones especiales, cargas de urbanizaci\u00f3n, recursos patrimoniales y otros ingresos de capital que se prevean obtener en dichos ejercicios, as\u00ed como una proyecci\u00f3n del resto de los ingresos previstos en el citado per\u00edodo.<br \/>\nc) Las operaciones de cr\u00e9dito que resulten necesarias para completar la financiaci\u00f3n, con indicaci\u00f3n de los costes que vayan a generar.<br \/>\n<span style=\"font-size: 1rem;\">De los planes y programas de inversi\u00f3n y financiaci\u00f3n se dar\u00e1 cuenta, en su caso, al Pleno de la Corporaci\u00f3n coincidiendo con la aprobaci\u00f3n del presupuesto. Deber\u00e1 ser objeto de revisi\u00f3n anual, a\u00f1adiendo un nuevo ejercicio a sus previsiones.<\/span><\/p>\n<\/div>\n<div style=\"text-align: justify;\"><\/div>\n<p><a name=\"Elaboracion_y_aprobacion_inicial\"><\/a><strong>Elaboraci\u00f3n y aprobaci\u00f3n inicial<\/strong><\/p>\n<div>El presupuesto del Ayuntamiento de Alzira ser\u00e1 formado por la alcaldesa y a \u00e9l habr\u00e1 de unirse la siguiente documentaci\u00f3n:<\/div>\n<div>a) Memoria explicativa de su contenido y de las principales modificaciones que presente en relaci\u00f3n con el vigente.<\/div>\n<div>b) Liquidaci\u00f3n del presupuesto del ejercicio anterior y avance de la del corriente, referida, al menos, a seis meses del ejercicio corriente.<\/div>\n<div>c) Anexo de personal.<\/div>\n<div>d) Anexo de las inversiones a realizar en el ejercicio.<\/div>\n<div>e) Un informe econ\u00f3mico-financiero, en el que se expongan las bases utilizadas para la evaluaci\u00f3n de los ingresos y de las operaciones de cr\u00e9dito previstas, la suficiencia de los cr\u00e9ditos para atender el cumplimiento de las obligaciones exigibles y los gastos de funcionamiento de los servicios y, en consecuencia, la efectiva nivelaci\u00f3n del presupuesto.<\/div>\n<div>Las sociedades mercantiles Alzira R\u00e0dio, S.A., Instalaciones Deportivas Alzira, S.A. y Gestora del Suelo Alzira, S.A. remitir\u00e1n, antes del d\u00eda 15 de septiembre, sus previsiones de gastos e ingresos, as\u00ed como los programas anuales de actuaci\u00f3n, inversiones y financiaci\u00f3n para el ejercicio siguiente.<\/div>\n<div>Sobre la base de los presupuestos y estados de previsi\u00f3n, la alcaldesa formar\u00e1 el presupuesto general y lo remitir\u00e1, informado por la Intervenci\u00f3n y con los anexos y documentaci\u00f3n complementaria, al Pleno de la corporaci\u00f3n antes del d\u00eda 15 de octubre para su aprobaci\u00f3n, enmienda o devoluci\u00f3n.<\/div>\n<div>El acuerdo de aprobaci\u00f3n, que ser\u00e1 \u00fanico, habr\u00e1 de detallar los presupuestos que integran el presupuesto general. Ninguno de ellos podr\u00e1 aprobarse de forma separada.<\/div>\n<div><\/div>\n<div><\/div>\n<div><\/div>\n<div><a name=\"Publicidad\"><\/a><strong>Publicidad<\/strong><\/div>\n<div>Aprobado inicialmente el presupuesto general, se expondr\u00e1 al p\u00fablico, previo anuncio en el bolet\u00edn oficial de la provincia, por 15 d\u00edas, durante los cuales las personas interesadas podr\u00e1n examinarlos y presentar reclamaciones ante el Pleno. El presupuesto se considerar\u00e1 definitivamente aprobado si durante el citado plazo no se hubiesen presentado reclamaciones; en caso contrario, el Pleno dispondr\u00e1 de un plazo de un mes para resolverlas.<\/div>\n<div><\/div>\n<div><\/div>\n<div><\/div>\n<div><a name=\"Aprobacion_definitiva\"><\/a><strong>Aprobaci\u00f3n definitiva<\/strong><\/div>\n<div>La aprobaci\u00f3n definitiva del presupuesto general por el Pleno de la corporaci\u00f3n habr\u00e1 de realizarse antes del d\u00eda 31 de diciembre del a\u00f1o anterior al del ejercicio en que deba aplicarse.<\/div>\n<div>El presupuesto general, definitivamente aprobado, ser\u00e1 insertado en el bolet\u00edn oficial de la corporaci\u00f3n y, resumido por cap\u00edtulos de cada uno de los presupuestos que lo integran, en el de la provincia.<\/div>\n<div><\/div>\n<div><\/div>\n<div><\/div>\n<div style=\"text-align: justify;\"><a name=\"Entrada_en_vigor\"><\/a><strong>Entrada en vigor<\/strong><\/div>\n<div style=\"text-align: justify;\">El presupuesto entrar\u00e1 en vigor, en el ejercicio correspondiente, una vez publicado en la forma prevista en el bolet\u00edn oficial de la provincia.<\/div>\n<div style=\"text-align: justify;\">Si al iniciarse el ejercicio econ\u00f3mico no hubiese entrado en vigor el presupuesto correspondiente, se considerar\u00e1 autom\u00e1ticamente prorrogado el del anterior, con sus cr\u00e9ditos iniciales, sin perjuicio de las modificaciones que se realicen y hasta la entrada en vigor del nuevo presupuesto.<\/div>\n","protected":false},"excerpt":{"rendered":"<p>El presupuesto municipal es la expresi\u00f3n cifrada, conjunta y sistem\u00e1tica de las obligaciones que, como m\u00e1ximo, puede reconocer el Ayuntamiento de Alzira y los derechos que prevea liquidar, as\u00ed como las previsiones de ingresos y gastos de las sociedades mercantiles Alzira R\u00e0dio, S.A. e Instalaciones Deportivas Alzira, S.A. de capital \u00edntegramente municipal. \u00c1mbito temporal Contenido &hellip; <\/p>\n<p class=\"link-more\"><a href=\"https:\/\/alzira.es\/es\/servicios-municipales\/economia-y-recaudacion\/intervencion-cas-no\/presupuestos-cas-no\/\" class=\"more-link\">Continuar leyendo<span class=\"screen-reader-text\"> \u00abPresupuestos-cas-no\u00bb<\/span><\/a><\/p>\n","protected":false},"author":12,"featured_media":0,"parent":2236,"menu_order":57,"comment_status":"closed","ping_status":"closed","template":"","meta":{"_acf_changed":false,"footnotes":""},"class_list":["post-1880","page","type-page","status-publish","hentry"],"acf":[],"_links":{"self":[{"href":"https:\/\/alzira.es\/es\/wp-json\/wp\/v2\/pages\/1880","targetHints":{"allow":["GET"]}}],"collection":[{"href":"https:\/\/alzira.es\/es\/wp-json\/wp\/v2\/pages"}],"about":[{"href":"https:\/\/alzira.es\/es\/wp-json\/wp\/v2\/types\/page"}],"author":[{"embeddable":true,"href":"https:\/\/alzira.es\/es\/wp-json\/wp\/v2\/users\/12"}],"replies":[{"embeddable":true,"href":"https:\/\/alzira.es\/es\/wp-json\/wp\/v2\/comments?post=1880"}],"version-history":[{"count":3,"href":"https:\/\/alzira.es\/es\/wp-json\/wp\/v2\/pages\/1880\/revisions"}],"predecessor-version":[{"id":111032,"href":"https:\/\/alzira.es\/es\/wp-json\/wp\/v2\/pages\/1880\/revisions\/111032"}],"up":[{"embeddable":true,"href":"https:\/\/alzira.es\/es\/wp-json\/wp\/v2\/pages\/2236"}],"wp:attachment":[{"href":"https:\/\/alzira.es\/es\/wp-json\/wp\/v2\/media?parent=1880"}],"curies":[{"name":"wp","href":"https:\/\/api.w.org\/{rel}","templated":true}]}}