{"id":17611,"date":"2016-07-06T10:37:50","date_gmt":"2016-07-06T08:37:50","guid":{"rendered":"https:\/\/alzira.es\/bases-que-regularan-todas-las-subvenciones\/"},"modified":"2021-08-30T17:19:29","modified_gmt":"2021-08-30T15:19:29","slug":"bases-que-regularan-todas-las-subvenciones","status":"publish","type":"page","link":"https:\/\/alzira.es\/es\/servicios-municipales\/participacion-ciudadana\/bases-que-regularan-todas-las-subvenciones\/","title":{"rendered":"Bases que regular\u00e1n todas las subvenciones de la Generalitat Valenciana"},"content":{"rendered":"<div style=\"text-align: justify;\">La regidor\u00eda de Participaci\u00f3n Ciudadana informa sobre la publicaci\u00f3n de l&#8217;Ordre 4\/2016, de 3 de junio de 2016, por la que se establecen las bases que regular\u00e1n todas las subvenciones para el fomento de la participaci\u00f3n local ciudadana, la transparencia y el acceso a la informaci\u00f3n, que convoque la Consejer\u00eda de Transparencia, Responsabilidad Social, Participaci\u00f3n y Cooperaci\u00f3n.<\/div>\n<div style=\"text-align: justify;\"><\/div>\n<div style=\"text-align: justify;\">Pueden acceder al texto a trav\u00e9s del siguiente enlace:<\/div>\n<div style=\"text-align: justify;\"><\/div>\n<div style=\"text-align: center;\"><strong><a title=\"Bases que regular\u00e1n todas las subvenciones para el fomento de la participaci\u00f3n local ciudadana, la transparencia y el acceso a la informaci\u00f3n, que convoque la Consejer\u00eda de Transparencia, Responsabilidad Social, Participaci\u00f3n y Cooperaci\u00f3n.\" href=\"http:\/\/www.docv.gva.es\/datos\/2016\/06\/06\/pdf\/2016_4113.pdf\" target=\"_blank\" rel=\"noopener\">http:\/\/www.docv.gva.es\/datos\/2016\/06\/06\/pdf\/2016_4113.pdf<\/a><\/strong><\/div>\n<div style=\"text-align: justify;\"><\/div>\n<div style=\"text-align: justify;\">La orden anteriormente mencionada es una disposici\u00f3n de car\u00e1cter general, con car\u00e1cter de permanencia en el tiempo, que establece las l\u00edneas principales de actuaci\u00f3n en materia de subvenciones en el \u00e1mbito de la participaci\u00f3n ciudadana y la transparencia en la actividad p\u00fablica, y que servir\u00e1n de base a las diferentes convocatorias de ayudas que se publicar\u00e1n anualmente.<\/div>\n<div style=\"text-align: justify;\"><\/div>\n<div style=\"text-align: justify;\">Los destinatarios de las subvenciones ser\u00e1n las entidades locales, las entidades ciudadanas (asociaciones, fundaciones y sus federaciones y confederaciones), los centros valencianos en el exterior y las casas regionales y sus federaciones y confederaciones, de otras comunidades en la Comunitat Valenciana.<\/div>\n<div style=\"text-align: justify;\"><\/div>\n<div style=\"text-align: justify;\">Las cuatro convocatorias de subvenciones (una para cada tipo de entidades beneficiarias) \u00a0previstas para 2016, se publicar\u00e1n en el Diari Oficial de la Comunitat Valenciana, aproximadamente en la primera\/segunda semana de julio, una vez completada su tramitaci\u00f3n administrativa. El plazo de presentaci\u00f3n de solicitudes ser\u00e1 de 15 d\u00edas h\u00e1biles desde el d\u00eda siguiente a la fecha de la publicaci\u00f3n de las convocatorias.<\/div>\n<div style=\"text-align: justify;\"><\/div>\n<div style=\"text-align: justify;\">Para cualquier consulta sobre este asunto pueden ponerse en contacto a trav\u00e9s de la siguiente direcci\u00f3n de correo electr\u00f3nico:<\/div>\n<div style=\"text-align: justify;\"><\/div>\n<div style=\"text-align: center;\"><a title=\"Para cualquier consulta sobre este asunto pueden ponerse en contacto a trav\u00e9s de la siguiente direcci\u00f3n de correo electr\u00f3nico\" href=\"mailto:servicioparticipacion@gva.es\"><strong>servicioparticipacion@gva.es<\/strong><\/a><\/div>\n<div style=\"text-align: justify;\"><\/div>\n<div style=\"text-align: justify;\">Un cordial saludo<\/div>\n","protected":false},"excerpt":{"rendered":"<p>La regidor\u00eda de Participaci\u00f3n Ciudadana informa sobre la publicaci\u00f3n de l&#8217;Ordre 4\/2016, de 3 de junio de 2016, por la que se establecen las bases que regular\u00e1n todas las subvenciones para el fomento de la participaci\u00f3n local ciudadana, la transparencia y el acceso a la informaci\u00f3n, que convoque la Consejer\u00eda de Transparencia, Responsabilidad Social, Participaci\u00f3n &hellip; <\/p>\n<p class=\"link-more\"><a href=\"https:\/\/alzira.es\/es\/servicios-municipales\/participacion-ciudadana\/bases-que-regularan-todas-las-subvenciones\/\" class=\"more-link\">Continuar leyendo<span class=\"screen-reader-text\"> \u00abBases que regular\u00e1n todas las subvenciones de la Generalitat Valenciana\u00bb<\/span><\/a><\/p>\n","protected":false},"author":29,"featured_media":0,"parent":12504,"menu_order":2,"comment_status":"closed","ping_status":"closed","template":"","meta":{"_acf_changed":false,"footnotes":""},"class_list":["post-17611","page","type-page","status-publish","hentry"],"acf":[],"_links":{"self":[{"href":"https:\/\/alzira.es\/es\/wp-json\/wp\/v2\/pages\/17611","targetHints":{"allow":["GET"]}}],"collection":[{"href":"https:\/\/alzira.es\/es\/wp-json\/wp\/v2\/pages"}],"about":[{"href":"https:\/\/alzira.es\/es\/wp-json\/wp\/v2\/types\/page"}],"author":[{"embeddable":true,"href":"https:\/\/alzira.es\/es\/wp-json\/wp\/v2\/users\/29"}],"replies":[{"embeddable":true,"href":"https:\/\/alzira.es\/es\/wp-json\/wp\/v2\/comments?post=17611"}],"version-history":[{"count":1,"href":"https:\/\/alzira.es\/es\/wp-json\/wp\/v2\/pages\/17611\/revisions"}],"predecessor-version":[{"id":86569,"href":"https:\/\/alzira.es\/es\/wp-json\/wp\/v2\/pages\/17611\/revisions\/86569"}],"up":[{"embeddable":true,"href":"https:\/\/alzira.es\/es\/wp-json\/wp\/v2\/pages\/12504"}],"wp:attachment":[{"href":"https:\/\/alzira.es\/es\/wp-json\/wp\/v2\/media?parent=17611"}],"curies":[{"name":"wp","href":"https:\/\/api.w.org\/{rel}","templated":true}]}}