{"id":172302,"date":"2026-05-11T12:08:28","date_gmt":"2026-05-11T10:08:28","guid":{"rendered":"https:\/\/alzira.es\/?page_id=172302"},"modified":"2026-05-11T12:23:33","modified_gmt":"2026-05-11T10:23:33","slug":"convocatoria-16-2026-provision-temporal-mejora-de-empleo-1-puesto-vacante-de-tecnico-a-de-gestion-a2-de-contratacion","status":"publish","type":"page","link":"https:\/\/alzira.es\/es\/servicios-municipales\/recursos-humanos\/empleo-temporal\/convocatoria-16-2026-provision-temporal-mejora-de-empleo-1-puesto-vacante-de-tecnico-a-de-gestion-a2-de-contratacion\/","title":{"rendered":"CONVOCATORIA 16\/2026 &#8211; PROVISI\u00d3N TEMPORAL MEJORA DE EMPLEO 1 PUESTO VACANTE DE T\u00c9CNICO\/A DE GESTI\u00d3N A2 DE CONTRATACI\u00d3N"},"content":{"rendered":"\n<p><\/p>\n\n\n<p><span style=\"color: #993300;\"><strong><span style=\"color: #000000;\">Fecha entrevista:<\/span> <span style=\"color: #800000;\">Fecha de presentaci\u00f3n de solicitudes del 12 al 18 de mayo de 2026.<\/span><\/strong><\/span><\/p>\n<p><strong>DOCUMENTOS DEL EXPEDIENTE:<\/strong><\/p>\n\n\n<div class=\"wp-block-columns is-layout-flex wp-container-core-columns-is-layout-9d6595d7 wp-block-columns-is-layout-flex\">\n<div class=\"wp-block-column is-layout-flow wp-block-column-is-layout-flow\" style=\"flex-basis:100%\">\n<div class=\"wp-block-group\"><div class=\"wp-block-group__inner-container is-layout-flow wp-block-group-is-layout-flow\">\n<div class=\"wp-block-columns is-layout-flex wp-container-core-columns-is-layout-9d6595d7 wp-block-columns-is-layout-flex\">\n<div class=\"wp-block-column is-layout-flow wp-block-column-is-layout-flow\" style=\"flex-basis:100%\">\n<figure class=\"wp-block-table is-style-stripes\"><table><tbody><tr><td><strong>Nombre Fichero<\/strong><\/td><td class=\"has-text-align-center\" data-align=\"center\"><strong>Fecha Publicaci\u00f3n<\/strong><\/td><\/tr><tr><td><\/td><td class=\"has-text-align-center\" data-align=\"center\"><\/td><\/tr><tr><td><a href=\"https:\/\/alzira.es\/wp-content\/uploads\/2026\/05\/01-Acord-JGL-Bases-especifiques-Tecnic-a-Gestio-A2-Contractacio.pdf\" target=\"_blank\" rel=\"noreferrer noopener\">Decreto aprobaci\u00f3n bases concurso provisi\u00f3n 1 puesto TAG A2 FP-O<\/a><\/td><td class=\"has-text-align-center\" data-align=\"center\">11\/05\/2026<\/td><\/tr><tr><td><a href=\"https:\/\/alzira.es\/wp-content\/uploads\/2026\/05\/Autobaremacio-Tecnic-a-Contractacio-A2.xlsx\" target=\"_blank\" rel=\"noreferrer noopener\">Autobaremaci\u00f3n<\/a><\/td><td class=\"has-text-align-center\" data-align=\"center\">11\/05\/2026<\/td><\/tr><tr><td><\/td><td class=\"has-text-align-center\" data-align=\"center\"><\/td><\/tr><\/tbody><\/table><\/figure>\n<\/div>\n<\/div>\n<\/div><\/div>\n<\/div>\n<\/div>\n\n\n\n<p><\/p>\n","protected":false},"excerpt":{"rendered":"<p>Fecha entrevista: Fecha de presentaci\u00f3n de solicitudes del 12 al 18 de mayo de 2026. DOCUMENTOS DEL EXPEDIENTE: Nombre Fichero Fecha Publicaci\u00f3n Decreto aprobaci\u00f3n bases concurso provisi\u00f3n 1 puesto TAG A2 FP-O 11\/05\/2026 Autobaremaci\u00f3n 11\/05\/2026<\/p>\n","protected":false},"author":156,"featured_media":0,"parent":105760,"menu_order":0,"comment_status":"closed","ping_status":"closed","template":"","meta":{"_acf_changed":false,"footnotes":""},"class_list":["post-172302","page","type-page","status-publish","hentry"],"acf":[],"_links":{"self":[{"href":"https:\/\/alzira.es\/es\/wp-json\/wp\/v2\/pages\/172302","targetHints":{"allow":["GET"]}}],"collection":[{"href":"https:\/\/alzira.es\/es\/wp-json\/wp\/v2\/pages"}],"about":[{"href":"https:\/\/alzira.es\/es\/wp-json\/wp\/v2\/types\/page"}],"author":[{"embeddable":true,"href":"https:\/\/alzira.es\/es\/wp-json\/wp\/v2\/users\/156"}],"replies":[{"embeddable":true,"href":"https:\/\/alzira.es\/es\/wp-json\/wp\/v2\/comments?post=172302"}],"version-history":[{"count":0,"href":"https:\/\/alzira.es\/es\/wp-json\/wp\/v2\/pages\/172302\/revisions"}],"up":[{"embeddable":true,"href":"https:\/\/alzira.es\/es\/wp-json\/wp\/v2\/pages\/105760"}],"wp:attachment":[{"href":"https:\/\/alzira.es\/es\/wp-json\/wp\/v2\/media?parent=172302"}],"curies":[{"name":"wp","href":"https:\/\/api.w.org\/{rel}","templated":true}]}}