{"id":172301,"date":"2026-05-11T12:04:40","date_gmt":"2026-05-11T10:04:40","guid":{"rendered":"https:\/\/alzira.es\/?page_id=172301"},"modified":"2026-05-11T12:34:43","modified_gmt":"2026-05-11T10:34:43","slug":"convocatoria-16-2026-provisio-temporal-millora-docupacio-1-lloc-tecnic-a-de-gestio-a2-de-contractacio","status":"publish","type":"page","link":"https:\/\/alzira.es\/es\/serveis-municipals\/recursos-humans\/ocupacio-temporal\/convocatoria-16-2026-provisio-temporal-millora-docupacio-1-lloc-tecnic-a-de-gestio-a2-de-contractacio\/","title":{"rendered":"CONVOCAT\u00d2RIA 16\/2026 &#8211; PROVISI\u00d3 TEMPORAL MILLORA D&#8217;OCUPACI\u00d3 1 LLOC T\u00c8CNIC\/A DE GESTI\u00d3 A2 DE CONTRACTACI\u00d3"},"content":{"rendered":"\n<p><\/p>\n\n\n<p><strong><span style=\"color: #ff0000;\">Presentaci\u00f3 de sol\u00b7licituds del 12 al 18 de maig de 2026.<\/span><\/strong><\/p>\n<p><strong>DADES DE L&#8217;EXPEDIENT:<\/strong><\/p>\n\n\n<div class=\"wp-block-columns is-layout-flex wp-container-core-columns-is-layout-9d6595d7 wp-block-columns-is-layout-flex\">\n<div class=\"wp-block-column is-layout-flow wp-block-column-is-layout-flow\" style=\"flex-basis:100%\">\n<div class=\"wp-block-group\"><div class=\"wp-block-group__inner-container is-layout-flow wp-block-group-is-layout-flow\">\n<div class=\"wp-block-columns is-layout-flex wp-container-core-columns-is-layout-9d6595d7 wp-block-columns-is-layout-flex\">\n<div class=\"wp-block-column is-layout-flow wp-block-column-is-layout-flow\" style=\"flex-basis:100%\">\n<figure class=\"wp-block-table is-style-stripes\"><table><tbody><tr><td><strong>Nom Fitxer<\/strong><\/td><td class=\"has-text-align-center\" data-align=\"center\"><strong>Data Publicaci\u00f3<\/strong><\/td><\/tr><tr><td><\/td><td class=\"has-text-align-center\" data-align=\"center\"><\/td><\/tr><tr><td><a href=\"https:\/\/alzira.es\/wp-content\/uploads\/2026\/05\/01-Acord-JGL-Bases-especifiques-Tecnic-a-Gestio-A2-Contractacio.pdf\" target=\"_blank\" rel=\"noreferrer noopener\">Decret aprovaci\u00f3 bases concurs provisi\u00f3 lloc TAG A2 FP-O<\/a><\/td><td class=\"has-text-align-center\" data-align=\"center\">11\/05\/2026<\/td><\/tr><tr><td><a href=\"https:\/\/alzira.es\/wp-content\/uploads\/2026\/05\/Autobaremacio-Tecnic-a-Contractacio-A2.xlsx\" target=\"_blank\" rel=\"noreferrer noopener\">Autobaremaci\u00f3<\/a><\/td><td class=\"has-text-align-center\" data-align=\"center\">11\/05\/2026<\/td><\/tr><\/tbody><\/table><\/figure>\n<\/div>\n<\/div>\n<\/div><\/div>\n<\/div>\n<\/div>\n\n\n\n<p><\/p>\n","protected":false},"excerpt":{"rendered":"<p>Presentaci\u00f3 de sol\u00b7licituds del 12 al 18 de maig de 2026. DADES DE L&#8217;EXPEDIENT: Nom Fitxer Data Publicaci\u00f3 Decret aprovaci\u00f3 bases concurs provisi\u00f3 lloc TAG A2 FP-O 11\/05\/2026 Autobaremaci\u00f3 11\/05\/2026<\/p>\n","protected":false},"author":156,"featured_media":0,"parent":105775,"menu_order":0,"comment_status":"closed","ping_status":"closed","template":"","meta":{"_acf_changed":false,"footnotes":""},"class_list":["post-172301","page","type-page","status-publish","hentry"],"acf":[],"_links":{"self":[{"href":"https:\/\/alzira.es\/es\/wp-json\/wp\/v2\/pages\/172301","targetHints":{"allow":["GET"]}}],"collection":[{"href":"https:\/\/alzira.es\/es\/wp-json\/wp\/v2\/pages"}],"about":[{"href":"https:\/\/alzira.es\/es\/wp-json\/wp\/v2\/types\/page"}],"author":[{"embeddable":true,"href":"https:\/\/alzira.es\/es\/wp-json\/wp\/v2\/users\/156"}],"replies":[{"embeddable":true,"href":"https:\/\/alzira.es\/es\/wp-json\/wp\/v2\/comments?post=172301"}],"version-history":[{"count":0,"href":"https:\/\/alzira.es\/es\/wp-json\/wp\/v2\/pages\/172301\/revisions"}],"up":[{"embeddable":true,"href":"https:\/\/alzira.es\/es\/wp-json\/wp\/v2\/pages\/105775"}],"wp:attachment":[{"href":"https:\/\/alzira.es\/es\/wp-json\/wp\/v2\/media?parent=172301"}],"curies":[{"name":"wp","href":"https:\/\/api.w.org\/{rel}","templated":true}]}}