{"id":171983,"date":"2026-05-07T14:42:56","date_gmt":"2026-05-07T12:42:56","guid":{"rendered":"https:\/\/alzira.es\/?page_id=171983"},"modified":"2026-05-07T14:43:06","modified_gmt":"2026-05-07T12:43:06","slug":"convocatoria-10-2026-bolsa-de-trabajo-por-el-sistema-de-concurso-oposicion-de-personal-tecnico-a-medio-de-gestion-subgrupo-a2","status":"publish","type":"page","link":"https:\/\/alzira.es\/es\/servicios-municipales\/recursos-humanos\/empleo-temporal\/convocatoria-10-2026-bolsa-de-trabajo-por-el-sistema-de-concurso-oposicion-de-personal-tecnico-a-medio-de-gestion-subgrupo-a2\/","title":{"rendered":"CONVOCATORIA 10\/2026 \u2013 BOLSA DE TRABAJO por el sistema de concurso oposici\u00f3n de personal T\u00e9cnico\/a Medio de gesti\u00f3n, subgrupo A2."},"content":{"rendered":"\n<p><\/p>\n\n\n<p><strong>DOCUMENTOS DEL EXPEDIENTE:<\/strong><\/p>\n\n\n<p><\/p>\n\n\n\n<figure class=\"wp-block-table\"><table><tbody><tr><td><strong>Nombre&nbsp; Fichero<\/strong><\/td><td><strong>Fecha Publicaci\u00f3n<\/strong><\/td><\/tr><tr><td>Certificado JGL bases bolsa de trabajo de personal T\u00e9cnico\/a Medio de gesti\u00f3n, subgrupo A2<\/td><td><\/td><\/tr><tr><td>Hoja de autobaremaci\u00f3n<\/td><td><\/td><\/tr><tr><td>Anuncio BOPV Bases de personal T\u00e9cnico\/a Medio de gesti\u00f3n, subgrupo A2<\/td><td><\/td><\/tr><tr><td>Lista provisional de admitidos y excluidos<\/td><td><\/td><\/tr><tr><td><\/td><td><\/td><\/tr><tr><td><\/td><td><\/td><\/tr><tr><td><\/td><td><\/td><\/tr><tr><td><\/td><td><\/td><\/tr><tr><td><\/td><td><\/td><\/tr><tr><td><\/td><td><\/td><\/tr><\/tbody><\/table><\/figure>\n\n\n\n<p><\/p>\n","protected":false},"excerpt":{"rendered":"<p>DOCUMENTOS DEL EXPEDIENTE: Nombre&nbsp; Fichero Fecha Publicaci\u00f3n Certificado JGL bases bolsa de trabajo de personal T\u00e9cnico\/a Medio de gesti\u00f3n, subgrupo A2 Hoja de autobaremaci\u00f3n Anuncio BOPV Bases de personal T\u00e9cnico\/a Medio de gesti\u00f3n, subgrupo A2 Lista provisional de admitidos y excluidos<\/p>\n","protected":false},"author":156,"featured_media":0,"parent":105760,"menu_order":0,"comment_status":"closed","ping_status":"closed","template":"","meta":{"_acf_changed":false,"footnotes":""},"class_list":["post-171983","page","type-page","status-publish","hentry"],"acf":[],"_links":{"self":[{"href":"https:\/\/alzira.es\/es\/wp-json\/wp\/v2\/pages\/171983","targetHints":{"allow":["GET"]}}],"collection":[{"href":"https:\/\/alzira.es\/es\/wp-json\/wp\/v2\/pages"}],"about":[{"href":"https:\/\/alzira.es\/es\/wp-json\/wp\/v2\/types\/page"}],"author":[{"embeddable":true,"href":"https:\/\/alzira.es\/es\/wp-json\/wp\/v2\/users\/156"}],"replies":[{"embeddable":true,"href":"https:\/\/alzira.es\/es\/wp-json\/wp\/v2\/comments?post=171983"}],"version-history":[{"count":1,"href":"https:\/\/alzira.es\/es\/wp-json\/wp\/v2\/pages\/171983\/revisions"}],"predecessor-version":[{"id":171985,"href":"https:\/\/alzira.es\/es\/wp-json\/wp\/v2\/pages\/171983\/revisions\/171985"}],"up":[{"embeddable":true,"href":"https:\/\/alzira.es\/es\/wp-json\/wp\/v2\/pages\/105760"}],"wp:attachment":[{"href":"https:\/\/alzira.es\/es\/wp-json\/wp\/v2\/media?parent=171983"}],"curies":[{"name":"wp","href":"https:\/\/api.w.org\/{rel}","templated":true}]}}