{"id":171331,"date":"2026-04-20T11:56:20","date_gmt":"2026-04-20T09:56:20","guid":{"rendered":"https:\/\/alzira.es\/?page_id=171331"},"modified":"2026-04-20T11:56:25","modified_gmt":"2026-04-20T09:56:25","slug":"convocatoria-09-2026-seleccion-en-propiedad-por-el-sistema-de-concurso-oposicion-libre-tres-plazas-de-psicologo-a-subgrupo-a2","status":"publish","type":"page","link":"https:\/\/alzira.es\/es\/servicios-municipales\/recursos-humanos\/empleo-permanente\/convocatoria-09-2026-seleccion-en-propiedad-por-el-sistema-de-concurso-oposicion-libre-tres-plazas-de-psicologo-a-subgrupo-a2\/","title":{"rendered":"CONVOCATORIA 09\/2026.- Selecci\u00f3n en propiedad por el sistema de concurso-oposici\u00f3n libre: TRES plazas de PSIC\u00d3LOGO\/A, subgrupo A2."},"content":{"rendered":"<p><span style=\"color: #000000;\"><strong>NOVEDAD: PENDIENTE DE PUBLICACI\u00d3N EN EL BOE.<\/strong><\/span><\/p>\n<\/p>\n<p><strong>DOCUMENTOS DEL EXPEDIENTE:<\/strong><\/p>\n\n\n<figure class=\"wp-block-table is-style-stripes\"><table><tbody><tr><td><strong>Nombre Fichero<\/strong><\/td><td class=\"has-text-align-center\" data-align=\"center\"><strong>Fecha Publicaci\u00f3n<\/strong><\/td><\/tr><tr><td>Anuncio BOPV bases que han de regir la convocatoria para la selecci\u00f3n de tres plazas de Psic\u00f3logo\/a, por el sistema de concurso-oposici\u00f3n libre<\/td><td class=\"has-text-align-center\" data-align=\"center\"><\/td><\/tr><tr><td>Hoja de autobaremaci\u00f3n Psic\u00f3logo\/a, subgrupo A2<\/td><td class=\"has-text-align-center\" data-align=\"center\"><\/td><\/tr><tr><td>Anuncio DOGV convocatoria 05\/2026<\/td><td class=\"has-text-align-center\" data-align=\"center\"><\/td><\/tr><tr><td>Anuncio BOE convocatoria 05\/2026<\/td><td class=\"has-text-align-center\" data-align=\"center\"><\/td><\/tr><tr><td><\/td><td class=\"has-text-align-center\" data-align=\"center\"><\/td><\/tr><tr><td><\/td><td class=\"has-text-align-center\" data-align=\"center\"><\/td><\/tr><tr><td><\/td><td class=\"has-text-align-center\" data-align=\"center\"><\/td><\/tr><\/tbody><\/table><\/figure>\n\n\n\n<p><\/p>\n","protected":false},"excerpt":{"rendered":"<p>NOVEDAD: PENDIENTE DE PUBLICACI\u00d3N EN EL BOE. DOCUMENTOS DEL EXPEDIENTE: Nombre Fichero Fecha Publicaci\u00f3n Anuncio BOPV bases que han de regir la convocatoria para la selecci\u00f3n de tres plazas de Psic\u00f3logo\/a, por el sistema de concurso-oposici\u00f3n libre Hoja de autobaremaci\u00f3n Psic\u00f3logo\/a, subgrupo A2 Anuncio DOGV convocatoria 05\/2026 Anuncio BOE convocatoria 05\/2026<\/p>\n","protected":false},"author":156,"featured_media":0,"parent":105851,"menu_order":0,"comment_status":"closed","ping_status":"closed","template":"","meta":{"_acf_changed":false,"footnotes":""},"class_list":["post-171331","page","type-page","status-publish","hentry"],"acf":[],"_links":{"self":[{"href":"https:\/\/alzira.es\/es\/wp-json\/wp\/v2\/pages\/171331","targetHints":{"allow":["GET"]}}],"collection":[{"href":"https:\/\/alzira.es\/es\/wp-json\/wp\/v2\/pages"}],"about":[{"href":"https:\/\/alzira.es\/es\/wp-json\/wp\/v2\/types\/page"}],"author":[{"embeddable":true,"href":"https:\/\/alzira.es\/es\/wp-json\/wp\/v2\/users\/156"}],"replies":[{"embeddable":true,"href":"https:\/\/alzira.es\/es\/wp-json\/wp\/v2\/comments?post=171331"}],"version-history":[{"count":1,"href":"https:\/\/alzira.es\/es\/wp-json\/wp\/v2\/pages\/171331\/revisions"}],"predecessor-version":[{"id":171332,"href":"https:\/\/alzira.es\/es\/wp-json\/wp\/v2\/pages\/171331\/revisions\/171332"}],"up":[{"embeddable":true,"href":"https:\/\/alzira.es\/es\/wp-json\/wp\/v2\/pages\/105851"}],"wp:attachment":[{"href":"https:\/\/alzira.es\/es\/wp-json\/wp\/v2\/media?parent=171331"}],"curies":[{"name":"wp","href":"https:\/\/api.w.org\/{rel}","templated":true}]}}