{"id":170990,"date":"2026-04-14T10:45:56","date_gmt":"2026-04-14T08:45:56","guid":{"rendered":"https:\/\/alzira.es\/?page_id=170990"},"modified":"2026-04-14T11:01:46","modified_gmt":"2026-04-14T09:01:46","slug":"pla-local-de-cremes-agricoles","status":"publish","type":"page","link":"https:\/\/alzira.es\/es\/serveis-municipals\/servici-demergencia-climatica-i-projectes-estrategics\/emergencia-climatica\/plans\/pla-local-de-cremes-agricoles\/","title":{"rendered":"Pla Local de Cremes Agr\u00edcoles"},"content":{"rendered":"\t\t<div data-elementor-type=\"wp-page\" data-elementor-id=\"170990\" class=\"elementor elementor-170990\">\n\t\t\t\t\t\t<section class=\"elementor-section elementor-top-section elementor-element elementor-element-e1d0458 elementor-section-boxed elementor-section-height-default elementor-section-height-default\" data-id=\"e1d0458\" data-element_type=\"section\">\n\t\t\t\t\t\t<div class=\"elementor-container elementor-column-gap-default\">\n\t\t\t\t\t<div class=\"elementor-column elementor-col-16 elementor-top-column elementor-element elementor-element-ec9945b\" data-id=\"ec9945b\" data-element_type=\"column\">\n\t\t\t<div class=\"elementor-widget-wrap elementor-element-populated\">\n\t\t\t\t\t\t<div class=\"elementor-element elementor-element-567f851 elementor-widget elementor-widget-image\" data-id=\"567f851\" data-element_type=\"widget\" data-widget_type=\"image.default\">\n\t\t\t\t<div class=\"elementor-widget-container\">\n\t\t\t\t\t\t\t\t\t\t\t\t\t\t\t\t<a href=\"https:\/\/alzira.es\/serveis-municipals\/servici-demergencia-climatica-i-projectes-estrategics\/emergencia-climatica\/plans\/pla-local-de-cremes-agricoles\/preguntes-i-respostes-cremes-agricoles\/\">\n\t\t\t\t\t\t\t<img fetchpriority=\"high\" decoding=\"async\" width=\"3508\" height=\"2938\" src=\"https:\/\/alzira.es\/wp-content\/uploads\/2021\/11\/URBANISME_ORDENANCES.png\" class=\"attachment-full size-full wp-image-105999\" alt=\"\" srcset=\"https:\/\/alzira.es\/wp-content\/uploads\/2021\/11\/URBANISME_ORDENANCES.png 3508w, https:\/\/alzira.es\/wp-content\/uploads\/2021\/11\/URBANISME_ORDENANCES-609x510.png 609w, https:\/\/alzira.es\/wp-content\/uploads\/2021\/11\/URBANISME_ORDENANCES-1280x1072.png 1280w, https:\/\/alzira.es\/wp-content\/uploads\/2021\/11\/URBANISME_ORDENANCES-768x643.png 768w, https:\/\/alzira.es\/wp-content\/uploads\/2021\/11\/URBANISME_ORDENANCES-1536x1286.png 1536w, https:\/\/alzira.es\/wp-content\/uploads\/2021\/11\/URBANISME_ORDENANCES-2048x1715.png 2048w\" sizes=\"100vw\" \/>\t\t\t\t\t\t\t\t<\/a>\n\t\t\t\t\t\t\t\t\t\t\t\t\t\t\t<\/div>\n\t\t\t\t<\/div>\n\t\t\t\t<div class=\"elementor-element elementor-element-01237d2 elementor-widget elementor-widget-heading\" data-id=\"01237d2\" data-element_type=\"widget\" data-widget_type=\"heading.default\">\n\t\t\t\t<div class=\"elementor-widget-container\">\n\t\t\t\t\t<h5 class=\"elementor-heading-title elementor-size-default\"><a href=\"https:\/\/alzira.es\/serveis-municipals\/servici-demergencia-climatica-i-projectes-estrategics\/emergencia-climatica\/plans\/pla-local-de-cremes-agricoles\/preguntes-i-respostes-cremes-agricoles\/\">Preguntes i respostes<\/a><\/h5>\t\t\t\t<\/div>\n\t\t\t\t<\/div>\n\t\t\t\t\t<\/div>\n\t\t<\/div>\n\t\t\t\t<div class=\"elementor-column elementor-col-16 elementor-top-column elementor-element elementor-element-8903d04\" data-id=\"8903d04\" data-element_type=\"column\">\n\t\t\t<div class=\"elementor-widget-wrap elementor-element-populated\">\n\t\t\t\t\t\t<div class=\"elementor-element elementor-element-b1077bd elementor-widget elementor-widget-image\" data-id=\"b1077bd\" data-element_type=\"widget\" data-widget_type=\"image.default\">\n\t\t\t\t<div class=\"elementor-widget-container\">\n\t\t\t\t\t\t\t\t\t\t\t\t\t\t\t\t<a href=\"https:\/\/alzira.es\/serveis-municipals\/servici-demergencia-climatica-i-projectes-estrategics\/emergencia-climatica\/plans\/pla-local-de-cremes-agricoles\/com-demanar-el-permis-de-forma-telematica\/\">\n\t\t\t\t\t\t\t<img decoding=\"async\" width=\"605\" height=\"534\" data-src=\"https:\/\/alzira.es\/wp-content\/uploads\/2022\/01\/Recurso-34.png\" class=\"attachment-full size-full wp-image-113531 lazyload\" alt=\"\" data-srcset=\"https:\/\/alzira.es\/wp-content\/uploads\/2022\/01\/Recurso-34.png 605w, https:\/\/alzira.es\/wp-content\/uploads\/2022\/01\/Recurso-34-578x510.png 578w\" data-sizes=\"100vw\" src=\"data:image\/svg+xml;base64,PHN2ZyB3aWR0aD0iMSIgaGVpZ2h0PSIxIiB4bWxucz0iaHR0cDovL3d3dy53My5vcmcvMjAwMC9zdmciPjwvc3ZnPg==\" style=\"--smush-placeholder-width: 605px; --smush-placeholder-aspect-ratio: 605\/534;\" \/>\t\t\t\t\t\t\t\t<\/a>\n\t\t\t\t\t\t\t\t\t\t\t\t\t\t\t<\/div>\n\t\t\t\t<\/div>\n\t\t\t\t<div class=\"elementor-element elementor-element-e734bf8 elementor-widget elementor-widget-heading\" data-id=\"e734bf8\" data-element_type=\"widget\" data-widget_type=\"heading.default\">\n\t\t\t\t<div class=\"elementor-widget-container\">\n\t\t\t\t\t<h5 class=\"elementor-heading-title elementor-size-default\"><a href=\"https:\/\/alzira.es\/serveis-municipals\/servici-demergencia-climatica-i-projectes-estrategics\/emergencia-climatica\/plans\/pla-local-de-cremes-agricoles\/com-demanar-el-permis-de-forma-telematica\/\">Com demanar el perm\u00eds<br> de forma telem\u00e1tica<\/a><\/h5>\t\t\t\t<\/div>\n\t\t\t\t<\/div>\n\t\t\t\t\t<\/div>\n\t\t<\/div>\n\t\t\t\t<div class=\"elementor-column elementor-col-16 elementor-top-column elementor-element elementor-element-43f25fe\" data-id=\"43f25fe\" data-element_type=\"column\">\n\t\t\t<div class=\"elementor-widget-wrap elementor-element-populated\">\n\t\t\t\t\t\t<div class=\"elementor-element elementor-element-69d8381 elementor-widget elementor-widget-image\" data-id=\"69d8381\" data-element_type=\"widget\" data-widget_type=\"image.default\">\n\t\t\t\t<div class=\"elementor-widget-container\">\n\t\t\t\t\t\t\t\t\t\t\t\t\t\t\t\t<a href=\"https:\/\/alzira.es\/wp-content\/uploads\/2022\/03\/zonificacion-scaled.jpg\">\n\t\t\t\t\t\t\t<img decoding=\"async\" width=\"3508\" height=\"2939\" data-src=\"https:\/\/alzira.es\/wp-content\/uploads\/2021\/11\/URBANISME_PLANEJAMENT.png\" class=\"attachment-full size-full wp-image-106003 lazyload\" alt=\"\" data-srcset=\"https:\/\/alzira.es\/wp-content\/uploads\/2021\/11\/URBANISME_PLANEJAMENT.png 3508w, https:\/\/alzira.es\/wp-content\/uploads\/2021\/11\/URBANISME_PLANEJAMENT-609x510.png 609w, https:\/\/alzira.es\/wp-content\/uploads\/2021\/11\/URBANISME_PLANEJAMENT-1280x1072.png 1280w, https:\/\/alzira.es\/wp-content\/uploads\/2021\/11\/URBANISME_PLANEJAMENT-768x643.png 768w, https:\/\/alzira.es\/wp-content\/uploads\/2021\/11\/URBANISME_PLANEJAMENT-1536x1287.png 1536w, https:\/\/alzira.es\/wp-content\/uploads\/2021\/11\/URBANISME_PLANEJAMENT-2048x1716.png 2048w\" data-sizes=\"100vw\" src=\"data:image\/svg+xml;base64,PHN2ZyB3aWR0aD0iMSIgaGVpZ2h0PSIxIiB4bWxucz0iaHR0cDovL3d3dy53My5vcmcvMjAwMC9zdmciPjwvc3ZnPg==\" style=\"--smush-placeholder-width: 3508px; --smush-placeholder-aspect-ratio: 3508\/2939;\" \/>\t\t\t\t\t\t\t\t<\/a>\n\t\t\t\t\t\t\t\t\t\t\t\t\t\t\t<\/div>\n\t\t\t\t<\/div>\n\t\t\t\t<div class=\"elementor-element elementor-element-327ab26 elementor-widget elementor-widget-heading\" data-id=\"327ab26\" data-element_type=\"widget\" data-widget_type=\"heading.default\">\n\t\t\t\t<div class=\"elementor-widget-container\">\n\t\t\t\t\t<h5 class=\"elementor-heading-title elementor-size-default\"><a href=\"https:\/\/alzira.es\/wp-content\/uploads\/2022\/03\/zonificacion-scaled.jpg\">Pl\u00e0nol de Zonificaci\u00f3<\/a><\/h5>\t\t\t\t<\/div>\n\t\t\t\t<\/div>\n\t\t\t\t\t<\/div>\n\t\t<\/div>\n\t\t\t\t<div class=\"elementor-column elementor-col-16 elementor-top-column elementor-element elementor-element-81733ad\" data-id=\"81733ad\" data-element_type=\"column\">\n\t\t\t<div class=\"elementor-widget-wrap elementor-element-populated\">\n\t\t\t\t\t\t<div class=\"elementor-element elementor-element-3cd0682 elementor-widget elementor-widget-image\" data-id=\"3cd0682\" data-element_type=\"widget\" data-widget_type=\"image.default\">\n\t\t\t\t<div class=\"elementor-widget-container\">\n\t\t\t\t\t\t\t\t\t\t\t\t\t\t\t\t<a href=\"https:\/\/alzira.es\/wp-content\/uploads\/2022\/03\/Pla-Local-de-Cremes-Agricoles-Alzira.pdf%20\" target=\"_blank\">\n\t\t\t\t\t\t\t<img decoding=\"async\" width=\"605\" height=\"533\" data-src=\"https:\/\/alzira.es\/wp-content\/uploads\/2022\/01\/fallla.png\" class=\"attachment-full size-full wp-image-110563 lazyload\" alt=\"\" data-srcset=\"https:\/\/alzira.es\/wp-content\/uploads\/2022\/01\/fallla.png 605w, https:\/\/alzira.es\/wp-content\/uploads\/2022\/01\/fallla-579x510.png 579w\" data-sizes=\"100vw\" src=\"data:image\/svg+xml;base64,PHN2ZyB3aWR0aD0iMSIgaGVpZ2h0PSIxIiB4bWxucz0iaHR0cDovL3d3dy53My5vcmcvMjAwMC9zdmciPjwvc3ZnPg==\" style=\"--smush-placeholder-width: 605px; --smush-placeholder-aspect-ratio: 605\/533;\" \/>\t\t\t\t\t\t\t\t<\/a>\n\t\t\t\t\t\t\t\t\t\t\t\t\t\t\t<\/div>\n\t\t\t\t<\/div>\n\t\t\t\t<div class=\"elementor-element elementor-element-fa60617 elementor-widget elementor-widget-heading\" data-id=\"fa60617\" data-element_type=\"widget\" data-widget_type=\"heading.default\">\n\t\t\t\t<div class=\"elementor-widget-container\">\n\t\t\t\t\t<h5 class=\"elementor-heading-title elementor-size-default\"><a href=\"https:\/\/alzira.es\/wp-content\/uploads\/2022\/03\/Pla-Local-de-Cremes-Agricoles-Alzira.pdf%20\" target=\"_blank\">Pla Local de Cremes Agr\u00edcoles<\/a><\/h5>\t\t\t\t<\/div>\n\t\t\t\t<\/div>\n\t\t\t\t\t<\/div>\n\t\t<\/div>\n\t\t\t\t<div class=\"elementor-column elementor-col-16 elementor-top-column elementor-element elementor-element-729c1b6\" data-id=\"729c1b6\" data-element_type=\"column\">\n\t\t\t<div class=\"elementor-widget-wrap elementor-element-populated\">\n\t\t\t\t\t\t<div class=\"elementor-element elementor-element-24b2313 elementor-widget elementor-widget-image\" data-id=\"24b2313\" data-element_type=\"widget\" data-widget_type=\"image.default\">\n\t\t\t\t<div class=\"elementor-widget-container\">\n\t\t\t\t\t\t\t\t\t\t\t\t\t\t\t\t<a href=\"https:\/\/alzira.es\/wp-content\/uploads\/2022\/03\/Diptic-Pla-Cremes.pdf\" target=\"_blank\">\n\t\t\t\t\t\t\t<img decoding=\"async\" width=\"605\" height=\"534\" data-src=\"https:\/\/alzira.es\/wp-content\/uploads\/2024\/07\/nou-pla-de-cremes.png\" class=\"attachment-full size-full wp-image-151763 lazyload\" alt=\"Nou pla local de cremes agr\u00edcoles d&#039;Alzira\" data-srcset=\"https:\/\/alzira.es\/wp-content\/uploads\/2024\/07\/nou-pla-de-cremes.png 605w, https:\/\/alzira.es\/wp-content\/uploads\/2024\/07\/nou-pla-de-cremes-578x510.png 578w\" data-sizes=\"100vw\" src=\"data:image\/svg+xml;base64,PHN2ZyB3aWR0aD0iMSIgaGVpZ2h0PSIxIiB4bWxucz0iaHR0cDovL3d3dy53My5vcmcvMjAwMC9zdmciPjwvc3ZnPg==\" style=\"--smush-placeholder-width: 605px; --smush-placeholder-aspect-ratio: 605\/534;\" \/>\t\t\t\t\t\t\t\t<\/a>\n\t\t\t\t\t\t\t\t\t\t\t\t\t\t\t<\/div>\n\t\t\t\t<\/div>\n\t\t\t\t<div class=\"elementor-element elementor-element-b3a13c0 elementor-widget elementor-widget-heading\" data-id=\"b3a13c0\" data-element_type=\"widget\" data-widget_type=\"heading.default\">\n\t\t\t\t<div class=\"elementor-widget-container\">\n\t\t\t\t\t<h5 class=\"elementor-heading-title elementor-size-default\"><a href=\"https:\/\/alzira.es\/wp-content\/uploads\/2022\/03\/Diptic-Pla-Cremes.pdf\" target=\"_blank\">PDF - Nou Pla Local de Cremes Agr\u00edcoles d'Alzira<\/a><\/h5>\t\t\t\t<\/div>\n\t\t\t\t<\/div>\n\t\t\t\t\t<\/div>\n\t\t<\/div>\n\t\t\t\t<div class=\"elementor-column elementor-col-16 elementor-top-column elementor-element elementor-element-da9eacb\" data-id=\"da9eacb\" data-element_type=\"column\">\n\t\t\t<div class=\"elementor-widget-wrap elementor-element-populated\">\n\t\t\t\t\t\t<div class=\"elementor-element elementor-element-da5762a elementor-widget elementor-widget-image\" data-id=\"da5762a\" data-element_type=\"widget\" data-widget_type=\"image.default\">\n\t\t\t\t<div class=\"elementor-widget-container\">\n\t\t\t\t\t\t\t\t\t\t\t\t\t\t\t\t<a href=\"https:\/\/alzira.gvsigonline.com\/gvsigonline\/core\/load_public_project\/plalocalcrema\/\" target=\"_blank\">\n\t\t\t\t\t\t\t<img decoding=\"async\" width=\"605\" height=\"533\" data-src=\"https:\/\/alzira.es\/wp-content\/uploads\/2022\/01\/dsDVdfv.png\" class=\"attachment-full size-full wp-image-110468 lazyload\" alt=\"\" data-srcset=\"https:\/\/alzira.es\/wp-content\/uploads\/2022\/01\/dsDVdfv.png 605w, https:\/\/alzira.es\/wp-content\/uploads\/2022\/01\/dsDVdfv-579x510.png 579w\" data-sizes=\"100vw\" src=\"data:image\/svg+xml;base64,PHN2ZyB3aWR0aD0iMSIgaGVpZ2h0PSIxIiB4bWxucz0iaHR0cDovL3d3dy53My5vcmcvMjAwMC9zdmciPjwvc3ZnPg==\" style=\"--smush-placeholder-width: 605px; --smush-placeholder-aspect-ratio: 605\/533;\" \/>\t\t\t\t\t\t\t\t<\/a>\n\t\t\t\t\t\t\t\t\t\t\t\t\t\t\t<\/div>\n\t\t\t\t<\/div>\n\t\t\t\t<div class=\"elementor-element elementor-element-d4a18de elementor-widget elementor-widget-heading\" data-id=\"d4a18de\" data-element_type=\"widget\" data-widget_type=\"heading.default\">\n\t\t\t\t<div class=\"elementor-widget-container\">\n\t\t\t\t\t<h5 class=\"elementor-heading-title elementor-size-default\"><a href=\"https:\/\/alzira.gvsigonline.com\/gvsigonline\/core\/load_public_project\/plalocalcrema\/\" target=\"_blank\">Visor geogr\u00e0fic on-line del Pla Local de Crema<\/a><\/h5>\t\t\t\t<\/div>\n\t\t\t\t<\/div>\n\t\t\t\t\t<\/div>\n\t\t<\/div>\n\t\t\t\t\t<\/div>\n\t\t<\/section>\n\t\t\t\t<\/div>\n\t\t","protected":false},"excerpt":{"rendered":"<p>Preguntes i respostes Com demanar el perm\u00eds de forma telem\u00e1tica Pl\u00e0nol de Zonificaci\u00f3 Pla Local de Cremes Agr\u00edcoles PDF &#8211; Nou Pla Local de Cremes Agr\u00edcoles d&#8217;Alzira Visor geogr\u00e0fic on-line del Pla Local de Crema<\/p>\n","protected":false},"author":29,"featured_media":0,"parent":169477,"menu_order":0,"comment_status":"closed","ping_status":"closed","template":"","meta":{"_acf_changed":false,"footnotes":""},"class_list":["post-170990","page","type-page","status-publish","hentry"],"acf":[],"_links":{"self":[{"href":"https:\/\/alzira.es\/es\/wp-json\/wp\/v2\/pages\/170990","targetHints":{"allow":["GET"]}}],"collection":[{"href":"https:\/\/alzira.es\/es\/wp-json\/wp\/v2\/pages"}],"about":[{"href":"https:\/\/alzira.es\/es\/wp-json\/wp\/v2\/types\/page"}],"author":[{"embeddable":true,"href":"https:\/\/alzira.es\/es\/wp-json\/wp\/v2\/users\/29"}],"replies":[{"embeddable":true,"href":"https:\/\/alzira.es\/es\/wp-json\/wp\/v2\/comments?post=170990"}],"version-history":[{"count":8,"href":"https:\/\/alzira.es\/es\/wp-json\/wp\/v2\/pages\/170990\/revisions"}],"predecessor-version":[{"id":171001,"href":"https:\/\/alzira.es\/es\/wp-json\/wp\/v2\/pages\/170990\/revisions\/171001"}],"up":[{"embeddable":true,"href":"https:\/\/alzira.es\/es\/wp-json\/wp\/v2\/pages\/169477"}],"wp:attachment":[{"href":"https:\/\/alzira.es\/es\/wp-json\/wp\/v2\/media?parent=170990"}],"curies":[{"name":"wp","href":"https:\/\/api.w.org\/{rel}","templated":true}]}}