{"id":169933,"date":"2026-03-26T12:00:38","date_gmt":"2026-03-26T11:00:38","guid":{"rendered":"https:\/\/alzira.es\/sede-electronica\/perfil-contratante\/encarrecs-dana\/"},"modified":"2026-03-30T09:47:17","modified_gmt":"2026-03-30T07:47:17","slug":"encarrecs-dana","status":"publish","type":"page","link":"https:\/\/alzira.es\/es\/sede-electronica\/perfil-contratante\/encarrecs-dana\/","title":{"rendered":"Enc\u00e0rrecs DANA"},"content":{"rendered":"\t\t<div data-elementor-type=\"wp-page\" data-elementor-id=\"169933\" class=\"elementor elementor-169933 elementor-169664\">\n\t\t\t\t\t\t<section class=\"elementor-section elementor-top-section elementor-element elementor-element-1927a4d elementor-section-boxed elementor-section-height-default elementor-section-height-default\" data-id=\"1927a4d\" data-element_type=\"section\">\n\t\t\t\t\t\t<div class=\"elementor-container elementor-column-gap-default\">\n\t\t\t\t\t<div class=\"elementor-column elementor-col-100 elementor-top-column elementor-element elementor-element-f24b636\" data-id=\"f24b636\" data-element_type=\"column\">\n\t\t\t<div class=\"elementor-widget-wrap elementor-element-populated\">\n\t\t\t\t\t\t<div class=\"elementor-element elementor-element-ccb6246 elementor-widget elementor-widget-accordion\" data-id=\"ccb6246\" data-element_type=\"widget\" data-widget_type=\"accordion.default\">\n\t\t\t\t<div class=\"elementor-widget-container\">\n\t\t\t\t\t\t\t<div class=\"elementor-accordion\">\n\t\t\t\t\t\t\t<div class=\"elementor-accordion-item\">\n\t\t\t\t\t<div id=\"elementor-tab-title-2141\" class=\"elementor-tab-title\" data-tab=\"1\" role=\"button\" aria-controls=\"elementor-tab-content-2141\" aria-expanded=\"false\">\n\t\t\t\t\t\t\t\t\t\t\t\t\t<span class=\"elementor-accordion-icon elementor-accordion-icon-left\" aria-hidden=\"true\">\n\t\t\t\t\t\t\t\t\t\t\t\t\t\t\t<span class=\"elementor-accordion-icon-closed\"><i class=\"fas fa-plus\"><\/i><\/span>\n\t\t\t\t\t\t\t\t<span class=\"elementor-accordion-icon-opened\"><i class=\"fas fa-minus\"><\/i><\/span>\n\t\t\t\t\t\t\t\t\t\t\t\t\t\t<\/span>\n\t\t\t\t\t\t\t\t\t\t\t\t<a class=\"elementor-accordion-title\" tabindex=\"0\">CASONA DE LA MURTA<\/a>\n\t\t\t\t\t<\/div>\n\t\t\t\t\t<div id=\"elementor-tab-content-2141\" class=\"elementor-tab-content elementor-clearfix\" data-tab=\"1\" role=\"region\" aria-labelledby=\"elementor-tab-title-2141\"><p><a href=\"https:\/\/alzira.es\/wp-content\/uploads\/2026\/03\/6-DECRETO_ENCARGO_RMV_CasonaMurta_fdo.pdf\" target=\"_blank\" rel=\"noopener\"><img decoding=\"async\" class=\"size-full wp-image-53418 alignnone lazyload\" data-src=\"https:\/\/alzira.es\/wp-content\/uploads\/2021\/02\/pdf_rojo.gif\" alt=\"document\" width=\"18\" height=\"15\" src=\"data:image\/svg+xml;base64,PHN2ZyB3aWR0aD0iMSIgaGVpZ2h0PSIxIiB4bWxucz0iaHR0cDovL3d3dy53My5vcmcvMjAwMC9zdmciPjwvc3ZnPg==\" style=\"--smush-placeholder-width: 18px; --smush-placeholder-aspect-ratio: 18\/15;\" \/> <\/a><a href=\"https:\/\/alzira.es\/wp-content\/uploads\/2026\/03\/6-DECRETO_ENCARGO_RMV_CasonaMurta_fdo.pdf\" target=\"_blank\" rel=\"noopener\">Enc\u00e0rrec TRAGSA Mem\u00f2ria Valorada del Projecte per als treballs de reparaci\u00f3 i habilitaci\u00f3 de la Casona de la Murta.<\/a><\/p>\n<\/div>\n\t\t\t\t<\/div>\n\t\t\t\t\t\t\t<div class=\"elementor-accordion-item\">\n\t\t\t\t\t<div id=\"elementor-tab-title-2142\" class=\"elementor-tab-title\" data-tab=\"2\" role=\"button\" aria-controls=\"elementor-tab-content-2142\" aria-expanded=\"false\">\n\t\t\t\t\t\t\t\t\t\t\t\t\t<span class=\"elementor-accordion-icon elementor-accordion-icon-left\" aria-hidden=\"true\">\n\t\t\t\t\t\t\t\t\t\t\t\t\t\t\t<span class=\"elementor-accordion-icon-closed\"><i class=\"fas fa-plus\"><\/i><\/span>\n\t\t\t\t\t\t\t\t<span class=\"elementor-accordion-icon-opened\"><i class=\"fas fa-minus\"><\/i><\/span>\n\t\t\t\t\t\t\t\t\t\t\t\t\t\t<\/span>\n\t\t\t\t\t\t\t\t\t\t\t\t<a class=\"elementor-accordion-title\" tabindex=\"0\">PISTA D'ATLETISME<\/a>\n\t\t\t\t\t<\/div>\n\t\t\t\t\t<div id=\"elementor-tab-content-2142\" class=\"elementor-tab-content elementor-clearfix\" data-tab=\"2\" role=\"region\" aria-labelledby=\"elementor-tab-title-2142\"><p><a href=\"https:\/\/alzira.es\/wp-content\/uploads\/2020\/03\/pdf_rojo.gif\"><img decoding=\"async\" class=\"size-full wp-image-88742 alignnone lazyload\" data-src=\"https:\/\/alzira.es\/wp-content\/uploads\/2020\/03\/pdf_rojo.gif\" alt=\"document\" width=\"18\" height=\"15\" src=\"data:image\/svg+xml;base64,PHN2ZyB3aWR0aD0iMSIgaGVpZ2h0PSIxIiB4bWxucz0iaHR0cDovL3d3dy53My5vcmcvMjAwMC9zdmciPjwvc3ZnPg==\" style=\"--smush-placeholder-width: 18px; --smush-placeholder-aspect-ratio: 18\/15;\" \/> <\/a><a href=\"https:\/\/alzira.es\/wp-content\/uploads\/2026\/03\/DECRETO_ENCARGO-TRAGSA_EJECUCION_PistaAtletismo_fdo.pdf\" target=\"_blank\" rel=\"noopener\">Enc\u00e0rrec al Grup TRAGSA de l&#8217;execuci\u00f3 d&#8217;obres de Reparaci\u00f3 de la pista d&#8217;atletisme situada a la Ciutat Esportiva Jorge Mart\u00ednez Aspar d&#8217;Alzira.<\/a><\/p>\n<p><a href=\"https:\/\/alzira.es\/wp-content\/uploads\/2020\/03\/pdf_rojo.gif\"><img decoding=\"async\" class=\"size-full wp-image-88742 alignnone lazyload\" data-src=\"https:\/\/alzira.es\/wp-content\/uploads\/2020\/03\/pdf_rojo.gif\" alt=\"document\" width=\"18\" height=\"15\" src=\"data:image\/svg+xml;base64,PHN2ZyB3aWR0aD0iMSIgaGVpZ2h0PSIxIiB4bWxucz0iaHR0cDovL3d3dy53My5vcmcvMjAwMC9zdmciPjwvc3ZnPg==\" style=\"--smush-placeholder-width: 18px; --smush-placeholder-aspect-ratio: 18\/15;\" \/> <\/a><a href=\"https:\/\/alzira.es\/wp-content\/uploads\/2026\/03\/DECRETO_ENCARGO_DO-CSS_Pista-Atletismo_fdo.pdf\" target=\"_blank\" rel=\"noopener\">Encarregar a TRAGSA la Direcci\u00f3 d&#8217;Obra i la Coordinaci\u00f3 de Seguretat i Salut de les obres de \u201cReparaci\u00f3 de la pista d&#8217;atletisme situada a la Ciutat Esportiva Jorge Mart\u00ednez *Aspar\u201d.<\/a><\/p>\n<p><a href=\"https:\/\/alzira.es\/wp-content\/uploads\/2020\/03\/pdf_rojo.gif\"><img decoding=\"async\" class=\"size-full wp-image-88742 alignnone lazyload\" data-src=\"https:\/\/alzira.es\/wp-content\/uploads\/2020\/03\/pdf_rojo.gif\" alt=\"document\" width=\"18\" height=\"15\" src=\"data:image\/svg+xml;base64,PHN2ZyB3aWR0aD0iMSIgaGVpZ2h0PSIxIiB4bWxucz0iaHR0cDovL3d3dy53My5vcmcvMjAwMC9zdmciPjwvc3ZnPg==\" style=\"--smush-placeholder-width: 18px; --smush-placeholder-aspect-ratio: 18\/15;\" \/> <\/a><a href=\"https:\/\/alzira.es\/wp-content\/uploads\/2026\/03\/Propuesta_encargo_Tragsatec_Redaccion-Proyecto_ALZIRA_02_28052025.doc.pdf\" target=\"_blank\" rel=\"noopener\">Enc\u00e0rrec al Grup TRAGSA de l&#8217;execuci\u00f3 d&#8217;obres de Reparaci\u00f3 de la pista d&#8217;atletisme situada a la Ciutat Esportiva Jorge Mart\u00ednez Aspar d&#8217;Alzira.<\/a><\/p>\n<\/div>\n\t\t\t\t<\/div>\n\t\t\t\t\t\t\t<div class=\"elementor-accordion-item\">\n\t\t\t\t\t<div id=\"elementor-tab-title-2143\" class=\"elementor-tab-title\" data-tab=\"3\" role=\"button\" aria-controls=\"elementor-tab-content-2143\" aria-expanded=\"false\">\n\t\t\t\t\t\t\t\t\t\t\t\t\t<span class=\"elementor-accordion-icon elementor-accordion-icon-left\" aria-hidden=\"true\">\n\t\t\t\t\t\t\t\t\t\t\t\t\t\t\t<span class=\"elementor-accordion-icon-closed\"><i class=\"fas fa-plus\"><\/i><\/span>\n\t\t\t\t\t\t\t\t<span class=\"elementor-accordion-icon-opened\"><i class=\"fas fa-minus\"><\/i><\/span>\n\t\t\t\t\t\t\t\t\t\t\t\t\t\t<\/span>\n\t\t\t\t\t\t\t\t\t\t\t\t<a class=\"elementor-accordion-title\" tabindex=\"0\">N\u00cdNXOLS RAC\u00d3 DE LES VINYES<\/a>\n\t\t\t\t\t<\/div>\n\t\t\t\t\t<div id=\"elementor-tab-content-2143\" class=\"elementor-tab-content elementor-clearfix\" data-tab=\"3\" role=\"region\" aria-labelledby=\"elementor-tab-title-2143\"><p><a href=\"https:\/\/alzira.es\/wp-content\/uploads\/2020\/03\/pdf_rojo.gif\"><img decoding=\"async\" class=\"size-full wp-image-88742 alignnone lazyload\" data-src=\"https:\/\/alzira.es\/wp-content\/uploads\/2020\/03\/pdf_rojo.gif\" alt=\"document\" width=\"18\" height=\"15\" src=\"data:image\/svg+xml;base64,PHN2ZyB3aWR0aD0iMSIgaGVpZ2h0PSIxIiB4bWxucz0iaHR0cDovL3d3dy53My5vcmcvMjAwMC9zdmciPjwvc3ZnPg==\" style=\"--smush-placeholder-width: 18px; --smush-placeholder-aspect-ratio: 18\/15;\" \/> <\/a><a href=\"https:\/\/alzira.es\/wp-content\/uploads\/2026\/03\/6-RESOLUCION_Decreto._ENCARGO_RP_Raco%20Vinyes_fdo.pdf\" target=\"_blank\" rel=\"noopener\">Encargo de la redacci\u00f3n del proyecto de ejecuci\u00f3n de las obras de reparaci\u00f3n del grupo de nichos Rac\u00f3 de les Vinyes en el cementerio municipal de Alzira<\/a><\/p>\n<\/div>\n\t\t\t\t<\/div>\n\t\t\t\t\t\t\t<div class=\"elementor-accordion-item\">\n\t\t\t\t\t<div id=\"elementor-tab-title-2144\" class=\"elementor-tab-title\" data-tab=\"4\" role=\"button\" aria-controls=\"elementor-tab-content-2144\" aria-expanded=\"false\">\n\t\t\t\t\t\t\t\t\t\t\t\t\t<span class=\"elementor-accordion-icon elementor-accordion-icon-left\" aria-hidden=\"true\">\n\t\t\t\t\t\t\t\t\t\t\t\t\t\t\t<span class=\"elementor-accordion-icon-closed\"><i class=\"fas fa-plus\"><\/i><\/span>\n\t\t\t\t\t\t\t\t<span class=\"elementor-accordion-icon-opened\"><i class=\"fas fa-minus\"><\/i><\/span>\n\t\t\t\t\t\t\t\t\t\t\t\t\t\t<\/span>\n\t\t\t\t\t\t\t\t\t\t\t\t<a class=\"elementor-accordion-title\" tabindex=\"0\">N\u00cdNXOLS SANTA CATALINA<\/a>\n\t\t\t\t\t<\/div>\n\t\t\t\t\t<div id=\"elementor-tab-content-2144\" class=\"elementor-tab-content elementor-clearfix\" data-tab=\"4\" role=\"region\" aria-labelledby=\"elementor-tab-title-2144\"><p>Contenido del acorde\u00f3n<\/p>\n<\/div>\n\t\t\t\t<\/div>\n\t\t\t\t\t\t\t<div class=\"elementor-accordion-item\">\n\t\t\t\t\t<div id=\"elementor-tab-title-2145\" class=\"elementor-tab-title\" data-tab=\"5\" role=\"button\" aria-controls=\"elementor-tab-content-2145\" aria-expanded=\"false\">\n\t\t\t\t\t\t\t\t\t\t\t\t\t<span class=\"elementor-accordion-icon elementor-accordion-icon-left\" aria-hidden=\"true\">\n\t\t\t\t\t\t\t\t\t\t\t\t\t\t\t<span class=\"elementor-accordion-icon-closed\"><i class=\"fas fa-plus\"><\/i><\/span>\n\t\t\t\t\t\t\t\t<span class=\"elementor-accordion-icon-opened\"><i class=\"fas fa-minus\"><\/i><\/span>\n\t\t\t\t\t\t\t\t\t\t\t\t\t\t<\/span>\n\t\t\t\t\t\t\t\t\t\t\t\t<a class=\"elementor-accordion-title\" tabindex=\"0\">N\u00cdNXOLS SANT GREGORI<\/a>\n\t\t\t\t\t<\/div>\n\t\t\t\t\t<div id=\"elementor-tab-content-2145\" class=\"elementor-tab-content elementor-clearfix\" data-tab=\"5\" role=\"region\" aria-labelledby=\"elementor-tab-title-2145\"><p><a href=\"https:\/\/alzira.es\/wp-content\/uploads\/2021\/02\/pdf_rojo.gif\"><img decoding=\"async\" class=\"size-full wp-image-53418 alignnone lazyload\" data-src=\"https:\/\/alzira.es\/wp-content\/uploads\/2021\/02\/pdf_rojo.gif\" alt=\"document\" width=\"18\" height=\"15\" src=\"data:image\/svg+xml;base64,PHN2ZyB3aWR0aD0iMSIgaGVpZ2h0PSIxIiB4bWxucz0iaHR0cDovL3d3dy53My5vcmcvMjAwMC9zdmciPjwvc3ZnPg==\" style=\"--smush-placeholder-width: 18px; --smush-placeholder-aspect-ratio: 18\/15;\" \/> <\/a><a href=\"https:\/\/alzira.es\/wp-content\/uploads\/2026\/03\/4.%20DECRETO-%20ENCARGO%20NICHOS%20SANT%20GREGORI.pdf\">Enc\u00e0rrec de la Redacci\u00f3 de Projecte: Reparaci\u00f3 de la coberta del grup de n\u00ednxols Sant Gregori del cementeri municipal d&#8217;Alzira<\/a><\/p>\n<\/div>\n\t\t\t\t<\/div>\n\t\t\t\t\t\t\t\t<\/div>\n\t\t\t\t\t\t<\/div>\n\t\t\t\t<\/div>\n\t\t\t\t\t<\/div>\n\t\t<\/div>\n\t\t\t\t\t<\/div>\n\t\t<\/section>\n\t\t\t\t<\/div>\n\t\t","protected":false},"excerpt":{"rendered":"<p>CASONA DE LA MURTA Enc\u00e0rrec TRAGSA Mem\u00f2ria Valorada del Projecte per als treballs de reparaci\u00f3 i habilitaci\u00f3 de la Casona de la Murta. PISTA D&#8217;ATLETISME Enc\u00e0rrec al Grup TRAGSA de l&#8217;execuci\u00f3 d&#8217;obres de Reparaci\u00f3 de la pista d&#8217;atletisme situada a la Ciutat Esportiva Jorge Mart\u00ednez Aspar d&#8217;Alzira. Encarregar a TRAGSA la Direcci\u00f3 d&#8217;Obra i la &hellip; <\/p>\n<p class=\"link-more\"><a href=\"https:\/\/alzira.es\/es\/sede-electronica\/perfil-contratante\/encarrecs-dana\/\" class=\"more-link\">Continuar leyendo<span class=\"screen-reader-text\"> \u00abEnc\u00e0rrecs DANA\u00bb<\/span><\/a><\/p>\n","protected":false},"author":29,"featured_media":0,"parent":34371,"menu_order":0,"comment_status":"closed","ping_status":"closed","template":"","meta":{"_acf_changed":false,"footnotes":""},"class_list":["post-169933","page","type-page","status-publish","hentry"],"acf":[],"_links":{"self":[{"href":"https:\/\/alzira.es\/es\/wp-json\/wp\/v2\/pages\/169933","targetHints":{"allow":["GET"]}}],"collection":[{"href":"https:\/\/alzira.es\/es\/wp-json\/wp\/v2\/pages"}],"about":[{"href":"https:\/\/alzira.es\/es\/wp-json\/wp\/v2\/types\/page"}],"author":[{"embeddable":true,"href":"https:\/\/alzira.es\/es\/wp-json\/wp\/v2\/users\/29"}],"replies":[{"embeddable":true,"href":"https:\/\/alzira.es\/es\/wp-json\/wp\/v2\/comments?post=169933"}],"version-history":[{"count":0,"href":"https:\/\/alzira.es\/es\/wp-json\/wp\/v2\/pages\/169933\/revisions"}],"up":[{"embeddable":true,"href":"https:\/\/alzira.es\/es\/wp-json\/wp\/v2\/pages\/34371"}],"wp:attachment":[{"href":"https:\/\/alzira.es\/es\/wp-json\/wp\/v2\/media?parent=169933"}],"curies":[{"name":"wp","href":"https:\/\/api.w.org\/{rel}","templated":true}]}}