{"id":169515,"date":"2026-03-24T12:52:12","date_gmt":"2026-03-24T11:52:12","guid":{"rendered":"https:\/\/alzira.es\/servicios-municipales\/servici-demergencia-climatica-i-projectes-estrategics\/plans\/"},"modified":"2026-03-25T11:43:51","modified_gmt":"2026-03-25T10:43:51","slug":"plans","status":"publish","type":"page","link":"https:\/\/alzira.es\/es\/servicios-municipales\/servici-demergencia-climatica-i-projectes-estrategics\/plans\/","title":{"rendered":"Plans"},"content":{"rendered":"\t\t<div data-elementor-type=\"wp-page\" data-elementor-id=\"169515\" class=\"elementor elementor-169515 elementor-169477\">\n\t\t\t\t\t\t<section class=\"elementor-section elementor-top-section elementor-element elementor-element-d66992b elementor-section-full_width iconosportadasec ajuntament elementor-section-height-default elementor-section-height-default\" data-id=\"d66992b\" data-element_type=\"section\">\n\t\t\t\t\t\t<div class=\"elementor-container elementor-column-gap-narrow\">\n\t\t\t\t\t<div class=\"elementor-column elementor-col-16 elementor-top-column elementor-element elementor-element-f4775a7\" data-id=\"f4775a7\" data-element_type=\"column\">\n\t\t\t<div class=\"elementor-widget-wrap\">\n\t\t\t\t\t\t\t<\/div>\n\t\t<\/div>\n\t\t\t\t<div class=\"elementor-column elementor-col-16 elementor-top-column elementor-element elementor-element-1a1e11a\" data-id=\"1a1e11a\" data-element_type=\"column\">\n\t\t\t<div class=\"elementor-widget-wrap elementor-element-populated\">\n\t\t\t\t\t\t<div class=\"elementor-element elementor-element-c7998cc elementor-widget elementor-widget-image\" data-id=\"c7998cc\" data-element_type=\"widget\" data-widget_type=\"image.default\">\n\t\t\t\t<div class=\"elementor-widget-container\">\n\t\t\t\t\t\t\t\t\t\t\t\t\t\t\t\t<a href=\"https:\/\/alzira.es\/es\/servicios-municipales\/servici-demergencia-climatica-i-projectes-estrategics\/plans\/plan-de-accion-para-el-clima-y-la-energia-sostenible\/\">\n\t\t\t\t\t\t\t<img fetchpriority=\"high\" decoding=\"async\" width=\"1709\" height=\"1709\" src=\"https:\/\/alzira.es\/wp-content\/uploads\/2025\/02\/energia_sostenible.png\" class=\"attachment-full size-full wp-image-158937\" alt=\"Energia sostenible\" srcset=\"https:\/\/alzira.es\/wp-content\/uploads\/2025\/02\/energia_sostenible.png 1709w, https:\/\/alzira.es\/wp-content\/uploads\/2025\/02\/energia_sostenible-510x510.png 510w, https:\/\/alzira.es\/wp-content\/uploads\/2025\/02\/energia_sostenible-1072x1072.png 1072w, https:\/\/alzira.es\/wp-content\/uploads\/2025\/02\/energia_sostenible-350x350.png 350w, https:\/\/alzira.es\/wp-content\/uploads\/2025\/02\/energia_sostenible-768x768.png 768w, https:\/\/alzira.es\/wp-content\/uploads\/2025\/02\/energia_sostenible-300x300.png 300w, https:\/\/alzira.es\/wp-content\/uploads\/2025\/02\/energia_sostenible-1536x1536.png 1536w, https:\/\/alzira.es\/wp-content\/uploads\/2025\/02\/energia_sostenible-100x100.png 100w\" sizes=\"100vw\" \/>\t\t\t\t\t\t\t\t<\/a>\n\t\t\t\t\t\t\t\t\t\t\t\t\t\t\t<\/div>\n\t\t\t\t<\/div>\n\t\t\t\t<div class=\"elementor-element elementor-element-607fc75 elementor-widget elementor-widget-heading\" data-id=\"607fc75\" data-element_type=\"widget\" data-widget_type=\"heading.default\">\n\t\t\t\t<div class=\"elementor-widget-container\">\n\t\t\t\t\t<h5 class=\"elementor-heading-title elementor-size-default\"><a href=\"https:\/\/alzira.es\/es\/servicios-municipales\/servici-demergencia-climatica-i-projectes-estrategics\/plans\/plan-de-accion-para-el-clima-y-la-energia-sostenible\/\">Pla d'Acci\u00f3 per al Clima i l'Energia Sostenible<\/a><\/h5>\t\t\t\t<\/div>\n\t\t\t\t<\/div>\n\t\t\t\t\t<\/div>\n\t\t<\/div>\n\t\t\t\t<div class=\"elementor-column elementor-col-16 elementor-top-column elementor-element elementor-element-eba8ead\" data-id=\"eba8ead\" data-element_type=\"column\">\n\t\t\t<div class=\"elementor-widget-wrap elementor-element-populated\">\n\t\t\t\t\t\t<div class=\"elementor-element elementor-element-9515984 elementor-widget elementor-widget-image\" data-id=\"9515984\" data-element_type=\"widget\" data-widget_type=\"image.default\">\n\t\t\t\t<div class=\"elementor-widget-container\">\n\t\t\t\t\t\t\t\t\t\t\t\t\t\t\t\t<a href=\"https:\/\/alzira.es\/es\/servicios-municipales\/urbanismo-e-infraestructuras\/plan-local-de-quemas-agricolas\/\">\n\t\t\t\t\t\t\t<img decoding=\"async\" width=\"410\" height=\"410\" data-src=\"https:\/\/alzira.es\/wp-content\/uploads\/2023\/08\/medi_PLQA.png\" class=\"attachment-full size-full wp-image-141562 lazyload\" alt=\"Pla Local de Cremes Agr\u00edcoles\" data-srcset=\"https:\/\/alzira.es\/wp-content\/uploads\/2023\/08\/medi_PLQA.png 410w, https:\/\/alzira.es\/wp-content\/uploads\/2023\/08\/medi_PLQA-350x350.png 350w, https:\/\/alzira.es\/wp-content\/uploads\/2023\/08\/medi_PLQA-300x300.png 300w, https:\/\/alzira.es\/wp-content\/uploads\/2023\/08\/medi_PLQA-100x100.png 100w\" data-sizes=\"100vw\" src=\"data:image\/svg+xml;base64,PHN2ZyB3aWR0aD0iMSIgaGVpZ2h0PSIxIiB4bWxucz0iaHR0cDovL3d3dy53My5vcmcvMjAwMC9zdmciPjwvc3ZnPg==\" style=\"--smush-placeholder-width: 410px; --smush-placeholder-aspect-ratio: 410\/410;\" \/>\t\t\t\t\t\t\t\t<\/a>\n\t\t\t\t\t\t\t\t\t\t\t\t\t\t\t<\/div>\n\t\t\t\t<\/div>\n\t\t\t\t<div class=\"elementor-element elementor-element-2e74a30 elementor-widget elementor-widget-heading\" data-id=\"2e74a30\" data-element_type=\"widget\" data-widget_type=\"heading.default\">\n\t\t\t\t<div class=\"elementor-widget-container\">\n\t\t\t\t\t<h5 class=\"elementor-heading-title elementor-size-default\"><a href=\"https:\/\/alzira.es\/es\/servicios-municipales\/urbanismo-e-infraestructuras\/plan-local-de-quemas-agricolas\/\">Pla Local de Cremes Agr\u00edcoles<\/a><\/h5>\t\t\t\t<\/div>\n\t\t\t\t<\/div>\n\t\t\t\t\t<\/div>\n\t\t<\/div>\n\t\t\t\t<div class=\"elementor-column elementor-col-16 elementor-top-column elementor-element elementor-element-bbdfbc4\" data-id=\"bbdfbc4\" data-element_type=\"column\">\n\t\t\t<div class=\"elementor-widget-wrap elementor-element-populated\">\n\t\t\t\t\t\t<div class=\"elementor-element elementor-element-a16788e elementor-widget elementor-widget-image\" data-id=\"a16788e\" data-element_type=\"widget\" data-widget_type=\"image.default\">\n\t\t\t\t<div class=\"elementor-widget-container\">\n\t\t\t\t\t\t\t\t\t\t\t\t\t\t\t\t<a href=\"https:\/\/alzira.es\/es\/servicios-municipales\/servici-demergencia-climatica-i-projectes-estrategics\/plans\/informacion-publica\/\">\n\t\t\t\t\t\t\t<img decoding=\"async\" width=\"533\" height=\"533\" data-src=\"https:\/\/alzira.es\/wp-content\/uploads\/2026\/01\/informacio-publica-1.png\" class=\"attachment-full size-full wp-image-167098 lazyload\" alt=\"\" data-srcset=\"https:\/\/alzira.es\/wp-content\/uploads\/2026\/01\/informacio-publica-1.png 533w, https:\/\/alzira.es\/wp-content\/uploads\/2026\/01\/informacio-publica-1-510x510.png 510w, https:\/\/alzira.es\/wp-content\/uploads\/2026\/01\/informacio-publica-1-350x350.png 350w, https:\/\/alzira.es\/wp-content\/uploads\/2026\/01\/informacio-publica-1-300x300.png 300w, https:\/\/alzira.es\/wp-content\/uploads\/2026\/01\/informacio-publica-1-100x100.png 100w\" data-sizes=\"100vw\" src=\"data:image\/svg+xml;base64,PHN2ZyB3aWR0aD0iMSIgaGVpZ2h0PSIxIiB4bWxucz0iaHR0cDovL3d3dy53My5vcmcvMjAwMC9zdmciPjwvc3ZnPg==\" style=\"--smush-placeholder-width: 533px; --smush-placeholder-aspect-ratio: 533\/533;\" \/>\t\t\t\t\t\t\t\t<\/a>\n\t\t\t\t\t\t\t\t\t\t\t\t\t\t\t<\/div>\n\t\t\t\t<\/div>\n\t\t\t\t<div class=\"elementor-element elementor-element-0ab9e94 elementor-widget elementor-widget-heading\" data-id=\"0ab9e94\" data-element_type=\"widget\" data-widget_type=\"heading.default\">\n\t\t\t\t<div class=\"elementor-widget-container\">\n\t\t\t\t\t<h5 class=\"elementor-heading-title elementor-size-default\"><a href=\"https:\/\/alzira.es\/es\/servicios-municipales\/servici-demergencia-climatica-i-projectes-estrategics\/plans\/informacion-publica\/\">Informaci\u00f3n p\u00fablica<\/a><\/h5>\t\t\t\t<\/div>\n\t\t\t\t<\/div>\n\t\t\t\t\t<\/div>\n\t\t<\/div>\n\t\t\t\t<div class=\"elementor-column elementor-col-16 elementor-top-column elementor-element elementor-element-1813dfb\" data-id=\"1813dfb\" data-element_type=\"column\">\n\t\t\t<div class=\"elementor-widget-wrap elementor-element-populated\">\n\t\t\t\t\t\t<div class=\"elementor-element elementor-element-a84ab29 elementor-widget elementor-widget-image\" data-id=\"a84ab29\" data-element_type=\"widget\" data-widget_type=\"image.default\">\n\t\t\t\t<div class=\"elementor-widget-container\">\n\t\t\t\t\t\t\t\t\t\t\t\t\t\t\t\t<a href=\"https:\/\/alzira.es\/es\/servicios-municipales\/urbanismo-e-infraestructuras\/organo-ambiental-y-territorial-municipal-del-ayuntamiento-de-alzira\/\">\n\t\t\t\t\t\t\t<img decoding=\"async\" width=\"410\" height=\"410\" data-src=\"https:\/\/alzira.es\/wp-content\/uploads\/2023\/08\/medi_OAT.png\" class=\"attachment-full size-full wp-image-141566 lazyload\" alt=\"\u00d2rgan Ambiental i Territorial\" data-srcset=\"https:\/\/alzira.es\/wp-content\/uploads\/2023\/08\/medi_OAT.png 410w, https:\/\/alzira.es\/wp-content\/uploads\/2023\/08\/medi_OAT-350x350.png 350w, https:\/\/alzira.es\/wp-content\/uploads\/2023\/08\/medi_OAT-300x300.png 300w, https:\/\/alzira.es\/wp-content\/uploads\/2023\/08\/medi_OAT-100x100.png 100w\" data-sizes=\"100vw\" src=\"data:image\/svg+xml;base64,PHN2ZyB3aWR0aD0iMSIgaGVpZ2h0PSIxIiB4bWxucz0iaHR0cDovL3d3dy53My5vcmcvMjAwMC9zdmciPjwvc3ZnPg==\" style=\"--smush-placeholder-width: 410px; --smush-placeholder-aspect-ratio: 410\/410;\" \/>\t\t\t\t\t\t\t\t<\/a>\n\t\t\t\t\t\t\t\t\t\t\t\t\t\t\t<\/div>\n\t\t\t\t<\/div>\n\t\t\t\t<div class=\"elementor-element elementor-element-95f8221 elementor-widget elementor-widget-heading\" data-id=\"95f8221\" data-element_type=\"widget\" data-widget_type=\"heading.default\">\n\t\t\t\t<div class=\"elementor-widget-container\">\n\t\t\t\t\t<h5 class=\"elementor-heading-title elementor-size-default\"><a href=\"https:\/\/alzira.es\/es\/servicios-municipales\/urbanismo-e-infraestructuras\/organo-ambiental-y-territorial-municipal-del-ayuntamiento-de-alzira\/\">\u00d2rgan Ambiental i Territorial<\/a><\/h5>\t\t\t\t<\/div>\n\t\t\t\t<\/div>\n\t\t\t\t\t<\/div>\n\t\t<\/div>\n\t\t\t\t<div class=\"elementor-column elementor-col-16 elementor-top-column elementor-element elementor-element-4d0e1dc\" data-id=\"4d0e1dc\" data-element_type=\"column\">\n\t\t\t<div class=\"elementor-widget-wrap\">\n\t\t\t\t\t\t\t<\/div>\n\t\t<\/div>\n\t\t\t\t\t<\/div>\n\t\t<\/section>\n\t\t\t\t<\/div>\n\t\t","protected":false},"excerpt":{"rendered":"<p>Pla d&#8217;Acci\u00f3 per al Clima i l&#8217;Energia Sostenible Pla Local de Cremes Agr\u00edcoles Informaci\u00f3n p\u00fablica \u00d2rgan Ambiental i Territorial<\/p>\n","protected":false},"author":29,"featured_media":0,"parent":169513,"menu_order":0,"comment_status":"closed","ping_status":"closed","template":"","meta":{"_acf_changed":false,"footnotes":""},"class_list":["post-169515","page","type-page","status-publish","hentry"],"acf":[],"_links":{"self":[{"href":"https:\/\/alzira.es\/es\/wp-json\/wp\/v2\/pages\/169515","targetHints":{"allow":["GET"]}}],"collection":[{"href":"https:\/\/alzira.es\/es\/wp-json\/wp\/v2\/pages"}],"about":[{"href":"https:\/\/alzira.es\/es\/wp-json\/wp\/v2\/types\/page"}],"author":[{"embeddable":true,"href":"https:\/\/alzira.es\/es\/wp-json\/wp\/v2\/users\/29"}],"replies":[{"embeddable":true,"href":"https:\/\/alzira.es\/es\/wp-json\/wp\/v2\/comments?post=169515"}],"version-history":[{"count":2,"href":"https:\/\/alzira.es\/es\/wp-json\/wp\/v2\/pages\/169515\/revisions"}],"predecessor-version":[{"id":169609,"href":"https:\/\/alzira.es\/es\/wp-json\/wp\/v2\/pages\/169515\/revisions\/169609"}],"up":[{"embeddable":true,"href":"https:\/\/alzira.es\/es\/wp-json\/wp\/v2\/pages\/169513"}],"wp:attachment":[{"href":"https:\/\/alzira.es\/es\/wp-json\/wp\/v2\/media?parent=169515"}],"curies":[{"name":"wp","href":"https:\/\/api.w.org\/{rel}","templated":true}]}}