{"id":169513,"date":"2026-03-23T13:27:40","date_gmt":"2026-03-23T12:27:40","guid":{"rendered":"https:\/\/alzira.es\/servicios-municipales\/servici-demergencia-climatica-i-projectes-estrategics\/"},"modified":"2026-03-25T11:33:28","modified_gmt":"2026-03-25T10:33:28","slug":"servici-demergencia-climatica-i-projectes-estrategics","status":"publish","type":"page","link":"https:\/\/alzira.es\/es\/servicios-municipales\/servici-demergencia-climatica-i-projectes-estrategics\/","title":{"rendered":"Servici d&#8217;Emerg\u00e8ncia Clim\u00e0tica i Projectes Estrat\u00e8gics"},"content":{"rendered":"\t\t<div data-elementor-type=\"wp-page\" data-elementor-id=\"169513\" class=\"elementor elementor-169513 elementor-169265\">\n\t\t\t\t\t\t<section class=\"elementor-section elementor-top-section elementor-element elementor-element-70c71d4 elementor-section-full_width iconosportadasec ajuntament elementor-section-height-default elementor-section-height-default\" data-id=\"70c71d4\" data-element_type=\"section\">\n\t\t\t\t\t\t<div class=\"elementor-container elementor-column-gap-narrow\">\n\t\t\t\t\t<div class=\"elementor-column elementor-col-16 elementor-top-column elementor-element elementor-element-517fb09\" data-id=\"517fb09\" data-element_type=\"column\">\n\t\t\t<div class=\"elementor-widget-wrap\">\n\t\t\t\t\t\t\t<\/div>\n\t\t<\/div>\n\t\t\t\t<div class=\"elementor-column elementor-col-16 elementor-top-column elementor-element elementor-element-14e1e32\" data-id=\"14e1e32\" data-element_type=\"column\">\n\t\t\t<div class=\"elementor-widget-wrap elementor-element-populated\">\n\t\t\t\t\t\t<div class=\"elementor-element elementor-element-af4560c elementor-widget elementor-widget-image\" data-id=\"af4560c\" data-element_type=\"widget\" data-widget_type=\"image.default\">\n\t\t\t\t<div class=\"elementor-widget-container\">\n\t\t\t\t\t\t\t\t\t\t\t\t\t\t\t<img fetchpriority=\"high\" decoding=\"async\" width=\"855\" height=\"855\" src=\"https:\/\/alzira.es\/wp-content\/uploads\/2026\/03\/emergencia-climatica.png\" class=\"attachment-full size-full wp-image-169459\" alt=\"Emerg\u00e8ncia Clim\u00e0tica\" srcset=\"https:\/\/alzira.es\/wp-content\/uploads\/2026\/03\/emergencia-climatica.png 855w, https:\/\/alzira.es\/wp-content\/uploads\/2026\/03\/emergencia-climatica-510x510.png 510w, https:\/\/alzira.es\/wp-content\/uploads\/2026\/03\/emergencia-climatica-350x350.png 350w, https:\/\/alzira.es\/wp-content\/uploads\/2026\/03\/emergencia-climatica-768x768.png 768w, https:\/\/alzira.es\/wp-content\/uploads\/2026\/03\/emergencia-climatica-300x300.png 300w, https:\/\/alzira.es\/wp-content\/uploads\/2026\/03\/emergencia-climatica-100x100.png 100w\" sizes=\"100vw\" \/>\t\t\t\t\t\t\t\t\t\t\t\t\t\t\t<\/div>\n\t\t\t\t<\/div>\n\t\t\t\t<div class=\"elementor-element elementor-element-97b097c elementor-widget elementor-widget-heading\" data-id=\"97b097c\" data-element_type=\"widget\" data-widget_type=\"heading.default\">\n\t\t\t\t<div class=\"elementor-widget-container\">\n\t\t\t\t\t<h5 class=\"elementor-heading-title elementor-size-default\"><a href=\"https:\/\/alzira.es\/ciutat\/guies-medioambientals\/\">Emerg\u00e8ncia Clim\u00e0tica<\/a><\/h5>\t\t\t\t<\/div>\n\t\t\t\t<\/div>\n\t\t\t\t\t<\/div>\n\t\t<\/div>\n\t\t\t\t<div class=\"elementor-column elementor-col-16 elementor-top-column elementor-element elementor-element-c098323\" data-id=\"c098323\" data-element_type=\"column\">\n\t\t\t<div class=\"elementor-widget-wrap elementor-element-populated\">\n\t\t\t\t\t\t<div class=\"elementor-element elementor-element-e7d4337 elementor-widget elementor-widget-image\" data-id=\"e7d4337\" data-element_type=\"widget\" data-widget_type=\"image.default\">\n\t\t\t\t<div class=\"elementor-widget-container\">\n\t\t\t\t\t\t\t\t\t\t\t\t\t\t\t<img decoding=\"async\" width=\"605\" height=\"605\" data-src=\"https:\/\/alzira.es\/wp-content\/uploads\/2026\/03\/resilencia.png\" class=\"attachment-full size-full wp-image-169461 lazyload\" alt=\"Resil\u00e8ncia\" data-srcset=\"https:\/\/alzira.es\/wp-content\/uploads\/2026\/03\/resilencia.png 605w, https:\/\/alzira.es\/wp-content\/uploads\/2026\/03\/resilencia-510x510.png 510w, https:\/\/alzira.es\/wp-content\/uploads\/2026\/03\/resilencia-350x350.png 350w, https:\/\/alzira.es\/wp-content\/uploads\/2026\/03\/resilencia-300x300.png 300w, https:\/\/alzira.es\/wp-content\/uploads\/2026\/03\/resilencia-100x100.png 100w\" data-sizes=\"100vw\" src=\"data:image\/svg+xml;base64,PHN2ZyB3aWR0aD0iMSIgaGVpZ2h0PSIxIiB4bWxucz0iaHR0cDovL3d3dy53My5vcmcvMjAwMC9zdmciPjwvc3ZnPg==\" style=\"--smush-placeholder-width: 605px; --smush-placeholder-aspect-ratio: 605\/605;\" \/>\t\t\t\t\t\t\t\t\t\t\t\t\t\t\t<\/div>\n\t\t\t\t<\/div>\n\t\t\t\t<div class=\"elementor-element elementor-element-5789ebd elementor-widget elementor-widget-heading\" data-id=\"5789ebd\" data-element_type=\"widget\" data-widget_type=\"heading.default\">\n\t\t\t\t<div class=\"elementor-widget-container\">\n\t\t\t\t\t<h5 class=\"elementor-heading-title elementor-size-default\">Resil\u00e8ncia<\/h5>\t\t\t\t<\/div>\n\t\t\t\t<\/div>\n\t\t\t\t\t<\/div>\n\t\t<\/div>\n\t\t\t\t<div class=\"elementor-column elementor-col-16 elementor-top-column elementor-element elementor-element-f94f936\" data-id=\"f94f936\" data-element_type=\"column\">\n\t\t\t<div class=\"elementor-widget-wrap elementor-element-populated\">\n\t\t\t\t\t\t<div class=\"elementor-element elementor-element-631e4a8 elementor-widget elementor-widget-image\" data-id=\"631e4a8\" data-element_type=\"widget\" data-widget_type=\"image.default\">\n\t\t\t\t<div class=\"elementor-widget-container\">\n\t\t\t\t\t\t\t\t\t\t\t\t\t\t\t\t<a href=\"https:\/\/alziraunriudefutur.es\/es\/alzira-un-riu-de-futur-es\/\" target=\"_blank\">\n\t\t\t\t\t\t\t<img decoding=\"async\" width=\"850\" height=\"850\" data-src=\"https:\/\/alzira.es\/wp-content\/uploads\/2026\/03\/agenda-urbana.png\" class=\"attachment-full size-full wp-image-169463 lazyload\" alt=\"Agenda Urbana\" data-srcset=\"https:\/\/alzira.es\/wp-content\/uploads\/2026\/03\/agenda-urbana.png 850w, https:\/\/alzira.es\/wp-content\/uploads\/2026\/03\/agenda-urbana-510x510.png 510w, https:\/\/alzira.es\/wp-content\/uploads\/2026\/03\/agenda-urbana-350x350.png 350w, https:\/\/alzira.es\/wp-content\/uploads\/2026\/03\/agenda-urbana-768x768.png 768w, https:\/\/alzira.es\/wp-content\/uploads\/2026\/03\/agenda-urbana-300x300.png 300w, https:\/\/alzira.es\/wp-content\/uploads\/2026\/03\/agenda-urbana-100x100.png 100w\" data-sizes=\"100vw\" src=\"data:image\/svg+xml;base64,PHN2ZyB3aWR0aD0iMSIgaGVpZ2h0PSIxIiB4bWxucz0iaHR0cDovL3d3dy53My5vcmcvMjAwMC9zdmciPjwvc3ZnPg==\" style=\"--smush-placeholder-width: 850px; --smush-placeholder-aspect-ratio: 850\/850;\" \/>\t\t\t\t\t\t\t\t<\/a>\n\t\t\t\t\t\t\t\t\t\t\t\t\t\t\t<\/div>\n\t\t\t\t<\/div>\n\t\t\t\t<div class=\"elementor-element elementor-element-7b021e2 elementor-widget elementor-widget-heading\" data-id=\"7b021e2\" data-element_type=\"widget\" data-widget_type=\"heading.default\">\n\t\t\t\t<div class=\"elementor-widget-container\">\n\t\t\t\t\t<h5 class=\"elementor-heading-title elementor-size-default\"><a href=\"https:\/\/alziraunriudefutur.es\/es\/alzira-un-riu-de-futur-es\/\" target=\"_blank\">Agenda Urbana<\/a><\/h5>\t\t\t\t<\/div>\n\t\t\t\t<\/div>\n\t\t\t\t\t<\/div>\n\t\t<\/div>\n\t\t\t\t<div class=\"elementor-column elementor-col-16 elementor-top-column elementor-element elementor-element-0c613a1\" data-id=\"0c613a1\" data-element_type=\"column\">\n\t\t\t<div class=\"elementor-widget-wrap elementor-element-populated\">\n\t\t\t\t\t\t<div class=\"elementor-element elementor-element-e42356a elementor-widget elementor-widget-image\" data-id=\"e42356a\" data-element_type=\"widget\" data-widget_type=\"image.default\">\n\t\t\t\t<div class=\"elementor-widget-container\">\n\t\t\t\t\t\t\t\t\t\t\t\t\t\t\t\t<a href=\"https:\/\/alzira.es\/serveis-municipals\/servici-demergencia-climatica-i-projectes-estrategics\/projectes-estrategics-i-europeus\/\">\n\t\t\t\t\t\t\t<img decoding=\"async\" width=\"575\" height=\"575\" data-src=\"https:\/\/alzira.es\/wp-content\/uploads\/2026\/03\/projectes-estrategics-i-europeus.png\" class=\"attachment-full size-full wp-image-169465 lazyload\" alt=\"Projectes Estrat\u00e8gics i Europeus\" data-srcset=\"https:\/\/alzira.es\/wp-content\/uploads\/2026\/03\/projectes-estrategics-i-europeus.png 575w, https:\/\/alzira.es\/wp-content\/uploads\/2026\/03\/projectes-estrategics-i-europeus-510x510.png 510w, https:\/\/alzira.es\/wp-content\/uploads\/2026\/03\/projectes-estrategics-i-europeus-350x350.png 350w, https:\/\/alzira.es\/wp-content\/uploads\/2026\/03\/projectes-estrategics-i-europeus-300x300.png 300w, https:\/\/alzira.es\/wp-content\/uploads\/2026\/03\/projectes-estrategics-i-europeus-100x100.png 100w\" data-sizes=\"100vw\" src=\"data:image\/svg+xml;base64,PHN2ZyB3aWR0aD0iMSIgaGVpZ2h0PSIxIiB4bWxucz0iaHR0cDovL3d3dy53My5vcmcvMjAwMC9zdmciPjwvc3ZnPg==\" style=\"--smush-placeholder-width: 575px; --smush-placeholder-aspect-ratio: 575\/575;\" \/>\t\t\t\t\t\t\t\t<\/a>\n\t\t\t\t\t\t\t\t\t\t\t\t\t\t\t<\/div>\n\t\t\t\t<\/div>\n\t\t\t\t<div class=\"elementor-element elementor-element-df77a17 elementor-widget elementor-widget-heading\" data-id=\"df77a17\" data-element_type=\"widget\" data-widget_type=\"heading.default\">\n\t\t\t\t<div class=\"elementor-widget-container\">\n\t\t\t\t\t<h5 class=\"elementor-heading-title elementor-size-default\"><a href=\"https:\/\/alzira.es\/serveis-municipals\/servici-demergencia-climatica-i-projectes-estrategics\/projectes-estrategics-i-europeus\/\">Projectes Estrat\u00e8gics i Europeus<\/a><\/h5>\t\t\t\t<\/div>\n\t\t\t\t<\/div>\n\t\t\t\t\t<\/div>\n\t\t<\/div>\n\t\t\t\t<div class=\"elementor-column elementor-col-16 elementor-top-column elementor-element elementor-element-bdfa2e8\" data-id=\"bdfa2e8\" data-element_type=\"column\">\n\t\t\t<div class=\"elementor-widget-wrap\">\n\t\t\t\t\t\t\t<\/div>\n\t\t<\/div>\n\t\t\t\t\t<\/div>\n\t\t<\/section>\n\t\t\t\t<section class=\"elementor-section elementor-top-section elementor-element elementor-element-a9174dc elementor-section-full_width iconosportadasec ajuntament elementor-section-height-default elementor-section-height-default\" data-id=\"a9174dc\" data-element_type=\"section\">\n\t\t\t\t\t\t<div class=\"elementor-container elementor-column-gap-narrow\">\n\t\t\t\t\t<div class=\"elementor-column elementor-col-16 elementor-top-column elementor-element elementor-element-4179397\" data-id=\"4179397\" data-element_type=\"column\">\n\t\t\t<div class=\"elementor-widget-wrap\">\n\t\t\t\t\t\t\t<\/div>\n\t\t<\/div>\n\t\t\t\t<div class=\"elementor-column elementor-col-16 elementor-top-column elementor-element elementor-element-4eb8738\" data-id=\"4eb8738\" data-element_type=\"column\">\n\t\t\t<div class=\"elementor-widget-wrap elementor-element-populated\">\n\t\t\t\t\t\t<div class=\"elementor-element elementor-element-283a314 elementor-widget elementor-widget-image\" data-id=\"283a314\" data-element_type=\"widget\" data-widget_type=\"image.default\">\n\t\t\t\t<div class=\"elementor-widget-container\">\n\t\t\t\t\t\t\t\t\t\t\t\t\t\t\t\t<a href=\"https:\/\/alzira.es\/serveis-municipals\/servici-demergencia-climatica-i-projectes-estrategics\/plans\/\">\n\t\t\t\t\t\t\t<img decoding=\"async\" width=\"533\" height=\"533\" data-src=\"https:\/\/alzira.es\/wp-content\/uploads\/2026\/03\/plans.png\" class=\"attachment-full size-full wp-image-169467 lazyload\" alt=\"Plans\" data-srcset=\"https:\/\/alzira.es\/wp-content\/uploads\/2026\/03\/plans.png 533w, https:\/\/alzira.es\/wp-content\/uploads\/2026\/03\/plans-510x510.png 510w, https:\/\/alzira.es\/wp-content\/uploads\/2026\/03\/plans-350x350.png 350w, https:\/\/alzira.es\/wp-content\/uploads\/2026\/03\/plans-300x300.png 300w, https:\/\/alzira.es\/wp-content\/uploads\/2026\/03\/plans-100x100.png 100w\" data-sizes=\"100vw\" src=\"data:image\/svg+xml;base64,PHN2ZyB3aWR0aD0iMSIgaGVpZ2h0PSIxIiB4bWxucz0iaHR0cDovL3d3dy53My5vcmcvMjAwMC9zdmciPjwvc3ZnPg==\" style=\"--smush-placeholder-width: 533px; --smush-placeholder-aspect-ratio: 533\/533;\" \/>\t\t\t\t\t\t\t\t<\/a>\n\t\t\t\t\t\t\t\t\t\t\t\t\t\t\t<\/div>\n\t\t\t\t<\/div>\n\t\t\t\t<div class=\"elementor-element elementor-element-cbe57bf elementor-widget elementor-widget-heading\" data-id=\"cbe57bf\" data-element_type=\"widget\" data-widget_type=\"heading.default\">\n\t\t\t\t<div class=\"elementor-widget-container\">\n\t\t\t\t\t<h5 class=\"elementor-heading-title elementor-size-default\"><a href=\"https:\/\/alzira.es\/serveis-municipals\/servici-demergencia-climatica-i-projectes-estrategics\/plans\/\">Plans<\/a><\/h5>\t\t\t\t<\/div>\n\t\t\t\t<\/div>\n\t\t\t\t\t<\/div>\n\t\t<\/div>\n\t\t\t\t<div class=\"elementor-column elementor-col-16 elementor-top-column elementor-element elementor-element-ae851be\" data-id=\"ae851be\" data-element_type=\"column\">\n\t\t\t<div class=\"elementor-widget-wrap elementor-element-populated\">\n\t\t\t\t\t\t<div class=\"elementor-element elementor-element-7634b31 elementor-widget elementor-widget-image\" data-id=\"7634b31\" data-element_type=\"widget\" data-widget_type=\"image.default\">\n\t\t\t\t<div class=\"elementor-widget-container\">\n\t\t\t\t\t\t\t\t\t\t\t\t\t\t\t\t<a href=\"https:\/\/alzira.es\/serveis-municipals\/servici-demergencia-climatica-i-projectes-estrategics\/espais-naturals\/\">\n\t\t\t\t\t\t\t<img decoding=\"async\" width=\"410\" height=\"410\" data-src=\"https:\/\/alzira.es\/wp-content\/uploads\/2026\/03\/espais-naturals.png\" class=\"attachment-full size-full wp-image-169469 lazyload\" alt=\"Espais Naturals\" data-srcset=\"https:\/\/alzira.es\/wp-content\/uploads\/2026\/03\/espais-naturals.png 410w, https:\/\/alzira.es\/wp-content\/uploads\/2026\/03\/espais-naturals-350x350.png 350w, https:\/\/alzira.es\/wp-content\/uploads\/2026\/03\/espais-naturals-300x300.png 300w, https:\/\/alzira.es\/wp-content\/uploads\/2026\/03\/espais-naturals-100x100.png 100w\" data-sizes=\"100vw\" src=\"data:image\/svg+xml;base64,PHN2ZyB3aWR0aD0iMSIgaGVpZ2h0PSIxIiB4bWxucz0iaHR0cDovL3d3dy53My5vcmcvMjAwMC9zdmciPjwvc3ZnPg==\" style=\"--smush-placeholder-width: 410px; --smush-placeholder-aspect-ratio: 410\/410;\" \/>\t\t\t\t\t\t\t\t<\/a>\n\t\t\t\t\t\t\t\t\t\t\t\t\t\t\t<\/div>\n\t\t\t\t<\/div>\n\t\t\t\t<div class=\"elementor-element elementor-element-82e3f68 elementor-widget elementor-widget-heading\" data-id=\"82e3f68\" data-element_type=\"widget\" data-widget_type=\"heading.default\">\n\t\t\t\t<div class=\"elementor-widget-container\">\n\t\t\t\t\t<h5 class=\"elementor-heading-title elementor-size-default\"><a href=\"https:\/\/alzira.es\/serveis-municipals\/servici-demergencia-climatica-i-projectes-estrategics\/espais-naturals\/\">Espais Naturals<\/a><\/h5>\t\t\t\t<\/div>\n\t\t\t\t<\/div>\n\t\t\t\t\t<\/div>\n\t\t<\/div>\n\t\t\t\t<div class=\"elementor-column elementor-col-16 elementor-top-column elementor-element elementor-element-72ac45a\" data-id=\"72ac45a\" data-element_type=\"column\">\n\t\t\t<div class=\"elementor-widget-wrap elementor-element-populated\">\n\t\t\t\t\t\t<div class=\"elementor-element elementor-element-d0786c5 elementor-widget elementor-widget-image\" data-id=\"d0786c5\" data-element_type=\"widget\" data-widget_type=\"image.default\">\n\t\t\t\t<div class=\"elementor-widget-container\">\n\t\t\t\t\t\t\t\t\t\t\t\t\t\t\t\t<a href=\"https:\/\/alzira.es\/serveis-municipals\/servici-demergencia-climatica-i-projectes-estrategics\/jornades-i-esdeveniments\/\">\n\t\t\t\t\t\t\t<img decoding=\"async\" width=\"1715\" height=\"1715\" data-src=\"https:\/\/alzira.es\/wp-content\/uploads\/2026\/03\/jornades-i-esdeveniments.png\" class=\"attachment-full size-full wp-image-169471 lazyload\" alt=\"Jornades i Esdeveniments\" data-srcset=\"https:\/\/alzira.es\/wp-content\/uploads\/2026\/03\/jornades-i-esdeveniments.png 1715w, https:\/\/alzira.es\/wp-content\/uploads\/2026\/03\/jornades-i-esdeveniments-510x510.png 510w, https:\/\/alzira.es\/wp-content\/uploads\/2026\/03\/jornades-i-esdeveniments-1072x1072.png 1072w, https:\/\/alzira.es\/wp-content\/uploads\/2026\/03\/jornades-i-esdeveniments-350x350.png 350w, https:\/\/alzira.es\/wp-content\/uploads\/2026\/03\/jornades-i-esdeveniments-768x768.png 768w, https:\/\/alzira.es\/wp-content\/uploads\/2026\/03\/jornades-i-esdeveniments-300x300.png 300w, https:\/\/alzira.es\/wp-content\/uploads\/2026\/03\/jornades-i-esdeveniments-1536x1536.png 1536w, https:\/\/alzira.es\/wp-content\/uploads\/2026\/03\/jornades-i-esdeveniments-100x100.png 100w\" data-sizes=\"100vw\" src=\"data:image\/svg+xml;base64,PHN2ZyB3aWR0aD0iMSIgaGVpZ2h0PSIxIiB4bWxucz0iaHR0cDovL3d3dy53My5vcmcvMjAwMC9zdmciPjwvc3ZnPg==\" style=\"--smush-placeholder-width: 1715px; --smush-placeholder-aspect-ratio: 1715\/1715;\" \/>\t\t\t\t\t\t\t\t<\/a>\n\t\t\t\t\t\t\t\t\t\t\t\t\t\t\t<\/div>\n\t\t\t\t<\/div>\n\t\t\t\t<div class=\"elementor-element elementor-element-7333a61 elementor-widget elementor-widget-heading\" data-id=\"7333a61\" data-element_type=\"widget\" data-widget_type=\"heading.default\">\n\t\t\t\t<div class=\"elementor-widget-container\">\n\t\t\t\t\t<h5 class=\"elementor-heading-title elementor-size-default\"><a href=\"https:\/\/alzira.es\/serveis-municipals\/servici-demergencia-climatica-i-projectes-estrategics\/jornades-i-esdeveniments\/\">Jornades i Esdeveniments<\/a><\/h5>\t\t\t\t<\/div>\n\t\t\t\t<\/div>\n\t\t\t\t\t<\/div>\n\t\t<\/div>\n\t\t\t\t<div class=\"elementor-column elementor-col-16 elementor-top-column elementor-element elementor-element-4e893f5\" data-id=\"4e893f5\" data-element_type=\"column\">\n\t\t\t<div class=\"elementor-widget-wrap elementor-element-populated\">\n\t\t\t\t\t\t<div class=\"elementor-element elementor-element-6544713 elementor-widget elementor-widget-image\" data-id=\"6544713\" data-element_type=\"widget\" data-widget_type=\"image.default\">\n\t\t\t\t<div class=\"elementor-widget-container\">\n\t\t\t\t\t\t\t\t\t\t\t\t\t\t\t\t<a href=\"https:\/\/alzira.es\/serveis-municipals\/servici-demergencia-climatica-i-projectes-estrategics\/normatives\/\">\n\t\t\t\t\t\t\t<img decoding=\"async\" width=\"533\" height=\"533\" data-src=\"https:\/\/alzira.es\/wp-content\/uploads\/2026\/03\/normatives.png\" class=\"attachment-full size-full wp-image-169473 lazyload\" alt=\"Normatives\" data-srcset=\"https:\/\/alzira.es\/wp-content\/uploads\/2026\/03\/normatives.png 533w, https:\/\/alzira.es\/wp-content\/uploads\/2026\/03\/normatives-510x510.png 510w, https:\/\/alzira.es\/wp-content\/uploads\/2026\/03\/normatives-350x350.png 350w, https:\/\/alzira.es\/wp-content\/uploads\/2026\/03\/normatives-300x300.png 300w, https:\/\/alzira.es\/wp-content\/uploads\/2026\/03\/normatives-100x100.png 100w\" data-sizes=\"100vw\" src=\"data:image\/svg+xml;base64,PHN2ZyB3aWR0aD0iMSIgaGVpZ2h0PSIxIiB4bWxucz0iaHR0cDovL3d3dy53My5vcmcvMjAwMC9zdmciPjwvc3ZnPg==\" style=\"--smush-placeholder-width: 533px; --smush-placeholder-aspect-ratio: 533\/533;\" \/>\t\t\t\t\t\t\t\t<\/a>\n\t\t\t\t\t\t\t\t\t\t\t\t\t\t\t<\/div>\n\t\t\t\t<\/div>\n\t\t\t\t<div class=\"elementor-element elementor-element-eb22d3a elementor-widget elementor-widget-heading\" data-id=\"eb22d3a\" data-element_type=\"widget\" data-widget_type=\"heading.default\">\n\t\t\t\t<div class=\"elementor-widget-container\">\n\t\t\t\t\t<h5 class=\"elementor-heading-title elementor-size-default\"><a href=\"https:\/\/alzira.es\/serveis-municipals\/servici-demergencia-climatica-i-projectes-estrategics\/normatives\/\">Normatives<\/a><\/h5>\t\t\t\t<\/div>\n\t\t\t\t<\/div>\n\t\t\t\t\t<\/div>\n\t\t<\/div>\n\t\t\t\t<div class=\"elementor-column elementor-col-16 elementor-top-column elementor-element elementor-element-11c1292\" data-id=\"11c1292\" data-element_type=\"column\">\n\t\t\t<div class=\"elementor-widget-wrap\">\n\t\t\t\t\t\t\t<\/div>\n\t\t<\/div>\n\t\t\t\t\t<\/div>\n\t\t<\/section>\n\t\t\t\t<\/div>\n\t\t","protected":false},"excerpt":{"rendered":"<p>Emerg\u00e8ncia Clim\u00e0tica Resil\u00e8ncia Agenda Urbana Projectes Estrat\u00e8gics i Europeus Plans Espais Naturals Jornades i Esdeveniments Normatives<\/p>\n","protected":false},"author":29,"featured_media":0,"parent":60847,"menu_order":0,"comment_status":"closed","ping_status":"closed","template":"","meta":{"_acf_changed":false,"footnotes":""},"class_list":["post-169513","page","type-page","status-publish","hentry"],"acf":[],"_links":{"self":[{"href":"https:\/\/alzira.es\/es\/wp-json\/wp\/v2\/pages\/169513","targetHints":{"allow":["GET"]}}],"collection":[{"href":"https:\/\/alzira.es\/es\/wp-json\/wp\/v2\/pages"}],"about":[{"href":"https:\/\/alzira.es\/es\/wp-json\/wp\/v2\/types\/page"}],"author":[{"embeddable":true,"href":"https:\/\/alzira.es\/es\/wp-json\/wp\/v2\/users\/29"}],"replies":[{"embeddable":true,"href":"https:\/\/alzira.es\/es\/wp-json\/wp\/v2\/comments?post=169513"}],"version-history":[{"count":2,"href":"https:\/\/alzira.es\/es\/wp-json\/wp\/v2\/pages\/169513\/revisions"}],"predecessor-version":[{"id":169608,"href":"https:\/\/alzira.es\/es\/wp-json\/wp\/v2\/pages\/169513\/revisions\/169608"}],"up":[{"embeddable":true,"href":"https:\/\/alzira.es\/es\/wp-json\/wp\/v2\/pages\/60847"}],"wp:attachment":[{"href":"https:\/\/alzira.es\/es\/wp-json\/wp\/v2\/media?parent=169513"}],"curies":[{"name":"wp","href":"https:\/\/api.w.org\/{rel}","templated":true}]}}