{"id":168727,"date":"2026-03-10T12:17:23","date_gmt":"2026-03-10T11:17:23","guid":{"rendered":"https:\/\/alzira.es\/?page_id=168727"},"modified":"2026-03-11T13:59:28","modified_gmt":"2026-03-11T12:59:28","slug":"liquidacion-2025","status":"publish","type":"page","link":"https:\/\/alzira.es\/es\/servicios-municipales\/economia-y-recaudacion\/intervencion\/liquidacion\/liquidacion-2025\/","title":{"rendered":"Liquidaci\u00f3n 2025"},"content":{"rendered":"\t\t<div data-elementor-type=\"wp-page\" data-elementor-id=\"168727\" class=\"elementor elementor-168727 elementor-168726\">\n\t\t\t\t\t\t<section class=\"elementor-section elementor-top-section elementor-element elementor-element-09650b1 elementor-section-boxed elementor-section-height-default elementor-section-height-default\" data-id=\"09650b1\" data-element_type=\"section\">\n\t\t\t\t\t\t<div class=\"elementor-container elementor-column-gap-default\">\n\t\t\t\t\t<div class=\"elementor-column elementor-col-100 elementor-top-column elementor-element elementor-element-5af3b4f\" data-id=\"5af3b4f\" data-element_type=\"column\">\n\t\t\t<div class=\"elementor-widget-wrap elementor-element-populated\">\n\t\t\t\t\t\t<div class=\"elementor-element elementor-element-d4de310 elementor-widget elementor-widget-text-editor\" data-id=\"d4de310\" data-element_type=\"widget\" data-widget_type=\"text-editor.default\">\n\t\t\t\t<div class=\"elementor-widget-container\">\n\t\t\t\t\t\t\t\t\t<p>4El presupuesto de cada ejercicio se liquidara en cuanto a la recaudaci\u00f3n de derechos y al pago de obligaciones el 31 de diciembre del a\u00f1o natural correspondiente. Quedar\u00e1 a cargo de la tesorer\u00eda local los ingresos y pagos pendientes, seg\u00fan sus respectivas contracciones.<\/p>\n<p>Las obligaciones reconocidas y liquidadas no satisfechas el \u00faltimo d\u00eda del ejercicio, los derechos pendientes de cobro y los fondos l\u00edquidos a 31 de diciembre configurar\u00e1n el remanente de tesorer\u00eda de la entidad local. La cuantificaci\u00f3n del remanente de tesorer\u00eda habr\u00e1 de realizarse teniendo en cuenta los posibles ingresos afectados y minorando de acuerdo con lo que reglamentariamente se establezca los derechos pendientes de cobro que se consideren de dif\u00edcil o imposible recaudaci\u00f3n.<\/p>\n<p>Las entidades locales habr\u00e1n de confeccionar la liquidaci\u00f3n del su presupuesto antes del primer d\u00eda de marzo del ejercicio siguiente.<\/p>\n<p>La aprobaci\u00f3n de la liquidaci\u00f3n del presupuesto corresponde al presidente de la entidad local, previo informe de la Intervenci\u00f3n.<\/p>\n<table style=\"width: 600px;\" role=\"table\" aria-label=\"Estado liquidaci\u00f3n 2025\">\n<tbody>\n<tr>\n<td style=\"text-align: center;\" colspan=\"5\">Estado liquidaci\u00f3n 2025<\/td>\n<\/tr>\n<tr>\n<td style=\"text-align: center;\" colspan=\"2\">Ingresos<\/td>\n<td style=\"text-align: center;\" colspan=\"3\">Gastos<\/td>\n<\/tr>\n<tr>\n<td style=\"text-align: center;\"><a href=\"https:\/\/alzira.es\/wp-content\/uploads\/2023\/03\/B_Liquidacio_gastos_resum_economica-1.pdf\" target=\"_blank\">Cap\u00edtulos<\/a><\/td>\n<td style=\"text-align: center;\"><a href=\"https:\/\/alzira.es\/wp-content\/uploads\/2023\/03\/B_Liquidacio_ingressos_aplicacions.pdf\" target=\"_blank\">Aplicaciones<\/a><a href=\"https:\/\/alzira.es\/wp-content\/uploads\/2023\/03\/B_Liquidacio_ingressos_detall-2.pdf\" aria-hidden=\"true\" tabindex=\"-1\">&nbsp;&nbsp;<\/a><\/td>\n<td style=\"text-align: center;\"><a href=\"https:\/\/alzira.es\/wp-content\/uploads\/2023\/03\/B_Liquidacio_gastos_economica_resum-1.pdf\">Cap\u00edtulos<\/a><\/td>\n<td style=\"text-align: center;\"><a href=\"https:\/\/alzira.es\/wp-content\/uploads\/2023\/03\/B_Liquidacio_gastos_detall_programes.pdf\">\u00c1reas de gasto<\/a><\/td>\n<td style=\"text-align: center;\"><a href=\"https:\/\/alzira.es\/wp-content\/uploads\/2023\/03\/B_Liquidacio_gastos_detall_economica.pdf\">Aplicaciones<\/a><\/td>\n<\/tr>\n<tr>\n<td style=\"text-align: center;\" colspan=\"5\">&nbsp;<\/td>\n<\/tr>\n<tr>\n<td style=\"text-align: center;\" colspan=\"5\"><a href=\"https:\/\/alzira.es\/wp-content\/uploads\/2023\/03\/G_Romanent_tresoreria_ajustat.pdf\">Remanente de tesorer\u00eda<\/a><\/td>\n<\/tr>\n<tr>\n<td style=\"text-align: center;\" colspan=\"5\"><a href=\"https:\/\/alzira.es\/wp-content\/uploads\/2023\/03\/G_Resultat_pressupostari-2.pdf\" target=\"_blank\">Resultado presupuestaria<\/a><\/td>\n<\/tr>\n<tr>\n<td style=\"text-align: center;\" colspan=\"5\">&nbsp;<\/td>\n<\/tr>\n<tr>\n<td style=\"text-align: center;\" colspan=\"5\"><a href=\"https:\/\/alzira.es\/wp-content\/uploads\/2023\/03\/0227d0327-LIQUIDACIO-PRESSUPOST-2025.pdf\">Decreto 327\/2026 &#8211; Aprobaci\u00f3n liquidaci\u00f3n<\/a><\/td>\n<\/tr>\n<tr>\n<td style=\"text-align: center;\" colspan=\"5\"><a href=\"https:\/\/alzira.es\/wp-content\/uploads\/2023\/03\/A_Informe_regles_fiscals_liquidacio_2025.docx.pdf\" target=\"_blank\">Informe estabilidad, c\u00e1lculo ahorro neto y regla del gasto<\/a><\/td>\n<\/tr>\n<tr>\n<td style=\"text-align: center;\" colspan=\"5\"><br><\/td>\n<\/tr>\n<tr>\n<td style=\"text-align: center;\" colspan=\"5\"><a href=\"https:\/\/alzira.es\/wp-content\/uploads\/2023\/03\/A_Informe_Intervencio_liquidacio_pressupost_2025.docx.pdf\" target=\"_blank\">Informe Intervenci\u00f3n liquidaci\u00f3n 2025<\/a><\/td>\n<\/tr>\n<\/tbody>\n<\/table>\t\t\t\t\t\t\t\t<\/div>\n\t\t\t\t<\/div>\n\t\t\t\t\t<\/div>\n\t\t<\/div>\n\t\t\t\t\t<\/div>\n\t\t<\/section>\n\t\t\t\t<\/div>\n\t\t","protected":false},"excerpt":{"rendered":"<p>4El presupuesto de cada ejercicio se liquidara en cuanto a la recaudaci\u00f3n de derechos y al pago de obligaciones el 31 de diciembre del a\u00f1o natural correspondiente. Quedar\u00e1 a cargo de la tesorer\u00eda local los ingresos y pagos pendientes, seg\u00fan sus respectivas contracciones. Las obligaciones reconocidas y liquidadas no satisfechas el \u00faltimo d\u00eda del ejercicio, &hellip; <\/p>\n<p class=\"link-more\"><a href=\"https:\/\/alzira.es\/es\/servicios-municipales\/economia-y-recaudacion\/intervencion\/liquidacion\/liquidacion-2025\/\" class=\"more-link\">Continuar leyendo<span class=\"screen-reader-text\"> \u00abLiquidaci\u00f3n 2025\u00bb<\/span><\/a><\/p>\n","protected":false},"author":37,"featured_media":0,"parent":111126,"menu_order":0,"comment_status":"closed","ping_status":"closed","template":"","meta":{"_acf_changed":false,"footnotes":""},"class_list":["post-168727","page","type-page","status-publish","hentry"],"acf":[],"_links":{"self":[{"href":"https:\/\/alzira.es\/es\/wp-json\/wp\/v2\/pages\/168727","targetHints":{"allow":["GET"]}}],"collection":[{"href":"https:\/\/alzira.es\/es\/wp-json\/wp\/v2\/pages"}],"about":[{"href":"https:\/\/alzira.es\/es\/wp-json\/wp\/v2\/types\/page"}],"author":[{"embeddable":true,"href":"https:\/\/alzira.es\/es\/wp-json\/wp\/v2\/users\/37"}],"replies":[{"embeddable":true,"href":"https:\/\/alzira.es\/es\/wp-json\/wp\/v2\/comments?post=168727"}],"version-history":[{"count":2,"href":"https:\/\/alzira.es\/es\/wp-json\/wp\/v2\/pages\/168727\/revisions"}],"predecessor-version":[{"id":168819,"href":"https:\/\/alzira.es\/es\/wp-json\/wp\/v2\/pages\/168727\/revisions\/168819"}],"up":[{"embeddable":true,"href":"https:\/\/alzira.es\/es\/wp-json\/wp\/v2\/pages\/111126"}],"wp:attachment":[{"href":"https:\/\/alzira.es\/es\/wp-json\/wp\/v2\/media?parent=168727"}],"curies":[{"name":"wp","href":"https:\/\/api.w.org\/{rel}","templated":true}]}}