{"id":168651,"date":"2026-03-06T16:42:14","date_gmt":"2026-03-06T15:42:14","guid":{"rendered":"https:\/\/alzira.es\/sede-electronica\/perfil-contratante\/planes-anuales-y-memorias-de-contratacion\/"},"modified":"2026-03-06T16:56:25","modified_gmt":"2026-03-06T15:56:25","slug":"planes-anuales-y-memorias-de-contratacion","status":"publish","type":"page","link":"https:\/\/alzira.es\/es\/sede-electronica\/perfil-contratante\/planes-anuales-y-memorias-de-contratacion\/","title":{"rendered":"Planes anuales y memorias de contrataci\u00f3n"},"content":{"rendered":"\t\t<div data-elementor-type=\"wp-page\" data-elementor-id=\"168651\" class=\"elementor elementor-168651 elementor-168638\">\n\t\t\t\t\t\t<section class=\"elementor-section elementor-top-section elementor-element elementor-element-fcee3d0 elementor-section-boxed elementor-section-height-default elementor-section-height-default\" data-id=\"fcee3d0\" data-element_type=\"section\">\n\t\t\t\t\t\t<div class=\"elementor-container elementor-column-gap-default\">\n\t\t\t\t\t<div class=\"elementor-column elementor-col-100 elementor-top-column elementor-element elementor-element-0cdcba7\" data-id=\"0cdcba7\" data-element_type=\"column\">\n\t\t\t<div class=\"elementor-widget-wrap elementor-element-populated\">\n\t\t\t\t\t\t<div class=\"elementor-element elementor-element-1e19155 elementor-widget elementor-widget-text-editor\" data-id=\"1e19155\" data-element_type=\"widget\" data-widget_type=\"text-editor.default\">\n\t\t\t\t<div class=\"elementor-widget-container\">\n\t\t\t\t\t\t\t\t\t<p><a href=\"https:\/\/alzira.es\/wp-content\/uploads\/2026\/03\/memoria-oficina-de-contractacio-2025.pdf\" target=\"_blank\" rel=\"noopener\"><img decoding=\"async\" class=\"size-full wp-image-54216 alignnone lazyload\" data-src=\"https:\/\/alzira.es\/wp-content\/uploads\/2021\/04\/pdf_rojo.jpg\" alt=\"descarregar\" width=\"30\" height=\"25\" src=\"data:image\/svg+xml;base64,PHN2ZyB3aWR0aD0iMSIgaGVpZ2h0PSIxIiB4bWxucz0iaHR0cDovL3d3dy53My5vcmcvMjAwMC9zdmciPjwvc3ZnPg==\" style=\"--smush-placeholder-width: 30px; --smush-placeholder-aspect-ratio: 30\/25;\" \/> Memoria de la Oficina de Contrataci\u00f3n 2025<\/a><br \/>\n<a href=\"https:\/\/alzira.es\/wp-content\/uploads\/2026\/01\/pla_anual_contractacio.pdf\" target=\"_blank\" rel=\"noopener\"><img decoding=\"async\" class=\"size-full wp-image-54216 alignnone lazyload\" data-src=\"https:\/\/alzira.es\/wp-content\/uploads\/2021\/04\/pdf_rojo.jpg\" alt=\"descarregar\" width=\"30\" height=\"25\" src=\"data:image\/svg+xml;base64,PHN2ZyB3aWR0aD0iMSIgaGVpZ2h0PSIxIiB4bWxucz0iaHR0cDovL3d3dy53My5vcmcvMjAwMC9zdmciPjwvc3ZnPg==\" style=\"--smush-placeholder-width: 30px; --smush-placeholder-aspect-ratio: 30\/25;\" \/> Aprobaci\u00f3n del Plan Anual de Contrataci\u00f3n de 2026 del Ayuntamiento de Alzira<\/a><\/p>\n\t\t\t\t\t\t\t\t<\/div>\n\t\t\t\t<\/div>\n\t\t\t\t\t<\/div>\n\t\t<\/div>\n\t\t\t\t\t<\/div>\n\t\t<\/section>\n\t\t\t\t<\/div>\n\t\t","protected":false},"excerpt":{"rendered":"<p>Memoria de la Oficina de Contrataci\u00f3n 2025 Aprobaci\u00f3n del Plan Anual de Contrataci\u00f3n de 2026 del Ayuntamiento de Alzira<\/p>\n","protected":false},"author":29,"featured_media":0,"parent":34371,"menu_order":0,"comment_status":"closed","ping_status":"closed","template":"","meta":{"_acf_changed":false,"footnotes":""},"class_list":["post-168651","page","type-page","status-publish","hentry"],"acf":[],"_links":{"self":[{"href":"https:\/\/alzira.es\/es\/wp-json\/wp\/v2\/pages\/168651","targetHints":{"allow":["GET"]}}],"collection":[{"href":"https:\/\/alzira.es\/es\/wp-json\/wp\/v2\/pages"}],"about":[{"href":"https:\/\/alzira.es\/es\/wp-json\/wp\/v2\/types\/page"}],"author":[{"embeddable":true,"href":"https:\/\/alzira.es\/es\/wp-json\/wp\/v2\/users\/29"}],"replies":[{"embeddable":true,"href":"https:\/\/alzira.es\/es\/wp-json\/wp\/v2\/comments?post=168651"}],"version-history":[{"count":1,"href":"https:\/\/alzira.es\/es\/wp-json\/wp\/v2\/pages\/168651\/revisions"}],"predecessor-version":[{"id":168652,"href":"https:\/\/alzira.es\/es\/wp-json\/wp\/v2\/pages\/168651\/revisions\/168652"}],"up":[{"embeddable":true,"href":"https:\/\/alzira.es\/es\/wp-json\/wp\/v2\/pages\/34371"}],"wp:attachment":[{"href":"https:\/\/alzira.es\/es\/wp-json\/wp\/v2\/media?parent=168651"}],"curies":[{"name":"wp","href":"https:\/\/api.w.org\/{rel}","templated":true}]}}