{"id":168615,"date":"2026-03-06T12:13:42","date_gmt":"2026-03-06T11:13:42","guid":{"rendered":"https:\/\/alzira.es\/servicios-municipales\/la-clau\/prop\/"},"modified":"2026-03-06T12:18:05","modified_gmt":"2026-03-06T11:18:05","slug":"prop","status":"publish","type":"page","link":"https:\/\/alzira.es\/es\/servicios-municipales\/la-clau\/prop\/","title":{"rendered":"PROP"},"content":{"rendered":"\t\t<div data-elementor-type=\"wp-page\" data-elementor-id=\"168615\" class=\"elementor elementor-168615 elementor-168604\">\n\t\t\t\t\t\t<section class=\"elementor-section elementor-top-section elementor-element elementor-element-1bf524e elementor-section-boxed elementor-section-height-default elementor-section-height-default\" data-id=\"1bf524e\" data-element_type=\"section\">\n\t\t\t\t\t\t<div class=\"elementor-container elementor-column-gap-default\">\n\t\t\t\t\t<div class=\"elementor-column elementor-col-100 elementor-top-column elementor-element elementor-element-12bfd98\" data-id=\"12bfd98\" data-element_type=\"column\">\n\t\t\t<div class=\"elementor-widget-wrap elementor-element-populated\">\n\t\t\t\t\t\t<div class=\"elementor-element elementor-element-f6e8a97 elementor-widget elementor-widget-text-editor\" data-id=\"f6e8a97\" data-element_type=\"widget\" data-widget_type=\"text-editor.default\">\n\t\t\t\t<div class=\"elementor-widget-container\">\n\t\t\t\t\t\t\t\t\t<p><a href=\"https:\/\/alzira.es\/wp-content\/uploads\/2026\/03\/prop.png\"><img fetchpriority=\"high\" decoding=\"async\" class=\"aligncenter size-full wp-image-168606\" src=\"https:\/\/alzira.es\/wp-content\/uploads\/2026\/03\/prop.png\" alt=\"PROP\" width=\"499\" height=\"174\" \/><\/a><\/p>\n<p>La Generalitat dispone de una red de oficinas de atenci\u00f3n presencial que ofrecen ayuda y orientaci\u00f3n a la ciudadan\u00eda. En estas oficinas se presta asistencia para el uso de medios electr\u00f3nicos y se gu\u00eda en la localizaci\u00f3n de dependencias y el acceso a los diferentes \u00f3rganos de gesti\u00f3n.<\/p>\n<p>Tanto las oficinas PROP como la mayor\u00eda de los puntos PROP cuentan con un sistema de cita previa para mejorar la calidad de la atenci\u00f3n y disminuir los tiempos de espera.<\/p>\n<p><a href=\"https:\/\/citaprevia.alzira.es\/cp_prop\/#!\/es\/home?centro=1&amp;depto=3\" target=\"_blank\" rel=\"noopener\">Cita Previa<\/a><\/p>\n<p>Las oficinas PROP ofrecen los siguientes servicios:<\/p>\n<ul>\n<li>Informaci\u00f3n y orientaci\u00f3n general<\/li>\n<li>Asistencia en materia de registro<\/li>\n<li>Certificado electr\u00f3nico (firma digital y Cl@ve)<\/li>\n<li>Atenci\u00f3n en lengua de signos para la realizaci\u00f3n de tr\u00e1mites<\/li>\n<li><a href=\"https:\/\/sede.gva.es\/servici-autoprop\" target=\"_blank\" rel=\"noopener\">AutoPROP<\/a><\/li>\n<\/ul>\n<p>HORARIO DE ATENCI\u00d3N AL P\u00daBLICO es de lunes a viernes, de 09.00h a 14.00 h, excepto los d\u00edas declarados festivos por la Generalitat Valenciana.<\/p>\n<p>El Punto PROP de Alzira se encuentra ubicado en las oficinas de la Clau, en calle Rambla, 23.<\/p>\n\t\t\t\t\t\t\t\t<\/div>\n\t\t\t\t<\/div>\n\t\t\t\t\t<\/div>\n\t\t<\/div>\n\t\t\t\t\t<\/div>\n\t\t<\/section>\n\t\t\t\t<\/div>\n\t\t","protected":false},"excerpt":{"rendered":"<p>La Generalitat dispone de una red de oficinas de atenci\u00f3n presencial que ofrecen ayuda y orientaci\u00f3n a la ciudadan\u00eda. En estas oficinas se presta asistencia para el uso de medios electr\u00f3nicos y se gu\u00eda en la localizaci\u00f3n de dependencias y el acceso a los diferentes \u00f3rganos de gesti\u00f3n. Tanto las oficinas PROP como la mayor\u00eda &hellip; <\/p>\n<p class=\"link-more\"><a href=\"https:\/\/alzira.es\/es\/servicios-municipales\/la-clau\/prop\/\" class=\"more-link\">Continuar leyendo<span class=\"screen-reader-text\"> \u00abPROP\u00bb<\/span><\/a><\/p>\n","protected":false},"author":29,"featured_media":0,"parent":86254,"menu_order":0,"comment_status":"closed","ping_status":"closed","template":"","meta":{"_acf_changed":false,"footnotes":""},"class_list":["post-168615","page","type-page","status-publish","hentry"],"acf":[],"_links":{"self":[{"href":"https:\/\/alzira.es\/es\/wp-json\/wp\/v2\/pages\/168615","targetHints":{"allow":["GET"]}}],"collection":[{"href":"https:\/\/alzira.es\/es\/wp-json\/wp\/v2\/pages"}],"about":[{"href":"https:\/\/alzira.es\/es\/wp-json\/wp\/v2\/types\/page"}],"author":[{"embeddable":true,"href":"https:\/\/alzira.es\/es\/wp-json\/wp\/v2\/users\/29"}],"replies":[{"embeddable":true,"href":"https:\/\/alzira.es\/es\/wp-json\/wp\/v2\/comments?post=168615"}],"version-history":[{"count":2,"href":"https:\/\/alzira.es\/es\/wp-json\/wp\/v2\/pages\/168615\/revisions"}],"predecessor-version":[{"id":168618,"href":"https:\/\/alzira.es\/es\/wp-json\/wp\/v2\/pages\/168615\/revisions\/168618"}],"up":[{"embeddable":true,"href":"https:\/\/alzira.es\/es\/wp-json\/wp\/v2\/pages\/86254"}],"wp:attachment":[{"href":"https:\/\/alzira.es\/es\/wp-json\/wp\/v2\/media?parent=168615"}],"curies":[{"name":"wp","href":"https:\/\/api.w.org\/{rel}","templated":true}]}}