{"id":168596,"date":"2026-03-06T12:00:40","date_gmt":"2026-03-06T11:00:40","guid":{"rendered":"https:\/\/alzira.es\/servicios-municipales\/la-clau\/pic-certificado-catastral\/"},"modified":"2026-03-06T12:21:08","modified_gmt":"2026-03-06T11:21:08","slug":"pic-certificado-catastral","status":"publish","type":"page","link":"https:\/\/alzira.es\/es\/servicios-municipales\/la-clau\/pic-certificado-catastral\/","title":{"rendered":"PIC: CERTIFICADO CATASTRAL"},"content":{"rendered":"\t\t<div data-elementor-type=\"wp-page\" data-elementor-id=\"168596\" class=\"elementor elementor-168596 elementor-168582\">\n\t\t\t\t\t\t<section class=\"elementor-section elementor-top-section elementor-element elementor-element-19dfcc8 elementor-section-boxed elementor-section-height-default elementor-section-height-default\" data-id=\"19dfcc8\" data-element_type=\"section\">\n\t\t\t\t\t\t<div class=\"elementor-container elementor-column-gap-default\">\n\t\t\t\t\t<div class=\"elementor-column elementor-col-100 elementor-top-column elementor-element elementor-element-583d3bf\" data-id=\"583d3bf\" data-element_type=\"column\">\n\t\t\t<div class=\"elementor-widget-wrap elementor-element-populated\">\n\t\t\t\t\t\t<div class=\"elementor-element elementor-element-13bedbc elementor-widget elementor-widget-text-editor\" data-id=\"13bedbc\" data-element_type=\"widget\" data-widget_type=\"text-editor.default\">\n\t\t\t\t<div class=\"elementor-widget-container\">\n\t\t\t\t\t\t\t\t\t<p><a href=\"https:\/\/www1.sedecatastro.gob.es\/\" target=\"_blank\" rel=\"noopener\"><img decoding=\"async\" class=\"aligncenter size-full wp-image-168588 lazyload\" data-src=\"https:\/\/alzira.es\/wp-content\/uploads\/2026\/03\/logosedegrande.png\" alt=\"Seu Electr\u00f2nica del Cadastre\" width=\"592\" height=\"75\" src=\"data:image\/svg+xml;base64,PHN2ZyB3aWR0aD0iMSIgaGVpZ2h0PSIxIiB4bWxucz0iaHR0cDovL3d3dy53My5vcmcvMjAwMC9zdmciPjwvc3ZnPg==\" style=\"--smush-placeholder-width: 592px; --smush-placeholder-aspect-ratio: 592\/75;\" \/><\/a><\/p>\n<p>Las certificaciones catastrales son documentos que acreditan los datos f\u00edsicos, jur\u00eddicos y econ\u00f3micos de los bienes inmuebles que constan en el Catastro Inmobiliario, o bien la inexistencia de tales datos.<\/p>\n<p>Las certificaciones pueden ser descriptivas y gr\u00e1ficas o literales, seg\u00fan el tipo de datos que se pretenda obtener.<\/p>\n<p>Las certificaciones tendr\u00e1n validez de un a\u00f1o desde la fecha de su expedici\u00f3n siempre que durante ese plazo no se produzcan modificaciones en las circunstancias determinantes de su contenido.<\/p>\n<p>Cuando las certificaciones catastrales contengan datos protegidos, es decir, los que hacen referencia a la titularidad o al valor catastral, solamente podr\u00e1n ser solicitados por los titulares catastrales de cada inmueble.<\/p>\n<p>Asimismo, pueden ser solicitadas por:<\/p>\n<ul>\n<li>Quienes cuenten con el consentimiento expreso y por escrito de los titulares catastrales de cada inmueble.<\/li>\n<li>Los titulares catastrales de las parcelas colindantes, excepto al valor catastral.<\/li>\n<li>Los titulares o cotitulares de derechos de trascendencia real o de arrendamiento o aparcer\u00eda que recaigan sobre los bienes inmuebles inscritos en el Catastro<\/li>\n<li>Los herederos o sucesores<\/li>\n<\/ul>\n<p>Las certificaciones catastrales pueden ser solicitadas en las Gerencias del Catastro, en los Puntos de Informaci\u00f3n Catastral y en la Sede Electr\u00f3nica del Catastro (<a href=\"https:\/\/www1.sedecatastro.gob.es\/\" target=\"_blank\" rel=\"noopener\">Sede Electr\u00f3nica del Catastro &#8211; Inicio<\/a>)<\/p>\n<p>El Punto de Informaci\u00f3n Catastral en Alzira se encuentra ubicado en la Clau, en la Oficina de Atenci\u00f3n Ciudadana, sita en calle Rambla, 23.<\/p>\n\t\t\t\t\t\t\t\t<\/div>\n\t\t\t\t<\/div>\n\t\t\t\t\t<\/div>\n\t\t<\/div>\n\t\t\t\t\t<\/div>\n\t\t<\/section>\n\t\t\t\t<\/div>\n\t\t","protected":false},"excerpt":{"rendered":"<p>Las certificaciones catastrales son documentos que acreditan los datos f\u00edsicos, jur\u00eddicos y econ\u00f3micos de los bienes inmuebles que constan en el Catastro Inmobiliario, o bien la inexistencia de tales datos. Las certificaciones pueden ser descriptivas y gr\u00e1ficas o literales, seg\u00fan el tipo de datos que se pretenda obtener. Las certificaciones tendr\u00e1n validez de un a\u00f1o &hellip; <\/p>\n<p class=\"link-more\"><a href=\"https:\/\/alzira.es\/es\/servicios-municipales\/la-clau\/pic-certificado-catastral\/\" class=\"more-link\">Continuar leyendo<span class=\"screen-reader-text\"> \u00abPIC: CERTIFICADO CATASTRAL\u00bb<\/span><\/a><\/p>\n","protected":false},"author":29,"featured_media":0,"parent":86254,"menu_order":0,"comment_status":"closed","ping_status":"closed","template":"","meta":{"_acf_changed":false,"footnotes":""},"class_list":["post-168596","page","type-page","status-publish","hentry"],"acf":[],"_links":{"self":[{"href":"https:\/\/alzira.es\/es\/wp-json\/wp\/v2\/pages\/168596","targetHints":{"allow":["GET"]}}],"collection":[{"href":"https:\/\/alzira.es\/es\/wp-json\/wp\/v2\/pages"}],"about":[{"href":"https:\/\/alzira.es\/es\/wp-json\/wp\/v2\/types\/page"}],"author":[{"embeddable":true,"href":"https:\/\/alzira.es\/es\/wp-json\/wp\/v2\/users\/29"}],"replies":[{"embeddable":true,"href":"https:\/\/alzira.es\/es\/wp-json\/wp\/v2\/comments?post=168596"}],"version-history":[{"count":2,"href":"https:\/\/alzira.es\/es\/wp-json\/wp\/v2\/pages\/168596\/revisions"}],"predecessor-version":[{"id":168619,"href":"https:\/\/alzira.es\/es\/wp-json\/wp\/v2\/pages\/168596\/revisions\/168619"}],"up":[{"embeddable":true,"href":"https:\/\/alzira.es\/es\/wp-json\/wp\/v2\/pages\/86254"}],"wp:attachment":[{"href":"https:\/\/alzira.es\/es\/wp-json\/wp\/v2\/media?parent=168596"}],"curies":[{"name":"wp","href":"https:\/\/api.w.org\/{rel}","templated":true}]}}