{"id":168524,"date":"2026-03-04T12:30:53","date_gmt":"2026-03-04T11:30:53","guid":{"rendered":"https:\/\/alzira.es\/servicios-municipales\/la-clau\/certificat-digital-clve\/"},"modified":"2026-03-06T12:22:24","modified_gmt":"2026-03-06T11:22:24","slug":"certificat-digital-clve","status":"publish","type":"page","link":"https:\/\/alzira.es\/es\/servicios-municipales\/la-clau\/certificat-digital-clve\/","title":{"rendered":"Certificado digital \/ Cl@ve"},"content":{"rendered":"\t\t<div data-elementor-type=\"wp-page\" data-elementor-id=\"168524\" class=\"elementor elementor-168524 elementor-168512\">\n\t\t\t\t\t\t<section class=\"elementor-section elementor-top-section elementor-element elementor-element-a25ff01 elementor-section-boxed elementor-section-height-default elementor-section-height-default\" data-id=\"a25ff01\" data-element_type=\"section\">\n\t\t\t\t\t\t<div class=\"elementor-container elementor-column-gap-default\">\n\t\t\t\t\t<div class=\"elementor-column elementor-col-33 elementor-top-column elementor-element elementor-element-df097cc\" data-id=\"df097cc\" data-element_type=\"column\">\n\t\t\t<div class=\"elementor-widget-wrap elementor-element-populated\">\n\t\t\t\t\t\t<div class=\"elementor-element elementor-element-0800a67 elementor-widget elementor-widget-image\" data-id=\"0800a67\" data-element_type=\"widget\" data-widget_type=\"image.default\">\n\t\t\t\t<div class=\"elementor-widget-container\">\n\t\t\t\t\t\t\t\t\t\t\t\t\t\t\t<img fetchpriority=\"high\" decoding=\"async\" width=\"525\" height=\"683\" src=\"https:\/\/alzira.es\/wp-content\/uploads\/2026\/03\/certificat-clave-824x1072.png\" class=\"attachment-large size-large wp-image-168515\" alt=\"Certificat digital \/ Cl@ve\" srcset=\"https:\/\/alzira.es\/wp-content\/uploads\/2026\/03\/certificat-clave-824x1072.png 824w, https:\/\/alzira.es\/wp-content\/uploads\/2026\/03\/certificat-clave-392x510.png 392w, https:\/\/alzira.es\/wp-content\/uploads\/2026\/03\/certificat-clave-768x999.png 768w, https:\/\/alzira.es\/wp-content\/uploads\/2026\/03\/certificat-clave.png 1122w\" sizes=\"100vw\" \/>\t\t\t\t\t\t\t\t\t\t\t\t\t\t\t<\/div>\n\t\t\t\t<\/div>\n\t\t\t\t\t<\/div>\n\t\t<\/div>\n\t\t\t\t<div class=\"elementor-column elementor-col-66 elementor-top-column elementor-element elementor-element-fb4e99f\" data-id=\"fb4e99f\" data-element_type=\"column\">\n\t\t\t<div class=\"elementor-widget-wrap elementor-element-populated\">\n\t\t\t\t\t\t<div class=\"elementor-element elementor-element-42d0cc5 elementor-widget elementor-widget-text-editor\" data-id=\"42d0cc5\" data-element_type=\"widget\" data-widget_type=\"text-editor.default\">\n\t\t\t\t<div class=\"elementor-widget-container\">\n\t\t\t\t\t\t\t\t\t<p><strong>CERTIFICADO DE FIRMA ELECTR\u00d3NICA ciudadanos<\/strong><\/p>\n<p>Los Ciudadanos que deseen solicitar un certificado digital deben dirigirse a cualquiera de los Puntos de Registro de Usuario (PRU) que existen en Espa\u00f1a.<\/p>\n<p>El PRU del Ayuntamiento de Alzira se encuentra ubicado en la Clau, la Oficina de Atenci\u00f3n Ciudadana, ubicada en calle Rambla, 23 de Alzira.<\/p>\n<p>La solicitud del certificado digital es presencial y el solicitante deber\u00e1 identificarse mediante su NIF, NIE o pasaporte espa\u00f1ol, en vigor. Alternativamente, si son ciudadanos extranjeros, deber\u00e1n aportar el NIE y su pasaporte en vigor.<\/p>\n<p>Pueden solicitar el certificado las personas f\u00edsicas, mayores de 14 a\u00f1os, con NIF\/NIE.<\/p>\n<p>Su validez es de 3 a\u00f1os y es gratuito.<\/p>\n<p><strong>Observaciones<\/strong><\/p>\n<p>Podr\u00e1 prescindirse de la personaci\u00f3n de la persona solicitante SOLO en el caso en que se aporte un poder notarial en el que se certifique su voluntad de obtener un certificado digital y la autorizaci\u00f3n al representante para su recogida por cuenta del firmante.<\/p>\n<p><strong>CERTIFICADO DE FIRMA ELECTR\u00d3NICA entidad<\/strong><\/p>\n<p>El certificado de Empresa identifica a una persona f\u00edsica y la vincula, o bien como representante de una persona jur\u00eddica, o bien como su empleada.<\/p>\n<p>Si quieres actuar en nombre de una persona jur\u00eddica a la que representes, el certificado que buscas es el de Representante de entidad.<\/p>\n<p>Si lo que necesitas es identificar a los empleados de un entorno laboral privado, dentro de los procesos de una entidad, tu certificado es el de Pertenencia a empresa. Este certificado no permite representar a la persona jur\u00eddica.<\/p>\n<p><strong>Observaciones<\/strong><\/p>\n<p>Estos certificados se pueden solicitar en dos tipos de soporte:<\/p>\n<p><strong>Soporte software<\/strong>. Este certificado es el m\u00e1s vers\u00e1til. Es gratuito, se descarga en tu equipo y lo puedes instalar en tantos dispositivos como necesites. Dura 3 a\u00f1os y lo puedes renovar on-line por 3 a\u00f1os m\u00e1s.<\/p>\n<p><strong>Soporte tarjeta criptogr\u00e1fica<\/strong>. El soporte m\u00e1s seguro. El certificado nace y muere dentro de la tarjeta, sin posibilidad de exportarlo. Necesitar\u00e1s un lector de tarjetas para utilizarlo en tu ordenador. Su vigencia es de 3 a\u00f1os y podr\u00e1s renovarlo on-line.<\/p>\n<p>Para solicitarlos, puedes hacerlo a trav\u00e9s de este enlace con t\u00fa certificado personal:<\/p>\n<p><a href=\"https:\/\/www.accv.es\/tu-certificado\/empresas\/\">Empresas<\/a><\/p>\n<p><a href=\"http:\/\/www.accv.es\/tu-certificado\/empresas\/\" target=\"_blank\" rel=\"noopener\">www.accv.es\/tu-certificado\/empresas\/<\/a><\/p>\n<p>\u00a0<\/p>\n<p><strong>\u00bfQu\u00e9 es Cl@ve?<\/strong><\/p>\n<p>Cl@ve es un sistema orientado a unificar y simplificar el acceso electr\u00f3nico de los ciudadanos a los servicios p\u00fablicos. Su objetivo principal es que el ciudadano pueda identificarse ante la Administraci\u00f3n mediante claves concertadas (usuario m\u00e1s contrase\u00f1a).<\/p>\n<p>Adem\u00e1s de posibilitar el acceso a tr\u00e1mites electr\u00f3nicos a quien no dispone de certificado electr\u00f3nico, el sistema Cl@ve aporta un uso sencillo, ya sea a trav\u00e9s de una contrase\u00f1a permanente o de un c\u00f3digo temporal, y seguro. Es un sistema adem\u00e1s que permite la tramitaci\u00f3n electr\u00f3nica en dispositivos m\u00f3viles que no admitan la firma electr\u00f3nica con certificados electr\u00f3nicos.<\/p>\n<p>En la Clau podr\u00e1s obtener Cl@ve Permanente, para ello, debes acudir a nuestra oficina, con t\u00fa Documento de identidad original y en vigor (DNI o NIE).<\/p>\n<p>Los menores de edad deber\u00e1n acudir acompa\u00f1ados del padre, madre o tutor, aportando el documento de identidad de este y el libro de familia o documento que acredite la representaci\u00f3n o tutor\u00eda.<\/p>\n\t\t\t\t\t\t\t\t<\/div>\n\t\t\t\t<\/div>\n\t\t\t\t\t<\/div>\n\t\t<\/div>\n\t\t\t\t\t<\/div>\n\t\t<\/section>\n\t\t\t\t<\/div>\n\t\t","protected":false},"excerpt":{"rendered":"<p>CERTIFICADO DE FIRMA ELECTR\u00d3NICA ciudadanos Los Ciudadanos que deseen solicitar un certificado digital deben dirigirse a cualquiera de los Puntos de Registro de Usuario (PRU) que existen en Espa\u00f1a. El PRU del Ayuntamiento de Alzira se encuentra ubicado en la Clau, la Oficina de Atenci\u00f3n Ciudadana, ubicada en calle Rambla, 23 de Alzira. La solicitud &hellip; <\/p>\n<p class=\"link-more\"><a href=\"https:\/\/alzira.es\/es\/servicios-municipales\/la-clau\/certificat-digital-clve\/\" class=\"more-link\">Continuar leyendo<span class=\"screen-reader-text\"> \u00abCertificado digital \/ Cl@ve\u00bb<\/span><\/a><\/p>\n","protected":false},"author":29,"featured_media":0,"parent":86254,"menu_order":0,"comment_status":"closed","ping_status":"closed","template":"","meta":{"_acf_changed":false,"footnotes":""},"class_list":["post-168524","page","type-page","status-publish","hentry"],"acf":[],"_links":{"self":[{"href":"https:\/\/alzira.es\/es\/wp-json\/wp\/v2\/pages\/168524","targetHints":{"allow":["GET"]}}],"collection":[{"href":"https:\/\/alzira.es\/es\/wp-json\/wp\/v2\/pages"}],"about":[{"href":"https:\/\/alzira.es\/es\/wp-json\/wp\/v2\/types\/page"}],"author":[{"embeddable":true,"href":"https:\/\/alzira.es\/es\/wp-json\/wp\/v2\/users\/29"}],"replies":[{"embeddable":true,"href":"https:\/\/alzira.es\/es\/wp-json\/wp\/v2\/comments?post=168524"}],"version-history":[{"count":2,"href":"https:\/\/alzira.es\/es\/wp-json\/wp\/v2\/pages\/168524\/revisions"}],"predecessor-version":[{"id":168527,"href":"https:\/\/alzira.es\/es\/wp-json\/wp\/v2\/pages\/168524\/revisions\/168527"}],"up":[{"embeddable":true,"href":"https:\/\/alzira.es\/es\/wp-json\/wp\/v2\/pages\/86254"}],"wp:attachment":[{"href":"https:\/\/alzira.es\/es\/wp-json\/wp\/v2\/media?parent=168524"}],"curies":[{"name":"wp","href":"https:\/\/api.w.org\/{rel}","templated":true}]}}