{"id":168504,"date":"2026-03-04T11:37:33","date_gmt":"2026-03-04T10:37:33","guid":{"rendered":"https:\/\/alzira.es\/servicios-municipales\/la-clau\/claudia\/"},"modified":"2026-03-06T12:22:46","modified_gmt":"2026-03-06T11:22:46","slug":"claudia","status":"publish","type":"page","link":"https:\/\/alzira.es\/es\/servicios-municipales\/la-clau\/claudia\/","title":{"rendered":"Claudia"},"content":{"rendered":"\t\t<div data-elementor-type=\"wp-page\" data-elementor-id=\"168504\" class=\"elementor elementor-168504 elementor-168494\">\n\t\t\t\t\t\t<section class=\"elementor-section elementor-top-section elementor-element elementor-element-3b2ec4f elementor-section-boxed elementor-section-height-default elementor-section-height-default\" data-id=\"3b2ec4f\" data-element_type=\"section\">\n\t\t\t\t\t\t<div class=\"elementor-container elementor-column-gap-default\">\n\t\t\t\t\t<div class=\"elementor-column elementor-col-33 elementor-top-column elementor-element elementor-element-23a09d6\" data-id=\"23a09d6\" data-element_type=\"column\">\n\t\t\t<div class=\"elementor-widget-wrap elementor-element-populated\">\n\t\t\t\t\t\t<div class=\"elementor-element elementor-element-7f8ca83 elementor-widget elementor-widget-image\" data-id=\"7f8ca83\" data-element_type=\"widget\" data-widget_type=\"image.default\">\n\t\t\t\t<div class=\"elementor-widget-container\">\n\t\t\t\t\t\t\t\t\t\t\t\t\t\t\t<img fetchpriority=\"high\" decoding=\"async\" width=\"525\" height=\"758\" src=\"https:\/\/alzira.es\/wp-content\/uploads\/2026\/03\/logo-claudia-742x1072.jpg\" class=\"attachment-large size-large wp-image-168497\" alt=\"Claudia\" srcset=\"https:\/\/alzira.es\/wp-content\/uploads\/2026\/03\/logo-claudia-742x1072.jpg 742w, https:\/\/alzira.es\/wp-content\/uploads\/2026\/03\/logo-claudia-353x510.jpg 353w, https:\/\/alzira.es\/wp-content\/uploads\/2026\/03\/logo-claudia-768x1109.jpg 768w, https:\/\/alzira.es\/wp-content\/uploads\/2026\/03\/logo-claudia-1064x1536.jpg 1064w, https:\/\/alzira.es\/wp-content\/uploads\/2026\/03\/logo-claudia-1418x2048.jpg 1418w, https:\/\/alzira.es\/wp-content\/uploads\/2026\/03\/logo-claudia-scaled.jpg 1773w\" sizes=\"100vw\" \/>\t\t\t\t\t\t\t\t\t\t\t\t\t\t\t<\/div>\n\t\t\t\t<\/div>\n\t\t\t\t\t<\/div>\n\t\t<\/div>\n\t\t\t\t<div class=\"elementor-column elementor-col-66 elementor-top-column elementor-element elementor-element-008aa0b\" data-id=\"008aa0b\" data-element_type=\"column\">\n\t\t\t<div class=\"elementor-widget-wrap elementor-element-populated\">\n\t\t\t\t\t\t<div class=\"elementor-element elementor-element-2f58ff0 elementor-widget elementor-widget-text-editor\" data-id=\"2f58ff0\" data-element_type=\"widget\" data-widget_type=\"text-editor.default\">\n\t\t\t\t<div class=\"elementor-widget-container\">\n\t\t\t\t\t\t\t\t\t<p><strong>Clau<\/strong>dia \u00e9s el nom d\u2019este dispositiu que vol evolucionar en un futur a assistent virtual per a denominar el conjunt de serveis automatitzats i pr\u00f2xims a la intel.lig\u00e8ncia artificial, que aniran incorporant-se a l\u2019Ajuntament. A m\u00e9s, naix de la suma de Clau, Digital Alzira, adoptant una nomenclatura pr\u00f2xima, f\u00e0cil de recordar i que personifica el tr\u00e0mit electr\u00f2nic, <strong>Clau<\/strong>dia.<\/p>\n<p>Els caixers autom\u00e0tics <strong>Clau<\/strong>dia, ubicats a la Casa de la Cultura i a la Policia Local, permeten a la ciutadania utilitzar serveis automatitzats i descentralitzats des de dos punts diferents de la ciutat.<\/p>\n<p>Recordem que estos dispositius, permeten als ve\u00efns i ve\u00efnes obtindre sense cues els certificats d\u2019empadronament, personals o familiars, de manera \u00e0gil i en un ampli horari, en el qual l\u2019Ajuntament est\u00e0 a l\u2019abast del ciutad\u00e0. El terminal permet realitzar estes gestions amb identificaci\u00f3, no nom\u00e9s amb DNI, sin\u00f3 tamb\u00e9 amb la targeta d\u2019identificaci\u00f3 d\u2019estrangers i el passaport. A m\u00e9s, detecta si el document \u00e9s una c\u00f2pia.<\/p>\n<p>Actualment, s\u2019han ampliat els serveis que presten estos dispositius, que ara permeten el pagament d\u2019autoliquidacions (taxes tipus ocupaci\u00f3 de via p\u00fablica, obres, cursos i tallers de la Casa de la Cultura, etc), pagaments peri\u00f2dics i liquidacions en volunt\u00e0ria (IBI, IVTM, IIVTNU) i pagaments de multes i rebuts en executiva.<\/p>\n\t\t\t\t\t\t\t\t<\/div>\n\t\t\t\t<\/div>\n\t\t\t\t\t<\/div>\n\t\t<\/div>\n\t\t\t\t\t<\/div>\n\t\t<\/section>\n\t\t\t\t<\/div>\n\t\t","protected":false},"excerpt":{"rendered":"<p>Claudia \u00e9s el nom d\u2019este dispositiu que vol evolucionar en un futur a assistent virtual per a denominar el conjunt de serveis automatitzats i pr\u00f2xims a la intel.lig\u00e8ncia artificial, que aniran incorporant-se a l\u2019Ajuntament. A m\u00e9s, naix de la suma de Clau, Digital Alzira, adoptant una nomenclatura pr\u00f2xima, f\u00e0cil de recordar i que personifica el &hellip; <\/p>\n<p class=\"link-more\"><a href=\"https:\/\/alzira.es\/es\/servicios-municipales\/la-clau\/claudia\/\" class=\"more-link\">Continuar leyendo<span class=\"screen-reader-text\"> \u00abClaudia\u00bb<\/span><\/a><\/p>\n","protected":false},"author":29,"featured_media":0,"parent":86254,"menu_order":0,"comment_status":"closed","ping_status":"closed","template":"","meta":{"_acf_changed":false,"footnotes":""},"class_list":["post-168504","page","type-page","status-publish","hentry"],"acf":[],"_links":{"self":[{"href":"https:\/\/alzira.es\/es\/wp-json\/wp\/v2\/pages\/168504","targetHints":{"allow":["GET"]}}],"collection":[{"href":"https:\/\/alzira.es\/es\/wp-json\/wp\/v2\/pages"}],"about":[{"href":"https:\/\/alzira.es\/es\/wp-json\/wp\/v2\/types\/page"}],"author":[{"embeddable":true,"href":"https:\/\/alzira.es\/es\/wp-json\/wp\/v2\/users\/29"}],"replies":[{"embeddable":true,"href":"https:\/\/alzira.es\/es\/wp-json\/wp\/v2\/comments?post=168504"}],"version-history":[{"count":1,"href":"https:\/\/alzira.es\/es\/wp-json\/wp\/v2\/pages\/168504\/revisions"}],"predecessor-version":[{"id":168505,"href":"https:\/\/alzira.es\/es\/wp-json\/wp\/v2\/pages\/168504\/revisions\/168505"}],"up":[{"embeddable":true,"href":"https:\/\/alzira.es\/es\/wp-json\/wp\/v2\/pages\/86254"}],"wp:attachment":[{"href":"https:\/\/alzira.es\/es\/wp-json\/wp\/v2\/media?parent=168504"}],"curies":[{"name":"wp","href":"https:\/\/api.w.org\/{rel}","templated":true}]}}