{"id":167619,"date":"2026-02-04T12:26:22","date_gmt":"2026-02-04T11:26:22","guid":{"rendered":"https:\/\/alzira.es\/?page_id=167619"},"modified":"2026-02-04T12:32:03","modified_gmt":"2026-02-04T11:32:03","slug":"convocatoria-01-2025-provision-temporal-por-comision-de-servicios-para-ocupar-un-puesto-vacante-de-jefe-a-de-negociado-de-tesoreria-recaudacion-2","status":"publish","type":"page","link":"https:\/\/alzira.es\/es\/servicios-municipales\/recursos-humanos\/empleo-temporal\/convocatoria-01-2025-provision-temporal-por-comision-de-servicios-para-ocupar-un-puesto-vacante-de-jefe-a-de-negociado-de-tesoreria-recaudacion-2\/","title":{"rendered":"CONVOCATORIA 04\/2026 &#8211; PROVISI\u00d3N TEMPORAL POR MOVILIDAD INTERNA, PARA OCUPAR PUESTO DE JEFE\/A DE NEGOCIADO DE ALCALD\u00cdA"},"content":{"rendered":"<p><strong>DOCUMENTOS DEL EXPEDIENTE:<\/strong><\/p>\n<p><strong>NOVEDAD<\/strong>: Plazo de presentaci\u00f3n de solicitudes <strong>CINCO D\u00cdAS H\u00c1BILES<\/strong> desde el <strong><span style=\"color: #ff0000;\">5 hasta el 11 de febrero<\/span> <\/strong>de 2026.<\/p>\n\n\n<div class=\"wp-block-columns is-layout-flex wp-container-core-columns-is-layout-9d6595d7 wp-block-columns-is-layout-flex\">\n<div class=\"wp-block-column is-layout-flow wp-block-column-is-layout-flow\" style=\"flex-basis:100%\">\n<div class=\"wp-block-group\"><div class=\"wp-block-group__inner-container is-layout-flow wp-block-group-is-layout-flow\">\n<div class=\"wp-block-columns is-layout-flex wp-container-core-columns-is-layout-9d6595d7 wp-block-columns-is-layout-flex\">\n<div class=\"wp-block-column is-layout-flow wp-block-column-is-layout-flow\" style=\"flex-basis:100%\">\n<figure class=\"wp-block-table is-style-stripes\"><table><tbody><tr><td><strong>Nombre Fichero<\/strong><\/td><td class=\"has-text-align-center\" data-align=\"center\"><strong>Fecha Publicaci\u00f3n<\/strong><\/td><\/tr><tr><td><a href=\"https:\/\/alzira.es\/wp-content\/uploads\/2026\/02\/02-Decret-provisio-Cap-Negociat-Alcaldia-V2-1.pdf\">Decreto de alcald\u00eda 121\/26 cobertura temporal por movilidad interna Jefe\/a de Negociado de alcald\u00eda.<\/a><\/td><td class=\"has-text-align-center\" data-align=\"center\">04\/02\/2026<\/td><\/tr><tr><td><\/td><td class=\"has-text-align-center\" data-align=\"center\"><\/td><\/tr><tr><td><\/td><td class=\"has-text-align-center\" data-align=\"center\"><\/td><\/tr><tr><td><\/td><td class=\"has-text-align-center\" data-align=\"center\"><\/td><\/tr><tr><td><\/td><td class=\"has-text-align-center\" data-align=\"center\"><\/td><\/tr><tr><td><\/td><td class=\"has-text-align-center\" data-align=\"center\"><\/td><\/tr><\/tbody><\/table><\/figure>\n<\/div>\n<\/div>\n<\/div><\/div>\n<\/div>\n<\/div>\n\n\n\n<p><\/p>\n","protected":false},"excerpt":{"rendered":"<p>DOCUMENTOS DEL EXPEDIENTE: NOVEDAD: Plazo de presentaci\u00f3n de solicitudes CINCO D\u00cdAS H\u00c1BILES desde el 5 hasta el 11 de febrero de 2026. Nombre Fichero Fecha Publicaci\u00f3n Decreto de alcald\u00eda 121\/26 cobertura temporal por movilidad interna Jefe\/a de Negociado de alcald\u00eda. 04\/02\/2026<\/p>\n","protected":false},"author":156,"featured_media":0,"parent":105760,"menu_order":0,"comment_status":"closed","ping_status":"closed","template":"","meta":{"_acf_changed":false,"footnotes":""},"class_list":["post-167619","page","type-page","status-publish","hentry"],"acf":[],"_links":{"self":[{"href":"https:\/\/alzira.es\/es\/wp-json\/wp\/v2\/pages\/167619","targetHints":{"allow":["GET"]}}],"collection":[{"href":"https:\/\/alzira.es\/es\/wp-json\/wp\/v2\/pages"}],"about":[{"href":"https:\/\/alzira.es\/es\/wp-json\/wp\/v2\/types\/page"}],"author":[{"embeddable":true,"href":"https:\/\/alzira.es\/es\/wp-json\/wp\/v2\/users\/156"}],"replies":[{"embeddable":true,"href":"https:\/\/alzira.es\/es\/wp-json\/wp\/v2\/comments?post=167619"}],"version-history":[{"count":2,"href":"https:\/\/alzira.es\/es\/wp-json\/wp\/v2\/pages\/167619\/revisions"}],"predecessor-version":[{"id":167631,"href":"https:\/\/alzira.es\/es\/wp-json\/wp\/v2\/pages\/167619\/revisions\/167631"}],"up":[{"embeddable":true,"href":"https:\/\/alzira.es\/es\/wp-json\/wp\/v2\/pages\/105760"}],"wp:attachment":[{"href":"https:\/\/alzira.es\/es\/wp-json\/wp\/v2\/media?parent=167619"}],"curies":[{"name":"wp","href":"https:\/\/api.w.org\/{rel}","templated":true}]}}