{"id":167321,"date":"2026-01-26T11:21:10","date_gmt":"2026-01-26T10:21:10","guid":{"rendered":"https:\/\/alzira.es\/?page_id=167321"},"modified":"2026-02-23T12:05:12","modified_gmt":"2026-02-23T11:05:12","slug":"convocatoria-01-2026-provisio-definitiva-per-a-ocupar-un-lloc-vacant-de-cap-de-negociat-de-recaptacio-voluntaria","status":"publish","type":"page","link":"https:\/\/alzira.es\/es\/serveis-municipals\/recursos-humans\/ocupacio-permanent\/convocatoria-01-2026-provisio-definitiva-per-a-ocupar-un-lloc-vacant-de-cap-de-negociat-de-recaptacio-voluntaria\/","title":{"rendered":"CONVOCAT\u00d2RIA 01\/2026 Provisi\u00f3 definitiva per a ocupar un lloc vacant de Cap de Negociat de Recaptaci\u00f3 Volunt\u00e0ria."},"content":{"rendered":"<p><strong>Publicaci\u00f3 resultats entrevista i baremaci\u00f3. Termini d&#8217;al\u00b7legacions fins el 2 de mar\u00e7<\/strong><\/p>\n<p><strong>DOCUMENTS DE L&#8217;EXPEDIENT:<\/strong><\/p>\n\n\n<figure class=\"wp-block-table is-style-stripes\"><table><tbody><tr><td><strong>Nom Fitxer<\/strong><\/td><td class=\"has-text-align-center\" data-align=\"center\"><strong>Data Publicaci\u00f3<\/strong><\/td><\/tr><tr><td><a href=\"https:\/\/alzira.es\/wp-content\/uploads\/2023\/03\/02-Acord-JGL-bases-especifiques-Cap-Negociat-Voluntaria.pdf\">Certificat JGL aprovaci\u00f3 bases conv. 01\/2026<\/a><\/td><td class=\"has-text-align-center\" data-align=\"center\">26-01-2026<\/td><\/tr><tr><td><a href=\"https:\/\/alzira.es\/wp-content\/uploads\/2026\/01\/Autobaremacio-Cap-Negociat-Rec-Voluntaria.xlsx\" target=\"_blank\" rel=\"noreferrer noopener\">Autobaremaci\u00f3<\/a><\/td><td class=\"has-text-align-center\" data-align=\"center\">26-01-2026<\/td><\/tr><tr><td><a href=\"https:\/\/alzira.es\/wp-content\/uploads\/2023\/03\/03-Informe-llista-definitiva-admesos-Cap-Negociat-Rec-Voluntaria.pdf\" target=\"_blank\" rel=\"noreferrer noopener\">Llistat definitiu admesos i data entrevista<\/a><\/td><td class=\"has-text-align-center\" data-align=\"center\">12-02-2026<\/td><\/tr><tr><td><a href=\"https:\/\/alzira.es\/wp-content\/uploads\/2023\/03\/05-Edicte-entrevista-i-valoracio-merits-Cap-Neg-Rec-Voluntaria.pdf\" target=\"_blank\" rel=\"noreferrer noopener\">Resultats entrevista i baremaci\u00f3<\/a><\/td><td class=\"has-text-align-center\" data-align=\"center\">23\/02\/2026<\/td><\/tr><tr><td><\/td><td class=\"has-text-align-center\" data-align=\"center\"><\/td><\/tr><tr><td><\/td><td class=\"has-text-align-center\" data-align=\"center\"><\/td><\/tr><tr><td><\/td><td class=\"has-text-align-center\" data-align=\"center\"><\/td><\/tr><tr><td><\/td><td class=\"has-text-align-center\" data-align=\"center\"><\/td><\/tr><tr><td><\/td><td class=\"has-text-align-center\" data-align=\"center\"><\/td><\/tr><tr><td><\/td><td class=\"has-text-align-center\" data-align=\"center\"><\/td><\/tr><tr><td><\/td><td class=\"has-text-align-center\" data-align=\"center\"><\/td><\/tr><\/tbody><\/table><\/figure>\n\n\n\n<p><\/p>\n","protected":false},"excerpt":{"rendered":"<p>Publicaci\u00f3 resultats entrevista i baremaci\u00f3. Termini d&#8217;al\u00b7legacions fins el 2 de mar\u00e7 DOCUMENTS DE L&#8217;EXPEDIENT: Nom Fitxer Data Publicaci\u00f3 Certificat JGL aprovaci\u00f3 bases conv. 01\/2026 26-01-2026 Autobaremaci\u00f3 26-01-2026 Llistat definitiu admesos i data entrevista 12-02-2026 Resultats entrevista i baremaci\u00f3 23\/02\/2026<\/p>\n","protected":false},"author":156,"featured_media":0,"parent":105847,"menu_order":0,"comment_status":"closed","ping_status":"closed","template":"","meta":{"_acf_changed":false,"footnotes":""},"class_list":["post-167321","page","type-page","status-publish","hentry"],"acf":[],"_links":{"self":[{"href":"https:\/\/alzira.es\/es\/wp-json\/wp\/v2\/pages\/167321","targetHints":{"allow":["GET"]}}],"collection":[{"href":"https:\/\/alzira.es\/es\/wp-json\/wp\/v2\/pages"}],"about":[{"href":"https:\/\/alzira.es\/es\/wp-json\/wp\/v2\/types\/page"}],"author":[{"embeddable":true,"href":"https:\/\/alzira.es\/es\/wp-json\/wp\/v2\/users\/156"}],"replies":[{"embeddable":true,"href":"https:\/\/alzira.es\/es\/wp-json\/wp\/v2\/comments?post=167321"}],"version-history":[{"count":1,"href":"https:\/\/alzira.es\/es\/wp-json\/wp\/v2\/pages\/167321\/revisions"}],"predecessor-version":[{"id":168156,"href":"https:\/\/alzira.es\/es\/wp-json\/wp\/v2\/pages\/167321\/revisions\/168156"}],"up":[{"embeddable":true,"href":"https:\/\/alzira.es\/es\/wp-json\/wp\/v2\/pages\/105847"}],"wp:attachment":[{"href":"https:\/\/alzira.es\/es\/wp-json\/wp\/v2\/media?parent=167321"}],"curies":[{"name":"wp","href":"https:\/\/api.w.org\/{rel}","templated":true}]}}