{"id":166463,"date":"2025-12-18T12:13:27","date_gmt":"2025-12-18T11:13:27","guid":{"rendered":"https:\/\/alzira.es\/la-ciudad\/emergencias\/material-didactico\/"},"modified":"2025-12-18T12:38:11","modified_gmt":"2025-12-18T11:38:11","slug":"material-didactico","status":"publish","type":"page","link":"https:\/\/alzira.es\/es\/la-ciudad\/emergencias\/material-didactico\/","title":{"rendered":"Material did\u00e1ctico"},"content":{"rendered":"\n<ul class=\"wp-block-list\">\n<li><a href=\"https:\/\/alzira.es\/wp-content\/uploads\/2025\/12\/apren-a-actuar-davant-situacions-emergencies.PDF\" target=\"_blank\" rel=\"noreferrer noopener\">Apr\u00e9n a actuar davant les situacions d&#8217;emerg\u00e8ncies \/ <em>Aprende a actuar ante las situaciones de emergencias<\/em><\/a><\/li>\n\n\n\n<li><a href=\"https:\/\/alzira.es\/wp-content\/uploads\/2025\/12\/guia-de-prevencio-i-actuacio.davant-emergencies.PDF\" target=\"_blank\" rel=\"noreferrer noopener\">Guia de prevenci\u00f3 i actuaci\u00f3 davant emerg\u00e8ncies<\/a> \/ <a href=\"https:\/\/alzira.es\/wp-content\/uploads\/2025\/12\/guia-de-prevencio-i-actuacio.davant-emergencies_CAS.PDF\" target=\"_blank\" rel=\"noreferrer noopener\"><em>Gu\u00eda de prevenci\u00f3n y actuaci\u00f3n ante emergencias<\/em><\/a><\/li>\n\n\n\n<li><a href=\"https:\/\/alzira.es\/wp-content\/uploads\/2025\/12\/kit-d-emergencia.pdf\" target=\"_blank\" rel=\"noreferrer noopener\">Llistat de preparaci\u00f3 enfront d&#8217;emerg\u00e8ncies<\/a> \/ <em><a href=\"https:\/\/alzira.es\/wp-content\/uploads\/2025\/12\/kit-d-emergencia-cas.pdf\" target=\"_blank\" rel=\"noreferrer noopener\">Listado de preparaci\u00f3n ante emergencias<\/a><\/em><\/li>\n\n\n\n<li><a href=\"https:\/\/alzira.es\/wp-content\/uploads\/2025\/12\/pla-d-informacio-obre-riscos.pdf\" target=\"_blank\" rel=\"noreferrer noopener\">Pla d&#8217;informaci\u00f3 sobre riscos a Alzira<\/a> \/ <em><a href=\"https:\/\/alzira.es\/wp-content\/uploads\/2025\/12\/pla-d-informacio-obre-riscos_CAS.PDF\" target=\"_blank\" rel=\"noreferrer noopener\">Plan de informaci\u00f3n sobre riesgos en Alzira<\/a><\/em><\/li>\n\n\n\n<li><a href=\"https:\/\/alzira.es\/wp-content\/uploads\/2025\/12\/riscos-i-emergencies_que-has-de-saber.PDF\" target=\"_blank\" rel=\"noreferrer noopener\">Riscos i emerg\u00e8ncies: all\u00f2 que has de saber \/ <em>Riesgos y emergencias: qu\u00e9 debes saber<\/em><\/a><\/li>\n<\/ul>\n\n<p><\/p>\n","protected":false},"excerpt":{"rendered":"","protected":false},"author":29,"featured_media":0,"parent":166461,"menu_order":0,"comment_status":"closed","ping_status":"closed","template":"","meta":{"_acf_changed":false,"footnotes":""},"class_list":["post-166463","page","type-page","status-publish","hentry"],"acf":[],"_links":{"self":[{"href":"https:\/\/alzira.es\/es\/wp-json\/wp\/v2\/pages\/166463","targetHints":{"allow":["GET"]}}],"collection":[{"href":"https:\/\/alzira.es\/es\/wp-json\/wp\/v2\/pages"}],"about":[{"href":"https:\/\/alzira.es\/es\/wp-json\/wp\/v2\/types\/page"}],"author":[{"embeddable":true,"href":"https:\/\/alzira.es\/es\/wp-json\/wp\/v2\/users\/29"}],"replies":[{"embeddable":true,"href":"https:\/\/alzira.es\/es\/wp-json\/wp\/v2\/comments?post=166463"}],"version-history":[{"count":1,"href":"https:\/\/alzira.es\/es\/wp-json\/wp\/v2\/pages\/166463\/revisions"}],"predecessor-version":[{"id":166464,"href":"https:\/\/alzira.es\/es\/wp-json\/wp\/v2\/pages\/166463\/revisions\/166464"}],"up":[{"embeddable":true,"href":"https:\/\/alzira.es\/es\/wp-json\/wp\/v2\/pages\/166461"}],"wp:attachment":[{"href":"https:\/\/alzira.es\/es\/wp-json\/wp\/v2\/media?parent=166463"}],"curies":[{"name":"wp","href":"https:\/\/api.w.org\/{rel}","templated":true}]}}