{"id":164445,"date":"2025-10-03T10:07:07","date_gmt":"2025-10-03T08:07:07","guid":{"rendered":"https:\/\/alzira.es\/?page_id=164445"},"modified":"2026-02-19T11:24:54","modified_gmt":"2026-02-19T10:24:54","slug":"ocupacio-permanent-3","status":"publish","type":"page","link":"https:\/\/alzira.es\/es\/serveis-municipals\/recursos-humans\/ocupacio-permanent-3\/","title":{"rendered":"Ocupaci\u00f3 permanent"},"content":{"rendered":"<p><strong><span style=\"background-color: #808080; color: #ffffff;\">1. PENDENTS DE CONVOCAT\u00d2RIA<\/span><\/strong><\/p>\n<p><strong><span style=\"background-color: #808080; color: #ffffff;\">2. CONVOCADES. PENDENTS DE PRESENTACI\u00d3 DE SOL\u00b7LICITUDS<\/span><\/strong><\/p>\n<p><span style=\"color: #ffffff; background-color: #808080;\"><strong>3. EN FASE DE PRESENTACI\u00d3 DE SOL\u00b7LICITUDS<\/strong><\/span><\/p>\n<p><span style=\"color: #ffffff; background-color: #808080;\"><strong>4. EN FASE D&#8217;ADMISSI\u00d3 D&#8217;ASPIRANTS<\/strong><\/span><\/p>\n<p><span style=\"color: #ffffff; background-color: #808080;\"><strong>5. EN FASE DE REALITZACI\u00d3 DE LES PROVES SELECTIVES<\/strong><\/span><\/p>\n<ul>\n<li><a href=\"https:\/\/alzira.es\/serveis-municipals\/recursos-humans\/ocupacio-permanent\/convocatoria-03-2023-seleccio-en-propietat-de-dos-places-dinspector-o-inspectora-de-policia-local-dalzira-1-pel-torn-lliure-i-1-pel-torn-de-promocio-interna-ordinaria\/\">CONVOCAT\u00d2RIA 03\/2023 Selecci\u00f3 en propietat 2 places d&#8217;Inspector\/a de la Policia Local, 1 pel torn lliure i 1 pel torn de promoci\u00f3 interna ordin\u00e0ria.<\/a><\/li>\n<li><a style=\"font-size: 1rem;\" href=\"https:\/\/alzira.es\/serveis-municipals\/recursos-humans\/ocupacio-permanent\/convocatoria-10-2023-seleccio-en-propietat-duna-placa-de-mestre-o-mestra-de-lescola-infantil-municipal-personal-funcionari-administracio-especial-pel-sistema-de-concurs-oposicio-lliure\/\">CONVOCAT\u00d2RIA 10\/2023 per a la selecci\u00f3 en propietat d&#8217;una pla\u00e7a de Mestre o Mestra de l&#8217;Escola Infantil Municipal, personal funcionari administraci\u00f3 especial, pel sistema de concurs oposici\u00f3 lliure.<\/a><\/li>\n<li><a href=\"https:\/\/alzira.es\/serveis-municipals\/recursos-humans\/ocupacio-permanent\/convocatoria-06-2024-seleccio-en-propietat-de-dos-places-doficial-de-policia-local-dalzira-pel-torn-de-promocio-interna-ordinaria\/\">CONVOCAT\u00d2RIA 06\/2024 Selecci\u00f3 en propietat 2 places d&#8217;Oficial de la Policia Local pel torn de promoci\u00f3 interna ordin\u00e0ria.<\/a><\/li>\n<li><a href=\"https:\/\/alzira.es\/serveis-municipals\/recursos-humans\/ocupacio-permanent\/convocatoria-07-2024-tecnic-a-superior-dadministracio-general-en-propietat-subgrup-a1-per-concurs-oposicio-lliure\/\">CONVOCAT\u00d2RIA 07\/2024 per a la selecci\u00f3 en propietat d&#8217;una pla\u00e7a de T\u00e8cnic\/a superior d&#8217;Administraci\u00f3 General A1.<\/a><\/li>\n<li><a style=\"font-size: 1rem;\" href=\"https:\/\/alzira.es\/serveis-municipals\/recursos-humans\/ocupacio-permanent\/convocatoria-ingenyer-industrial\/\">CONVOCAT\u00d2RIA 09\/2024 per a la selecci\u00f3 en propietat d&#8217;una pla\u00e7a de T\u00e8cnic\/a mitj\u00e0 Enginyeria branca industrial, pel sistema de concurs oposici\u00f3 lliure.<\/a><\/li>\n<li><a href=\"https:\/\/alzira.es\/serveis-municipals\/recursos-humans\/ocupacio-permanent\/convocatoria-07-2025-seleccio-en-propietat-pel-sistema-de-concurs-oposicio-lliure-una-placa-denginyer-a-forestal-subgrup-a2\/\">CONVOCAT\u00d2RIA 07\/2025 selecci\u00f3 en propietat pel sistema de concurs-oposici\u00f3 lliure: UNA pla\u00e7a d&#8217;Enginyer\/a Forestal, subgrup A2.<\/a><\/li>\n<li><a href=\"https:\/\/alzira.es\/serveis-municipals\/recursos-humans\/ocupacio-permanent\/convocatoria-07-2025-seleccio-en-propietat-pel-sistema-de-concurs-oposicio-lliure-dos-places-darquitecte-a-tecnic-a-subgrup-a2\/\">CONVOCAT\u00d2RIA 07\/2025 selecci\u00f3 en propietat pel sistema de concurs-oposici\u00f3 lliure: DOS places d&#8217;Arquitecte\/a T\u00e8cnic\/a, subgrup A2.<\/a><\/li>\n<li><a href=\"https:\/\/alzira.es\/serveis-municipals\/recursos-humans\/ocupacio-permanent\/convocatoria-07-2025-seleccio-en-propietat-pel-sistema-de-concurs-oposicio-lliure-una-placa-de-tecnic-a-de-turisme-subgrup-a2\/\">CONVOCAT\u00d2RIA 07\/2025 selecci\u00f3 en propietat pel sistema de concurs-oposici\u00f3 lliure: UNA pla\u00e7a de T\u00e8cnic\/a de Turisme, subgrup A2.<\/a><\/li>\n<li><a href=\"https:\/\/alzira.es\/serveis-municipals\/recursos-humans\/ocupacio-permanent\/convocatoria-07-2025-seleccio-en-propietat-pel-sistema-de-concurs-oposicio-lliure-cinc-places-dauxiliar-administratiu-va-subgrup-c2\/\">CONVOCAT\u00d2RIA 07\/2025 selecci\u00f3 en propietat pel sistema de concurs-oposici\u00f3 lliure: CINC places d&#8217;Auxiliar Administratiu\/va, subgrup C2.<\/a><\/li>\n<li><a href=\"https:\/\/alzira.es\/serveis-municipals\/recursos-humans\/ocupacio-permanent\/convocatoria-07-2025-seleccio-en-propietat-pel-sistema-de-concurs-oposicio-lliure-una-placa-doperari-a-de-medi-ambient-subgrup-ap\/\">CONVOCAT\u00d2RIA 07\/2025 selecci\u00f3 en propietat pel sistema de concurs-oposici\u00f3 lliure: UNA pla\u00e7a d&#8217;Operari\/a de Medi Ambient, subgrup AP.<\/a><\/li>\n<li><a href=\"https:\/\/alzira.es\/serveis-municipals\/recursos-humans\/ocupacio-permanent\/convocatoria-07-2025-seleccio-en-propietat-pel-sistema-de-concurs-oposicio-lliure-una-placa-doficial-tramoista-subgrup-c2\/\">CONVOCAT\u00d2RIA 07\/2025 selecci\u00f3 en propietat pel sistema de concurs-oposici\u00f3 lliure: UNA pla\u00e7a d&#8217;Oficial Tramoista, subgrup C2.<\/a><\/li>\n<li><a href=\"https:\/\/alzira.es\/serveis-municipals\/recursos-humans\/ocupacio-permanent\/convocatoria-07-2025-seleccio-en-propietat-pel-sistema-de-concurs-oposicio-lliure-tres-places-doperaris-de-serveis-varis-subgrup-ap\/\">CONVOCAT\u00d2RIA 07\/2025 selecci\u00f3 en propietat pel sistema de concurs-oposici\u00f3 lliure: TRES places d&#8217;Operaris\/ies de Serveis Varis, subgrup AP.<\/a><\/li>\n<\/ul>\n<p><span style=\"color: #ffffff; background-color: #808080;\"><strong>6. PROVES SELECTIVES FINALITZADES<\/strong><\/span><\/p>\n<ul>\n<li><a href=\"https:\/\/alzira.es\/serveis-municipals\/recursos-humans\/ocupacio-permanent\/convocatoria-03-2019-una-placa-auxiliar-administratiu-per-concurs-oposicio-lliure\/\">CONVOCAT\u00d2RIA 03\/2019.- Una pla\u00e7a auxiliar administratiu per concurs oposici\u00f3 lliure<\/a><\/li>\n<li><a style=\"font-size: revert;\" href=\"https:\/\/alzira.es\/serveis-municipals\/recursos-humans\/ocupacio-permanent\/convocatoria-11-2019-seleccio-en-propietat-de-dos-places-de-educador-a-social-pel-sistema-de-concurs-oposicio-lliure\/\">CONVOCAT\u00d2RIA 11\/2019.- Selecci\u00f3 en propietat de DUES places d&#8217;Educador\/a Social pel sistema de concurs oposici\u00f3 lliure<\/a><\/li>\n<li><a style=\"font-size: revert;\" href=\"https:\/\/alzira.es\/serveis-municipals\/recursos-humans\/ocupacio-permanent\/convocatoria-13-2019-seleccio-en-propietat-15-places-policia-local-5-per-mobilitat-y-10-torn-lliure\/\">CONVOCAT\u00d2RIA 13\/2019.- Selecci\u00f3 en propietat 15 places policia local, 5 mobilitat + 10 torn lliure<\/a><\/li>\n<li><a style=\"font-size: revert;\" href=\"https:\/\/alzira.es\/serveis-municipals\/recursos-humans\/ocupacio-permanent\/convocatoria-06-2020-seleccio-en-propietat-duna-placa-de-psicoleg-psicologa-pel-sistema-de-concurs-oposicio-lliure-placa-40108\/\">CONVOCAT\u00d2RIA 06\/2020.- Selecci\u00f3 en propietat d&#8217;UNA pla\u00e7a de Psic\u00f2leg\/Psic\u00f2loga pel sistema de concurs oposici\u00f3 lliure, pla\u00e7a 40108.<\/a><\/li>\n<li><a href=\"https:\/\/alzira.es\/serveis-municipals\/recursos-humans\/ocupacio-permanent\/convocatoria-07-2020-seleccio-en-propietat-duna-placa-dagent-digualtat-pel-sistema-de-concurs-oposicio-lliure-placa-40109\/\">CONVOCAT\u00d2RIA 07\/2020.- Selecci\u00f3 en propietat d&#8217;UNA pla\u00e7a d&#8217;Agent d&#8217;Igualtat pel sistema de concurs oposici\u00f3 lliure, pla\u00e7a 40109.<\/a><\/li>\n<li><a title=\"Convocatoria \/ Convocat\u00f2ria\" href=\"https:\/\/alzira.es\/convocatoria-04-2021-seleccio-dues-places-tecnic-gestio-ag-11-promocio-interna-torn-lliure\/\">CONVOCAT\u00d2RIA 04\/2021.- Selecci\u00f3 dues places T\u00e8cnic gesti\u00f3 AG 1+1 (promoci\u00f3 interna + torn lliure).<\/a><\/li>\n<li><a href=\"https:\/\/alzira.es\/serveis-municipals\/recursos-humans\/ocupacio-permanent\/convocatoria-15-2022-diverses-places-per-concurs-de-merits-estabilitzacio-llei-20-2021\/\">CONVOCAT\u00d2RIA 15\/2022.- per a la selecci\u00f3 en propietat de diverses places pel torn lliure, sistema de concurs derivat de la Disposici\u00f3 Addicional 6a de la Llei 20\/2021, de 28 de desembre, de mesures urgents per a la reducci\u00f3 de la temporalitat en l\u2019ocupaci\u00f3 p\u00fablica\u201d.<\/a><\/li>\n<li><a href=\"https:\/\/alzira.es\/serveis-municipals\/recursos-humans\/ocupacio-permanent\/convocatoria-16-2022-diverses-places-per-torn-lliure-sistema-de-concurs-oposicio-estabilitzacio-art-2-llei-20-2021\/\">CONVOCAT\u00d2RIA 16\/2022.- per a la selecci\u00f3 en propietat de diverses places pel torn lliure, sistema de concurs-oposici\u00f3 derivat de l&#8217;article 2 de la Llei 20\/2021, de 28 de desembre, de mesures urgents per a la reducci\u00f3 de la temporalitat en l\u2019ocupaci\u00f3 p\u00fablica.<\/a><\/li>\n<li><a href=\"https:\/\/alzira.es\/serveis-municipals\/recursos-humans\/ocupacio-temporal\/convocatoria-09-2023-cobertura-del-lloc-de-vicesecretaria-general-habilitats-nacionals-11100-per-concurs-ordinari\">CONVOCAT\u00d2RIA 09\/2023 Cobertura del lloc de Vicesecretaria General \u2013 11100, per concurs ordinari.<\/a><\/li>\n<li><a href=\"https:\/\/alzira.es\/serveis-municipals\/recursos-humans\/ocupacio-permanent\/convocatoria-11-2023-seleccio-en-propietat-4-places-agent-policia-local-2-per-mobilitat-i-2-torn-lliure\">CONVOCAT\u00d2RIA 11\/2023 Selecci\u00f3 en propietat 10 places d&#8217;Agent de la Policia Local, 3 mobilitat + 7 torn lliure.<\/a><\/li>\n<li><a href=\"https:\/\/alzira.es\/serveis-municipals\/recursos-humans\/ocupacio-permanent\/convocatoria-02-2025-tecnic-mitja-informatica\/\">CONVOCAT\u00d2RIA 02\/2025 per a la selecci\u00f3 en propietat d&#8217;una pla\u00e7a de T\u00e8cnic\/a mitj\u00e0 d&#8217;Inform\u00e0tica (Servei d&#8217;Innovaci\u00f3 i Tecnologia).<\/a><\/li>\n<li><a href=\"https:\/\/alzira.es\/serveis-municipals\/recursos-humans\/ocupacio-permanent\/convocatoria-06-2025-seleccio-com-a-personal-laboral-fixe-de-cinc-places-doperari-a-del-cementeri-pel-sistema-de-concurs-oposicio-lliure\/\">CONVOCAT\u00d2RIA 06\/2025 per a la selecci\u00f3 com a personal laboral fixe de cinc places d&#8217;Operari\/a de Cementeri, pel sistema de concurs oposici\u00f3 lliure.<\/a><\/li>\n<\/ul>\n<p style=\"margin-left: 30px;\">\u00a0<\/p>\n\n\n<p><\/p>\n","protected":false},"excerpt":{"rendered":"<p>1. PENDENTS DE CONVOCAT\u00d2RIA 2. CONVOCADES. PENDENTS DE PRESENTACI\u00d3 DE SOL\u00b7LICITUDS 3. EN FASE DE PRESENTACI\u00d3 DE SOL\u00b7LICITUDS 4. EN FASE D&#8217;ADMISSI\u00d3 D&#8217;ASPIRANTS 5. EN FASE DE REALITZACI\u00d3 DE LES PROVES SELECTIVES CONVOCAT\u00d2RIA 03\/2023 Selecci\u00f3 en propietat 2 places d&#8217;Inspector\/a de la Policia Local, 1 pel torn lliure i 1 pel torn de promoci\u00f3 interna &hellip; <\/p>\n<p class=\"link-more\"><a href=\"https:\/\/alzira.es\/es\/serveis-municipals\/recursos-humans\/ocupacio-permanent-3\/\" class=\"more-link\">Continuar leyendo<span class=\"screen-reader-text\"> \u00abOcupaci\u00f3 permanent\u00bb<\/span><\/a><\/p>\n","protected":false},"author":156,"featured_media":0,"parent":86785,"menu_order":0,"comment_status":"closed","ping_status":"closed","template":"","meta":{"_acf_changed":false,"footnotes":""},"class_list":["post-164445","page","type-page","status-publish","hentry"],"acf":[],"_links":{"self":[{"href":"https:\/\/alzira.es\/es\/wp-json\/wp\/v2\/pages\/164445","targetHints":{"allow":["GET"]}}],"collection":[{"href":"https:\/\/alzira.es\/es\/wp-json\/wp\/v2\/pages"}],"about":[{"href":"https:\/\/alzira.es\/es\/wp-json\/wp\/v2\/types\/page"}],"author":[{"embeddable":true,"href":"https:\/\/alzira.es\/es\/wp-json\/wp\/v2\/users\/156"}],"replies":[{"embeddable":true,"href":"https:\/\/alzira.es\/es\/wp-json\/wp\/v2\/comments?post=164445"}],"version-history":[{"count":1,"href":"https:\/\/alzira.es\/es\/wp-json\/wp\/v2\/pages\/164445\/revisions"}],"predecessor-version":[{"id":168038,"href":"https:\/\/alzira.es\/es\/wp-json\/wp\/v2\/pages\/164445\/revisions\/168038"}],"up":[{"embeddable":true,"href":"https:\/\/alzira.es\/es\/wp-json\/wp\/v2\/pages\/86785"}],"wp:attachment":[{"href":"https:\/\/alzira.es\/es\/wp-json\/wp\/v2\/media?parent=164445"}],"curies":[{"name":"wp","href":"https:\/\/api.w.org\/{rel}","templated":true}]}}