{"id":164250,"date":"2025-09-25T13:47:11","date_gmt":"2025-09-25T11:47:11","guid":{"rendered":"https:\/\/alzira.es\/servicios-municipales\/sanidad\/colonias-felinas\/"},"modified":"2026-02-03T10:58:55","modified_gmt":"2026-02-03T09:58:55","slug":"colonias-felinas","status":"publish","type":"page","link":"https:\/\/alzira.es\/es\/servicios-municipales\/sanidad\/colonias-felinas\/","title":{"rendered":"COLONIAS FELINAS"},"content":{"rendered":"\t\t<div data-elementor-type=\"wp-page\" data-elementor-id=\"164250\" class=\"elementor elementor-164250 elementor-164239\">\n\t\t\t\t\t\t<section class=\"elementor-section elementor-top-section elementor-element elementor-element-9d68c0a elementor-section-boxed elementor-section-height-default elementor-section-height-default\" data-id=\"9d68c0a\" data-element_type=\"section\">\n\t\t\t\t\t\t<div class=\"elementor-container elementor-column-gap-default\">\n\t\t\t\t\t<div class=\"elementor-column elementor-col-100 elementor-top-column elementor-element elementor-element-c282ff1\" data-id=\"c282ff1\" data-element_type=\"column\">\n\t\t\t<div class=\"elementor-widget-wrap elementor-element-populated\">\n\t\t\t\t\t\t<div class=\"elementor-element elementor-element-98824a9 elementor-widget elementor-widget-heading\" data-id=\"98824a9\" data-element_type=\"widget\" data-widget_type=\"heading.default\">\n\t\t\t\t<div class=\"elementor-widget-container\">\n\t\t\t\t\t<h2 class=\"elementor-heading-title elementor-size-default\">MEM\u00d2RIES COL\u00d2NIES FELINES<\/h2>\t\t\t\t<\/div>\n\t\t\t\t<\/div>\n\t\t\t\t\t<\/div>\n\t\t<\/div>\n\t\t\t\t\t<\/div>\n\t\t<\/section>\n\t\t\t\t<section class=\"elementor-section elementor-top-section elementor-element elementor-element-3945264 elementor-section-boxed elementor-section-height-default elementor-section-height-default\" data-id=\"3945264\" data-element_type=\"section\">\n\t\t\t\t\t\t<div class=\"elementor-container elementor-column-gap-default\">\n\t\t\t\t\t<div class=\"elementor-column elementor-col-33 elementor-top-column elementor-element elementor-element-73f1e1d\" data-id=\"73f1e1d\" data-element_type=\"column\">\n\t\t\t<div class=\"elementor-widget-wrap elementor-element-populated\">\n\t\t\t\t\t\t<div class=\"elementor-element elementor-element-4d965d4 elementor-widget elementor-widget-image\" data-id=\"4d965d4\" data-element_type=\"widget\" data-widget_type=\"image.default\">\n\t\t\t\t<div class=\"elementor-widget-container\">\n\t\t\t\t\t\t\t\t\t\t\t\t\t\t\t\t<a href=\"https:\/\/alzira.es\/wp-content\/uploads\/2025\/09\/anexo-3-memoria-tecnica.pdf\" target=\"_blank\">\n\t\t\t\t\t\t\t<img fetchpriority=\"high\" decoding=\"async\" width=\"320\" height=\"320\" src=\"https:\/\/alzira.es\/wp-content\/uploads\/2025\/09\/anexo-3-memoria-tecnica-1.png\" class=\"attachment-large size-large wp-image-164228\" alt=\"ANEXO III Memoria t\u00e9cnica\" srcset=\"https:\/\/alzira.es\/wp-content\/uploads\/2025\/09\/anexo-3-memoria-tecnica-1.png 320w, https:\/\/alzira.es\/wp-content\/uploads\/2025\/09\/anexo-3-memoria-tecnica-1-300x300.png 300w, https:\/\/alzira.es\/wp-content\/uploads\/2025\/09\/anexo-3-memoria-tecnica-1-100x100.png 100w\" sizes=\"100vw\" \/>\t\t\t\t\t\t\t\t<\/a>\n\t\t\t\t\t\t\t\t\t\t\t\t\t\t\t<\/div>\n\t\t\t\t<\/div>\n\t\t\t\t\t<\/div>\n\t\t<\/div>\n\t\t\t\t<div class=\"elementor-column elementor-col-33 elementor-top-column elementor-element elementor-element-f9048a5\" data-id=\"f9048a5\" data-element_type=\"column\">\n\t\t\t<div class=\"elementor-widget-wrap elementor-element-populated\">\n\t\t\t\t\t\t<div class=\"elementor-element elementor-element-da46c25 elementor-widget elementor-widget-image\" data-id=\"da46c25\" data-element_type=\"widget\" data-widget_type=\"image.default\">\n\t\t\t\t<div class=\"elementor-widget-container\">\n\t\t\t\t\t\t\t\t\t\t\t\t\t\t\t\t<a href=\"https:\/\/alzira.es\/wp-content\/uploads\/2025\/09\/anexo-1-memoria-descriptiva.pdf\" target=\"_blank\">\n\t\t\t\t\t\t\t<img decoding=\"async\" width=\"469\" height=\"469\" data-src=\"https:\/\/alzira.es\/wp-content\/uploads\/2025\/09\/anexo-1-memoria-descriptiva-1.png\" class=\"attachment-large size-large wp-image-164232 lazyload\" alt=\"ANEXO I Memoria descriptiva del proyecto\" data-srcset=\"https:\/\/alzira.es\/wp-content\/uploads\/2025\/09\/anexo-1-memoria-descriptiva-1.png 469w, https:\/\/alzira.es\/wp-content\/uploads\/2025\/09\/anexo-1-memoria-descriptiva-1-350x350.png 350w, https:\/\/alzira.es\/wp-content\/uploads\/2025\/09\/anexo-1-memoria-descriptiva-1-300x300.png 300w, https:\/\/alzira.es\/wp-content\/uploads\/2025\/09\/anexo-1-memoria-descriptiva-1-100x100.png 100w\" data-sizes=\"100vw\" src=\"data:image\/svg+xml;base64,PHN2ZyB3aWR0aD0iMSIgaGVpZ2h0PSIxIiB4bWxucz0iaHR0cDovL3d3dy53My5vcmcvMjAwMC9zdmciPjwvc3ZnPg==\" style=\"--smush-placeholder-width: 469px; --smush-placeholder-aspect-ratio: 469\/469;\" \/>\t\t\t\t\t\t\t\t<\/a>\n\t\t\t\t\t\t\t\t\t\t\t\t\t\t\t<\/div>\n\t\t\t\t<\/div>\n\t\t\t\t\t<\/div>\n\t\t<\/div>\n\t\t\t\t<div class=\"elementor-column elementor-col-33 elementor-top-column elementor-element elementor-element-cca5328\" data-id=\"cca5328\" data-element_type=\"column\">\n\t\t\t<div class=\"elementor-widget-wrap elementor-element-populated\">\n\t\t\t\t\t\t<div class=\"elementor-element elementor-element-6b52c56 elementor-widget elementor-widget-image\" data-id=\"6b52c56\" data-element_type=\"widget\" data-widget_type=\"image.default\">\n\t\t\t\t<div class=\"elementor-widget-container\">\n\t\t\t\t\t\t\t\t\t\t\t\t\t\t\t\t<a href=\"https:\/\/alzira.es\/wp-content\/uploads\/2025\/09\/anexo-1-memoria.pdf\" target=\"_blank\">\n\t\t\t\t\t\t\t<img decoding=\"async\" width=\"444\" height=\"444\" data-src=\"https:\/\/alzira.es\/wp-content\/uploads\/2025\/09\/anexo-1-memoria-1.png\" class=\"attachment-large size-large wp-image-164234 lazyload\" alt=\"ANEXO I MEMORIA\" data-srcset=\"https:\/\/alzira.es\/wp-content\/uploads\/2025\/09\/anexo-1-memoria-1.png 444w, https:\/\/alzira.es\/wp-content\/uploads\/2025\/09\/anexo-1-memoria-1-350x350.png 350w, https:\/\/alzira.es\/wp-content\/uploads\/2025\/09\/anexo-1-memoria-1-300x300.png 300w, https:\/\/alzira.es\/wp-content\/uploads\/2025\/09\/anexo-1-memoria-1-100x100.png 100w\" data-sizes=\"100vw\" src=\"data:image\/svg+xml;base64,PHN2ZyB3aWR0aD0iMSIgaGVpZ2h0PSIxIiB4bWxucz0iaHR0cDovL3d3dy53My5vcmcvMjAwMC9zdmciPjwvc3ZnPg==\" style=\"--smush-placeholder-width: 444px; --smush-placeholder-aspect-ratio: 444\/444;\" \/>\t\t\t\t\t\t\t\t<\/a>\n\t\t\t\t\t\t\t\t\t\t\t\t\t\t\t<\/div>\n\t\t\t\t<\/div>\n\t\t\t\t\t<\/div>\n\t\t<\/div>\n\t\t\t\t\t<\/div>\n\t\t<\/section>\n\t\t\t\t<section class=\"elementor-section elementor-top-section elementor-element elementor-element-408b180 elementor-section-boxed elementor-section-height-default elementor-section-height-default\" data-id=\"408b180\" data-element_type=\"section\">\n\t\t\t\t\t\t<div class=\"elementor-container elementor-column-gap-default\">\n\t\t\t\t\t<div class=\"elementor-column elementor-col-100 elementor-top-column elementor-element elementor-element-fe8f40c\" data-id=\"fe8f40c\" data-element_type=\"column\">\n\t\t\t<div class=\"elementor-widget-wrap elementor-element-populated\">\n\t\t\t\t\t\t<div class=\"elementor-element elementor-element-45ca68c elementor-widget-divider--view-line elementor-widget elementor-widget-divider\" data-id=\"45ca68c\" data-element_type=\"widget\" data-widget_type=\"divider.default\">\n\t\t\t\t<div class=\"elementor-widget-container\">\n\t\t\t\t\t\t\t<div class=\"elementor-divider\">\n\t\t\t<span class=\"elementor-divider-separator\">\n\t\t\t\t\t\t<\/span>\n\t\t<\/div>\n\t\t\t\t\t\t<\/div>\n\t\t\t\t<\/div>\n\t\t\t\t\t<\/div>\n\t\t<\/div>\n\t\t\t\t\t<\/div>\n\t\t<\/section>\n\t\t\t\t<section class=\"elementor-section elementor-top-section elementor-element elementor-element-453bad0 elementor-section-boxed elementor-section-height-default elementor-section-height-default\" data-id=\"453bad0\" data-element_type=\"section\">\n\t\t\t\t\t\t<div class=\"elementor-container elementor-column-gap-default\">\n\t\t\t\t\t<div class=\"elementor-column elementor-col-100 elementor-top-column elementor-element elementor-element-11cb06c\" data-id=\"11cb06c\" data-element_type=\"column\">\n\t\t\t<div class=\"elementor-widget-wrap elementor-element-populated\">\n\t\t\t\t\t\t<div class=\"elementor-element elementor-element-6f12187 elementor-widget elementor-widget-heading\" data-id=\"6f12187\" data-element_type=\"widget\" data-widget_type=\"heading.default\">\n\t\t\t\t<div class=\"elementor-widget-container\">\n\t\t\t\t\t<h2 class=\"elementor-heading-title elementor-size-default\">FORMACI\u00d3<\/h2>\t\t\t\t<\/div>\n\t\t\t\t<\/div>\n\t\t\t\t\t<\/div>\n\t\t<\/div>\n\t\t\t\t\t<\/div>\n\t\t<\/section>\n\t\t\t\t<section class=\"elementor-section elementor-top-section elementor-element elementor-element-7713130 elementor-section-boxed elementor-section-height-default elementor-section-height-default\" data-id=\"7713130\" data-element_type=\"section\">\n\t\t\t\t\t\t<div class=\"elementor-container elementor-column-gap-default\">\n\t\t\t\t\t<div class=\"elementor-column elementor-col-33 elementor-top-column elementor-element elementor-element-b0bcd25\" data-id=\"b0bcd25\" data-element_type=\"column\">\n\t\t\t<div class=\"elementor-widget-wrap elementor-element-populated\">\n\t\t\t\t\t\t<div class=\"elementor-element elementor-element-fb33801 elementor-widget elementor-widget-image\" data-id=\"fb33801\" data-element_type=\"widget\" data-widget_type=\"image.default\">\n\t\t\t\t<div class=\"elementor-widget-container\">\n\t\t\t\t\t\t\t\t\t\t\t\t\t\t\t\t<a href=\"https:\/\/alzira.es\/wp-content\/uploads\/2025\/09\/FORMACION-2023.jpg\" data-elementor-open-lightbox=\"yes\" data-elementor-lightbox-title=\"FORMACION-2023\" data-e-action-hash=\"#elementor-action%3Aaction%3Dlightbox%26settings%3DeyJpZCI6MTY0MjAxLCJ1cmwiOiJodHRwczpcL1wvYWx6aXJhLmVzXC93cC1jb250ZW50XC91cGxvYWRzXC8yMDI1XC8wOVwvRk9STUFDSU9OLTIwMjMuanBnIn0%3D\">\n\t\t\t\t\t\t\t<img decoding=\"async\" width=\"525\" height=\"742\" data-src=\"https:\/\/alzira.es\/wp-content\/uploads\/2025\/09\/FORMACION-2023-758x1072.jpg\" class=\"attachment-large size-large wp-image-164201 lazyload\" alt=\"Formaci\u00f3 2023\" data-srcset=\"https:\/\/alzira.es\/wp-content\/uploads\/2025\/09\/FORMACION-2023-758x1072.jpg 758w, https:\/\/alzira.es\/wp-content\/uploads\/2025\/09\/FORMACION-2023-361x510.jpg 361w, https:\/\/alzira.es\/wp-content\/uploads\/2025\/09\/FORMACION-2023-768x1086.jpg 768w, https:\/\/alzira.es\/wp-content\/uploads\/2025\/09\/FORMACION-2023-1086x1536.jpg 1086w, https:\/\/alzira.es\/wp-content\/uploads\/2025\/09\/FORMACION-2023.jpg 1131w\" data-sizes=\"100vw\" src=\"data:image\/svg+xml;base64,PHN2ZyB3aWR0aD0iMSIgaGVpZ2h0PSIxIiB4bWxucz0iaHR0cDovL3d3dy53My5vcmcvMjAwMC9zdmciPjwvc3ZnPg==\" style=\"--smush-placeholder-width: 525px; --smush-placeholder-aspect-ratio: 525\/742;\" \/>\t\t\t\t\t\t\t\t<\/a>\n\t\t\t\t\t\t\t\t\t\t\t\t\t\t\t<\/div>\n\t\t\t\t<\/div>\n\t\t\t\t\t<\/div>\n\t\t<\/div>\n\t\t\t\t<div class=\"elementor-column elementor-col-33 elementor-top-column elementor-element elementor-element-baa7d9e\" data-id=\"baa7d9e\" data-element_type=\"column\">\n\t\t\t<div class=\"elementor-widget-wrap elementor-element-populated\">\n\t\t\t\t\t\t<div class=\"elementor-element elementor-element-aef27fd elementor-widget elementor-widget-image\" data-id=\"aef27fd\" data-element_type=\"widget\" data-widget_type=\"image.default\">\n\t\t\t\t<div class=\"elementor-widget-container\">\n\t\t\t\t\t\t\t\t\t\t\t\t\t\t\t\t<a href=\"https:\/\/alzira.es\/wp-content\/uploads\/2025\/09\/FORMACION-2024.jpg\" data-elementor-open-lightbox=\"yes\" data-elementor-lightbox-title=\"FORMACION-2024\" data-e-action-hash=\"#elementor-action%3Aaction%3Dlightbox%26settings%3DeyJpZCI6MTY0MjA0LCJ1cmwiOiJodHRwczpcL1wvYWx6aXJhLmVzXC93cC1jb250ZW50XC91cGxvYWRzXC8yMDI1XC8wOVwvRk9STUFDSU9OLTIwMjQuanBnIn0%3D\">\n\t\t\t\t\t\t\t<img decoding=\"async\" width=\"525\" height=\"525\" data-src=\"https:\/\/alzira.es\/wp-content\/uploads\/2025\/09\/FORMACION-2024-1072x1072.jpg\" class=\"attachment-large size-large wp-image-164204 lazyload\" alt=\"Formaci\u00f3n 2024\" data-srcset=\"https:\/\/alzira.es\/wp-content\/uploads\/2025\/09\/FORMACION-2024-1072x1072.jpg 1072w, https:\/\/alzira.es\/wp-content\/uploads\/2025\/09\/FORMACION-2024-510x510.jpg 510w, https:\/\/alzira.es\/wp-content\/uploads\/2025\/09\/FORMACION-2024-350x350.jpg 350w, https:\/\/alzira.es\/wp-content\/uploads\/2025\/09\/FORMACION-2024-768x768.jpg 768w, https:\/\/alzira.es\/wp-content\/uploads\/2025\/09\/FORMACION-2024-300x300.jpg 300w, https:\/\/alzira.es\/wp-content\/uploads\/2025\/09\/FORMACION-2024-100x100.jpg 100w, https:\/\/alzira.es\/wp-content\/uploads\/2025\/09\/FORMACION-2024.jpg 1080w\" data-sizes=\"100vw\" src=\"data:image\/svg+xml;base64,PHN2ZyB3aWR0aD0iMSIgaGVpZ2h0PSIxIiB4bWxucz0iaHR0cDovL3d3dy53My5vcmcvMjAwMC9zdmciPjwvc3ZnPg==\" style=\"--smush-placeholder-width: 525px; --smush-placeholder-aspect-ratio: 525\/525;\" \/>\t\t\t\t\t\t\t\t<\/a>\n\t\t\t\t\t\t\t\t\t\t\t\t\t\t\t<\/div>\n\t\t\t\t<\/div>\n\t\t\t\t\t<\/div>\n\t\t<\/div>\n\t\t\t\t<div class=\"elementor-column elementor-col-33 elementor-top-column elementor-element elementor-element-031c442\" data-id=\"031c442\" data-element_type=\"column\">\n\t\t\t<div class=\"elementor-widget-wrap elementor-element-populated\">\n\t\t\t\t\t\t<div class=\"elementor-element elementor-element-aea3bf9 elementor-widget elementor-widget-image\" data-id=\"aea3bf9\" data-element_type=\"widget\" data-widget_type=\"image.default\">\n\t\t\t\t<div class=\"elementor-widget-container\">\n\t\t\t\t\t\t\t\t\t\t\t\t\t\t\t\t<a href=\"https:\/\/alzira.es\/wp-content\/uploads\/2026\/02\/formacio-2025.jpg\" data-elementor-open-lightbox=\"yes\" data-elementor-lightbox-title=\"formacio-2025\" data-e-action-hash=\"#elementor-action%3Aaction%3Dlightbox%26settings%3DeyJpZCI6MTY3NTU3LCJ1cmwiOiJodHRwczpcL1wvYWx6aXJhLmVzXC93cC1jb250ZW50XC91cGxvYWRzXC8yMDI2XC8wMlwvZm9ybWFjaW8tMjAyNS5qcGcifQ%3D%3D\">\n\t\t\t\t\t\t\t<img decoding=\"async\" width=\"525\" height=\"371\" data-src=\"https:\/\/alzira.es\/wp-content\/uploads\/2026\/02\/formacio-2025-1430x1011.jpg\" class=\"attachment-large size-large wp-image-167557 lazyload\" alt=\"Formaci\u00f3n de gestor\/a de colonias felinas\" data-srcset=\"https:\/\/alzira.es\/wp-content\/uploads\/2026\/02\/formacio-2025-1430x1011.jpg 1430w, https:\/\/alzira.es\/wp-content\/uploads\/2026\/02\/formacio-2025-680x481.jpg 680w, https:\/\/alzira.es\/wp-content\/uploads\/2026\/02\/formacio-2025-768x543.jpg 768w, https:\/\/alzira.es\/wp-content\/uploads\/2026\/02\/formacio-2025-1536x1086.jpg 1536w, https:\/\/alzira.es\/wp-content\/uploads\/2026\/02\/formacio-2025.jpg 1600w\" data-sizes=\"100vw\" src=\"data:image\/svg+xml;base64,PHN2ZyB3aWR0aD0iMSIgaGVpZ2h0PSIxIiB4bWxucz0iaHR0cDovL3d3dy53My5vcmcvMjAwMC9zdmciPjwvc3ZnPg==\" style=\"--smush-placeholder-width: 525px; --smush-placeholder-aspect-ratio: 525\/371;\" \/>\t\t\t\t\t\t\t\t<\/a>\n\t\t\t\t\t\t\t\t\t\t\t\t\t\t\t<\/div>\n\t\t\t\t<\/div>\n\t\t\t\t\t<\/div>\n\t\t<\/div>\n\t\t\t\t\t<\/div>\n\t\t<\/section>\n\t\t\t\t<section class=\"elementor-section elementor-top-section elementor-element elementor-element-3e47dc7 elementor-section-boxed elementor-section-height-default elementor-section-height-default\" data-id=\"3e47dc7\" data-element_type=\"section\">\n\t\t\t\t\t\t<div class=\"elementor-container elementor-column-gap-default\">\n\t\t\t\t\t<div class=\"elementor-column elementor-col-100 elementor-top-column elementor-element elementor-element-9ff2203\" data-id=\"9ff2203\" data-element_type=\"column\">\n\t\t\t<div class=\"elementor-widget-wrap elementor-element-populated\">\n\t\t\t\t\t\t<div class=\"elementor-element elementor-element-b676722 elementor-widget-divider--view-line elementor-widget elementor-widget-divider\" data-id=\"b676722\" data-element_type=\"widget\" data-widget_type=\"divider.default\">\n\t\t\t\t<div class=\"elementor-widget-container\">\n\t\t\t\t\t\t\t<div class=\"elementor-divider\">\n\t\t\t<span class=\"elementor-divider-separator\">\n\t\t\t\t\t\t<\/span>\n\t\t<\/div>\n\t\t\t\t\t\t<\/div>\n\t\t\t\t<\/div>\n\t\t\t\t\t<\/div>\n\t\t<\/div>\n\t\t\t\t\t<\/div>\n\t\t<\/section>\n\t\t\t\t<section class=\"elementor-section elementor-top-section elementor-element elementor-element-aacb08b elementor-section-boxed elementor-section-height-default elementor-section-height-default\" data-id=\"aacb08b\" data-element_type=\"section\">\n\t\t\t\t\t\t<div class=\"elementor-container elementor-column-gap-default\">\n\t\t\t\t\t<div class=\"elementor-column elementor-col-33 elementor-top-column elementor-element elementor-element-603fb7c\" data-id=\"603fb7c\" data-element_type=\"column\">\n\t\t\t<div class=\"elementor-widget-wrap elementor-element-populated\">\n\t\t\t\t\t\t<div class=\"elementor-element elementor-element-e28dd46 elementor-widget elementor-widget-heading\" data-id=\"e28dd46\" data-element_type=\"widget\" data-widget_type=\"heading.default\">\n\t\t\t\t<div class=\"elementor-widget-container\">\n\t\t\t\t\t<h2 class=\"elementor-heading-title elementor-size-default\">PLA  MUNICIPAL  PER  AL  CONTROL  I  GESTI\u00d3  \u00c8TIC  DE  COL\u00d2NIES URBANES FELINES<\/h2>\t\t\t\t<\/div>\n\t\t\t\t<\/div>\n\t\t\t\t\t<\/div>\n\t\t<\/div>\n\t\t\t\t<div class=\"elementor-column elementor-col-33 elementor-top-column elementor-element elementor-element-d5b386d\" data-id=\"d5b386d\" data-element_type=\"column\">\n\t\t\t<div class=\"elementor-widget-wrap elementor-element-populated\">\n\t\t\t\t\t\t<div class=\"elementor-element elementor-element-79b5013 elementor-widget elementor-widget-heading\" data-id=\"79b5013\" data-element_type=\"widget\" data-widget_type=\"heading.default\">\n\t\t\t\t<div class=\"elementor-widget-container\">\n\t\t\t\t\t<h2 class=\"elementor-heading-title elementor-size-default\">LLISTAT ACTUALITZAT COLONIES FELINES 2025<\/h2>\t\t\t\t<\/div>\n\t\t\t\t<\/div>\n\t\t\t\t\t<\/div>\n\t\t<\/div>\n\t\t\t\t<div class=\"elementor-column elementor-col-33 elementor-top-column elementor-element elementor-element-99b04fb\" data-id=\"99b04fb\" data-element_type=\"column\">\n\t\t\t<div class=\"elementor-widget-wrap elementor-element-populated\">\n\t\t\t\t\t\t<div class=\"elementor-element elementor-element-ac7e836 elementor-widget elementor-widget-heading\" data-id=\"ac7e836\" data-element_type=\"widget\" data-widget_type=\"heading.default\">\n\t\t\t\t<div class=\"elementor-widget-container\">\n\t\t\t\t\t<h2 class=\"elementor-heading-title elementor-size-default\">GATS ESTERILITZATS PER COLONIES 02\/02\/2026<\/h2>\t\t\t\t<\/div>\n\t\t\t\t<\/div>\n\t\t\t\t\t<\/div>\n\t\t<\/div>\n\t\t\t\t\t<\/div>\n\t\t<\/section>\n\t\t\t\t<section class=\"elementor-section elementor-top-section elementor-element elementor-element-e0b97c4 elementor-section-boxed elementor-section-height-default elementor-section-height-default\" data-id=\"e0b97c4\" data-element_type=\"section\">\n\t\t\t\t\t\t<div class=\"elementor-container elementor-column-gap-default\">\n\t\t\t\t\t<div class=\"elementor-column elementor-col-33 elementor-top-column elementor-element elementor-element-8eeec4d\" data-id=\"8eeec4d\" data-element_type=\"column\">\n\t\t\t<div class=\"elementor-widget-wrap elementor-element-populated\">\n\t\t\t\t\t\t<div class=\"elementor-element elementor-element-421cec5 elementor-widget elementor-widget-image\" data-id=\"421cec5\" data-element_type=\"widget\" data-widget_type=\"image.default\">\n\t\t\t\t<div class=\"elementor-widget-container\">\n\t\t\t\t\t\t\t\t\t\t\t\t\t\t\t\t<a href=\"https:\/\/alzira.es\/wp-content\/uploads\/2025\/10\/pla-per-al-control-de-colonies.pdf\" target=\"_blank\">\n\t\t\t\t\t\t\t<img decoding=\"async\" width=\"320\" height=\"320\" data-src=\"https:\/\/alzira.es\/wp-content\/uploads\/2025\/10\/pla-per-al-control-de-colonies.png\" class=\"attachment-large size-large wp-image-164749 lazyload\" alt=\"PLA MUNICIPAL PER AL CONTROL I GESTI\u00d3 \u00c8TIC DE COL\u00d2NIES URBANES FELINES\" data-srcset=\"https:\/\/alzira.es\/wp-content\/uploads\/2025\/10\/pla-per-al-control-de-colonies.png 320w, https:\/\/alzira.es\/wp-content\/uploads\/2025\/10\/pla-per-al-control-de-colonies-300x300.png 300w, https:\/\/alzira.es\/wp-content\/uploads\/2025\/10\/pla-per-al-control-de-colonies-100x100.png 100w\" data-sizes=\"100vw\" src=\"data:image\/svg+xml;base64,PHN2ZyB3aWR0aD0iMSIgaGVpZ2h0PSIxIiB4bWxucz0iaHR0cDovL3d3dy53My5vcmcvMjAwMC9zdmciPjwvc3ZnPg==\" style=\"--smush-placeholder-width: 320px; --smush-placeholder-aspect-ratio: 320\/320;\" \/>\t\t\t\t\t\t\t\t<\/a>\n\t\t\t\t\t\t\t\t\t\t\t\t\t\t\t<\/div>\n\t\t\t\t<\/div>\n\t\t\t\t\t<\/div>\n\t\t<\/div>\n\t\t\t\t<div class=\"elementor-column elementor-col-33 elementor-top-column elementor-element elementor-element-76c9bcb\" data-id=\"76c9bcb\" data-element_type=\"column\">\n\t\t\t<div class=\"elementor-widget-wrap elementor-element-populated\">\n\t\t\t\t\t\t<div class=\"elementor-element elementor-element-ab34834 elementor-widget elementor-widget-image\" data-id=\"ab34834\" data-element_type=\"widget\" data-widget_type=\"image.default\">\n\t\t\t\t<div class=\"elementor-widget-container\">\n\t\t\t\t\t\t\t\t\t\t\t\t\t\t\t\t<a href=\"https:\/\/alzira.es\/wp-content\/uploads\/2025\/11\/llistat-colonies-felines.pdf\" target=\"_blank\">\n\t\t\t\t\t\t\t<img decoding=\"async\" width=\"320\" height=\"320\" data-src=\"https:\/\/alzira.es\/wp-content\/uploads\/2025\/11\/llistat-colonies-felines.png\" class=\"attachment-large size-large wp-image-165810 lazyload\" alt=\"LLISTAT ACTUALITZAT COLONIES FELINES 2025\" data-srcset=\"https:\/\/alzira.es\/wp-content\/uploads\/2025\/11\/llistat-colonies-felines.png 320w, https:\/\/alzira.es\/wp-content\/uploads\/2025\/11\/llistat-colonies-felines-300x300.png 300w, https:\/\/alzira.es\/wp-content\/uploads\/2025\/11\/llistat-colonies-felines-100x100.png 100w\" data-sizes=\"100vw\" src=\"data:image\/svg+xml;base64,PHN2ZyB3aWR0aD0iMSIgaGVpZ2h0PSIxIiB4bWxucz0iaHR0cDovL3d3dy53My5vcmcvMjAwMC9zdmciPjwvc3ZnPg==\" style=\"--smush-placeholder-width: 320px; --smush-placeholder-aspect-ratio: 320\/320;\" \/>\t\t\t\t\t\t\t\t<\/a>\n\t\t\t\t\t\t\t\t\t\t\t\t\t\t\t<\/div>\n\t\t\t\t<\/div>\n\t\t\t\t\t<\/div>\n\t\t<\/div>\n\t\t\t\t<div class=\"elementor-column elementor-col-33 elementor-top-column elementor-element elementor-element-9fab766\" data-id=\"9fab766\" data-element_type=\"column\">\n\t\t\t<div class=\"elementor-widget-wrap elementor-element-populated\">\n\t\t\t\t\t\t<div class=\"elementor-element elementor-element-0a41e42 elementor-widget elementor-widget-image\" data-id=\"0a41e42\" data-element_type=\"widget\" data-widget_type=\"image.default\">\n\t\t\t\t<div class=\"elementor-widget-container\">\n\t\t\t\t\t\t\t\t\t\t\t\t\t\t\t\t<a href=\"https:\/\/alzira.es\/wp-content\/uploads\/2026\/02\/gats-esteretlizats.pdf\" target=\"_blank\">\n\t\t\t\t\t\t\t<img decoding=\"async\" width=\"320\" height=\"320\" data-src=\"https:\/\/alzira.es\/wp-content\/uploads\/2026\/02\/gats-esteretlizats.png\" class=\"attachment-large size-large wp-image-167562 lazyload\" alt=\"\" data-srcset=\"https:\/\/alzira.es\/wp-content\/uploads\/2026\/02\/gats-esteretlizats.png 320w, https:\/\/alzira.es\/wp-content\/uploads\/2026\/02\/gats-esteretlizats-300x300.png 300w, https:\/\/alzira.es\/wp-content\/uploads\/2026\/02\/gats-esteretlizats-100x100.png 100w\" data-sizes=\"100vw\" src=\"data:image\/svg+xml;base64,PHN2ZyB3aWR0aD0iMSIgaGVpZ2h0PSIxIiB4bWxucz0iaHR0cDovL3d3dy53My5vcmcvMjAwMC9zdmciPjwvc3ZnPg==\" style=\"--smush-placeholder-width: 320px; --smush-placeholder-aspect-ratio: 320\/320;\" \/>\t\t\t\t\t\t\t\t<\/a>\n\t\t\t\t\t\t\t\t\t\t\t\t\t\t\t<\/div>\n\t\t\t\t<\/div>\n\t\t\t\t\t<\/div>\n\t\t<\/div>\n\t\t\t\t\t<\/div>\n\t\t<\/section>\n\t\t\t\t<\/div>\n\t\t","protected":false},"excerpt":{"rendered":"<p>MEM\u00d2RIES COL\u00d2NIES FELINES FORMACI\u00d3 PLA MUNICIPAL PER AL CONTROL I GESTI\u00d3 \u00c8TIC DE COL\u00d2NIES URBANES FELINES LLISTAT ACTUALITZAT COLONIES FELINES 2025 GATS ESTERILITZATS PER COLONIES 02\/02\/2026<\/p>\n","protected":false},"author":29,"featured_media":0,"parent":83083,"menu_order":0,"comment_status":"closed","ping_status":"closed","template":"","meta":{"_acf_changed":false,"footnotes":""},"class_list":["post-164250","page","type-page","status-publish","hentry"],"acf":[],"_links":{"self":[{"href":"https:\/\/alzira.es\/es\/wp-json\/wp\/v2\/pages\/164250","targetHints":{"allow":["GET"]}}],"collection":[{"href":"https:\/\/alzira.es\/es\/wp-json\/wp\/v2\/pages"}],"about":[{"href":"https:\/\/alzira.es\/es\/wp-json\/wp\/v2\/types\/page"}],"author":[{"embeddable":true,"href":"https:\/\/alzira.es\/es\/wp-json\/wp\/v2\/users\/29"}],"replies":[{"embeddable":true,"href":"https:\/\/alzira.es\/es\/wp-json\/wp\/v2\/comments?post=164250"}],"version-history":[{"count":2,"href":"https:\/\/alzira.es\/es\/wp-json\/wp\/v2\/pages\/164250\/revisions"}],"predecessor-version":[{"id":167566,"href":"https:\/\/alzira.es\/es\/wp-json\/wp\/v2\/pages\/164250\/revisions\/167566"}],"up":[{"embeddable":true,"href":"https:\/\/alzira.es\/es\/wp-json\/wp\/v2\/pages\/83083"}],"wp:attachment":[{"href":"https:\/\/alzira.es\/es\/wp-json\/wp\/v2\/media?parent=164250"}],"curies":[{"name":"wp","href":"https:\/\/api.w.org\/{rel}","templated":true}]}}