{"id":162547,"date":"2025-07-08T11:41:28","date_gmt":"2025-07-08T09:41:28","guid":{"rendered":"https:\/\/alzira.es\/?page_id=162547"},"modified":"2025-08-25T13:22:22","modified_gmt":"2025-08-25T11:22:22","slug":"convocatoria-11-2025-oferta-generica-urgent-per-a-la-contractacio-nomenament-temporal-darquitecte-a-tecnic-a","status":"publish","type":"page","link":"https:\/\/alzira.es\/es\/serveis-municipals\/recursos-humans\/ocupacio-temporal\/convocatoria-11-2025-oferta-generica-urgent-per-a-la-contractacio-nomenament-temporal-darquitecte-a-tecnic-a\/","title":{"rendered":"CONVOCAT\u00d2RIA 11\/2025 &#8211; OFERTA GEN\u00c8RICA URGENT PER A LA CONTRACTACI\u00d3\/NOMENAMENT TEMPORAL D&#8217;ARQUITECTE\/A T\u00c9CNIC\/A."},"content":{"rendered":"<hr \/>\n<p><span style=\"color: #800000;\"><strong>Oferta gen\u00e8rica de <span class=\"hiddenGrammarError\">LABORA:<\/span><\/strong><\/span><\/p>\n<ul>\n<li><span style=\"color: #800000;\"><b>10\/2025\/545305 Arquitectes T\u00e8cnics.<\/b><\/span><\/li>\n<\/ul>\n<p><strong>DOCUMENTS DE L&#8217;EXPEDIENT:<\/strong><\/p>\n\n\n<div class=\"wp-block-columns is-layout-flex wp-container-core-columns-is-layout-9d6595d7 wp-block-columns-is-layout-flex\">\n<div class=\"wp-block-column is-layout-flow wp-block-column-is-layout-flow\" style=\"flex-basis:100%\">\n<div class=\"wp-block-group\"><div class=\"wp-block-group__inner-container is-layout-flow wp-block-group-is-layout-flow\">\n<div class=\"wp-block-columns is-layout-flex wp-container-core-columns-is-layout-9d6595d7 wp-block-columns-is-layout-flex\">\n<div class=\"wp-block-column is-layout-flow wp-block-column-is-layout-flow\" style=\"flex-basis:100%\">\n<figure class=\"wp-block-table is-style-stripes\"><table><tbody><tr><td><strong>Nom Fitxer<\/strong><\/td><td class=\"has-text-align-center\" data-align=\"center\"><strong>Data Publicaci\u00f3<\/strong><\/td><\/tr><tr><td><a href=\"https:\/\/alzira.es\/wp-content\/uploads\/2023\/03\/Acord-JGL-bases-oferta-generica-Arquitecte-Tecnic.pdf\" target=\"_blank\" rel=\"noreferrer noopener\">Bases espec\u00edfiques<\/a><\/td><td class=\"has-text-align-center\" data-align=\"center\">08\/07\/2025<\/td><\/tr><tr><td><a href=\"https:\/\/alzira.es\/wp-content\/uploads\/2025\/07\/AUTOBAREMACIO-Arquitecte-a-Tecnic-a-conv-11-25.xlsx\" target=\"_blank\" rel=\"noreferrer noopener\">Autobaremaci\u00f3<\/a><\/td><td class=\"has-text-align-center\" data-align=\"center\">16\/07\/2025<\/td><\/tr><tr><td><a href=\"https:\/\/alzira.es\/wp-content\/uploads\/2023\/03\/02-Decret-designacio-Comissio-Valoracio-i-convocatoria-entrevista.pdf\" target=\"_blank\" rel=\"noreferrer noopener\">Designaci\u00f3 Comissi\u00f3 Valoraci\u00f3 i convocat\u00f2ria entrevista<\/a><\/td><td class=\"has-text-align-center\" data-align=\"center\">29\/07\/2025<\/td><\/tr><tr><td><a href=\"https:\/\/alzira.es\/wp-content\/uploads\/2023\/03\/03-Edicte-resultats-provisionals-entrevistes-i-baremaci_-oferta-gen_rica-Arquitecte-a-T_cnic-a-signat.pdf\">Edicte resultats provisionals entrevistes, baremaci\u00f3 m\u00e8rits i aportaci\u00f3 titulaci\u00f3 habilitant<\/a><\/td><td class=\"has-text-align-center\" data-align=\"center\">01\/08\/2025<\/td><\/tr><tr><td><a href=\"https:\/\/alzira.es\/wp-content\/uploads\/2023\/03\/04-Edicte-resultats-definitius-oferta-generica-Arquitecte-a-Tecnic-a.docx.pdf\" target=\"_blank\" rel=\"noreferrer noopener\">Edicte resultats definitius convocat\u00f2ria<\/a><\/td><td class=\"has-text-align-center\" data-align=\"center\">25\/08\/2025<\/td><\/tr><tr><td><\/td><td class=\"has-text-align-center\" data-align=\"center\"><\/td><\/tr><\/tbody><\/table><\/figure>\n<\/div>\n<\/div>\n<\/div><\/div>\n<\/div>\n<\/div>\n\n\n\n<p><\/p>\n","protected":false},"excerpt":{"rendered":"<p>Oferta gen\u00e8rica de LABORA: 10\/2025\/545305 Arquitectes T\u00e8cnics. DOCUMENTS DE L&#8217;EXPEDIENT: Nom Fitxer Data Publicaci\u00f3 Bases espec\u00edfiques 08\/07\/2025 Autobaremaci\u00f3 16\/07\/2025 Designaci\u00f3 Comissi\u00f3 Valoraci\u00f3 i convocat\u00f2ria entrevista 29\/07\/2025 Edicte resultats provisionals entrevistes, baremaci\u00f3 m\u00e8rits i aportaci\u00f3 titulaci\u00f3 habilitant 01\/08\/2025 Edicte resultats definitius convocat\u00f2ria 25\/08\/2025<\/p>\n","protected":false},"author":156,"featured_media":0,"parent":105775,"menu_order":0,"comment_status":"closed","ping_status":"closed","template":"","meta":{"_acf_changed":false,"footnotes":""},"class_list":["post-162547","page","type-page","status-publish","hentry"],"acf":[],"_links":{"self":[{"href":"https:\/\/alzira.es\/es\/wp-json\/wp\/v2\/pages\/162547","targetHints":{"allow":["GET"]}}],"collection":[{"href":"https:\/\/alzira.es\/es\/wp-json\/wp\/v2\/pages"}],"about":[{"href":"https:\/\/alzira.es\/es\/wp-json\/wp\/v2\/types\/page"}],"author":[{"embeddable":true,"href":"https:\/\/alzira.es\/es\/wp-json\/wp\/v2\/users\/156"}],"replies":[{"embeddable":true,"href":"https:\/\/alzira.es\/es\/wp-json\/wp\/v2\/comments?post=162547"}],"version-history":[{"count":2,"href":"https:\/\/alzira.es\/es\/wp-json\/wp\/v2\/pages\/162547\/revisions"}],"predecessor-version":[{"id":163762,"href":"https:\/\/alzira.es\/es\/wp-json\/wp\/v2\/pages\/162547\/revisions\/163762"}],"up":[{"embeddable":true,"href":"https:\/\/alzira.es\/es\/wp-json\/wp\/v2\/pages\/105775"}],"wp:attachment":[{"href":"https:\/\/alzira.es\/es\/wp-json\/wp\/v2\/media?parent=162547"}],"curies":[{"name":"wp","href":"https:\/\/api.w.org\/{rel}","templated":true}]}}