{"id":162344,"date":"2025-07-02T10:05:46","date_gmt":"2025-07-02T08:05:46","guid":{"rendered":"https:\/\/alzira.es\/?page_id=162344"},"modified":"2026-04-01T15:04:35","modified_gmt":"2026-04-01T13:04:35","slug":"convocatoria-07-2025-seleccio-en-propietat-pel-sistema-de-concurs-oposicio-lliure-una-placa-doperari-a-de-medi-ambient-subgrup-ap","status":"publish","type":"page","link":"https:\/\/alzira.es\/es\/serveis-municipals\/recursos-humans\/ocupacio-permanent\/convocatoria-07-2025-seleccio-en-propietat-pel-sistema-de-concurs-oposicio-lliure-una-placa-doperari-a-de-medi-ambient-subgrup-ap\/","title":{"rendered":"CONVOCAT\u00d2RIA 07\/2025 selecci\u00f3 en propietat pel sistema de concurs-oposici\u00f3 lliure: UNA pla\u00e7a d\u2019Operari\/a de Medi Ambient, subgrup AP."},"content":{"rendered":"\n<p><strong>NOVETAT: <\/strong> termini de presentaci\u00f3 d&#8217;al\u00b7legacions a la baremaci\u00f3 provisional de <strong>CINC DIES H\u00c0BILS des del 2 fins al 10 d&#8217;abril de 2026<\/strong> (tots dos inclosos).<\/p>\n\n\n<p><a href=\"https:\/\/alzira.es\/wp-content\/uploads\/2025\/12\/PLANTILLA-RESPOSTES-CORRECTES-PROVA-TEST-Operari-a-Medi.pdf\"><strong>PLANTILLA RESPOSTES TEST OPERARI\/A MEDI AMBIENT.<\/strong><\/a><\/p>\n<p><strong>DOCUMENTS DE L&#8217;EXPEDIENT:<\/strong><\/p>\n\n\n<figure class=\"wp-block-table is-style-stripes\"><table><tbody><tr><td><strong>Nom Fitxer<\/strong><\/td><td class=\"has-text-align-center\" data-align=\"center\"><strong>Data Publicaci\u00f3<\/strong><\/td><\/tr><tr><td><a href=\"https:\/\/alzira.es\/wp-content\/uploads\/2023\/03\/09-BOPV-BASES-COMUNES-17072025_08566_VA.pdf\">Anunci BOPV bases comuns que han de regir la convocat\u00f2ria per a la selecci\u00f3 de diverses places, pel sistema de concurs-oposici\u00f3 lliure conv. 07\/2025<\/a><\/td><td class=\"has-text-align-center\" data-align=\"center\">17\/07\/2025<\/td><\/tr><tr><td><a href=\"https:\/\/alzira.es\/wp-content\/uploads\/2025\/08\/04-BOPV-Bases-especificas-Op-Medi-ambient-05082025_09218_VA.pdf\">Anunci BOPV bases espec\u00edfiques que han de regir la convocat\u00f2ria per a la selecci\u00f3 com a personal laboral fixe pel sistema de concurs-oposici\u00f3 lliure: 1 pla\u00e7a d&#8217;Operari\/a de Medi Ambient, subgrup AP<\/a><\/td><td class=\"has-text-align-center\" data-align=\"center\">05\/08\/2025<\/td><\/tr><tr><td><a href=\"https:\/\/alzira.es\/wp-content\/uploads\/2023\/03\/AUTOBAREMACIO-conv-07-25-Operari-a-de-Medi-Ambient-1.xlsx\">Full d&#8217;autobaremaci\u00f3 d&#8217;Operari\/a de Medi Ambient<\/a><\/td><td class=\"has-text-align-center\" data-align=\"center\">05\/08\/2025<\/td><\/tr><tr><td><a href=\"https:\/\/alzira.es\/wp-content\/uploads\/2025\/08\/02-Annex-IX-Monografia-i-temari-Operari-a-Medi-Ambient.pdf\">Annex IX<\/a><\/td><td class=\"has-text-align-center\" data-align=\"center\">05\/08\/2025<\/td><\/tr><tr><td><a href=\"https:\/\/alzira.es\/wp-content\/uploads\/2023\/03\/10-Publicacion-plazas-FPiO_0827_DOGV_01-270825.pdf\">Anunci DOGV convocat\u00f2ria 07\/2025<\/a><\/td><td class=\"has-text-align-center\" data-align=\"center\">27\/08\/2025<\/td><\/tr><tr><td><a href=\"https:\/\/alzira.es\/wp-content\/uploads\/2023\/03\/06-BOE-A-2025-16652-conv-07-25-110825-termini-instancies.pdf\">Anunci BOE convocat\u00f2ria 07\/2025<\/a><\/td><td class=\"has-text-align-center\" data-align=\"center\">11\/08\/2025<\/td><\/tr><tr><td><a href=\"https:\/\/alzira.es\/wp-content\/uploads\/2025\/09\/06-Decret-1312-Llistat-provisional-personal-admes-i-exclos-Operari-a-Medi-Ambient.pdf\">Decret llista provisional personal adm\u00e9s\/excl\u00f2s 1 pla\u00e7a d&#8217;Operari\/a de Medi Ambient <\/a><\/td><td class=\"has-text-align-center\" data-align=\"center\">24\/09\/2025<\/td><\/tr><tr><td><a href=\"https:\/\/alzira.es\/wp-content\/uploads\/2023\/03\/07-Decret-1114d1607-llistat-definitiu-personal-admes-i-exclos-Operari-a-MA.pdf\">Decret llista definitiva i data examen 1 pla\u00e7a d&#8217;Oerari\/a Medi Ambient<\/a><\/td><td class=\"has-text-align-center\" data-align=\"center\">14\/11\/2025<\/td><\/tr><tr><td><a href=\"https:\/\/alzira.es\/wp-content\/uploads\/2023\/03\/09-Edicte-Resultats-provisionals-TEST-Operari-a-Medi-Ambient-Conv.-07-25.pdf\">Edicte resultats provisionals test Operari\/a Medi Ambient<\/a><\/td><td class=\"has-text-align-center\" data-align=\"center\">23\/12\/2025<\/td><\/tr><tr><td><a href=\"https:\/\/alzira.es\/wp-content\/uploads\/2023\/03\/10-Edicte-contest-alegacions-resultats-def-test-i-data-obertura-sobre-ID-OP-Medi-07-25.pdf\">Edicte contestaci\u00f3 al\u00b7legacions, resultats definitius i obertura sobre ID<\/a><\/td><td class=\"has-text-align-center\" data-align=\"center\">22\/01\/2026<\/td><\/tr><tr><td><a href=\"https:\/\/alzira.es\/wp-content\/uploads\/2023\/03\/11-Edicte-ID-aspirants-resultats-finals-Test-i-data-2on-exercici-OP-Medi-07-25.pdf\">Edicte obertura sobre ID i data segon exercici (pr\u00e0ctic) i valenci\u00e0<\/a><\/td><td class=\"has-text-align-center\" data-align=\"center\">03\/02\/2026<\/td><\/tr><tr><td><a href=\"https:\/\/alzira.es\/wp-content\/uploads\/2023\/03\/12-Edicte-resultats-provisionals-segon-exercici-pr_ctic-i-valenci_-07-25.pdf\">Edicte resultats provisionals prova pr\u00e0ctica i valenci\u00e0 Operari\/a Medi Ambient<\/a><\/td><td class=\"has-text-align-center\" data-align=\"center\">12\/02\/2026<\/td><\/tr><tr><td><a href=\"https:\/\/alzira.es\/wp-content\/uploads\/2023\/03\/13-Provid_ncia-nomenament-assessors-es-Tribunal-Operari-a-MA-5017.pdf\">Provid\u00e8ncia nomenament assessor\/a OTS<\/a><\/td><td class=\"has-text-align-center\" data-align=\"center\">27\/02\/2026<\/td><\/tr><tr><td><a href=\"https:\/\/alzira.es\/wp-content\/uploads\/2023\/03\/14-Edicte-data-test-i-entrevista-competencials-Op-Medi-Ambient-5017.pdf\">Edicte data test i entrevista compentencials Op Medi Ambient<\/a><\/td><td class=\"has-text-align-center\" data-align=\"center\">27\/02\/2026<\/td><\/tr><tr><td><a href=\"https:\/\/alzira.es\/wp-content\/uploads\/2023\/03\/15-Edicte-test-i-entrevista-competencials-Op-Medi-Ambient-5017.pdf\">Edicte resultats provisionals test i entrevista competencials Op Medi Ambient<\/a><\/td><td class=\"has-text-align-center\" data-align=\"center\">13\/03\/2026<\/td><\/tr><tr><td><a href=\"https:\/\/alzira.es\/wp-content\/uploads\/2023\/03\/16-Edicte-data-obertura-sobre-ID-i-baremaci_-m_rits-Op-Medi-Ambient-5017.pdf\">Edicte obertura sobre ID test competencial i baremaci\u00f3 m\u00e8rits Op Medi Ambient<\/a><\/td><td class=\"has-text-align-center\" data-align=\"center\">26\/03\/2026<\/td><\/tr><tr><td><a href=\"https:\/\/alzira.es\/wp-content\/uploads\/2026\/04\/17-Edicte-obertura-sobre-ID-i-baremaci_-prov-m_rits-Op-Medi-Ambient-5017.pdf\">Edicte notes definitives test i entrevista competencials i baremaci\u00f3 provisional m\u00e8rits Operari\/a Medi Ambient<\/a><\/td><td class=\"has-text-align-center\" data-align=\"center\">01\/04\/2026<\/td><\/tr><\/tbody><\/table><\/figure>\n\n\n\n<p><\/p>\n","protected":false},"excerpt":{"rendered":"<p>NOVETAT: termini de presentaci\u00f3 d&#8217;al\u00b7legacions a la baremaci\u00f3 provisional de CINC DIES H\u00c0BILS des del 2 fins al 10 d&#8217;abril de 2026 (tots dos inclosos). PLANTILLA RESPOSTES TEST OPERARI\/A MEDI AMBIENT. DOCUMENTS DE L&#8217;EXPEDIENT: Nom Fitxer Data Publicaci\u00f3 Anunci BOPV bases comuns que han de regir la convocat\u00f2ria per a la selecci\u00f3 de diverses places, &hellip; <\/p>\n<p class=\"link-more\"><a href=\"https:\/\/alzira.es\/es\/serveis-municipals\/recursos-humans\/ocupacio-permanent\/convocatoria-07-2025-seleccio-en-propietat-pel-sistema-de-concurs-oposicio-lliure-una-placa-doperari-a-de-medi-ambient-subgrup-ap\/\" class=\"more-link\">Continuar leyendo<span class=\"screen-reader-text\"> \u00abCONVOCAT\u00d2RIA 07\/2025 selecci\u00f3 en propietat pel sistema de concurs-oposici\u00f3 lliure: UNA pla\u00e7a d\u2019Operari\/a de Medi Ambient, subgrup AP.\u00bb<\/span><\/a><\/p>\n","protected":false},"author":156,"featured_media":0,"parent":105847,"menu_order":0,"comment_status":"closed","ping_status":"closed","template":"","meta":{"_acf_changed":false,"footnotes":""},"class_list":["post-162344","page","type-page","status-publish","hentry"],"acf":[],"_links":{"self":[{"href":"https:\/\/alzira.es\/es\/wp-json\/wp\/v2\/pages\/162344","targetHints":{"allow":["GET"]}}],"collection":[{"href":"https:\/\/alzira.es\/es\/wp-json\/wp\/v2\/pages"}],"about":[{"href":"https:\/\/alzira.es\/es\/wp-json\/wp\/v2\/types\/page"}],"author":[{"embeddable":true,"href":"https:\/\/alzira.es\/es\/wp-json\/wp\/v2\/users\/156"}],"replies":[{"embeddable":true,"href":"https:\/\/alzira.es\/es\/wp-json\/wp\/v2\/comments?post=162344"}],"version-history":[{"count":1,"href":"https:\/\/alzira.es\/es\/wp-json\/wp\/v2\/pages\/162344\/revisions"}],"predecessor-version":[{"id":170806,"href":"https:\/\/alzira.es\/es\/wp-json\/wp\/v2\/pages\/162344\/revisions\/170806"}],"up":[{"embeddable":true,"href":"https:\/\/alzira.es\/es\/wp-json\/wp\/v2\/pages\/105847"}],"wp:attachment":[{"href":"https:\/\/alzira.es\/es\/wp-json\/wp\/v2\/media?parent=162344"}],"curies":[{"name":"wp","href":"https:\/\/api.w.org\/{rel}","templated":true}]}}