{"id":162339,"date":"2025-07-02T10:01:15","date_gmt":"2025-07-02T08:01:15","guid":{"rendered":"https:\/\/alzira.es\/?page_id=162339"},"modified":"2026-03-17T12:57:42","modified_gmt":"2026-03-17T11:57:42","slug":"convocatoria-07-2025-seleccio-en-propietat-pel-sistema-de-concurs-oposicio-lliure-tres-places-doperaris-de-serveis-varis-subgrup-ap","status":"publish","type":"page","link":"https:\/\/alzira.es\/es\/serveis-municipals\/recursos-humans\/ocupacio-permanent\/convocatoria-07-2025-seleccio-en-propietat-pel-sistema-de-concurs-oposicio-lliure-tres-places-doperaris-de-serveis-varis-subgrup-ap\/","title":{"rendered":"CONVOCAT\u00d2RIA 07\/2025 selecci\u00f3 en propietat pel sistema de concurs-oposici\u00f3 lliure: TRES places d\u2019Operaris de Serveis Varis, subgrup AP."},"content":{"rendered":"<p><strong>NOVETAT<\/strong>: <strong>PROVA PR\u00c0CTICA I TRADUCCI\u00d3 INVERSA OPERARI\/A DE SERVEIS VARIS<\/strong><\/p>\n<p>\u00a0\u00a0\u00a0\u00a0 DATA: <strong>DIMECRES 1 d&#8217;abril de 2026.<\/strong><\/p>\n<p>\u00a0\u00a0\u00a0\u00a0 LLOC: <strong>Estadio Luis Su\u00f1er Pic\u00f3 (c\/ Uni\u00f3n Deportiva Alzira n\u00ba 1- acc\u00e9s portes centrals de l&#8217;estadi) 46600 Alzira.<\/strong><\/p>\n<p>\u00a0\u00a0\u00a0\u00a0 HORA: <strong>9.00 hores.<\/strong><\/p>\n<p><strong>DOCUMENTS DE L&#8217;EXPEDIENT:<\/strong><\/p>\n\n\n<figure class=\"wp-block-table is-style-stripes\"><table><tbody><tr><td><strong>Nom Fitxer<\/strong><\/td><td class=\"has-text-align-center\" data-align=\"center\"><strong>Data Publicaci\u00f3<\/strong><\/td><\/tr><tr><td><a href=\"https:\/\/alzira.es\/wp-content\/uploads\/2023\/03\/09-BOPV-BASES-COMUNES-17072025_08566_VA.pdf\">Anunci BOPV bases comuns que han de regir la convocat\u00f2ria per a la selecci\u00f3 de diverses places, pel sistema de concurs-oposici\u00f3 lliure conv. 07\/2025<\/a><\/td><td class=\"has-text-align-center\" data-align=\"center\">17\/07\/2025<\/td><\/tr><tr><td><a href=\"https:\/\/alzira.es\/wp-content\/uploads\/2023\/03\/04-BOPV-Bases-especificas-Op-serveis-varis-05082025_09222_VA.pdf\">Anunci BOPV bases espec\u00edfiques que han de regir la convocat\u00f2ria per a la selecci\u00f3 com a personal laboral fixe, pel sistema de concurs-oposici\u00f3 lliure: 3 places d&#8217;Operari\/a de Serveis Varis, subgrup AP<\/a><\/td><td class=\"has-text-align-center\" data-align=\"center\">05\/08\/2025<\/td><\/tr><tr><td><a href=\"https:\/\/alzira.es\/wp-content\/uploads\/2025\/09\/AUTOBAREMACIO-conv-07-25-Operari-a-de-serveis-varis.xlsx\">https:\/\/alzira.es\/wp-content\/uploads\/2025\/09\/AUTOBAREMACIO-conv-07-25-Operari-a-de-serveis-varis.xlsx<\/a><a href=\"https:\/\/alzira.es\/wp-content\/uploads\/2023\/03\/AUTOBAREMACIO-conv-07-25-Operari-a-de-serveis-varis.xlsx\">Full d&#8217;autobaremaci\u00f3 d&#8217;Operari\/a de Serveis Varis<\/a><\/td><td class=\"has-text-align-center\" data-align=\"center\">05\/08\/2025<\/td><\/tr><tr><td><a href=\"https:\/\/alzira.es\/wp-content\/uploads\/2025\/08\/02-Annex-VIII-Monografia-i-temari-Operari-a-Serveis-Varis.pdf\">Annex VIII<\/a><\/td><td class=\"has-text-align-center\" data-align=\"center\">05\/08\/2025<\/td><\/tr><tr><td><a href=\"https:\/\/alzira.es\/wp-content\/uploads\/2023\/03\/10-Publicacion-plazas-FPiO_0827_DOGV_01-270825.pdf\">Anunci DOGV convocat\u00f2ria 07\/2025<\/a><\/td><td class=\"has-text-align-center\" data-align=\"center\">27\/08\/2025<\/td><\/tr><tr><td><a href=\"https:\/\/alzira.es\/wp-content\/uploads\/2023\/03\/06-BOE-A-2025-16652-conv-07-25-110825-termini-instancies.pdf\">Anunci BOE convocat\u00f2ria 07\/2025<\/a><\/td><td class=\"has-text-align-center\" data-align=\"center\">11\/08\/2025<\/td><\/tr><tr><td><a href=\"https:\/\/alzira.es\/wp-content\/uploads\/2023\/03\/06-Decret-1313-Llistat-provisional-personal-admes-i-exclos-Operari-a-Serveis-Varis.pdf\">Decret llista provisional personal adm\u00e9s\/excl\u00f2s 3 places d&#8217;Operari\/a Serveis Varis<\/a><\/td><td class=\"has-text-align-center\" data-align=\"center\">24\/09\/2025<\/td><\/tr><tr><td><a href=\"https:\/\/alzira.es\/wp-content\/uploads\/2023\/03\/07-Decret-1797-Llistat-defintiva-personal-admes-i-exclos-Operari-a-Serveis-Varis.pdf\">Decret llista definitiva personal adm\u00e9s\/excl\u00f2s 3 places Operari\/a Serveis Varis i data d&#8217;examen<\/a><\/td><td class=\"has-text-align-center\" data-align=\"center\">19\/12\/2025<\/td><\/tr><tr><td><a href=\"https:\/\/alzira.es\/wp-content\/uploads\/2023\/03\/PLANTILLA-RESPOSTES-CORRECTES-PROVA-TEST-OSV.pdf\">Plantilla respostes test OSV<\/a><\/td><td class=\"has-text-align-center\" data-align=\"center\">30\/01\/2026<\/td><\/tr><tr><td><a href=\"https:\/\/alzira.es\/wp-content\/uploads\/2026\/01\/EXAMEN-OPERARIO-A-SERVICIOS-VARIOS-conv.-07-25.pdf\">Examen test OSV<\/a><\/td><td class=\"has-text-align-center\" data-align=\"center\">30\/01\/2026<\/td><\/tr><tr><td><a href=\"https:\/\/alzira.es\/wp-content\/uploads\/2026\/02\/08-Edicte-Resultats-provisionals-TEST-Operari-a-Serveis-Varis-conv.-07-25.pdf\">Edicte resultats provisionals prova test OSV<\/a><\/td><td class=\"has-text-align-center\" data-align=\"center\">05\/02\/2026<\/td><\/tr><tr><td><a href=\"https:\/\/alzira.es\/wp-content\/uploads\/2023\/03\/09-Edicte-contestaci_-alegacions-resultats-del-test-i-data-obertura-sobre-ID-OSV-07-25.pdf\">Edicte resultats definitius test i obertura sobre ID aspirants<\/a><\/td><td class=\"has-text-align-center\" data-align=\"center\">10\/03\/2026<\/td><\/tr><tr><td><a href=\"https:\/\/alzira.es\/wp-content\/uploads\/2023\/03\/10-Edicte-obertura-sobre-ID-i-data-pr_ctic-i-traducci_-OSV-07-25-an.pdf\">Edicte ID aspirants i data exercicis prova pr\u00e0ctica i traducci\u00f3 inversa OSV<\/a><\/td><td class=\"has-text-align-center\" data-align=\"center\">17\/03\/2026<\/td><\/tr><\/tbody><\/table><\/figure>\n\n\n\n<p><\/p>\n","protected":false},"excerpt":{"rendered":"<p>NOVETAT: PROVA PR\u00c0CTICA I TRADUCCI\u00d3 INVERSA OPERARI\/A DE SERVEIS VARIS \u00a0\u00a0\u00a0\u00a0 DATA: DIMECRES 1 d&#8217;abril de 2026. \u00a0\u00a0\u00a0\u00a0 LLOC: Estadio Luis Su\u00f1er Pic\u00f3 (c\/ Uni\u00f3n Deportiva Alzira n\u00ba 1- acc\u00e9s portes centrals de l&#8217;estadi) 46600 Alzira. \u00a0\u00a0\u00a0\u00a0 HORA: 9.00 hores. DOCUMENTS DE L&#8217;EXPEDIENT: Nom Fitxer Data Publicaci\u00f3 Anunci BOPV bases comuns que han de regir &hellip; <\/p>\n<p class=\"link-more\"><a href=\"https:\/\/alzira.es\/es\/serveis-municipals\/recursos-humans\/ocupacio-permanent\/convocatoria-07-2025-seleccio-en-propietat-pel-sistema-de-concurs-oposicio-lliure-tres-places-doperaris-de-serveis-varis-subgrup-ap\/\" class=\"more-link\">Continuar leyendo<span class=\"screen-reader-text\"> \u00abCONVOCAT\u00d2RIA 07\/2025 selecci\u00f3 en propietat pel sistema de concurs-oposici\u00f3 lliure: TRES places d\u2019Operaris de Serveis Varis, subgrup AP.\u00bb<\/span><\/a><\/p>\n","protected":false},"author":156,"featured_media":0,"parent":105847,"menu_order":0,"comment_status":"closed","ping_status":"closed","template":"","meta":{"_acf_changed":false,"footnotes":""},"class_list":["post-162339","page","type-page","status-publish","hentry"],"acf":[],"_links":{"self":[{"href":"https:\/\/alzira.es\/es\/wp-json\/wp\/v2\/pages\/162339","targetHints":{"allow":["GET"]}}],"collection":[{"href":"https:\/\/alzira.es\/es\/wp-json\/wp\/v2\/pages"}],"about":[{"href":"https:\/\/alzira.es\/es\/wp-json\/wp\/v2\/types\/page"}],"author":[{"embeddable":true,"href":"https:\/\/alzira.es\/es\/wp-json\/wp\/v2\/users\/156"}],"replies":[{"embeddable":true,"href":"https:\/\/alzira.es\/es\/wp-json\/wp\/v2\/comments?post=162339"}],"version-history":[{"count":2,"href":"https:\/\/alzira.es\/es\/wp-json\/wp\/v2\/pages\/162339\/revisions"}],"predecessor-version":[{"id":169256,"href":"https:\/\/alzira.es\/es\/wp-json\/wp\/v2\/pages\/162339\/revisions\/169256"}],"up":[{"embeddable":true,"href":"https:\/\/alzira.es\/es\/wp-json\/wp\/v2\/pages\/105847"}],"wp:attachment":[{"href":"https:\/\/alzira.es\/es\/wp-json\/wp\/v2\/media?parent=162339"}],"curies":[{"name":"wp","href":"https:\/\/api.w.org\/{rel}","templated":true}]}}