{"id":162310,"date":"2025-07-02T09:04:57","date_gmt":"2025-07-02T07:04:57","guid":{"rendered":"https:\/\/alzira.es\/?page_id=162310"},"modified":"2026-04-17T14:10:26","modified_gmt":"2026-04-17T12:10:26","slug":"convocatoria-07-2025-seleccio-en-propietat-pel-sistema-de-concurs-oposicio-lliure-una-placa-denginyer-a-forestal-subgrup-a2","status":"publish","type":"page","link":"https:\/\/alzira.es\/es\/serveis-municipals\/recursos-humans\/ocupacio-permanent\/convocatoria-07-2025-seleccio-en-propietat-pel-sistema-de-concurs-oposicio-lliure-una-placa-denginyer-a-forestal-subgrup-a2\/","title":{"rendered":"CONVOCAT\u00d2RIA 07\/2025 selecci\u00f3 en propietat pel sistema de concurs-oposici\u00f3 lliure: UNA pla\u00e7a d&#8217;Enginyer\/a Forestal, subgrup A2."},"content":{"rendered":"<p><span style=\"color: #000000;\"><strong>NOVETAT:\u00a0 <\/strong>obertura sobre ID resultats definitius test competencial<\/span><\/p>\n<p>&#8211;\u00a0 DATA: <strong>21 d\u2019abril de 2026<\/strong>. <br \/>&#8211; LLOC: Depend\u00e8ncies Funci\u00f3 P\u00fablica i Organitzaci\u00f3 (Ajuntament d\u2019Alzira). <br \/>&#8211; HORA: 9:00 hores.<\/p>\n<p><strong>DOCUMENTS DE L&#8217;EXPEDIENT:<\/strong><\/p>\n\n\n<figure class=\"wp-block-table is-style-stripes\"><table><tbody><tr><td><strong>Nom Fitxer<\/strong><\/td><td class=\"has-text-align-center\" data-align=\"center\"><strong>Data Publicaci\u00f3<\/strong><\/td><\/tr><tr><td><a href=\"https:\/\/alzira.es\/wp-content\/uploads\/2023\/03\/09-BOPV-BASES-COMUNES-17072025_08566_VA.pdf\">Anunci BOPV bases comuns que han de regir la convocat\u00f2ria per a la selecci\u00f3 de diverses places, pel sistema de concurs-oposici\u00f3 lliure conv. 07\/2025<\/a><\/td><td class=\"has-text-align-center\" data-align=\"center\">17\/07\/2025<\/td><\/tr><tr><td><a href=\"https:\/\/alzira.es\/wp-content\/uploads\/2025\/07\/02-Anunci-BOPV-17072025_08568_VA.pdf\">Anunci BOPV bases espec\u00edfiques que han de regir la convocat\u00f2ria per a la selecci\u00f3 com a Funcionari\/a en propietat pel sistema de concurs-oposici\u00f3 lliure: 1 pla\u00e7a Enginyer\/a Forestal, subgrup A2<\/a><\/td><td class=\"has-text-align-center\" data-align=\"center\">17\/07\/2025<\/td><\/tr><tr><td><a href=\"https:\/\/alzira.es\/wp-content\/uploads\/2025\/09\/AUTOBAREMACIO-conv-07-25-Enginyer-a-Forestal.xlsx\">Full d&#8217;autobaremaci\u00f3 Enginyer\/a Forestal, subgrup A2<\/a><\/td><td class=\"has-text-align-center\" data-align=\"center\">17\/07\/2025<\/td><\/tr><tr><td><a href=\"https:\/\/alzira.es\/wp-content\/uploads\/2023\/03\/02-Anex-III-Enginyer-a-Forestal.pdf\">Annex III &#8211; Monografia i temari<\/a><\/td><td class=\"has-text-align-center\" data-align=\"center\">18\/07\/2025<\/td><\/tr><tr><td><a href=\"https:\/\/alzira.es\/wp-content\/uploads\/2023\/03\/05-Publicacio-DOGV-Enginyer-a-Forestal-31072025_28721_es.pdf\">Anunci DOGV convocat\u00f2ria 07\/2025<\/a><\/td><td class=\"has-text-align-center\" data-align=\"center\">31\/07\/2025<\/td><\/tr><tr><td><a href=\"https:\/\/alzira.es\/wp-content\/uploads\/2023\/03\/05-Publicacio-BOE-Enginyer-a-Forestal.pdf\">Anunci BOE convocat\u00f2ria 07\/2025<\/a><\/td><td class=\"has-text-align-center\" data-align=\"center\">26\/07\/2025<\/td><\/tr><tr><td><a href=\"https:\/\/alzira.es\/wp-content\/uploads\/2023\/03\/06-Decret-1322-Llistat-provisional-personal-admes-i-exclos-Enginyer-Forestal.pdf\">Decret llista provisional personal adm\u00e9s\/excl\u00f2s 1 pla\u00e7a <em>Enginyer\/a Forestal i del Medi Natural, d\u2019Administraci\u00f3 Especial, escala t\u00e8cnica mitjana, subgrup A2<\/em><\/a><\/td><td class=\"has-text-align-center\" data-align=\"center\">25\/09\/2025<\/td><\/tr><tr><td><a href=\"https:\/\/alzira.es\/wp-content\/uploads\/2023\/03\/07-Llistat-definitiu-admesos-i-data-examen-Enginyer-a-Forestal.pdf\" target=\"_blank\" rel=\"noreferrer noopener\">Decret llista definitiva personal adm\u00e9s\/excl\u00f3s 1 pla\u00e7a Enginyer\/a Forestal i del Medi Natural. Data examen.<\/a><\/td><td class=\"has-text-align-center\" data-align=\"center\">29\/10\/2025<\/td><\/tr><tr><td><a href=\"https:\/\/alzira.es\/wp-content\/uploads\/2023\/03\/10-NOTA-informativa-plantilla-respostes-TEST-Enginyer-a-Forestal.pdf\" target=\"_blank\" rel=\"noreferrer noopener\">Plantilla de respostes  provaTEST realitzada el dia 04\/12\/25<\/a><\/td><td class=\"has-text-align-center\" data-align=\"center\">10\/12\/2025<\/td><\/tr><tr><td><a href=\"https:\/\/alzira.es\/wp-content\/uploads\/2025\/12\/09-Edicte-resultats-provisionals-prova-TEST-i-SUPOSIT-Enginyer-Forest.-conv.-07-25.pdf\" target=\"_blank\" rel=\"noreferrer noopener\">Edicte resultats provisionals resultats de les proves (TEST i SUP\u00d2SIT PR\u00c0CTIC)<\/a><\/td><td class=\"has-text-align-center\" data-align=\"center\">10\/12\/2025<\/td><\/tr><tr><td><a href=\"https:\/\/alzira.es\/wp-content\/uploads\/2026\/01\/12-Edicte-contestacio-al-legacions-i-data-Enginyer-Forest.-conv.-7-25.pdf\">Edicte contestaci\u00f3 al\u00b7legacions resultats i data obertura sobre ID<\/a><\/td><td class=\"has-text-align-center\" data-align=\"center\">27\/01\/2026<\/td><\/tr><tr><td><a href=\"https:\/\/alzira.es\/wp-content\/uploads\/2023\/03\/14-Edicte-obertura-sobre-ID-Enginyer-a-t.-Forestal.pdf\" type=\"link\" id=\"https:\/\/alzira.es\/wp-content\/uploads\/2023\/03\/14-Edicte-obertura-sobre-ID-Enginyer-a-t.-Forestal.pdf\" target=\"_blank\" rel=\"noreferrer noopener\">Edicte obertura sobre ID aspirants (test i sup\u00f2sit pr\u00e0ctic)<\/a><\/td><td class=\"has-text-align-center\" data-align=\"center\">09\/02\/2026<\/td><\/tr><tr><td><a href=\"https:\/\/alzira.es\/wp-content\/uploads\/2023\/03\/15-Provid_ncia-nomenament-assessors-es-Tribunal-Forestal-5011.pdf\">Provid\u00e8ncia nomenament assessor\/a OTS Forestal<\/a><\/td><td class=\"has-text-align-center\" data-align=\"center\">25\/02\/2026<\/td><\/tr><tr><td><a href=\"https:\/\/alzira.es\/wp-content\/uploads\/2023\/03\/16-Edicte-data-test-i-entrevista-competencials-i-valenci_-Forestal-5011.pdf\">Edicte data test i entrevista competencials i exercici valenci\u00e0<\/a><\/td><td class=\"has-text-align-center\" data-align=\"center\">25\/02\/2026<\/td><\/tr><tr><td><a href=\"https:\/\/alzira.es\/wp-content\/uploads\/2023\/03\/18-Edicte-test-comp-entrevistes-i-valencia-Enginyer-a-Forestal.pdf\">Edicte resultats provisionals test i entrevista competencials i exercici valenci\u00e0<\/a><\/td><td class=\"has-text-align-center\" data-align=\"center\">18\/03\/2026<\/td><\/tr><tr><td><a href=\"https:\/\/alzira.es\/wp-content\/uploads\/2023\/03\/20-Edicte-test-comp-entrevistes-i-valencia-Enginyer-a-Forestal.pdf\">Edicte resultats definitius test i entrevista competencials i exercici valenci\u00e0, i data obertura sobre ID<\/a><\/td><td class=\"has-text-align-center\" data-align=\"center\">17\/04\/2026<\/td><\/tr><\/tbody><\/table><\/figure>\n\n\n\n<p><\/p>\n","protected":false},"excerpt":{"rendered":"<p>NOVETAT:\u00a0 obertura sobre ID resultats definitius test competencial &#8211;\u00a0 DATA: 21 d\u2019abril de 2026. &#8211; LLOC: Depend\u00e8ncies Funci\u00f3 P\u00fablica i Organitzaci\u00f3 (Ajuntament d\u2019Alzira). &#8211; HORA: 9:00 hores. DOCUMENTS DE L&#8217;EXPEDIENT: Nom Fitxer Data Publicaci\u00f3 Anunci BOPV bases comuns que han de regir la convocat\u00f2ria per a la selecci\u00f3 de diverses places, pel sistema de concurs-oposici\u00f3 &hellip; <\/p>\n<p class=\"link-more\"><a href=\"https:\/\/alzira.es\/es\/serveis-municipals\/recursos-humans\/ocupacio-permanent\/convocatoria-07-2025-seleccio-en-propietat-pel-sistema-de-concurs-oposicio-lliure-una-placa-denginyer-a-forestal-subgrup-a2\/\" class=\"more-link\">Continuar leyendo<span class=\"screen-reader-text\"> \u00abCONVOCAT\u00d2RIA 07\/2025 selecci\u00f3 en propietat pel sistema de concurs-oposici\u00f3 lliure: UNA pla\u00e7a d&#8217;Enginyer\/a Forestal, subgrup A2.\u00bb<\/span><\/a><\/p>\n","protected":false},"author":156,"featured_media":0,"parent":105847,"menu_order":0,"comment_status":"closed","ping_status":"closed","template":"","meta":{"_acf_changed":false,"footnotes":""},"class_list":["post-162310","page","type-page","status-publish","hentry"],"acf":[],"_links":{"self":[{"href":"https:\/\/alzira.es\/es\/wp-json\/wp\/v2\/pages\/162310","targetHints":{"allow":["GET"]}}],"collection":[{"href":"https:\/\/alzira.es\/es\/wp-json\/wp\/v2\/pages"}],"about":[{"href":"https:\/\/alzira.es\/es\/wp-json\/wp\/v2\/types\/page"}],"author":[{"embeddable":true,"href":"https:\/\/alzira.es\/es\/wp-json\/wp\/v2\/users\/156"}],"replies":[{"embeddable":true,"href":"https:\/\/alzira.es\/es\/wp-json\/wp\/v2\/comments?post=162310"}],"version-history":[{"count":4,"href":"https:\/\/alzira.es\/es\/wp-json\/wp\/v2\/pages\/162310\/revisions"}],"predecessor-version":[{"id":171292,"href":"https:\/\/alzira.es\/es\/wp-json\/wp\/v2\/pages\/162310\/revisions\/171292"}],"up":[{"embeddable":true,"href":"https:\/\/alzira.es\/es\/wp-json\/wp\/v2\/pages\/105847"}],"wp:attachment":[{"href":"https:\/\/alzira.es\/es\/wp-json\/wp\/v2\/media?parent=162310"}],"curies":[{"name":"wp","href":"https:\/\/api.w.org\/{rel}","templated":true}]}}