{"id":162262,"date":"2025-07-01T14:28:10","date_gmt":"2025-07-01T12:28:10","guid":{"rendered":"https:\/\/alzira.es\/?page_id=162262"},"modified":"2026-04-01T15:01:53","modified_gmt":"2026-04-01T13:01:53","slug":"convocatoria-07-2025-seleccion-en-propiedad-por-el-sistema-de-concurso-oposicion-libre-una-plaza-de-operario-a-de-medio-ambiente-subgrupo-ap","status":"publish","type":"page","link":"https:\/\/alzira.es\/es\/servicios-municipales\/recursos-humanos\/empleo-permanente\/convocatoria-07-2025-seleccion-en-propiedad-por-el-sistema-de-concurso-oposicion-libre-una-plaza-de-operario-a-de-medio-ambiente-subgrupo-ap\/","title":{"rendered":"CONVOCATORIA 07\/2025.- Selecci\u00f3n en propiedad por el sistema de concurso-oposici\u00f3n libre: UNA plaza de OPERARIO\/A DE MEDIO AMBIENTE, subgrupo AP."},"content":{"rendered":"\n<p><strong>NOVEDAD: <\/strong> plazo alegaciones a la baremaci\u00f3n provisional de los m\u00e9ritos <strong>CINCO D\u00cdAS H\u00c1BILES desde el 2 hasta el 10 de abril de 2026<\/strong> (ambos incluidos).<\/p>\n\n\n<p><a href=\"https:\/\/alzira.es\/wp-content\/uploads\/2025\/12\/PLANTILLA-RESPOSTES-CORRECTES-PROVA-TEST-Operari-a-Medi.pdf\"><strong>PLANTILLA RESPUESTAS TEST OPERARIO\/A MEDIO AMBIENTE.<\/strong><\/a><\/p>\n<p><strong>DOCUMENTOS DEL EXPEDIENTE:<\/strong><\/p>\n\n\n<figure class=\"wp-block-table is-style-stripes\"><table><tbody><tr><td><strong>Nombre Fichero<\/strong><\/td><td class=\"has-text-align-center\" data-align=\"center\"><strong>Fecha Publicaci\u00f3n<\/strong><\/td><\/tr><tr><td><a href=\"https:\/\/alzira.es\/wp-content\/uploads\/2023\/03\/09-BOPV-BASES-COMUNES-17072025_08566_VA.pdf\">Anuncio BOPV bases comunes que han de regir la convocatoria para la selecci\u00f3n de varias plazas, por el sistema de concurso-oposici\u00f3n libre conv. 07\/2025<\/a><\/td><td class=\"has-text-align-center\" data-align=\"center\">17\/07\/2025<\/td><\/tr><tr><td><a href=\"https:\/\/alzira.es\/wp-content\/uploads\/2025\/08\/04-BOPV-Bases-especificas-Op-Medi-ambient-05082025_09218_VA.pdf\">Anuncio BOPV bases espec\u00edficas que han de regir la convocat\u00f2ria para la selecci\u00f3n como personal laboral fijo de diversas plazas por el sistema de concurso-oposici\u00f3n libre: 1 plaza Operario\/a de Medio Ambiente, subgrupo AP<\/a><\/td><td class=\"has-text-align-center\" data-align=\"center\">05\/08\/2025<\/td><\/tr><tr><td><a href=\"https:\/\/alzira.es\/wp-content\/uploads\/2023\/03\/AUTOBAREMACIO-conv-07-25-Operari-a-de-Medi-Ambient.xlsx\">Hoja de autobaremaci\u00f3n Operari\/a de Medi Ambient, subgrupo AP<\/a><\/td><td class=\"has-text-align-center\" data-align=\"center\">05\/08\/2025<\/td><\/tr><tr><td><a href=\"https:\/\/alzira.es\/wp-content\/uploads\/2025\/08\/02-Annex-IX-Monografia-i-temari-Operari-a-Medi-Ambient.pdf\">Anexo IX<\/a><\/td><td class=\"has-text-align-center\" data-align=\"center\">05\/08\/2025<\/td><\/tr><tr><td><a href=\"https:\/\/alzira.es\/wp-content\/uploads\/2023\/03\/10-Publicacion-plazas-FPiO_0827_DOGV_01-270825.pdf\">Anuncio DOGV convocatoria 07\/2025<\/a><\/td><td class=\"has-text-align-center\" data-align=\"center\">27\/08\/2025<\/td><\/tr><tr><td><a href=\"https:\/\/alzira.es\/wp-content\/uploads\/2023\/03\/06-BOE-A-2025-16652-conv-07-25-110825-termini-instancies.pdf\">Anuncio BOE convocatoria 07\/2025<\/a><\/td><td class=\"has-text-align-center\" data-align=\"center\">11\/08\/2025<\/td><\/tr><tr><td><a href=\"https:\/\/alzira.es\/wp-content\/uploads\/2025\/09\/06-Decret-1312-Llistat-provisional-personal-admes-i-exclos-Operari-a-Medi-Ambient.pdf\">Decreto listado provisional personal admitido\/excluido 1 plaza de Operario\/a de Medio Ambiente<\/a><\/td><td class=\"has-text-align-center\" data-align=\"center\">24\/09\/2025<\/td><\/tr><tr><td><a href=\"https:\/\/alzira.es\/wp-content\/uploads\/2023\/03\/07-Decret-1114d1607-llistat-definitiu-personal-admes-i-exclos-Operari-a-MA.pdf\">Decreto listado definitivo y fecha de examen 1 plaza de Operario\/a de Medio Ambiente<\/a><\/td><td class=\"has-text-align-center\" data-align=\"center\">14\/11\/2025<\/td><\/tr><tr><td><a href=\"https:\/\/alzira.es\/wp-content\/uploads\/2023\/03\/09-Edicte-Resultats-provisionals-TEST-Operari-a-Medi-Ambient-Conv.-07-25.pdf\">Edicto resultados provisionales test Operario\/a Medio Ambiente<\/a><\/td><td class=\"has-text-align-center\" data-align=\"center\">23\/12\/2025<\/td><\/tr><tr><td><a href=\"https:\/\/alzira.es\/wp-content\/uploads\/2023\/03\/10-Edicte-contest-alegacions-resultats-def-test-i-data-obertura-sobre-ID-OP-Medi-07-25.pdf\">Edicto contestaci\u00f3n alegaciones, resultados definitivos y apertura sobre ID<\/a><\/td><td class=\"has-text-align-center\" data-align=\"center\">22\/01\/2026<\/td><\/tr><tr><td><a href=\"https:\/\/alzira.es\/wp-content\/uploads\/2023\/03\/11-Edicte-ID-aspirants-resultats-finals-Test-i-data-2on-exercici-OP-Medi-07-25.pdf\">Edicto apertura sobre ID y fecha segundo ejercicio (pr\u00e1ctico) y valenciano<\/a><\/td><td class=\"has-text-align-center\" data-align=\"center\">03\/02\/2026<\/td><\/tr><tr><td><a href=\"https:\/\/alzira.es\/wp-content\/uploads\/2023\/03\/12-Edicte-resultats-provisionals-segon-exercici-pr_ctic-i-valenci_-07-25.pdf\">Edicto resultados provisionales prueba pr\u00e1ctica y valenciano Operario\/a Medio Ambiente<\/a><\/td><td class=\"has-text-align-center\" data-align=\"center\">12\/02\/2026<\/td><\/tr><tr><td><a href=\"https:\/\/alzira.es\/wp-content\/uploads\/2023\/03\/13-Provid_ncia-nomenament-assessors-es-Tribunal-Operari-a-MA-5017.pdf\">Providencia nombramiento asesor\/a OTS<\/a><\/td><td class=\"has-text-align-center\" data-align=\"center\">27\/02\/2026<\/td><\/tr><tr><td><a href=\"https:\/\/alzira.es\/wp-content\/uploads\/2023\/03\/14-Edicte-data-test-i-entrevista-competencials-Op-Medi-Ambient-5017.pdf\">Edicto fecha test y entrevista competenciales Op Medio Ambiente<\/a><\/td><td class=\"has-text-align-center\" data-align=\"center\">27\/02\/2026<\/td><\/tr><tr><td><a href=\"https:\/\/alzira.es\/wp-content\/uploads\/2023\/03\/15-Edicte-test-i-entrevista-competencials-Op-Medi-Ambient-5017.pdf\">Edicto resultados provisionales test y entrevista competenciales Op Medio Ambiente<\/a><\/td><td class=\"has-text-align-center\" data-align=\"center\">13\/03\/2026<\/td><\/tr><tr><td><a href=\"https:\/\/alzira.es\/wp-content\/uploads\/2026\/03\/16-Edicte-data-obertura-sobre-ID-i-baremaci_-m_rits-Op-Medi-Ambient-5017.pdf\">Edicto apertura sobre ID test competencial y baremaci\u00f3n m\u00e9ritos Op Medio Ambiente<\/a><\/td><td class=\"has-text-align-center\" data-align=\"center\">26\/03\/2026<\/td><\/tr><tr><td><a href=\"https:\/\/alzira.es\/wp-content\/uploads\/2026\/04\/17-Edicte-obertura-sobre-ID-i-baremaci_-prov-m_rits-Op-Medi-Ambient-5017.pdf\">Edicto notas definitivas test y entrevista competenciales y baremaci\u00f3n m\u00e9ritos provisionales Operario\/a Medio Ambiente<\/a><\/td><td class=\"has-text-align-center\" data-align=\"center\">01\/04\/2026<\/td><\/tr><\/tbody><\/table><\/figure>\n\n\n\n<p><\/p>\n","protected":false},"excerpt":{"rendered":"<p>NOVEDAD: plazo alegaciones a la baremaci\u00f3n provisional de los m\u00e9ritos CINCO D\u00cdAS H\u00c1BILES desde el 2 hasta el 10 de abril de 2026 (ambos incluidos). PLANTILLA RESPUESTAS TEST OPERARIO\/A MEDIO AMBIENTE. DOCUMENTOS DEL EXPEDIENTE: Nombre Fichero Fecha Publicaci\u00f3n Anuncio BOPV bases comunes que han de regir la convocatoria para la selecci\u00f3n de varias plazas, por &hellip; <\/p>\n<p class=\"link-more\"><a href=\"https:\/\/alzira.es\/es\/servicios-municipales\/recursos-humanos\/empleo-permanente\/convocatoria-07-2025-seleccion-en-propiedad-por-el-sistema-de-concurso-oposicion-libre-una-plaza-de-operario-a-de-medio-ambiente-subgrupo-ap\/\" class=\"more-link\">Continuar leyendo<span class=\"screen-reader-text\"> \u00abCONVOCATORIA 07\/2025.- Selecci\u00f3n en propiedad por el sistema de concurso-oposici\u00f3n libre: UNA plaza de OPERARIO\/A DE MEDIO AMBIENTE, subgrupo AP.\u00bb<\/span><\/a><\/p>\n","protected":false},"author":156,"featured_media":0,"parent":105851,"menu_order":0,"comment_status":"closed","ping_status":"closed","template":"","meta":{"_acf_changed":false,"footnotes":""},"class_list":["post-162262","page","type-page","status-publish","hentry"],"acf":[],"_links":{"self":[{"href":"https:\/\/alzira.es\/es\/wp-json\/wp\/v2\/pages\/162262","targetHints":{"allow":["GET"]}}],"collection":[{"href":"https:\/\/alzira.es\/es\/wp-json\/wp\/v2\/pages"}],"about":[{"href":"https:\/\/alzira.es\/es\/wp-json\/wp\/v2\/types\/page"}],"author":[{"embeddable":true,"href":"https:\/\/alzira.es\/es\/wp-json\/wp\/v2\/users\/156"}],"replies":[{"embeddable":true,"href":"https:\/\/alzira.es\/es\/wp-json\/wp\/v2\/comments?post=162262"}],"version-history":[{"count":1,"href":"https:\/\/alzira.es\/es\/wp-json\/wp\/v2\/pages\/162262\/revisions"}],"predecessor-version":[{"id":170803,"href":"https:\/\/alzira.es\/es\/wp-json\/wp\/v2\/pages\/162262\/revisions\/170803"}],"up":[{"embeddable":true,"href":"https:\/\/alzira.es\/es\/wp-json\/wp\/v2\/pages\/105851"}],"wp:attachment":[{"href":"https:\/\/alzira.es\/es\/wp-json\/wp\/v2\/media?parent=162262"}],"curies":[{"name":"wp","href":"https:\/\/api.w.org\/{rel}","templated":true}]}}