{"id":162257,"date":"2025-07-01T14:24:31","date_gmt":"2025-07-01T12:24:31","guid":{"rendered":"https:\/\/alzira.es\/?page_id=162257"},"modified":"2026-03-17T12:42:39","modified_gmt":"2026-03-17T11:42:39","slug":"convocatoria-07-2025-seleccion-en-propiedad-por-el-sistema-de-concurso-oposicion-libre-tres-plazas-de-operarios-as-de-servicios-varios-subgrupo-ap","status":"publish","type":"page","link":"https:\/\/alzira.es\/es\/servicios-municipales\/recursos-humanos\/empleo-permanente\/convocatoria-07-2025-seleccion-en-propiedad-por-el-sistema-de-concurso-oposicion-libre-tres-plazas-de-operarios-as-de-servicios-varios-subgrupo-ap\/","title":{"rendered":"CONVOCATORIA 07\/2025.- Selecci\u00f3n en propiedad por el sistema de concurso-oposici\u00f3n libre: TRES plazas de OPERARIOS\/AS DE SERVICIOS VARIOS, subgrupo AP."},"content":{"rendered":"<p><strong>NOVEDAD<\/strong>:\u00a0<strong>FECHA PRUEBA PR\u00c1CTICA Y TRADUCCI\u00d3N INVERSA OPERARIO\/A DE SERVICIOS VARIOS.<\/strong><\/p>\n<p><span style=\"font-size: revert;\">FECHA: <\/span><strong style=\"font-size: revert;\">MI\u00c9RCOLES 1 de abril de 2026<\/strong><\/p>\n<p>LUGAR: <strong>Estadio Luis Su\u00f1er Pic\u00f3 (c\/ Uni\u00f3n Deportiva Alzira n\u00ba 1-acceso puertas centrales del estadio ) 46600 Alzira<\/strong><\/p>\n<p>HORA: <strong>9.00\u00a0 horas<\/strong><\/p>\n<p><strong>DOCUMENTOS DEL EXPEDIENTE:<\/strong><\/p>\n\n\n<figure class=\"wp-block-table is-style-stripes\"><table><tbody><tr><td><strong>Nombre Fichero<\/strong><\/td><td class=\"has-text-align-center\" data-align=\"center\"><strong>Fecha Publicaci\u00f3n<\/strong><\/td><\/tr><tr><td><a href=\"https:\/\/alzira.es\/wp-content\/uploads\/2023\/03\/09-BOPV-BASES-COMUNES-17072025_08566_VA.pdf\">Anuncio BOPV bases comunes que han de regir la convocatoria para la selecci\u00f3n de varias plazas, por el sistema de concurso-oposici\u00f3n libre conv. 07\/2025<\/a><\/td><td class=\"has-text-align-center\" data-align=\"center\">17\/07\/2025<\/td><\/tr><tr><td><a href=\"https:\/\/alzira.es\/wp-content\/uploads\/2023\/03\/04-BOPV-Bases-especificas-Op-serveis-varis-05082025_09222_VA.pdf\">Aprobaci\u00f3n de las bases espec\u00edficas que han de regir la convocat\u00f2ria para la selecci\u00f3n como personal laboral fijo de diversas plazas por el sistema de concurso-oposici\u00f3n libre: 3 plazas Operarios\/as de servicios varios, subgrupo AP<\/a><\/td><td class=\"has-text-align-center\" data-align=\"center\">05\/08\/2025<\/td><\/tr><tr><td><a href=\"https:\/\/alzira.es\/wp-content\/uploads\/2025\/09\/AUTOBAREMACIO-conv-07-25-Operari-a-de-serveis-varis.xlsx\">Hoja de autobaremaci\u00f3n Operarios\/as de servicios varios, subgrupo AP<\/a><\/td><td class=\"has-text-align-center\" data-align=\"center\">05\/08\/2025<\/td><\/tr><tr><td><a href=\"https:\/\/alzira.es\/wp-content\/uploads\/2025\/08\/02-Annex-VIII-Monografia-i-temari-Operari-a-Serveis-Varis.pdf\">Anexo VIII<\/a><\/td><td class=\"has-text-align-center\" data-align=\"center\">05\/08\/2025<\/td><\/tr><tr><td><a href=\"https:\/\/alzira.es\/wp-content\/uploads\/2023\/03\/10-Publicacion-plazas-FPiO_0827_DOGV_01-270825.pdf\">Anuncio DOGV convocatoria 07\/2025<\/a><\/td><td class=\"has-text-align-center\" data-align=\"center\">27\/08\/2025<\/td><\/tr><tr><td><a href=\"https:\/\/alzira.es\/wp-content\/uploads\/2023\/03\/06-BOE-A-2025-16652-conv-07-25-110825-termini-instancies.pdf\">Anuncio BOE convocatoria 07\/2025<\/a><\/td><td class=\"has-text-align-center\" data-align=\"center\">11\/08\/2025<\/td><\/tr><tr><td><a href=\"https:\/\/alzira.es\/wp-content\/uploads\/2023\/03\/06-Decret-1313-Llistat-provisional-personal-admes-i-exclos-Operari-a-Serveis-Varis.pdf\">Decreto lista provisional personal admitido\/excluido 3 plazas Operario\/a de Servicios Varios<\/a><\/td><td class=\"has-text-align-center\" data-align=\"center\">24\/09\/2025<\/td><\/tr><tr><td><a href=\"https:\/\/alzira.es\/wp-content\/uploads\/2025\/12\/07-Decret-1797-Llistat-defintiva-personal-admes-i-exclos-Operari-a-Serveis-Varis.pdf\">Decreto lista definitiva personal admitido\/excluido 3 plazas Operario\/a de Servicios Varios y fecha de examen<\/a><\/td><td class=\"has-text-align-center\" data-align=\"center\">19\/12\/2025<\/td><\/tr><tr><td><a href=\"https:\/\/alzira.es\/wp-content\/uploads\/2023\/03\/PLANTILLA-RESPOSTES-CORRECTES-PROVA-TEST-OSV.pdf\">Plantilla de respuestas test OSV<\/a><\/td><td class=\"has-text-align-center\" data-align=\"center\">30\/01\/2026<\/td><\/tr><tr><td><a href=\"https:\/\/alzira.es\/wp-content\/uploads\/2026\/01\/EXAMEN-OPERARIO-A-SERVICIOS-VARIOS-conv.-07-25.pdf\">Examen test OSV<\/a><\/td><td class=\"has-text-align-center\" data-align=\"center\">30\/01\/2026<\/td><\/tr><tr><td><a href=\"https:\/\/alzira.es\/wp-content\/uploads\/2026\/02\/08-Edicte-Resultats-provisionals-TEST-Operari-a-Serveis-Varis-conv.-07-25.pdf\">Edicto resultados provisionales prueba test OSV<\/a><\/td><td class=\"has-text-align-center\" data-align=\"center\">05\/02\/2026<\/td><\/tr><tr><td><a href=\"https:\/\/alzira.es\/wp-content\/uploads\/2023\/03\/09-Edicte-contestaci_-alegacions-resultats-del-test-i-data-obertura-sobre-ID-OSV-07-25.pdf\">Edicto resultados definitivos prueba test y fecha apertura sobre ID aspirantes<\/a><\/td><td class=\"has-text-align-center\" data-align=\"center\">10\/03\/2026<\/td><\/tr><tr><td><a href=\"https:\/\/alzira.es\/wp-content\/uploads\/2023\/03\/10-Edicte-obertura-sobre-ID-i-data-pr_ctic-i-traducci_-OSV-07-25-an.pdf\">Edicto ID aspirantes y fecha prueba pr\u00e1ctica y traducci\u00f3n inversa OSV<\/a><\/td><td class=\"has-text-align-center\" data-align=\"center\">17\/03\/2026<\/td><\/tr><\/tbody><\/table><\/figure>\n\n\n\n<p><\/p>\n","protected":false},"excerpt":{"rendered":"<p>NOVEDAD:\u00a0FECHA PRUEBA PR\u00c1CTICA Y TRADUCCI\u00d3N INVERSA OPERARIO\/A DE SERVICIOS VARIOS. FECHA: MI\u00c9RCOLES 1 de abril de 2026 LUGAR: Estadio Luis Su\u00f1er Pic\u00f3 (c\/ Uni\u00f3n Deportiva Alzira n\u00ba 1-acceso puertas centrales del estadio ) 46600 Alzira HORA: 9.00\u00a0 horas DOCUMENTOS DEL EXPEDIENTE: Nombre Fichero Fecha Publicaci\u00f3n Anuncio BOPV bases comunes que han de regir la convocatoria &hellip; <\/p>\n<p class=\"link-more\"><a href=\"https:\/\/alzira.es\/es\/servicios-municipales\/recursos-humanos\/empleo-permanente\/convocatoria-07-2025-seleccion-en-propiedad-por-el-sistema-de-concurso-oposicion-libre-tres-plazas-de-operarios-as-de-servicios-varios-subgrupo-ap\/\" class=\"more-link\">Continuar leyendo<span class=\"screen-reader-text\"> \u00abCONVOCATORIA 07\/2025.- Selecci\u00f3n en propiedad por el sistema de concurso-oposici\u00f3n libre: TRES plazas de OPERARIOS\/AS DE SERVICIOS VARIOS, subgrupo AP.\u00bb<\/span><\/a><\/p>\n","protected":false},"author":156,"featured_media":0,"parent":105851,"menu_order":0,"comment_status":"closed","ping_status":"closed","template":"","meta":{"_acf_changed":false,"footnotes":""},"class_list":["post-162257","page","type-page","status-publish","hentry"],"acf":[],"_links":{"self":[{"href":"https:\/\/alzira.es\/es\/wp-json\/wp\/v2\/pages\/162257","targetHints":{"allow":["GET"]}}],"collection":[{"href":"https:\/\/alzira.es\/es\/wp-json\/wp\/v2\/pages"}],"about":[{"href":"https:\/\/alzira.es\/es\/wp-json\/wp\/v2\/types\/page"}],"author":[{"embeddable":true,"href":"https:\/\/alzira.es\/es\/wp-json\/wp\/v2\/users\/156"}],"replies":[{"embeddable":true,"href":"https:\/\/alzira.es\/es\/wp-json\/wp\/v2\/comments?post=162257"}],"version-history":[{"count":1,"href":"https:\/\/alzira.es\/es\/wp-json\/wp\/v2\/pages\/162257\/revisions"}],"predecessor-version":[{"id":169249,"href":"https:\/\/alzira.es\/es\/wp-json\/wp\/v2\/pages\/162257\/revisions\/169249"}],"up":[{"embeddable":true,"href":"https:\/\/alzira.es\/es\/wp-json\/wp\/v2\/pages\/105851"}],"wp:attachment":[{"href":"https:\/\/alzira.es\/es\/wp-json\/wp\/v2\/media?parent=162257"}],"curies":[{"name":"wp","href":"https:\/\/api.w.org\/{rel}","templated":true}]}}