{"id":162252,"date":"2025-07-01T14:19:53","date_gmt":"2025-07-01T12:19:53","guid":{"rendered":"https:\/\/alzira.es\/?page_id=162252"},"modified":"2026-03-11T11:04:01","modified_gmt":"2026-03-11T10:04:01","slug":"convocatoria-07-2025-seleccion-en-propiedad-por-el-sistema-de-concurso-oposicion-libre-una-plaza-de-oficial-tramoyista-subgrupo-c2","status":"publish","type":"page","link":"https:\/\/alzira.es\/es\/servicios-municipales\/recursos-humanos\/empleo-permanente\/convocatoria-07-2025-seleccion-en-propiedad-por-el-sistema-de-concurso-oposicion-libre-una-plaza-de-oficial-tramoyista-subgrupo-c2\/","title":{"rendered":"CONVOCATORIA 07\/2025.- Selecci\u00f3n en propiedad por el sistema de concurso-oposici\u00f3n libre: UNA plaza de OFICIAL TRAMOYISTA, subgrupo C2."},"content":{"rendered":"\n<p><\/p>\n\n\n\n<p><strong>Plazo de alegaciones del 12 al 27 de marzo de 2026.<\/strong><\/p>\n\n\n\n<p><\/p>\n\n\n<p><a href=\"https:\/\/alzira.es\/wp-content\/uploads\/2023\/03\/PLANTILLA-RESPOSTES-CORRECTES-PROVA-TEST-Tramoista.pdf\"><span style=\"color: #000000;\"><strong>PLANTILLA RESPUESTAS TEST OFICIAL TRAMOYISTA.<\/strong><\/span><\/a><\/p>\n<p><strong>DOCUMENTOS DEL EXPEDIENTE:<\/strong><\/p>\n\n\n<figure class=\"wp-block-table is-style-stripes\"><table><tbody><tr><td><strong>Nombre Fichero<\/strong><\/td><td class=\"has-text-align-center\" data-align=\"center\"><strong>Fecha Publicaci\u00f3n<\/strong><\/td><\/tr><tr><td><a href=\"https:\/\/alzira.es\/wp-content\/uploads\/2023\/03\/09-BOPV-BASES-COMUNES-17072025_08566_VA.pdf\">Anuncio BOPV bases comunes que han de regir la convocatoria para la selecci\u00f3n de varias plazas, por el sistema de concurso-oposici\u00f3n libre conv. 07\/2025<\/a><\/td><td class=\"has-text-align-center\" data-align=\"center\">17\/07\/2025<\/td><\/tr><tr><td><a href=\"https:\/\/alzira.es\/wp-content\/uploads\/2025\/08\/04-BOPV-Bases-especificas-Of-Tramoyista-05082025_09213_VA.pdf\">Anuncio BOPV bases espec\u00edficas que han de regir la convocatoria para la selecci\u00f3n como personal laboral fijo de diversas plazas por el sistema de concurso-oposici\u00f3n libre: 1 plaza Oficial Tramoyista, subgrupo C2<\/a><\/td><td class=\"has-text-align-center\" data-align=\"center\">05\/08\/2025<\/td><\/tr><tr><td><a href=\"https:\/\/alzira.es\/wp-content\/uploads\/2023\/03\/AUTOBAREMACIO-conv-07-25-Oficial-Tramoista-1.xlsx\">Hoja de autobaremaci\u00f3n Oficial Tramoista, subgrupo C2<\/a><\/td><td class=\"has-text-align-center\" data-align=\"center\">05\/08\/2025<\/td><\/tr><tr><td><a href=\"https:\/\/alzira.es\/wp-content\/uploads\/2023\/03\/02-Annex-VII-Monografia-i-temari-Oficial-Tramoista.pdf\">Anexo VII<\/a><\/td><td class=\"has-text-align-center\" data-align=\"center\">05\/08\/2025<\/td><\/tr><tr><td><a href=\"https:\/\/alzira.es\/wp-content\/uploads\/2025\/09\/10-Publicacion-plazas-FPiO_0827_DOGV_01-270825.pdf\">Anuncio DOGV convocatoria 07\/2025<\/a><\/td><td class=\"has-text-align-center\" data-align=\"center\">27\/08\/2025<\/td><\/tr><tr><td><a href=\"https:\/\/alzira.es\/wp-content\/uploads\/2023\/03\/06-BOE-A-2025-16652-conv-07-25-110825-termini-instancies.pdf\">Anuncio BOE convocatoria 07\/2025<\/a><\/td><td class=\"has-text-align-center\" data-align=\"center\">11\/08\/2025<\/td><\/tr><tr><td><a href=\"https:\/\/alzira.es\/wp-content\/uploads\/2023\/03\/06-Decret-1311-Llistat-provisional-personal-admes-i-exclos-Tramoista.pdf\">Decreto lista provisional personal admitido\/excluido 1 plaza de Oficial Tramoyista, subgrupo C2<\/a><\/td><td class=\"has-text-align-center\" data-align=\"center\">24\/09\/2025<\/td><\/tr><tr><td><a href=\"https:\/\/alzira.es\/wp-content\/uploads\/2023\/03\/07-Decret-llistat-definitiu-personal-admes-i-data-examen-Oficial-Tramoista.pdf\" target=\"_blank\" rel=\"noreferrer noopener\">Decreto lista definitiva personal admitido\/excluido y fecha examen<\/a><\/td><td class=\"has-text-align-center\" data-align=\"center\">17\/11\/2025<\/td><\/tr><tr><td><a href=\"https:\/\/alzira.es\/wp-content\/uploads\/2025\/12\/08-Edicte-resultats-provisionals-prova-TEST-oficial-tramoista-conv.-07-25-1.pdf\">Edicto resultados provisionales Oficial tramoyista<\/a><\/td><td class=\"has-text-align-center\" data-align=\"center\">23\/12\/2025<\/td><\/tr><tr><td><a href=\"https:\/\/alzira.es\/wp-content\/uploads\/2023\/03\/09-Edicte-resultats-definitius-prova-TEST-i-apertura-sobre-ID-OF-Tramoista-07-25.docx.pdf\">Edicto resultados definitivos primer ejercicio prueba te\u00f3rica test y fecha apertura sobre ID Oficial Tramoyista<\/a><\/td><td class=\"has-text-align-center\" data-align=\"center\">17\/02\/2026<\/td><\/tr><tr><td><a href=\"https:\/\/alzira.es\/wp-content\/uploads\/2023\/03\/12-Edicte-obertura-sobre-i-data-2n-exercici-conv.-07-25-Tramoista.docx.pdf\" target=\"_blank\" rel=\"noreferrer noopener\">Edicto apertura sobres y fecha examen pr\u00e0ctico y valenciano<\/a><\/td><td class=\"has-text-align-center\" data-align=\"center\">24\/02\/2026<\/td><\/tr><tr><td><a href=\"https:\/\/alzira.es\/wp-content\/uploads\/2023\/03\/13-Edicte-Resultats-provisionals-del-segon-exercici_.docx.pdf\" target=\"_blank\" rel=\"noreferrer noopener\">Edicto notas provisionales ejercicio pr\u00e1ctico<\/a><\/td><td class=\"has-text-align-center\" data-align=\"center\">11\/03\/2026<\/td><\/tr><\/tbody><\/table><\/figure>\n\n\n\n<p><\/p>\n","protected":false},"excerpt":{"rendered":"<p>Plazo de alegaciones del 12 al 27 de marzo de 2026. PLANTILLA RESPUESTAS TEST OFICIAL TRAMOYISTA. DOCUMENTOS DEL EXPEDIENTE: Nombre Fichero Fecha Publicaci\u00f3n Anuncio BOPV bases comunes que han de regir la convocatoria para la selecci\u00f3n de varias plazas, por el sistema de concurso-oposici\u00f3n libre conv. 07\/2025 17\/07\/2025 Anuncio BOPV bases espec\u00edficas que han de &hellip; <\/p>\n<p class=\"link-more\"><a href=\"https:\/\/alzira.es\/es\/servicios-municipales\/recursos-humanos\/empleo-permanente\/convocatoria-07-2025-seleccion-en-propiedad-por-el-sistema-de-concurso-oposicion-libre-una-plaza-de-oficial-tramoyista-subgrupo-c2\/\" class=\"more-link\">Continuar leyendo<span class=\"screen-reader-text\"> \u00abCONVOCATORIA 07\/2025.- Selecci\u00f3n en propiedad por el sistema de concurso-oposici\u00f3n libre: UNA plaza de OFICIAL TRAMOYISTA, subgrupo C2.\u00bb<\/span><\/a><\/p>\n","protected":false},"author":156,"featured_media":0,"parent":105851,"menu_order":0,"comment_status":"closed","ping_status":"closed","template":"","meta":{"_acf_changed":false,"footnotes":""},"class_list":["post-162252","page","type-page","status-publish","hentry"],"acf":[],"_links":{"self":[{"href":"https:\/\/alzira.es\/es\/wp-json\/wp\/v2\/pages\/162252","targetHints":{"allow":["GET"]}}],"collection":[{"href":"https:\/\/alzira.es\/es\/wp-json\/wp\/v2\/pages"}],"about":[{"href":"https:\/\/alzira.es\/es\/wp-json\/wp\/v2\/types\/page"}],"author":[{"embeddable":true,"href":"https:\/\/alzira.es\/es\/wp-json\/wp\/v2\/users\/156"}],"replies":[{"embeddable":true,"href":"https:\/\/alzira.es\/es\/wp-json\/wp\/v2\/comments?post=162252"}],"version-history":[{"count":1,"href":"https:\/\/alzira.es\/es\/wp-json\/wp\/v2\/pages\/162252\/revisions"}],"predecessor-version":[{"id":168796,"href":"https:\/\/alzira.es\/es\/wp-json\/wp\/v2\/pages\/162252\/revisions\/168796"}],"up":[{"embeddable":true,"href":"https:\/\/alzira.es\/es\/wp-json\/wp\/v2\/pages\/105851"}],"wp:attachment":[{"href":"https:\/\/alzira.es\/es\/wp-json\/wp\/v2\/media?parent=162252"}],"curies":[{"name":"wp","href":"https:\/\/api.w.org\/{rel}","templated":true}]}}