{"id":162247,"date":"2025-07-01T14:15:01","date_gmt":"2025-07-01T12:15:01","guid":{"rendered":"https:\/\/alzira.es\/?page_id=162247"},"modified":"2026-03-10T10:13:23","modified_gmt":"2026-03-10T09:13:23","slug":"convocatoria-07-2025-seleccion-en-propiedad-por-el-sistema-de-concurso-oposicion-libre-cinco-plazas-de-auxiliar-administrativo-a-subgrupo-c2","status":"publish","type":"page","link":"https:\/\/alzira.es\/es\/servicios-municipales\/recursos-humanos\/empleo-permanente\/convocatoria-07-2025-seleccion-en-propiedad-por-el-sistema-de-concurso-oposicion-libre-cinco-plazas-de-auxiliar-administrativo-a-subgrupo-c2\/","title":{"rendered":"CONVOCATORIA 07\/2025.- Selecci\u00f3n en propiedad por el sistema de concurso-oposici\u00f3n libre: CINCO plazas de AUXILIAR ADMINISTRATIVO\/A, subgrupo C2."},"content":{"rendered":"<p><strong>NOVEDAD<\/strong>: Identificaci\u00f3n de aspirantes y fecha de realizaci\u00f3n del segundo ejercicio (supuesto pr\u00e1ctico y prueba de conocimientos de valenciano).<\/p>\n<p>FECHA: <strong>10\/03\/2026<\/strong><\/p>\n<p>LUGAR:<strong> CP FPA Enric Valor (C\/ Verge del Luch, 2) Alzira<\/strong><\/p>\n<p>HORA: <strong>11:00 horas (LLAMAMIENTO \u00daNICO).<\/strong><\/p>\n<p><a href=\"https:\/\/alzira.es\/wp-content\/uploads\/2023\/03\/PLANTILLA-RESPOSTES-CORRECTES-AUX-ADMTVO-A.pdf\"><strong>PLANTILLA DE RESPUESTAS TEST AUXILIAR ADMINISTRATIVO\/VA.<\/strong><\/a><\/p>\n<p>Enlace Sede electr\u00f3nica presentaci\u00f3n tr\u00e1mite: <a href=\"https:\/\/sedeelectronica.alzira.es\/PortalCiudadano\/tramites\/browser.do#no-back-button\">Ajuntament d&#8217;Alzira<\/a><\/p>\n<p><strong>DOCUMENTOS DEL EXPEDIENTE:<\/strong><\/p>\n\n\n<figure class=\"wp-block-table is-style-stripes\"><table><tbody><tr><td><strong>Nombre Fichero<\/strong><\/td><td class=\"has-text-align-center\" data-align=\"center\"><strong>Fecha Publicaci\u00f3n<\/strong><\/td><\/tr><tr><td><a href=\"https:\/\/alzira.es\/wp-content\/uploads\/2023\/03\/09-BOPV-BASES-COMUNES-17072025_08566_VA.pdf\">Anuncio BOPV bases comunes que han de regir la convocatoria para la selecci\u00f3n de varias plazas, por el sistema de concurso-oposici\u00f3n libre conv. 07\/2025<\/a><\/td><td class=\"has-text-align-center\" data-align=\"center\">17\/07\/2025<\/td><\/tr><tr><td><a href=\"https:\/\/alzira.es\/wp-content\/uploads\/2023\/03\/04-BOPV-Bases-especificas-aux-admtvo-a-05082025_09207_VA.pdf\">Anuncio BOPV bases espec\u00edficas que han de regir la convocat\u00f2ria para la selecci\u00f3n como Funcionario\/a en propiedad de diversas plazas por el sistema de concurso-oposici\u00f3n libre: 5 plazas Auxiliar Administrativo\/a, subgrupo C2<\/a><\/td><td class=\"has-text-align-center\" data-align=\"center\">05\/08\/2025<\/td><\/tr><tr><td><a href=\"https:\/\/alzira.es\/wp-content\/uploads\/2025\/09\/AUTOBAREMACIO-conv-07-25-Auxiliar-administratiu-va.xlsx\">Hoja de autobaremaci\u00f3n Auxiliar Administrativo\/a, subgrupo C2<\/a><\/td><td class=\"has-text-align-center\" data-align=\"center\">05\/08\/2025<\/td><\/tr><tr><td><a href=\"https:\/\/alzira.es\/wp-content\/uploads\/2025\/08\/02-Annex-VI-Monografia-i-temari-Auxiliar-administratiu-iva.pdf\">Anexo VI<\/a><\/td><td class=\"has-text-align-center\" data-align=\"center\">05\/08\/2025<\/td><\/tr><tr><td><a href=\"https:\/\/alzira.es\/wp-content\/uploads\/2023\/03\/10-Publicacion-plazas-FPiO_0827_DOGV_01-270825.pdf\">Anuncio DOGV convocatoria 07\/2025<\/a><\/td><td class=\"has-text-align-center\" data-align=\"center\">27\/08\/2025<\/td><\/tr><tr><td><a href=\"https:\/\/alzira.es\/wp-content\/uploads\/2023\/03\/06-BOE-A-2025-16652-conv-07-25-110825-termini-instancies.pdf\">Anuncio BOE convocatoria 07\/2025<\/a><\/td><td class=\"has-text-align-center\" data-align=\"center\">11\/08\/2025<\/td><\/tr><tr><td><a href=\"https:\/\/alzira.es\/wp-content\/uploads\/2025\/09\/06-Decret-1302-Llistat-provisional-personal-admes-i-exclos-Auxiliar-admtvo-a.pdf\">Decreto lista provisional personal admitido\/excluido 5 plazas auxiliar Administrativo\/a, subgrupo C2<\/a><\/td><td class=\"has-text-align-center\" data-align=\"center\">24\/09\/2025<\/td><\/tr><tr><td><a href=\"https:\/\/alzira.es\/wp-content\/uploads\/2023\/03\/08-Decret-llista-definitiva-personal-admes-i-exclos-Auxiliar-Administratiu-va.pdf\" target=\"_blank\" rel=\"noreferrer noopener\">Decreto lista definitiva personal admitido\/excluido 5 plazas auxiliar Administrativo\/a, subgrupo C2.<\/a><\/td><td class=\"has-text-align-center\" data-align=\"center\">12\/11\/2025<\/td><\/tr><tr><td><a href=\"https:\/\/alzira.es\/wp-content\/uploads\/2023\/03\/NOTA-informativa-CALCULADORA-5014-conv.-07-25.pdf\">Nota informativa uso calculadoras simples en el examen test<\/a><\/td><td class=\"has-text-align-center\" data-align=\"center\">01\/12\/2025<\/td><\/tr><tr><td><a href=\"https:\/\/alzira.es\/wp-content\/uploads\/2023\/03\/09-Edicte-Resultats-provisionals-TEST-Aux.-Adm.-Conv.-07-25.pdf\" target=\"_blank\" rel=\"noreferrer noopener\">Edicto resultados provisionales prueba TEST<\/a><\/td><td class=\"has-text-align-center\" data-align=\"center\">18\/12\/2025<\/td><\/tr><tr><td><a href=\"https:\/\/alzira.es\/wp-content\/uploads\/2023\/03\/10-Edicte-contestacio-alegtacions-TEST-i-data-obertura-Aux-Adm.pdf\" target=\"_blank\" rel=\"noreferrer noopener\">Edicto resultados definitivos TEST y fecha apertura sobres<\/a><\/td><td class=\"has-text-align-center\" data-align=\"center\">11\/02\/2026<\/td><\/tr><tr><td><a href=\"https:\/\/alzira.es\/wp-content\/uploads\/2023\/03\/12-Edicte-obertura-sobre-ID-test-i-data-segona-prova-Aux.-Adm.pdf\" type=\"link\" id=\"https:\/\/alzira.es\/wp-content\/uploads\/2023\/03\/12-Edicte-obertura-sobre-ID-test-i-data-segona-prova-Aux.-Adm.pdf\" target=\"_blank\" rel=\"noreferrer noopener\">Edicto identificaci\u00f3n aspirantes y fecha del segundo ejercicio<\/a><\/td><td class=\"has-text-align-center\" data-align=\"center\">23\/02\/2026<\/td><\/tr><tr><td><\/td><td class=\"has-text-align-center\" data-align=\"center\"><\/td><\/tr><tr><td><\/td><td class=\"has-text-align-center\" data-align=\"center\"><\/td><\/tr><\/tbody><\/table><\/figure>\n\n\n\n<p><\/p>\n","protected":false},"excerpt":{"rendered":"<p>NOVEDAD: Identificaci\u00f3n de aspirantes y fecha de realizaci\u00f3n del segundo ejercicio (supuesto pr\u00e1ctico y prueba de conocimientos de valenciano). FECHA: 10\/03\/2026 LUGAR: CP FPA Enric Valor (C\/ Verge del Luch, 2) Alzira HORA: 11:00 horas (LLAMAMIENTO \u00daNICO). PLANTILLA DE RESPUESTAS TEST AUXILIAR ADMINISTRATIVO\/VA. Enlace Sede electr\u00f3nica presentaci\u00f3n tr\u00e1mite: Ajuntament d&#8217;Alzira DOCUMENTOS DEL EXPEDIENTE: Nombre Fichero &hellip; <\/p>\n<p class=\"link-more\"><a href=\"https:\/\/alzira.es\/es\/servicios-municipales\/recursos-humanos\/empleo-permanente\/convocatoria-07-2025-seleccion-en-propiedad-por-el-sistema-de-concurso-oposicion-libre-cinco-plazas-de-auxiliar-administrativo-a-subgrupo-c2\/\" class=\"more-link\">Continuar leyendo<span class=\"screen-reader-text\"> \u00abCONVOCATORIA 07\/2025.- Selecci\u00f3n en propiedad por el sistema de concurso-oposici\u00f3n libre: CINCO plazas de AUXILIAR ADMINISTRATIVO\/A, subgrupo C2.\u00bb<\/span><\/a><\/p>\n","protected":false},"author":156,"featured_media":0,"parent":105851,"menu_order":0,"comment_status":"closed","ping_status":"closed","template":"","meta":{"_acf_changed":false,"footnotes":""},"class_list":["post-162247","page","type-page","status-publish","hentry"],"acf":[],"_links":{"self":[{"href":"https:\/\/alzira.es\/es\/wp-json\/wp\/v2\/pages\/162247","targetHints":{"allow":["GET"]}}],"collection":[{"href":"https:\/\/alzira.es\/es\/wp-json\/wp\/v2\/pages"}],"about":[{"href":"https:\/\/alzira.es\/es\/wp-json\/wp\/v2\/types\/page"}],"author":[{"embeddable":true,"href":"https:\/\/alzira.es\/es\/wp-json\/wp\/v2\/users\/156"}],"replies":[{"embeddable":true,"href":"https:\/\/alzira.es\/es\/wp-json\/wp\/v2\/comments?post=162247"}],"version-history":[{"count":2,"href":"https:\/\/alzira.es\/es\/wp-json\/wp\/v2\/pages\/162247\/revisions"}],"predecessor-version":[{"id":168690,"href":"https:\/\/alzira.es\/es\/wp-json\/wp\/v2\/pages\/162247\/revisions\/168690"}],"up":[{"embeddable":true,"href":"https:\/\/alzira.es\/es\/wp-json\/wp\/v2\/pages\/105851"}],"wp:attachment":[{"href":"https:\/\/alzira.es\/es\/wp-json\/wp\/v2\/media?parent=162247"}],"curies":[{"name":"wp","href":"https:\/\/api.w.org\/{rel}","templated":true}]}}