{"id":162243,"date":"2025-07-01T13:56:42","date_gmt":"2025-07-01T11:56:42","guid":{"rendered":"https:\/\/alzira.es\/?page_id=162243"},"modified":"2026-03-24T09:12:50","modified_gmt":"2026-03-24T08:12:50","slug":"convocatoria-07-2025-seleccion-en-propiedad-por-el-sistema-de-concurso-oposicion-libre-una-plaza-de-tecnico-a-de-turismo-subgrupo-a2","status":"publish","type":"page","link":"https:\/\/alzira.es\/es\/servicios-municipales\/recursos-humanos\/empleo-permanente\/convocatoria-07-2025-seleccion-en-propiedad-por-el-sistema-de-concurso-oposicion-libre-una-plaza-de-tecnico-a-de-turismo-subgrupo-a2\/","title":{"rendered":"CONVOCATORIA 07\/2025.- Selecci\u00f3n en propiedad por el sistema de concurso-oposici\u00f3n libre: UNA plaza de T\u00c9CNICO\/A DE TURISMO, subgrupo A2."},"content":{"rendered":"<p><span style=\"color: #000000;\"><strong>NOVEDAD: <\/strong>plazo de alegaciones notas provisionales test y entrevista competenciales, y valenciano, <strong>DIEZ D\u00cdAS H\u00c1BILES<\/strong> desde <strong>el 24 de marzo hasta el 8 de abril<\/strong> (ambos incluidos).<\/span><\/p>\n<p><a href=\"https:\/\/alzira.es\/wp-content\/uploads\/2025\/12\/Plantilla-respuestas-TEST-TEC-TURSIME.xlsx\">Plantilla del examen tipo test<\/a><\/p>\n<p><strong>DOCUMENTOS DEL EXPEDIENTE:<\/strong><\/p>\n\n\n<figure class=\"wp-block-table is-style-stripes\"><table><tbody><tr><td><strong>Nombre Fichero<\/strong><\/td><td class=\"has-text-align-center\" data-align=\"center\"><strong>Fecha Publicaci\u00f3n<\/strong><\/td><\/tr><tr><td><a href=\"https:\/\/alzira.es\/wp-content\/uploads\/2023\/03\/09-BOPV-BASES-COMUNES-17072025_08566_VA.pdf\">Anuncio BOPV bases comunes que han de regir la convocatoria para la selecci\u00f3n de varias plazas, por el sistema de concurso-oposici\u00f3n libre conv. 07\/2025<\/a><\/td><td class=\"has-text-align-center\" data-align=\"center\">17\/07\/2025<\/td><\/tr><tr><td><a href=\"https:\/\/alzira.es\/wp-content\/uploads\/2025\/08\/04-BOPV-Bases-especificas-Tec-Turismo-05082025_09223_VA.pdf\">Anuncio BOPV bases espec\u00edficas que han de regir la convocat\u00f2ria para la selecci\u00f3n como Funcionario\/a en propiedad de diversas plazas por el sistema de concurso-oposici\u00f3n libre: 1 plaza T\u00e9cnico\/a de Turismo, subgrupo A2<\/a><\/td><td class=\"has-text-align-center\" data-align=\"center\">05\/08\/2025<\/td><\/tr><tr><td><a href=\"https:\/\/alzira.es\/wp-content\/uploads\/2023\/03\/AUTOBAREMACIO-conv-07-25-Tecnic-a-Turisme.xlsx\">Hoja de autobaremaci\u00f3n T\u00e9cnico\/a de Turismo, subgrupo A2<\/a><\/td><td class=\"has-text-align-center\" data-align=\"center\">05\/08\/2025<\/td><\/tr><tr><td><a href=\"https:\/\/alzira.es\/wp-content\/uploads\/2025\/08\/02-Annex-V-Monografia-i-temari-Tecnic-a-de-Turisme.pdf\">Anexo V<\/a><\/td><td class=\"has-text-align-center\" data-align=\"center\">05\/08\/2025<\/td><\/tr><tr><td><a href=\"https:\/\/alzira.es\/wp-content\/uploads\/2023\/03\/10-Publicacion-plazas-FPiO_0827_DOGV_01-270825.pdf\">Anuncio DOGV convocatoria 07\/2025<\/a><\/td><td class=\"has-text-align-center\" data-align=\"center\">27\/08\/2025<\/td><\/tr><tr><td><a href=\"https:\/\/alzira.es\/wp-content\/uploads\/2023\/03\/06-BOE-A-2025-16652-conv-07-25-110825-termini-instancies.pdf\">Anuncio BOE convocatoria 07\/2025<\/a><\/td><td class=\"has-text-align-center\" data-align=\"center\">11\/08\/2025<\/td><\/tr><tr><td><a href=\"https:\/\/alzira.es\/wp-content\/uploads\/2025\/09\/07-Decret-1305-Llistat-provisional-personal-admes-i-exclos-Tecnic-a-de-Turisme.pdf\">Decreto lista provisional personal admitido y excluido 1 plaza T\u00e9cnico\/a de Turismo, subgrupo A2<\/a><\/td><td class=\"has-text-align-center\" data-align=\"center\">24\/09\/2025<\/td><\/tr><tr><td><a href=\"https:\/\/alzira.es\/wp-content\/uploads\/2023\/03\/08-Llistat-definitiu-personal-admes-i-exclos-Tecnic-a-de-Turisme.pdf\" target=\"_blank\" rel=\"noreferrer noopener\">Decreto lista provisional personal admitido y excluido 1 plaza T\u00e9cnico\/a de Turismo. Fecha de examen.<\/a><\/td><td class=\"has-text-align-center\" data-align=\"center\">29\/10\/2025<\/td><\/tr><tr><td><a href=\"https:\/\/alzira.es\/wp-content\/uploads\/2023\/03\/09-Edicte-resultats-provisionals-prova-TEST-i-SUPOSIT-T_cnic-Turisme.-conv.-07-25.docx-1.pdf\" target=\"_blank\" rel=\"noreferrer noopener\">Edicto notas provisionales primer ejercicio (test y pr\u00e1ctico)<\/a><\/td><td class=\"has-text-align-center\" data-align=\"center\">17\/12\/2025<\/td><\/tr><tr><td><a href=\"https:\/\/alzira.es\/wp-content\/uploads\/2023\/03\/11-Edicte-resultats-definitius-i-data-ID-aspirants-Tecnic-a-Turisme.pdf\" type=\"link\" id=\"https:\/\/alzira.es\/wp-content\/uploads\/2023\/03\/11-Edicte-resultats-definitius-i-data-ID-aspirants-Tecnic-a-Turisme.pdf\" target=\"_blank\" rel=\"noreferrer noopener\">Edicto resultados definitivos primer ejercicio (test y pr\u00e1ctico)<\/a><\/td><td class=\"has-text-align-center\" data-align=\"center\">17\/02\/2026<\/td><\/tr><tr><td><a href=\"https:\/\/alzira.es\/wp-content\/uploads\/2023\/03\/13-Provid_ncia-nomenament-assessors-es-Tribunal-Turisme-5013.pdf\">Providencia nombramiento asesor\/a OTS<\/a><\/td><td class=\"has-text-align-center\" data-align=\"center\">25\/02\/2026<\/td><\/tr><tr><td><a href=\"https:\/\/alzira.es\/wp-content\/uploads\/2023\/03\/14-Edicte-obertura-sobre-i-data-2n-i-tercer-exercici.docx-1.pdf\" target=\"_blank\" rel=\"noreferrer noopener\">Edicto de apertura de sobres y fecha 2\u00ba y 3er ejercicio<\/a><\/td><td class=\"has-text-align-center\" data-align=\"center\">26\/02\/2026<\/td><\/tr><tr><td><a href=\"https:\/\/alzira.es\/wp-content\/uploads\/2023\/03\/Edicte-notes-provisionals-test-competencial-entrevista-i-valenci_-T_cnic-a-Turisme.docx.pdf\">Edicto notas provisionales test competencial y entrevista, y valenciano T\u00e9cnico\/a Turismo<\/a><\/td><td class=\"has-text-align-center\" data-align=\"center\">23\/03\/2026<\/td><\/tr><tr><td><\/td><td class=\"has-text-align-center\" data-align=\"center\"><\/td><\/tr><\/tbody><\/table><\/figure>\n","protected":false},"excerpt":{"rendered":"<p>NOVEDAD: plazo de alegaciones notas provisionales test y entrevista competenciales, y valenciano, DIEZ D\u00cdAS H\u00c1BILES desde el 24 de marzo hasta el 8 de abril (ambos incluidos). Plantilla del examen tipo test DOCUMENTOS DEL EXPEDIENTE: Nombre Fichero Fecha Publicaci\u00f3n Anuncio BOPV bases comunes que han de regir la convocatoria para la selecci\u00f3n de varias plazas, &hellip; <\/p>\n<p class=\"link-more\"><a href=\"https:\/\/alzira.es\/es\/servicios-municipales\/recursos-humanos\/empleo-permanente\/convocatoria-07-2025-seleccion-en-propiedad-por-el-sistema-de-concurso-oposicion-libre-una-plaza-de-tecnico-a-de-turismo-subgrupo-a2\/\" class=\"more-link\">Continuar leyendo<span class=\"screen-reader-text\"> \u00abCONVOCATORIA 07\/2025.- Selecci\u00f3n en propiedad por el sistema de concurso-oposici\u00f3n libre: UNA plaza de T\u00c9CNICO\/A DE TURISMO, subgrupo A2.\u00bb<\/span><\/a><\/p>\n","protected":false},"author":156,"featured_media":0,"parent":105851,"menu_order":0,"comment_status":"closed","ping_status":"closed","template":"","meta":{"_acf_changed":false,"footnotes":""},"class_list":["post-162243","page","type-page","status-publish","hentry"],"acf":[],"_links":{"self":[{"href":"https:\/\/alzira.es\/es\/wp-json\/wp\/v2\/pages\/162243","targetHints":{"allow":["GET"]}}],"collection":[{"href":"https:\/\/alzira.es\/es\/wp-json\/wp\/v2\/pages"}],"about":[{"href":"https:\/\/alzira.es\/es\/wp-json\/wp\/v2\/types\/page"}],"author":[{"embeddable":true,"href":"https:\/\/alzira.es\/es\/wp-json\/wp\/v2\/users\/156"}],"replies":[{"embeddable":true,"href":"https:\/\/alzira.es\/es\/wp-json\/wp\/v2\/comments?post=162243"}],"version-history":[{"count":2,"href":"https:\/\/alzira.es\/es\/wp-json\/wp\/v2\/pages\/162243\/revisions"}],"predecessor-version":[{"id":169427,"href":"https:\/\/alzira.es\/es\/wp-json\/wp\/v2\/pages\/162243\/revisions\/169427"}],"up":[{"embeddable":true,"href":"https:\/\/alzira.es\/es\/wp-json\/wp\/v2\/pages\/105851"}],"wp:attachment":[{"href":"https:\/\/alzira.es\/es\/wp-json\/wp\/v2\/media?parent=162243"}],"curies":[{"name":"wp","href":"https:\/\/api.w.org\/{rel}","templated":true}]}}