{"id":162235,"date":"2025-07-01T13:37:31","date_gmt":"2025-07-01T11:37:31","guid":{"rendered":"https:\/\/alzira.es\/?page_id=162235"},"modified":"2026-04-08T08:48:48","modified_gmt":"2026-04-08T06:48:48","slug":"convocatoria-07-2025-seleccion-en-propiedad-de-varias-plazas-por-el-sistema-de-concurso-oposicion-libre-dos-plazas-de-arquitecto-a-tecnico-a-subgrupo-a2","status":"publish","type":"page","link":"https:\/\/alzira.es\/es\/servicios-municipales\/recursos-humanos\/empleo-permanente\/convocatoria-07-2025-seleccion-en-propiedad-de-varias-plazas-por-el-sistema-de-concurso-oposicion-libre-dos-plazas-de-arquitecto-a-tecnico-a-subgrupo-a2\/","title":{"rendered":"CONVOCATORIA 07\/2025.- Selecci\u00f3n en propiedad por el sistema de concurso-oposici\u00f3n libre: DOS plazas de ARQUITECTO\/A T\u00c9CNICO\/A, subgrupo A2."},"content":{"rendered":"<p><span style=\"color: #000000;\"><strong>NOVEDAD: Plazo de presentaci\u00f3n de documentaci\u00f3n de requisitos y m\u00e9ritos del 9 al 23 de abril de 2026<\/strong><\/span><\/p>\n<p><a href=\"https:\/\/alzira.es\/wp-content\/uploads\/2025\/12\/Plantilla-respuestas-TEST-ARQUIT-TEC.xlsx\">Plantilla respuestas tipo test.<\/a><\/p>\n<p><a href=\"https:\/\/alzira.es\/wp-content\/uploads\/2025\/12\/Practico-AT-Modelo-1-y-2.pdf\">Examen pr\u00e1ctico.<\/a><\/p>\n<p><strong>DOCUMENTOS DEL EXPEDIENTE:<\/strong><\/p>\n\n\n<figure class=\"wp-block-table is-style-stripes\"><table><tbody><tr><td><strong>Nombre Fichero<\/strong><\/td><td class=\"has-text-align-center\" data-align=\"center\"><strong>Fecha Publicaci\u00f3n<\/strong><\/td><\/tr><tr><td><a href=\"https:\/\/alzira.es\/wp-content\/uploads\/2023\/03\/09-BOPV-BASES-COMUNES-17072025_08566_VA.pdf\">Anuncio BOPV bases comunes que han de regir la convocatoria para la selecci\u00f3n de varias plazas, por el sistema de concurso-oposici\u00f3n libre conv. 07\/2025<\/a><\/td><td class=\"has-text-align-center\" data-align=\"center\">17\/07\/2025<\/td><\/tr><tr><td><a href=\"https:\/\/alzira.es\/wp-content\/uploads\/2023\/03\/04-BOPV-bases-especificas-AT-05082025_09205_VA.pdf\">Anuncio BOPV bases espec\u00edficas que han de regir la convocatoria para la selecci\u00f3n como Funcionario\/a en propiedad de diversas plazas por el sistema de concurso-oposici\u00f3n libre: 2 plazas Arquitecto\/a T\u00e9cnico\/a, subgrupo A2<\/a><\/td><td class=\"has-text-align-center\" data-align=\"center\">05\/08\/2025<\/td><\/tr><tr><td><a href=\"https:\/\/alzira.es\/wp-content\/uploads\/2023\/03\/AUTOBAREMACIO-conv-07-25-Arquitecte-a-Tecnic-a-1.xlsx\">Hoja de autobaremaci\u00f3n Arquitecto\/a T\u00e9cnico\/a, subgrupo A2<\/a><\/td><td class=\"has-text-align-center\" data-align=\"center\">16\/09\/2025<\/td><\/tr><tr><td><a href=\"https:\/\/alzira.es\/wp-content\/uploads\/2023\/03\/02-Annex-IV-Monografia-i-temari-Arquitecte-a-Tecnic-a.pdf\">Anexo IV<\/a><\/td><td class=\"has-text-align-center\" data-align=\"center\">05\/08\/2025<\/td><\/tr><tr><td><a href=\"https:\/\/alzira.es\/wp-content\/uploads\/2023\/03\/10-Publicacion-plazas-FPiO_0827_DOGV_01-270825.pdf\">Anuncio DOGV convocatoria 07\/2025<\/a><\/td><td class=\"has-text-align-center\" data-align=\"center\">27\/08\/2025<\/td><\/tr><tr><td><a href=\"https:\/\/alzira.es\/wp-content\/uploads\/2023\/03\/06-BOE-A-2025-16652-conv-07-25-110825-termini-instancies.pdf\">Anuncio BOE convocatoria 07\/2025<\/a><\/td><td class=\"has-text-align-center\" data-align=\"center\">11\/08\/2025<\/td><\/tr><tr><td><a href=\"https:\/\/alzira.es\/wp-content\/uploads\/2023\/03\/06-Decret-1303-Llistat-provisional-personal-admes-i-exclos-Arquitecte-a-Tecnic-a.pdf\">Decreto lista provisional personal admitido y excluido 2 plazas Arquitecto\/a T\u00e9cnico\/a, subgrupo A2<\/a><\/td><td class=\"has-text-align-center\" data-align=\"center\">24\/09\/2025<\/td><\/tr><tr><td><a href=\"https:\/\/alzira.es\/wp-content\/uploads\/2025\/10\/07-Lllistat-definitiu-personal-admes-Arquitecte-a-Tecnic-a.pdf\" target=\"_blank\" rel=\"noreferrer noopener\">Decreto lista definitiva personal admitido y excluido 2 plazas Arquitecto\/a T\u00e9cnico\/a. Fecha de examen<\/a><\/td><td class=\"has-text-align-center\" data-align=\"center\">29\/10\/2025<\/td><\/tr><tr><td><a href=\"https:\/\/alzira.es\/wp-content\/uploads\/2023\/03\/09-Edicte-resultats-provisionals-Test-i-practic-Arquitecte-a-Tecnic-a.pdf\" target=\"_blank\" rel=\"noreferrer noopener\">Edicto de notas provisionales examen tipo test y supuesto pr\u00e1ctico<\/a><\/td><td class=\"has-text-align-center\" data-align=\"center\">15\/12\/2025<\/td><\/tr><tr><td><a href=\"https:\/\/alzira.es\/wp-content\/uploads\/2023\/03\/10-Edicte-data-revisio-examen-practic-Arquitecte-Tecnic.pdf\" target=\"_blank\" rel=\"noreferrer noopener\">Edicto con la fecha de la revisi\u00f3n del examen pr\u00e1ctico<\/a><\/td><td class=\"has-text-align-center\" data-align=\"center\">15\/01\/2026<\/td><\/tr><tr><td><a href=\"https:\/\/alzira.es\/wp-content\/uploads\/2023\/03\/11.Edicte-data-obertura-sobres-i-resultats-definitius-Arq-Tecnic.pdf\" target=\"_blank\" rel=\"noreferrer noopener\">Edicto notas definitivas tipo test i supuesto pr\u00e1ctico i fecha apertura sobres<\/a><\/td><td class=\"has-text-align-center\" data-align=\"center\">06\/02\/2026<\/td><\/tr><tr><td><a href=\"https:\/\/alzira.es\/wp-content\/uploads\/2026\/02\/12-Edicte-obertura-osbre-ID-Arquitecte-a-Tecnic-a.pdf\" target=\"_blank\" rel=\"noreferrer noopener\">Edicto apertura sobres<\/a><\/td><td class=\"has-text-align-center\" data-align=\"center\">11\/02\/2026<\/td><\/tr><tr><td><a href=\"https:\/\/alzira.es\/wp-content\/uploads\/2026\/02\/13-Provid_ncia-nomenament-assessors-es-Tribunal-AT-5012.pdf\">Providencia nombramiento asesor\/a OTS Arquitecto\/a T\u00e9cnico\/a<\/a><\/td><td class=\"has-text-align-center\" data-align=\"center\">25\/02\/2026<\/td><\/tr><tr><td><a href=\"https:\/\/alzira.es\/wp-content\/uploads\/2023\/03\/14-Edicte-data-test-i-entrevista-competencials-i-valenci_-AT-5012.pdf\">Edicto fecha test y entrevista competenciales y ejercicio valenciano<\/a><\/td><td class=\"has-text-align-center\" data-align=\"center\">25\/02\/2026<\/td><\/tr><tr><td><a href=\"https:\/\/alzira.es\/wp-content\/uploads\/2026\/03\/15-Edicte-test-comp-entrevistes-i-valencia-Arquitecte-a-Tecnic-a.pdf\" target=\"_blank\" rel=\"noreferrer noopener\">Edicto notas provisionales test competencial, entrevista y valenciano<\/a><\/td><td class=\"has-text-align-center\" data-align=\"center\">12\/03\/2026<\/td><\/tr><tr><td><a href=\"https:\/\/alzira.es\/wp-content\/uploads\/2023\/03\/16-Edicte-obertura-ID-test-comp-notes-definitives-doc-baremaci_-Arquitecte-a-T_cnic-a-1.pdf\">Edicto apertura sobre ID test competencial y notas definitivas Arquitecto\/a T\u00e9cnico\/a<\/a><\/td><td class=\"has-text-align-center\" data-align=\"center\">01\/04\/2026<\/td><\/tr><tr><td><a href=\"https:\/\/alzira.es\/wp-content\/uploads\/2023\/03\/17-Edicte-obertura-ID-test-comp-notes-definitives-.pdf\" target=\"_blank\" rel=\"noreferrer noopener\">Edicto apertura sobres y plazo presentaci\u00f3n documentaci\u00f3n<\/a><\/td><td class=\"has-text-align-center\" data-align=\"center\">08\/04\/2026<\/td><\/tr><\/tbody><\/table><\/figure>\n\n\n\n<p><\/p>\n","protected":false},"excerpt":{"rendered":"<p>NOVEDAD: Plazo de presentaci\u00f3n de documentaci\u00f3n de requisitos y m\u00e9ritos del 9 al 23 de abril de 2026 Plantilla respuestas tipo test. Examen pr\u00e1ctico. DOCUMENTOS DEL EXPEDIENTE: Nombre Fichero Fecha Publicaci\u00f3n Anuncio BOPV bases comunes que han de regir la convocatoria para la selecci\u00f3n de varias plazas, por el sistema de concurso-oposici\u00f3n libre conv. 07\/2025 &hellip; <\/p>\n<p class=\"link-more\"><a href=\"https:\/\/alzira.es\/es\/servicios-municipales\/recursos-humanos\/empleo-permanente\/convocatoria-07-2025-seleccion-en-propiedad-de-varias-plazas-por-el-sistema-de-concurso-oposicion-libre-dos-plazas-de-arquitecto-a-tecnico-a-subgrupo-a2\/\" class=\"more-link\">Continuar leyendo<span class=\"screen-reader-text\"> \u00abCONVOCATORIA 07\/2025.- Selecci\u00f3n en propiedad por el sistema de concurso-oposici\u00f3n libre: DOS plazas de ARQUITECTO\/A T\u00c9CNICO\/A, subgrupo A2.\u00bb<\/span><\/a><\/p>\n","protected":false},"author":156,"featured_media":0,"parent":105851,"menu_order":0,"comment_status":"closed","ping_status":"closed","template":"","meta":{"_acf_changed":false,"footnotes":""},"class_list":["post-162235","page","type-page","status-publish","hentry"],"acf":[],"_links":{"self":[{"href":"https:\/\/alzira.es\/es\/wp-json\/wp\/v2\/pages\/162235","targetHints":{"allow":["GET"]}}],"collection":[{"href":"https:\/\/alzira.es\/es\/wp-json\/wp\/v2\/pages"}],"about":[{"href":"https:\/\/alzira.es\/es\/wp-json\/wp\/v2\/types\/page"}],"author":[{"embeddable":true,"href":"https:\/\/alzira.es\/es\/wp-json\/wp\/v2\/users\/156"}],"replies":[{"embeddable":true,"href":"https:\/\/alzira.es\/es\/wp-json\/wp\/v2\/comments?post=162235"}],"version-history":[{"count":1,"href":"https:\/\/alzira.es\/es\/wp-json\/wp\/v2\/pages\/162235\/revisions"}],"predecessor-version":[{"id":170912,"href":"https:\/\/alzira.es\/es\/wp-json\/wp\/v2\/pages\/162235\/revisions\/170912"}],"up":[{"embeddable":true,"href":"https:\/\/alzira.es\/es\/wp-json\/wp\/v2\/pages\/105851"}],"wp:attachment":[{"href":"https:\/\/alzira.es\/es\/wp-json\/wp\/v2\/media?parent=162235"}],"curies":[{"name":"wp","href":"https:\/\/api.w.org\/{rel}","templated":true}]}}