{"id":162228,"date":"2025-07-01T13:25:11","date_gmt":"2025-07-01T11:25:11","guid":{"rendered":"https:\/\/alzira.es\/?page_id=162228"},"modified":"2026-03-18T12:20:46","modified_gmt":"2026-03-18T11:20:46","slug":"convocatoria-07-2025-seleccion-en-propiedad-de-varias-plazas-por-el-sistema-de-concurso-oposicion-libre-una-plaza-de-ingeniero-a-forestal-subgrupo-a2","status":"publish","type":"page","link":"https:\/\/alzira.es\/es\/servicios-municipales\/recursos-humanos\/empleo-permanente\/convocatoria-07-2025-seleccion-en-propiedad-de-varias-plazas-por-el-sistema-de-concurso-oposicion-libre-una-plaza-de-ingeniero-a-forestal-subgrupo-a2\/","title":{"rendered":"CONVOCATORIA 07\/2025.- Selecci\u00f3n en propiedad por el sistema de concurso-oposici\u00f3n libre: UNA plaza de INGENIERO\/A FORESTAL, subgrupo A2."},"content":{"rendered":"<p><span style=\"color: #000000;\"><strong>NOVEDAD: <\/strong>plazo de alegaciones resultados provisionales tercer ejercicio y traducci\u00f3n valenciano <strong>DIEZ D\u00cdAS H\u00c1BILES<\/strong> desde el <\/span><strong>18 de marzo hasta el 2 de abril de 2026<\/strong> (ambos incluidos).<\/p>\n<p><strong>DOCUMENTOS DEL EXPEDIENTE:<\/strong><\/p>\n\n\n<figure class=\"wp-block-table is-style-stripes\"><table><tbody><tr><td><strong>Nombre Fichero<\/strong><\/td><td class=\"has-text-align-center\" data-align=\"center\"><strong>Fecha Publicaci\u00f3n<\/strong><\/td><\/tr><tr><td><a href=\"https:\/\/alzira.es\/wp-content\/uploads\/2023\/03\/09-BOPV-BASES-COMUNES-17072025_08566_VA.pdf\">Anuncio BOPV bases comunes que han de regir la convocatoria para la selecci\u00f3n de varias plazas, por el sistema de concurso-oposici\u00f3n libre conv. 07\/2025<\/a><\/td><td class=\"has-text-align-center\" data-align=\"center\">17\/07\/2025<\/td><\/tr><tr><td><a href=\"https:\/\/alzira.es\/wp-content\/uploads\/2025\/07\/02-Anunci-BOPV-17072025_08568_VA.pdf\">Anuncio BOPV bases espec\u00edficas que han de regir la convocat\u00f2ria para la selecci\u00f3n como Funcionario\/a en propiedad de diversas plazas por el sistema de concurso-oposici\u00f3n libre: 1 plaza de Ingeniero\/a Forestal, subgrupo A2<\/a><\/td><td class=\"has-text-align-center\" data-align=\"center\">17\/07\/2025<\/td><\/tr><tr><td><a href=\"https:\/\/alzira.es\/wp-content\/uploads\/2025\/09\/AUTOBAREMACIO-conv-07-25-Enginyer-a-Forestal.xlsx\">Hoja de autobaremaci\u00f3n Ingeniero\/a Forestal, subgrupo A2<\/a><\/td><td class=\"has-text-align-center\" data-align=\"center\">17\/07\/2025<\/td><\/tr><tr><td><a href=\"https:\/\/alzira.es\/wp-content\/uploads\/2023\/03\/02-Anex-III-Enginyer-a-Forestal.pdf\" target=\"_blank\" rel=\"noreferrer noopener\">Anexo III &#8211; Monograf\u00eda y temario<\/a><\/td><td class=\"has-text-align-center\" data-align=\"center\">18\/07\/2025<\/td><\/tr><tr><td><a href=\"https:\/\/alzira.es\/wp-content\/uploads\/2023\/03\/05-Publicacio-DOGV-Enginyer-a-Forestal-31072025_28721_es.pdf\">Anuncio DOGV convocatoria 07\/2025<\/a><\/td><td class=\"has-text-align-center\" data-align=\"center\">31\/07\/2025<\/td><\/tr><tr><td><a href=\"https:\/\/alzira.es\/wp-content\/uploads\/2023\/03\/05-Publicacio-BOE-Enginyer-a-Forestal.pdf\">Anuncio BOE convocatoria 07\/2025<\/a><\/td><td class=\"has-text-align-center\" data-align=\"center\">26\/07\/2025<\/td><\/tr><tr><td><a href=\"https:\/\/alzira.es\/wp-content\/uploads\/2023\/03\/06-Decret-1322-Llistat-provisional-personal-admes-i-exclos-Enginyer-Forestal.pdf\">Decreto lista provisional personal admitido\/excluido 1 plaza Ingeniero\/a Forestal y<em> del Medio Natural, Administraci\u00f3n Especial, escala t\u00e9cnica media, subgrup A2<\/em><\/a><\/td><td class=\"has-text-align-center\" data-align=\"center\">25\/09\/2025<\/td><\/tr><tr><td><a href=\"https:\/\/alzira.es\/wp-content\/uploads\/2023\/03\/07-Llistat-definitiu-admesos-i-data-examen-Enginyer-a-Forestal.pdf\" target=\"_blank\" rel=\"noreferrer noopener\">Decreto lista definitiva personal admitido\/excluido 1 plaza Ingeniero\/a Forestal i del Medio Natural. Fecha de examen.<\/a><\/td><td class=\"has-text-align-center\" data-align=\"center\">29\/10\/2025<\/td><\/tr><tr><td><a href=\"https:\/\/alzira.es\/wp-content\/uploads\/2023\/03\/10-NOTA-informativa-plantilla-respostes-TEST-Enginyer-a-Forestal.pdf\" target=\"_blank\" rel=\"noreferrer noopener\">Plantilla de respuestas al ejercicio TEST realizado el d\u00eda 04\/12\/25<\/a><\/td><td class=\"has-text-align-center\" data-align=\"center\">10\/12\/2025<\/td><\/tr><tr><td><a href=\"https:\/\/alzira.es\/wp-content\/uploads\/2025\/12\/09-Edicte-resultats-provisionals-prova-TEST-i-SUPOSIT-Enginyer-Forest.-conv.-07-25.pdf\" target=\"_blank\" rel=\"noreferrer noopener\">Edicto resultados provisionales de las dos pruebas (TEST y SUPUESTO PR\u00c1CTICO)<\/a><\/td><td class=\"has-text-align-center\" data-align=\"center\">10\/12\/2025<\/td><\/tr><tr><td><a href=\"https:\/\/alzira.es\/wp-content\/uploads\/2026\/01\/12-Edicte-contestacio-al-legacions-i-data-Enginyer-Forest.-conv.-7-25.pdf\">Edicto contestaci\u00f3n alegaciones y fecha apertura sobre ID<\/a><\/td><td class=\"has-text-align-center\" data-align=\"center\">27\/01\/2026<\/td><\/tr><tr><td><a href=\"https:\/\/alzira.es\/wp-content\/uploads\/2023\/03\/14-Edicte-obertura-sobre-ID-Enginyer-a-t.-Forestal.pdf\" type=\"link\" id=\"https:\/\/alzira.es\/wp-content\/uploads\/2023\/03\/14-Edicte-obertura-sobre-ID-Enginyer-a-t.-Forestal.pdf\" target=\"_blank\" rel=\"noreferrer noopener\">Edicto apertura de sobre ID aspirantes (test y supuesto pr\u00e1ctico)<\/a><\/td><td class=\"has-text-align-center\" data-align=\"center\">09\/02\/2026<\/td><\/tr><tr><td><a href=\"https:\/\/alzira.es\/wp-content\/uploads\/2023\/03\/15-Provid_ncia-nomenament-assessors-es-Tribunal-Forestal-5011.pdf\">Providencia nombramiento asesor\/a OTS Forestal<\/a><\/td><td class=\"has-text-align-center\" data-align=\"center\">25\/02\/2026<\/td><\/tr><tr><td><a href=\"https:\/\/alzira.es\/wp-content\/uploads\/2023\/03\/16-Edicte-data-test-i-entrevista-competencials-i-valenci_-Forestal-5011.pdf\">Edicto fecha test y entrevista competenciales, y ejercicio valenciano<\/a><\/td><td class=\"has-text-align-center\" data-align=\"center\">25\/02\/2026<\/td><\/tr><tr><td><a href=\"https:\/\/alzira.es\/wp-content\/uploads\/2023\/03\/18-Edicte-test-comp-entrevistes-i-valencia-Enginyer-a-Forestal.pdf\">Edicto resultados provisionales test y entrevista competenciales, y ejercicio valenciano<\/a><\/td><td class=\"has-text-align-center\" data-align=\"center\">18\/03\/2026<\/td><\/tr><\/tbody><\/table><\/figure>\n\n\n\n<p><\/p>\n","protected":false},"excerpt":{"rendered":"<p>NOVEDAD: plazo de alegaciones resultados provisionales tercer ejercicio y traducci\u00f3n valenciano DIEZ D\u00cdAS H\u00c1BILES desde el 18 de marzo hasta el 2 de abril de 2026 (ambos incluidos). DOCUMENTOS DEL EXPEDIENTE: Nombre Fichero Fecha Publicaci\u00f3n Anuncio BOPV bases comunes que han de regir la convocatoria para la selecci\u00f3n de varias plazas, por el sistema de &hellip; <\/p>\n<p class=\"link-more\"><a href=\"https:\/\/alzira.es\/es\/servicios-municipales\/recursos-humanos\/empleo-permanente\/convocatoria-07-2025-seleccion-en-propiedad-de-varias-plazas-por-el-sistema-de-concurso-oposicion-libre-una-plaza-de-ingeniero-a-forestal-subgrupo-a2\/\" class=\"more-link\">Continuar leyendo<span class=\"screen-reader-text\"> \u00abCONVOCATORIA 07\/2025.- Selecci\u00f3n en propiedad por el sistema de concurso-oposici\u00f3n libre: UNA plaza de INGENIERO\/A FORESTAL, subgrupo A2.\u00bb<\/span><\/a><\/p>\n","protected":false},"author":156,"featured_media":0,"parent":105851,"menu_order":0,"comment_status":"closed","ping_status":"closed","template":"","meta":{"_acf_changed":false,"footnotes":""},"class_list":["post-162228","page","type-page","status-publish","hentry"],"acf":[],"_links":{"self":[{"href":"https:\/\/alzira.es\/es\/wp-json\/wp\/v2\/pages\/162228","targetHints":{"allow":["GET"]}}],"collection":[{"href":"https:\/\/alzira.es\/es\/wp-json\/wp\/v2\/pages"}],"about":[{"href":"https:\/\/alzira.es\/es\/wp-json\/wp\/v2\/types\/page"}],"author":[{"embeddable":true,"href":"https:\/\/alzira.es\/es\/wp-json\/wp\/v2\/users\/156"}],"replies":[{"embeddable":true,"href":"https:\/\/alzira.es\/es\/wp-json\/wp\/v2\/comments?post=162228"}],"version-history":[{"count":1,"href":"https:\/\/alzira.es\/es\/wp-json\/wp\/v2\/pages\/162228\/revisions"}],"predecessor-version":[{"id":169263,"href":"https:\/\/alzira.es\/es\/wp-json\/wp\/v2\/pages\/162228\/revisions\/169263"}],"up":[{"embeddable":true,"href":"https:\/\/alzira.es\/es\/wp-json\/wp\/v2\/pages\/105851"}],"wp:attachment":[{"href":"https:\/\/alzira.es\/es\/wp-json\/wp\/v2\/media?parent=162228"}],"curies":[{"name":"wp","href":"https:\/\/api.w.org\/{rel}","templated":true}]}}