{"id":162168,"date":"2025-07-01T09:34:52","date_gmt":"2025-07-01T07:34:52","guid":{"rendered":"https:\/\/alzira.es\/?page_id=162168"},"modified":"2026-02-16T10:17:32","modified_gmt":"2026-02-16T09:17:32","slug":"convocatoria-03-2023-seleccion-en-propiedad-2-plazas-inspector-a-de-la-policia-local-1-por-turno-libre-y-1-por-turno-de-promocion-interna-ordinaria","status":"publish","type":"page","link":"https:\/\/alzira.es\/es\/servicios-municipales\/recursos-humanos\/empleo-permanente\/convocatoria-03-2023-seleccion-en-propiedad-2-plazas-inspector-a-de-la-policia-local-1-por-turno-libre-y-1-por-turno-de-promocion-interna-ordinaria\/","title":{"rendered":"Convocatoria 03\/2023 Selecci\u00f3n en propiedad 2 plazas Inspector\/a de la Polic\u00eda Local, 1 por turno libre y 1 por turno de promoci\u00f3n interna ordinaria."},"content":{"rendered":"<p><strong>NOVEDAD<\/strong>:\u00a0<\/p>\n<p><strong>PROMOCI\u00d3N INTERNA: FINALIZADO<\/strong><\/p>\n<p><strong>TURNO LIBRE: <span style=\"color: #000000;\">FINALIZADO<\/span><\/strong><\/p>\n<p><strong>DOCUMENTOS DEL EXPEDIENTE:<\/strong><\/p>\n\n\n<figure class=\"wp-block-table\"><table class=\"has-background\" style=\"background:radial-gradient(rgb(238,238,238) 0%,rgb(169,184,195) 100%)\"><thead><tr><th>Nombre Fichero<\/th><th>Fecha Publicaci\u00f3n<\/th><\/tr><\/thead><tbody><tr><td><a href=\"https:\/\/alzira.es\/wp-content\/uploads\/2024\/01\/05_Certificat-aprovacio-bases-propietat-2-Inspector-PL-1-promocio-interna-1-lliure-JGL-021123-1.pdf\">Bases espec\u00edficas convocatoria de 2 plazas de Inspector\/a de la Polic\u00eda Local, 1 por turno libre y 1 por turno promoci\u00f3n interna ordinaria (BOPV)<\/a><\/td><td>02-11-23<\/td><\/tr><tr><td><a href=\"https:\/\/alzira.es\/wp-content\/uploads\/2024\/02\/Decret-179-2021-de-5-de-novembre-1.pdf\">Decreto 179\/2021 del Consell, de establecimiento de las bases y  criterios generales para la selecci\u00f3n, promoci\u00f3n y movilidad en los cuerpos de PL de la CV.<\/a><\/td><td>26-02-24<\/td><\/tr><tr><td><a href=\"https:\/\/alzira.es\/wp-content\/uploads\/2023\/03\/Decret-179-2021-de-5-de-novembre-annex-correccio-d-errades.pdf\">CORRECCI\u00d3N de errores del Decreto 179\/2021.<\/a><\/td><td>26-02-24<\/td><\/tr><tr><td><a href=\"https:\/\/alzira.es\/wp-content\/uploads\/2023\/03\/FULL_AUTOBAREMACIO_INSPECTOR-PL_PROM-INT-ORDINARIA-LLIURE-conv-03-23.xlsx\">Autobaremaci\u00f3n de m\u00e9ritos<\/a><\/td><td>05-08-24<\/td><\/tr><tr><td><a href=\"https:\/\/alzira.es\/wp-content\/uploads\/2023\/03\/08_BOE-A-2024-3661-260224-plazo.pdf\">Convocatoria BOE<\/a><\/td><td>26-02-24<\/td><\/tr><tr><td><a href=\"https:\/\/alzira.es\/wp-content\/uploads\/2023\/03\/12-Decret-llista-provisional-admesos-exclosos-convoc-03-23-SIGNAT.pdf\">Decreto lista provisional de admisi\u00f3n y exclusi\u00f3n personal aspirante<\/a><\/td><td>25-04-24<\/td><\/tr><tr><td><a href=\"https:\/\/alzira.es\/wp-content\/uploads\/2024\/10\/13-BOPV-25-abril-2024_04892_llista-provisional-Inspectors-03-23.pdf\">Anuncio BOPV lista provisional admisi\u00f3n y exclusi\u00f3n personal aspirante<\/a><\/td><td>25-04-24<\/td><\/tr><tr><td><a href=\"https:\/\/alzira.es\/wp-content\/uploads\/2024\/10\/15-Publicacio-BOPV-11102024_13803_VA-Inspectors-03-23.pdf\">Anuncio BOPV lista definitiva admitidos y excluidos conv. 03-23<\/a><\/td><td>11-10-24<\/td><\/tr><tr><td><a href=\"https:\/\/alzira.es\/wp-content\/uploads\/2024\/10\/14-Decret-1030-24-llista-definitiva-admesos-exclosos-convoc-03-23-signat.pdf\">Decreto lista definitiva admitidos y excluidos conv. 03-23<\/a><\/td><td>01-10-24<\/td><\/tr><tr><td><a href=\"https:\/\/alzira.es\/wp-content\/uploads\/2023\/03\/16.Providencia-contractacio-psicoleg-oga.pdf\">Nombramiento psic\u00f3loga como asesora para las pruebas psicot\u00e9cnicas<\/a><\/td><td>22-10-24<\/td><\/tr><tr><td><a href=\"https:\/\/alzira.es\/wp-content\/uploads\/2023\/03\/17-Providencia-canvi-ubicacio-lloc-psicotecnic.pdf\">Cambio de ubicaci\u00f3n del lugar de celebraci\u00f3n de las pruebas psicot\u00e9cnicas<\/a><\/td><td>05-11-24<\/td><\/tr><tr><td>PROMOCI\u00d3N INTERNA: <a href=\"https:\/\/alzira.es\/wp-content\/uploads\/2023\/03\/16-Edicte-resultats-provisionals-psicotecnica-Inspectors-PL-PI-1.pdf\" target=\"_blank\" rel=\"noreferrer noopener\">Edicto resultados provisionales psicot\u00e9cnicos<\/a><\/td><td>21-11-24<\/td><\/tr><tr><td>TURNO LIBRE: <a href=\"https:\/\/alzira.es\/wp-content\/uploads\/2024\/11\/Decret-data-proves-fisiques-i-psicotecnic-Inspector-LLIURE-2.pdf\" target=\"_blank\" rel=\"noreferrer noopener\">Decreto fechas, realizaci\u00f3n pruebas f\u00edsicas y psicot\u00e9cnicas<\/a><\/td><td>21-11-24<\/td><\/tr><tr><td>PROMOCI\u00d3N INTERNA: <a href=\"https:\/\/alzira.es\/wp-content\/uploads\/2023\/03\/19-Edicte-resultats-definitius-prova-psicot_cnica-Inspectors-PL-per-PI.pdf\" target=\"_blank\" rel=\"noreferrer noopener\">Ed<\/a><a href=\"https:\/\/alzira.es\/wp-content\/uploads\/2023\/03\/19-Edicte-resultats-definitius-prova-psicot_cnica-Inspectors-PL-per-PI.pdf\">icto resultados definitivos psicot\u00e9cnico y apertura sobre identificaci\u00f3n<\/a><\/td><td>29-11-24<\/td><\/tr><tr><td>PROMOCI\u00d3N INTERNA: <a href=\"https:\/\/alzira.es\/wp-content\/uploads\/2023\/03\/21-Edicte-identificacio-aspirants-prova-psicotecnica-1.pdf\" target=\"_blank\" rel=\"noreferrer noopener\">Edicto apertura sobre identificaci\u00f3n aspirantes pruebas psicot\u00e9cnicas<\/a><\/td><td>02-12-24<\/td><\/tr><tr><td>TURNO LIBRE: <a href=\"https:\/\/alzira.es\/wp-content\/uploads\/2023\/03\/23-Edicte-resultats-provisionals-proves-f_siques-Inspectors-torn-lliure.pdf\" target=\"_blank\" rel=\"noreferrer noopener\">Edicto resultados provisionales pruebas f\u00edsicas<\/a><\/td><td>16-12-24<\/td><\/tr><tr><td>TURNO LIBRE: <a href=\"https:\/\/alzira.es\/wp-content\/uploads\/2023\/03\/25-Edicte-Resultats-provisionals-prova-psicot_cnica-Inspectors-PL-torn-lliure.pdf\" target=\"_blank\" rel=\"noreferrer noopener\">Edicto resultados provisionales prueba aptitud psicot\u00e9cnica<\/a><\/td><td>09-01-25<\/td><\/tr><tr><td>TURNO LIBRE: <a href=\"https:\/\/alzira.es\/wp-content\/uploads\/2023\/03\/27-Edicte-resultats-definitius-prova-psicotecnica-Inspectors-PL-torn-lliure.pdf\" target=\"_blank\" rel=\"noreferrer noopener\">Edicto resultado definitivos y apertura sobre identificaci\u00f3n prueba psicot\u00e9cnica<\/a><\/td><td>30-01-25<\/td><\/tr><tr><td>TURNO LIBRE: <a href=\"https:\/\/alzira.es\/wp-content\/uploads\/2023\/03\/29-Edicte-identificacio-aspirants-prova-psicotecnica-torn-lliure.pdf\" target=\"_blank\" rel=\"noreferrer noopener\">E<\/a><a href=\"https:\/\/alzira.es\/wp-content\/uploads\/2023\/03\/29-Edicte-identificacio-aspirants-prova-psicotecnica-torn-lliure.pdf\">dicto apertura sobre identificaci\u00f3n aspirantes pruebas psicot\u00e9cnicas<\/a><\/td><td>03-02-25<\/td><\/tr><tr><td>PROMOCI\u00d3N INTERNA: <a href=\"https:\/\/alzira.es\/wp-content\/uploads\/2023\/03\/Anunci-Data-Prova-Test-Promocio-Interna-Ord.pdf\" target=\"_blank\" rel=\"noreferrer noopener\">Anuncio fecha prueba test te\u00f3rico 7 abril<\/a><\/td><td>21-03-25<\/td><\/tr><tr><td>TURNO LIBRE: <a href=\"https:\/\/alzira.es\/wp-content\/uploads\/2023\/03\/Anunci-Data-Prova-Test-Torn-lliure.pdf\" target=\"_blank\" rel=\"noreferrer noopener\">Anuncio fecha prueba test te\u00f3rico 9 abril<\/a><\/td><td>21-03-25<\/td><\/tr><tr><td>PROMOCI\u00d3N INTERNA: <a href=\"https:\/\/alzira.es\/wp-content\/uploads\/2023\/03\/Edicte-resultats-provisionals-prova-TEST-Inspectors-PL-PROMOCIO-INTERNA-conv.-03-23.pdf\" target=\"_blank\" rel=\"noreferrer noopener\">Edicto resultados provisionales prueba test 7 abril<\/a><\/td><td>08-04-25<\/td><\/tr><tr><td>PROMOCI\u00d3N INTERNA: <a href=\"https:\/\/alzira.es\/wp-content\/uploads\/2025\/04\/NOTA-informativa-plantilla-respostes-test-Inspector-a-PL-promocio-int-conv.-03-23.pdf\" target=\"_blank\" rel=\"noreferrer noopener\">Plantilla respuestas prueba test 7 abril<\/a><\/td><td>08-04-25<\/td><\/tr><tr><td>TURNO LIBRE: <a href=\"https:\/\/alzira.es\/wp-content\/uploads\/2023\/03\/Edicte-resultats-provisionals-prova-TEST-Inspectors-PL-TORN-LLIURE-conv.-03-23.pdf\" target=\"_blank\" rel=\"noreferrer noopener\">Edicto resultados provisionales prueba test 9 abril<\/a><\/td><td>10-04-25<\/td><\/tr><tr><td>TURNO LIBRE: <a href=\"https:\/\/alzira.es\/wp-content\/uploads\/2025\/04\/NOTA-informativa-plantilla-respostes-test-Inspector-a-PL-torn-lliure-conv.-03-23.pdf\" target=\"_blank\" rel=\"noreferrer noopener\">Plantilla respuestas prueba test 9 abril<\/a><\/td><td>10-04-25<\/td><\/tr><tr><td>PROMOCI\u00d3N INTERNA: <a href=\"https:\/\/alzira.es\/wp-content\/uploads\/2023\/03\/Edicte-resultats-definitius-prova-TEST-Inspectors-PL-PROMOCIO-INTERNA-conv.-03-23.pdf\" target=\"_blank\" rel=\"noreferrer noopener\">Edicto resultados definitivos prueba test<\/a><\/td><td>27-05-25<\/td><\/tr><tr><td>TURNO LIBRE: <a href=\"https:\/\/alzira.es\/wp-content\/uploads\/2025\/05\/Edicte-resultats-definitius-prova-TEST-Inspectors-PL-TORN-LLIURE-conv.-03-23.pdf\" target=\"_blank\" rel=\"noreferrer noopener\">Edicto resultados definitivos prueba test<\/a><\/td><td>27-05-25<\/td><\/tr><tr><td>PROMOCI\u00d3N INTERNA: <a href=\"https:\/\/alzira.es\/wp-content\/uploads\/2023\/03\/41-Anunci-Data-obertura-identif-TEST-Promocio-Interna-Ord-signat.pdf\">Edicto apertura sobre identificaci\u00f3n aspirantes prueba escrita test 3 julio<\/a><\/td><td>01-07-25<\/td><\/tr><tr><td>TURNO LIBRE: <a href=\"https:\/\/alzira.es\/wp-content\/uploads\/2023\/03\/42-Anunci-Data-obertura-identif-TEST-torn-lliure-signat.pdf\">Edicto apertura sobre identificaci\u00f3n aspirantes prueba escrita test 3 julio<\/a><\/td><td>01-07-25<\/td><\/tr><tr><td>PROMOCI\u00d3N INTERNA: <a href=\"https:\/\/alzira.es\/wp-content\/uploads\/2023\/03\/Edicte-identificacio-aspirants-TEST-Inspectors-PL-PROMOCIO-INTERNA-conv.-03-23.pdf\" target=\"_blank\" rel=\"noreferrer noopener\">Edicto identificaci\u00f3n aspirantes y fecha prueba pr\u00e1ctica<\/a><\/td><td>04-07-25<\/td><\/tr><tr><td>TURNO LIBRE: <a href=\"https:\/\/alzira.es\/wp-content\/uploads\/2023\/03\/Edicte-identificacio-aspirants-TEST-Inspectors-PL-TORN-LLURE-conv.-03-23.pdf\" target=\"_blank\" rel=\"noreferrer noopener\">Edicto identificaci\u00f3n aspirantes y fecha prueba pr\u00e1ctica<\/a><\/td><td>04-07-25<\/td><\/tr><tr><td>PROMOCI\u00d3N INTERNA:<a href=\"https:\/\/alzira.es\/wp-content\/uploads\/2023\/03\/44-Edicte-resultats-provisionals-exercici-practic-INSPECTORS-PL-PROMOCIO-INTERNA.pdf\" target=\"_blank\" rel=\"noreferrer noopener\"> Edicto resultados provisionales prueba pr\u00e1ctica<\/a><\/td><td>11-07-25<\/td><\/tr><tr><td>TURNO LIBRE: <a href=\"https:\/\/alzira.es\/wp-content\/uploads\/2025\/07\/46-Edicte-resultats-provisionals-exercici-practic-Inspectors-PL-TORN-LLIURE.pdf\" target=\"_blank\" rel=\"noreferrer noopener\">Edicto resultados provisionales prueba pr\u00e1ctica<\/a><\/td><td>11-07-25<\/td><\/tr><tr><td>PROMOCI\u00d3N INTERNA: <a href=\"https:\/\/alzira.es\/wp-content\/uploads\/2023\/03\/49-Edicte-resultats-definitius-exercici-practic-Inspectors-PL-PROMOCIO-INTERNA.pdf\" target=\"_blank\" rel=\"noreferrer noopener\">Edicto resultados definitivos prueba pr\u00e1ctica<\/a><\/td><td>17-07-25<\/td><\/tr><tr><td>TURNO LIBRE: <a href=\"https:\/\/alzira.es\/wp-content\/uploads\/2023\/03\/50-Edicte-resultats-definitius-exercici-practic-Inspectors-PL-TORN-LLIURE.pdf\" target=\"_blank\" rel=\"noreferrer noopener\">Edicto resultados definitivos prueba pr\u00e1ctica<\/a><\/td><td>17-07-25<\/td><\/tr><tr><td>TURNO LIBRE: <a href=\"https:\/\/alzira.es\/wp-content\/uploads\/2023\/03\/52-Edicte-identificacio-aspirants-PRACTIC-Inspectors-PL-TORN-LLURE-conv.-03-23-1.pdf\" target=\"_blank\" rel=\"noreferrer noopener\">Edicto identificaci\u00f3n aspirantes ejercicio pr\u00e1ctico<\/a><\/td><td>24-07-25<\/td><\/tr><tr><td><a href=\"https:\/\/alzira.es\/wp-content\/uploads\/2023\/03\/52-Providencia-nomenament-assessor-Serval.pdf\" target=\"_blank\" rel=\"noreferrer noopener\">Nombramiento asesor ling\u00fc\u00edstico<\/a><\/td><td>16-09-25<\/td><\/tr><tr><td>PROMOCI\u00d3N INTERNA: <a href=\"https:\/\/alzira.es\/wp-content\/uploads\/2023\/03\/53-Data-realitzacio-prova-valencia-prom-int.pdf\" target=\"_blank\" rel=\"noreferrer noopener\">Fecha y lugar realizaci\u00f3n ejercicio valenciano<\/a><\/td><td>16-09-25<\/td><\/tr><tr><td>TORN LLIURE: <a href=\"https:\/\/alzira.es\/wp-content\/uploads\/2023\/03\/54-Data-realitzacio-prova-valencia-t-ll.pdf\" target=\"_blank\" rel=\"noreferrer noopener\">Fecha y lugar de realizaci\u00f3n ejercicio valenciano<\/a><\/td><td>16-09-25<\/td><\/tr><tr><td>PROMOCI\u00d3N INTERNA: <a href=\"https:\/\/alzira.es\/wp-content\/uploads\/2023\/03\/57-Edicte-resultats-provisionals-exercici-valencia-INSPECTORS-PL-PROMOCIO-INTERNA.pdf\" target=\"_blank\" rel=\"noreferrer noopener\">Edicto resultados provisionales ejercicio valenciano<\/a><\/td><td>25-09-25<\/td><\/tr><tr><td>TURNO LIBRE:<a href=\"https:\/\/alzira.es\/wp-content\/uploads\/2023\/03\/Edicte-torn-lliure-resultats-provisionals-valencia-revisio-i-data-RRMM.pdf\" target=\"_blank\" rel=\"noreferrer noopener\"> Edicto resultados provisionales ejercicio valenciano, revisi\u00f3n y fecha RRMM<\/a><\/td><td>01-10-25<\/td><\/tr><tr><td>PROMOCI\u00d3N INTERNA: <a href=\"https:\/\/alzira.es\/wp-content\/uploads\/2025\/10\/59-Edicte-resultats-valencia-i-present-merits-INSPECTORS-PL-PROMOCIO-INTERNA.pdf\" target=\"_blank\" rel=\"noreferrer noopener\">Edicto resultados definitivos y inicio fase concurso<\/a><\/td><td>03-10-25<\/td><\/tr><tr><td>TURNO LIBRE: <a href=\"https:\/\/alzira.es\/wp-content\/uploads\/2023\/03\/61-Edicte-ID-aspirants-valencia-Inspectors-PL-TORN-LLURE-conv.-03-23.pdf\">Edicto ID resultados definitivos ejercicio valenciano<\/a><\/td><td>10-10-25<\/td><\/tr><tr><td>TURNO LIBRE: <a href=\"https:\/\/alzira.es\/wp-content\/uploads\/2023\/03\/63-Edicte-resultats-provisionals-RRMM-INSPECTORS-PL-TORN-LLIURE.pdf\" target=\"_blank\" rel=\"noreferrer noopener\">Edicto resultados provisionales RRMM<\/a><\/td><td>29-10-25<\/td><\/tr><tr><td>PROMOCI\u00d3N INTERNA: <a href=\"https:\/\/alzira.es\/wp-content\/uploads\/2025\/10\/65-Edicte-resultats-provisionals-baremacio-INSPECTORS-PL-PROMOCIO-INTERNA.pdf\" target=\"_blank\" rel=\"noreferrer noopener\">Edicto resultados provisionales baremaci\u00f3n m\u00e9ritos<\/a><\/td><td>29-10-25<\/td><\/tr><tr><td>PROMOCI\u00d3N INTERNA: <a href=\"http:\/\/66-Edicte resultats definitius INSPECTORS PL PROMOCI\u00d3 INTERNA\" target=\"_blank\" rel=\"noreferrer noopener\">Edicto resultados definitivos<\/a><\/td><td>25-11-25<\/td><\/tr><tr><td>TURNO LIBRE: <a href=\"https:\/\/alzira.es\/wp-content\/uploads\/2023\/03\/68-Edicte-al-legacions-al-RRMM-INSPECTORS-PL-TORN-LLIURE.pdf\" target=\"_blank\" rel=\"noreferrer noopener\">Edicto alegaciones resultados RRMM e inicio fase de concurso<\/a><\/td><td>19-12-25<\/td><\/tr><tr><td>TURNO LIBRE: <a href=\"https:\/\/alzira.es\/wp-content\/uploads\/2023\/03\/71-Edicte-baremacio-provision-INSPECTORS-PL-TORN-LLIURE.pdf\" type=\"link\" id=\"https:\/\/alzira.es\/wp-content\/uploads\/2023\/03\/71-Edicte-baremacio-provision-INSPECTORS-PL-TORN-LLIURE.pdf\" target=\"_blank\" rel=\"noreferrer noopener\">Edicto  resultados provisionales baremaci\u00f3n de m\u00e9ritos <\/a><\/td><td>28-01-26<\/td><\/tr><tr><td>TURNO LIBRE: <a href=\"https:\/\/alzira.es\/wp-content\/uploads\/2026\/02\/72-Edicte-resultats-definitius-INSPECTORS-PL-TORN-LLIURE.pdf\">Edicto resultados definitivos<\/a><\/td><td>16-02-2026<\/td><\/tr><\/tbody><\/table><\/figure>\n\n\n\n<p><\/p>\n","protected":false},"excerpt":{"rendered":"<p>NOVEDAD:\u00a0 PROMOCI\u00d3N INTERNA: FINALIZADO TURNO LIBRE: FINALIZADO DOCUMENTOS DEL EXPEDIENTE: Nombre Fichero Fecha Publicaci\u00f3n Bases espec\u00edficas convocatoria de 2 plazas de Inspector\/a de la Polic\u00eda Local, 1 por turno libre y 1 por turno promoci\u00f3n interna ordinaria (BOPV) 02-11-23 Decreto 179\/2021 del Consell, de establecimiento de las bases y criterios generales para la selecci\u00f3n, promoci\u00f3n &hellip; <\/p>\n<p class=\"link-more\"><a href=\"https:\/\/alzira.es\/es\/servicios-municipales\/recursos-humanos\/empleo-permanente\/convocatoria-03-2023-seleccion-en-propiedad-2-plazas-inspector-a-de-la-policia-local-1-por-turno-libre-y-1-por-turno-de-promocion-interna-ordinaria\/\" class=\"more-link\">Continuar leyendo<span class=\"screen-reader-text\"> \u00abConvocatoria 03\/2023 Selecci\u00f3n en propiedad 2 plazas Inspector\/a de la Polic\u00eda Local, 1 por turno libre y 1 por turno de promoci\u00f3n interna ordinaria.\u00bb<\/span><\/a><\/p>\n","protected":false},"author":156,"featured_media":0,"parent":105851,"menu_order":0,"comment_status":"closed","ping_status":"closed","template":"","meta":{"_acf_changed":false,"footnotes":""},"class_list":["post-162168","page","type-page","status-publish","hentry"],"acf":[],"_links":{"self":[{"href":"https:\/\/alzira.es\/es\/wp-json\/wp\/v2\/pages\/162168","targetHints":{"allow":["GET"]}}],"collection":[{"href":"https:\/\/alzira.es\/es\/wp-json\/wp\/v2\/pages"}],"about":[{"href":"https:\/\/alzira.es\/es\/wp-json\/wp\/v2\/types\/page"}],"author":[{"embeddable":true,"href":"https:\/\/alzira.es\/es\/wp-json\/wp\/v2\/users\/156"}],"replies":[{"embeddable":true,"href":"https:\/\/alzira.es\/es\/wp-json\/wp\/v2\/comments?post=162168"}],"version-history":[{"count":2,"href":"https:\/\/alzira.es\/es\/wp-json\/wp\/v2\/pages\/162168\/revisions"}],"predecessor-version":[{"id":167921,"href":"https:\/\/alzira.es\/es\/wp-json\/wp\/v2\/pages\/162168\/revisions\/167921"}],"up":[{"embeddable":true,"href":"https:\/\/alzira.es\/es\/wp-json\/wp\/v2\/pages\/105851"}],"wp:attachment":[{"href":"https:\/\/alzira.es\/es\/wp-json\/wp\/v2\/media?parent=162168"}],"curies":[{"name":"wp","href":"https:\/\/api.w.org\/{rel}","templated":true}]}}