{"id":161864,"date":"2025-06-20T10:07:08","date_gmt":"2025-06-20T08:07:08","guid":{"rendered":"https:\/\/alzira.es\/?page_id=161864"},"modified":"2025-07-28T11:25:09","modified_gmt":"2025-07-28T09:25:09","slug":"convocatoria-3-2024-oferta-generica-urgente-para-la-seleccion-de-personal-docente-de-jardineria-para-el-curso-2023-2024-del-programa-formativo-de-calificacion-profesional-2","status":"publish","type":"page","link":"https:\/\/alzira.es\/es\/servicios-municipales\/recursos-humanos\/empleo-temporal\/convocatoria-3-2024-oferta-generica-urgente-para-la-seleccion-de-personal-docente-de-jardineria-para-el-curso-2023-2024-del-programa-formativo-de-calificacion-profesional-2\/","title":{"rendered":"CONVOCATORIA 10\/2025 &#8211; OFERTA GEN\u00c9RICA URGENTE PARA LA CONTRATACI\u00d3N\/NOMBRAMIENTO TEMPORAL DE OPERARIO\/A BRIGADA DE MEDIO AMBIENTE."},"content":{"rendered":"<hr \/>\n<p><strong style=\"font-size: revert;\"><span style=\"color: #800000;\">Publicados resultados definitivos.<\/span><\/strong><\/p>\n<p><em>Tutorial sobre la relaci\u00f3n electr\u00f3nica con el Ayuntamiento.<\/em><\/p>\n<p><em>\u00a0<\/em><a href=\"https:\/\/www.youtube.com\/watch?v=4APpgZLwbic&amp;feature=youtu.be\"><em>https:\/\/www.youtube.com\/watch?v=4APpgZLwbic&amp;feature=youtu.be<\/em><\/a><\/p>\n<p><strong>DOCUMENTOS DEL EXPEDIENTE:<\/strong><\/p>\n\n\n<div class=\"wp-block-columns is-layout-flex wp-container-core-columns-is-layout-9d6595d7 wp-block-columns-is-layout-flex\">\n<div class=\"wp-block-column is-layout-flow wp-block-column-is-layout-flow\" style=\"flex-basis:100%\">\n<div class=\"wp-block-group\"><div class=\"wp-block-group__inner-container is-layout-flow wp-block-group-is-layout-flow\">\n<div class=\"wp-block-columns is-layout-flex wp-container-core-columns-is-layout-9d6595d7 wp-block-columns-is-layout-flex\">\n<div class=\"wp-block-column is-layout-flow wp-block-column-is-layout-flow\" style=\"flex-basis:100%\">\n<figure class=\"wp-block-table is-style-stripes\"><table><tbody><tr><td><strong>Nombre Fichero<\/strong><\/td><td class=\"has-text-align-center\" data-align=\"center\"><strong>Fecha Publicaci\u00f3n<\/strong><\/td><\/tr><tr><td><a href=\"https:\/\/alzira.es\/wp-content\/uploads\/2023\/03\/Certificados_17-aprovacio-bases-oferta-Labora-Peo-Brigada-Forestal-Alzira-con.-10-25.pdf\">Bases espec\u00edficas<\/a><\/td><td class=\"has-text-align-center\" data-align=\"center\">23\/06\/2025<\/td><\/tr><tr><td><a href=\"https:\/\/alzira.es\/wp-content\/uploads\/2025\/06\/AUTOBAREMACIO-Peo-Brigada-Forestal-conv-10-25.xlsx\">Autobaremaci\u00f3n<\/a><\/td><td class=\"has-text-align-center\" data-align=\"center\">23\/06\/2025<\/td><\/tr><tr><td><a href=\"https:\/\/alzira.es\/wp-content\/uploads\/2023\/03\/04-Llista-definitiva-dadmesos-i-data-entrevistes.pdf\" target=\"_blank\" rel=\"noreferrer noopener\">Designaci\u00f3n Comisi\u00f3n Valoraci\u00f3n y convocatoria entrevista<\/a><\/td><td class=\"has-text-align-center\" data-align=\"center\">04\/07\/2025<\/td><\/tr><tr><td><a href=\"https:\/\/alzira.es\/wp-content\/uploads\/2025\/07\/05-Edicte-resultats-provisionals-entrevistes-i-baremacio-oferta-generica-Brigada-Medi-Ambient.pdf\" target=\"_blank\" rel=\"noreferrer noopener\">Acta resultados provisionales baremaci\u00f3n y entrevista<\/a><\/td><td class=\"has-text-align-center\" data-align=\"center\">17\/07\/2025<\/td><\/tr><tr><td><a href=\"https:\/\/alzira.es\/wp-content\/uploads\/2023\/03\/06-Edicte-resultats-definitius-oferta-gen_rica-Brigada-Medi-Ambient-SIGNAT.pdf\">Edicto resultados definitivos oferta gen\u00e9rica Operario\/a Brigada Medio Ambiente<\/a><\/td><td class=\"has-text-align-center\" data-align=\"center\">28\/07\/2025<\/td><\/tr><tr><td><\/td><td class=\"has-text-align-center\" data-align=\"center\"><\/td><\/tr><\/tbody><\/table><\/figure>\n<\/div>\n<\/div>\n<\/div><\/div>\n<\/div>\n<\/div>\n\n\n\n<p><\/p>\n","protected":false},"excerpt":{"rendered":"<p>Publicados resultados definitivos. Tutorial sobre la relaci\u00f3n electr\u00f3nica con el Ayuntamiento. \u00a0https:\/\/www.youtube.com\/watch?v=4APpgZLwbic&amp;feature=youtu.be DOCUMENTOS DEL EXPEDIENTE: Nombre Fichero Fecha Publicaci\u00f3n Bases espec\u00edficas 23\/06\/2025 Autobaremaci\u00f3n 23\/06\/2025 Designaci\u00f3n Comisi\u00f3n Valoraci\u00f3n y convocatoria entrevista 04\/07\/2025 Acta resultados provisionales baremaci\u00f3n y entrevista 17\/07\/2025 Edicto resultados definitivos oferta gen\u00e9rica Operario\/a Brigada Medio Ambiente 28\/07\/2025<\/p>\n","protected":false},"author":156,"featured_media":0,"parent":105760,"menu_order":0,"comment_status":"closed","ping_status":"closed","template":"","meta":{"_acf_changed":false,"footnotes":""},"class_list":["post-161864","page","type-page","status-publish","hentry"],"acf":[],"_links":{"self":[{"href":"https:\/\/alzira.es\/es\/wp-json\/wp\/v2\/pages\/161864","targetHints":{"allow":["GET"]}}],"collection":[{"href":"https:\/\/alzira.es\/es\/wp-json\/wp\/v2\/pages"}],"about":[{"href":"https:\/\/alzira.es\/es\/wp-json\/wp\/v2\/types\/page"}],"author":[{"embeddable":true,"href":"https:\/\/alzira.es\/es\/wp-json\/wp\/v2\/users\/156"}],"replies":[{"embeddable":true,"href":"https:\/\/alzira.es\/es\/wp-json\/wp\/v2\/comments?post=161864"}],"version-history":[{"count":1,"href":"https:\/\/alzira.es\/es\/wp-json\/wp\/v2\/pages\/161864\/revisions"}],"predecessor-version":[{"id":163134,"href":"https:\/\/alzira.es\/es\/wp-json\/wp\/v2\/pages\/161864\/revisions\/163134"}],"up":[{"embeddable":true,"href":"https:\/\/alzira.es\/es\/wp-json\/wp\/v2\/pages\/105760"}],"wp:attachment":[{"href":"https:\/\/alzira.es\/es\/wp-json\/wp\/v2\/media?parent=161864"}],"curies":[{"name":"wp","href":"https:\/\/api.w.org\/{rel}","templated":true}]}}