{"id":161741,"date":"2025-06-17T09:07:31","date_gmt":"2025-06-17T07:07:31","guid":{"rendered":"https:\/\/alzira.es\/?page_id=161741"},"modified":"2026-04-17T11:44:12","modified_gmt":"2026-04-17T09:44:12","slug":"convocatoria-07-2024-seleccion-en-propiedad-de-una-plaza-de-tecnico-a-superior-de-administracion-general-a1-por-concurso-oposicion-libre","status":"publish","type":"page","link":"https:\/\/alzira.es\/es\/servicios-municipales\/recursos-humanos\/empleo-permanente\/convocatoria-07-2024-seleccion-en-propiedad-de-una-plaza-de-tecnico-a-superior-de-administracion-general-a1-por-concurso-oposicion-libre\/","title":{"rendered":"CONVOCATORIA 07\/2024.- Selecci\u00f3n en propiedad de una plaza de T\u00e9cnico\/a superior de Administraci\u00f3n General A1, por concurso oposici\u00f3n libre."},"content":{"rendered":"<p><strong>NOVEDAD<\/strong>: plazo alegaciones ejercicio pr\u00e1ctico y valenciano <strong>DIEZ D\u00cdAS H\u00c1BILES desde el 20 de abril hasta el 4 de mayo de 2026<\/strong> (ambos incluidos).<\/p>\n<p>Documentaci\u00f3n complementaria: <a href=\"https:\/\/alzira.es\/wp-content\/uploads\/2023\/03\/03_Annex-III-i-IV-TAG.pdf\" target=\"_blank\" rel=\"noopener\">Anexos III y IV.<\/a><\/p>\n<p><strong>DOCUMENTS DE L&#8217;EXPEDIENT:<\/strong><\/p>\n\n\n<figure class=\"wp-block-table\"><table class=\"has-fixed-layout\"><tbody><tr><td><strong>Nom Fitxer<\/strong><\/td><td class=\"has-text-align-center\" data-align=\"center\"><strong>Data Publicaci\u00f3<\/strong><\/td><\/tr><tr><td><a href=\"https:\/\/alzira.es\/wp-content\/uploads\/2023\/03\/01_Certificados_39-JGL-aprovacio-bases-TAG-A1-LLIURE-SIGNAT.pdf\">Certificado JGL aprobaci\u00f3n bases conv. 07\/2024<\/a><\/td><td class=\"has-text-align-center\" data-align=\"center\">23\/12\/2024<\/td><\/tr><tr><td><a href=\"https:\/\/alzira.es\/wp-content\/uploads\/2025\/06\/06_Publicacio-BOP-Rectificacio-bases.pdf\">Rectificaci\u00f3n Bases BOP 22-05-2025 convocatoria de T\u00e9cnico\/a superior Administraci\u00f3n General A1<\/a><\/td><td class=\"has-text-align-center\" data-align=\"center\">22\/05\/2025<\/td><\/tr><tr><td><a href=\"https:\/\/alzira.es\/wp-content\/uploads\/2023\/03\/07-BOE-A-2025-13176-280625-TAG-A1.pdf\">Anuncio BOE convocatoria una plaza de T\u00e9cnico\/a superior Administraci\u00f3n General A1<\/a><\/td><td class=\"has-text-align-center\" data-align=\"center\">28\/06\/2025<\/td><\/tr><tr><td><a href=\"https:\/\/alzira.es\/wp-content\/uploads\/2025\/09\/08-Llistat-provisional-personal-admes-i-exclos-TAG-A1-Lliure.pdf\" target=\"_blank\" rel=\"noreferrer noopener\">Lista provisional admitidos T\u00e9cnico\/a Superior Administraci\u00f3n General A1<\/a><\/td><td class=\"has-text-align-center\" data-align=\"center\">22\/09\/2025<\/td><\/tr><tr><td><a href=\"https:\/\/alzira.es\/wp-content\/uploads\/2023\/03\/10-Decret-1212d1726-Llista-definitiu-TAG-A1-Convoc.-07-24.pdf\" target=\"_blank\" rel=\"noreferrer noopener\">Lista definitiva personas admitidas T\u00e9cnico\/a Superior Administraci\u00f3n General A1<\/a><\/td><td class=\"has-text-align-center\" data-align=\"center\">13\/12\/2025<\/td><\/tr><tr><td><a href=\"https:\/\/alzira.es\/wp-content\/uploads\/2023\/03\/EXAMEN-TAG-A1-13012026-exp-4694-24-1.pdf\" target=\"_blank\" rel=\"noreferrer noopener\">Prueba examen TEST castellano<\/a><\/td><td class=\"has-text-align-center\" data-align=\"center\">13\/01\/2026<\/td><\/tr><tr><td><a href=\"https:\/\/alzira.es\/wp-content\/uploads\/2023\/03\/VAL_EXAMEN-TAG-A1-13012026-exp-4694-24_VALENCIA.pdf\" target=\"_blank\" rel=\"noreferrer noopener\">Prueba examen TEST valenciano<\/a><\/td><td class=\"has-text-align-center\" data-align=\"center\">13\/01\/2026<\/td><\/tr><tr><td><a href=\"https:\/\/alzira.es\/wp-content\/uploads\/2023\/03\/NOTA-informativa-plantilla-respostes-test-TAG-A1.pdf\" target=\"_blank\" rel=\"noreferrer noopener\">Plantilla de respuestas<\/a><\/td><td class=\"has-text-align-center\" data-align=\"center\">13\/01\/2026<\/td><\/tr><tr><td><a href=\"https:\/\/alzira.es\/wp-content\/uploads\/2023\/03\/12-Edicte-Resultats-provisionals-TEST-TAG-A1-Conv.-07-24.pdf\">Edicto resultados provisionales test TAG A1<\/a><\/td><td class=\"has-text-align-center\" data-align=\"center\">19\/01\/2026<\/td><\/tr><tr><td><a href=\"https:\/\/alzira.es\/wp-content\/uploads\/2023\/03\/12-Edicte-Resultats-definitius-TEST-i-data-obertura-sobre-ID-TAG-A1-Conv.-07-24.pdf\">Edicto resultados definitivos y fecha apertura sobre ID TAG A1<\/a><\/td><td class=\"has-text-align-center\" data-align=\"center\">05\/02\/2026<\/td><\/tr><tr><td><a href=\"https:\/\/alzira.es\/wp-content\/uploads\/2023\/03\/Edicte-ID-aspirants-i-resultats-finals-Test-TAG-A1-07-25-web.pdf\" type=\"link\" id=\"https:\/\/alzira.es\/wp-content\/uploads\/2023\/03\/Edicte-ID-aspirants-i-resultats-finals-Test-TAG-A1-07-25-web.pdf\" target=\"_blank\" rel=\"noreferrer noopener\">Edicto apertura sobre ID TAG A1<\/a><\/td><td class=\"has-text-align-center\" data-align=\"center\">19\/02\/2026<\/td><\/tr><tr><td><a href=\"https:\/\/alzira.es\/wp-content\/uploads\/2023\/03\/Edicte-ID-aspirants-i-resultats-finals-Test-TAG-A1-07-25-rectificat-0203-web.pdf\" type=\"link\" id=\"https:\/\/alzira.es\/wp-content\/uploads\/2023\/03\/Edicte-ID-aspirants-i-resultats-finals-Test-TAG-A1-07-25-rectificat-0203-web.pdf\" target=\"_blank\" rel=\"noreferrer noopener\">Edicto correcci\u00f3n error Edicto anterior<\/a><\/td><td class=\"has-text-align-center\" data-align=\"center\">03\/03\/2026<\/td><\/tr><tr><td><a href=\"https:\/\/alzira.es\/wp-content\/uploads\/2026\/03\/16-Anunci-prova-practica-i-valencia-TAG-A1.pdf\">Edicto fecha ejercicio pr\u00e1ctico y traducci\u00f3n inversa TAG A1<\/a><\/td><td class=\"has-text-align-center\" data-align=\"center\">17\/03\/2026<\/td><\/tr><tr><td><a href=\"https:\/\/alzira.es\/wp-content\/uploads\/2023\/03\/17-Anunci-llistat-ordre-lectura-prova-pr_ctica-TAG-A1.pdf\">Anuncio orden lectura p\u00fablica prueba pr\u00e1ctica TAG A1<\/a><\/td><td class=\"has-text-align-center\" data-align=\"center\">26\/03\/2026<\/td><\/tr><tr><td><a href=\"https:\/\/alzira.es\/wp-content\/uploads\/2023\/03\/19-Edicte-resultats-provisionals-pr_ctic-i-traducci_-valenci_-TAG-A1-07-25v1.pdf\">Edicto resultados provisionales ejercicio pr\u00e1ctico y valenciano TAG A1<\/a><\/td><td class=\"has-text-align-center\" data-align=\"center\">17\/04\/2026<\/td><\/tr><\/tbody><\/table><\/figure>\n\n\n\n<p><\/p>\n","protected":false},"excerpt":{"rendered":"<p>NOVEDAD: plazo alegaciones ejercicio pr\u00e1ctico y valenciano DIEZ D\u00cdAS H\u00c1BILES desde el 20 de abril hasta el 4 de mayo de 2026 (ambos incluidos). Documentaci\u00f3n complementaria: Anexos III y IV. DOCUMENTS DE L&#8217;EXPEDIENT: Nom Fitxer Data Publicaci\u00f3 Certificado JGL aprobaci\u00f3n bases conv. 07\/2024 23\/12\/2024 Rectificaci\u00f3n Bases BOP 22-05-2025 convocatoria de T\u00e9cnico\/a superior Administraci\u00f3n General A1 &hellip; <\/p>\n<p class=\"link-more\"><a href=\"https:\/\/alzira.es\/es\/servicios-municipales\/recursos-humanos\/empleo-permanente\/convocatoria-07-2024-seleccion-en-propiedad-de-una-plaza-de-tecnico-a-superior-de-administracion-general-a1-por-concurso-oposicion-libre\/\" class=\"more-link\">Continuar leyendo<span class=\"screen-reader-text\"> \u00abCONVOCATORIA 07\/2024.- Selecci\u00f3n en propiedad de una plaza de T\u00e9cnico\/a superior de Administraci\u00f3n General A1, por concurso oposici\u00f3n libre.\u00bb<\/span><\/a><\/p>\n","protected":false},"author":156,"featured_media":0,"parent":105851,"menu_order":0,"comment_status":"closed","ping_status":"closed","template":"","meta":{"_acf_changed":false,"footnotes":""},"class_list":["post-161741","page","type-page","status-publish","hentry"],"acf":[],"_links":{"self":[{"href":"https:\/\/alzira.es\/es\/wp-json\/wp\/v2\/pages\/161741","targetHints":{"allow":["GET"]}}],"collection":[{"href":"https:\/\/alzira.es\/es\/wp-json\/wp\/v2\/pages"}],"about":[{"href":"https:\/\/alzira.es\/es\/wp-json\/wp\/v2\/types\/page"}],"author":[{"embeddable":true,"href":"https:\/\/alzira.es\/es\/wp-json\/wp\/v2\/users\/156"}],"replies":[{"embeddable":true,"href":"https:\/\/alzira.es\/es\/wp-json\/wp\/v2\/comments?post=161741"}],"version-history":[{"count":5,"href":"https:\/\/alzira.es\/es\/wp-json\/wp\/v2\/pages\/161741\/revisions"}],"predecessor-version":[{"id":171242,"href":"https:\/\/alzira.es\/es\/wp-json\/wp\/v2\/pages\/161741\/revisions\/171242"}],"up":[{"embeddable":true,"href":"https:\/\/alzira.es\/es\/wp-json\/wp\/v2\/pages\/105851"}],"wp:attachment":[{"href":"https:\/\/alzira.es\/es\/wp-json\/wp\/v2\/media?parent=161741"}],"curies":[{"name":"wp","href":"https:\/\/api.w.org\/{rel}","templated":true}]}}