{"id":161576,"date":"2025-06-10T10:20:05","date_gmt":"2025-06-10T08:20:05","guid":{"rendered":"https:\/\/alzira.es\/sociedad-mercantil-municipal\/"},"modified":"2026-04-02T09:28:00","modified_gmt":"2026-04-02T07:28:00","slug":"sociedad-mercantil-municipal","status":"publish","type":"page","link":"https:\/\/alzira.es\/es\/sociedad-mercantil-municipal\/","title":{"rendered":"Sociedad Mercantil Municipal"},"content":{"rendered":"\t\t<div data-elementor-type=\"wp-page\" data-elementor-id=\"161576\" class=\"elementor elementor-161576 elementor-161519\">\n\t\t\t\t\t\t<section class=\"elementor-section elementor-top-section elementor-element elementor-element-66acd93b elementor-section-boxed elementor-section-height-default elementor-section-height-default\" data-id=\"66acd93b\" data-element_type=\"section\">\n\t\t\t\t\t\t<div class=\"elementor-container elementor-column-gap-default\">\n\t\t\t\t\t<div class=\"elementor-column elementor-col-100 elementor-top-column elementor-element elementor-element-4aca3ccc\" data-id=\"4aca3ccc\" data-element_type=\"column\">\n\t\t\t<div class=\"elementor-widget-wrap elementor-element-populated\">\n\t\t\t\t\t\t<div class=\"elementor-element elementor-element-4a98dfe elementor-widget elementor-widget-text-editor\" data-id=\"4a98dfe\" data-element_type=\"widget\" data-widget_type=\"text-editor.default\">\n\t\t\t\t<div class=\"elementor-widget-container\">\n\t\t\t\t\t\t\t\t\t<p><a href=\"https:\/\/alzira.es\/wp-content\/uploads\/2021\/04\/pdf_rojo.jpg\"><img decoding=\"async\" class=\"size-full wp-image-54216 alignleft lazyload\" data-src=\"https:\/\/alzira.es\/wp-content\/uploads\/2021\/04\/pdf_rojo.jpg\" alt=\"descarregar\" width=\"30\" height=\"25\" src=\"data:image\/svg+xml;base64,PHN2ZyB3aWR0aD0iMSIgaGVpZ2h0PSIxIiB4bWxucz0iaHR0cDovL3d3dy53My5vcmcvMjAwMC9zdmciPjwvc3ZnPg==\" style=\"--smush-placeholder-width: 30px; --smush-placeholder-aspect-ratio: 30\/25;\" \/><\/a><a href=\"https:\/\/alzira.es\/wp-content\/uploads\/2026\/04\/20260325-modificacio-estatuts.pdf\" target=\"_blank\" rel=\"noopener\">Acuerdo del Pleno del Ayuntamiento de 25\/03\/2026 \u00abAprobar la modificaci\u00f3n de los Estatutos de la sociedad mercantil local de capital p\u00fablico \u00edntegramente denominada \u00abGESTI\u00d3N P\u00daBLICA DE ALZIRA, SOCIEDAD LIMITADA\u00bb en los t\u00e9rminos indicados, acompa\u00f1ante al Anexo Y al final la nueva redacci\u00f3n \u00edntegra\u00bb.<em><strong>\u00a0<\/strong><\/em><\/a><\/p><p><a href=\"https:\/\/alzira.es\/wp-content\/uploads\/2021\/04\/pdf_rojo.jpg\"><img decoding=\"async\" class=\"size-full wp-image-54216 alignleft lazyload\" data-src=\"https:\/\/alzira.es\/wp-content\/uploads\/2021\/04\/pdf_rojo.jpg\" alt=\"descarregar\" width=\"30\" height=\"25\" src=\"data:image\/svg+xml;base64,PHN2ZyB3aWR0aD0iMSIgaGVpZ2h0PSIxIiB4bWxucz0iaHR0cDovL3d3dy53My5vcmcvMjAwMC9zdmciPjwvc3ZnPg==\" style=\"--smush-placeholder-width: 30px; --smush-placeholder-aspect-ratio: 30\/25;\" \/><\/a><a href=\"https:\/\/alzira.es\/wp-content\/uploads\/2026\/03\/acta-2.pdf\" target=\"_blank\" rel=\"noopener\">Acta n.\u00ba 2 de la sesi\u00f3n 27-02-2026 del Comit\u00e9 de Valoraci\u00f3n para la selecci\u00f3n y reclutamiento del Gerente de la Sociedad Mercantil Local Gesti\u00f3n P\u00fablica de Alzira , S.L..<em><strong>\u00a0<\/strong><\/em><\/a><\/p><p><a href=\"https:\/\/alzira.es\/wp-content\/uploads\/2021\/04\/pdf_rojo.jpg\"><img decoding=\"async\" class=\"size-full wp-image-54216 alignleft lazyload\" data-src=\"https:\/\/alzira.es\/wp-content\/uploads\/2021\/04\/pdf_rojo.jpg\" alt=\"descarregar\" width=\"30\" height=\"25\" src=\"data:image\/svg+xml;base64,PHN2ZyB3aWR0aD0iMSIgaGVpZ2h0PSIxIiB4bWxucz0iaHR0cDovL3d3dy53My5vcmcvMjAwMC9zdmciPjwvc3ZnPg==\" style=\"--smush-placeholder-width: 30px; --smush-placeholder-aspect-ratio: 30\/25;\" \/><\/a><a href=\"https:\/\/alzira.es\/wp-content\/uploads\/2026\/02\/acta-num-1.pdf\" target=\"_blank\" rel=\"noopener\">ACTA N.\u00ba 1 de la sesi\u00f3n celebrada el 16 de febrero de 2026, en primera convocatoria. COMIT\u00c9 DE VALORACI\u00d3N PARA LA SELECCI\u00d3N Y RECLUTAMIENTO DEL GERENTE DE LA SOCIEDAD MERCANTIL LOCAL GESTI\u00d3N P\u00daBLICA DE ALZIRA, S.L.<em><strong>\u00a0<\/strong><\/em><\/a><\/p><p><a href=\"https:\/\/alzira.es\/wp-content\/uploads\/2021\/04\/pdf_rojo.jpg\"><img decoding=\"async\" class=\"size-full wp-image-54216 alignleft lazyload\" data-src=\"https:\/\/alzira.es\/wp-content\/uploads\/2021\/04\/pdf_rojo.jpg\" alt=\"descarregar\" width=\"30\" height=\"25\" src=\"data:image\/svg+xml;base64,PHN2ZyB3aWR0aD0iMSIgaGVpZ2h0PSIxIiB4bWxucz0iaHR0cDovL3d3dy53My5vcmcvMjAwMC9zdmciPjwvc3ZnPg==\" style=\"--smush-placeholder-width: 30px; --smush-placeholder-aspect-ratio: 30\/25;\" \/><\/a><a href=\"https:\/\/alzira.es\/wp-content\/uploads\/2025\/12\/bases-gerencia-gerent.pdf\" target=\"_blank\" rel=\"noopener\">Convocatoria p\u00fablica para el reclutamiento del puesto de Gerente de la sociedad mercantil local \u201cGESTI\u00d3 P\u00daBLICA D\u2019ALZIRA, S.L.\u201d\u00a0 <em><strong>El plazo l\u00edmite de presentaci\u00f3n ser\u00e1 HASTA EL 25 DE ENERO DE 2026\u00a0<\/strong><\/em><\/a><\/p><p><a href=\"https:\/\/alzira.es\/wp-content\/uploads\/2021\/04\/pdf_rojo.jpg\"><img decoding=\"async\" class=\"size-full wp-image-54216 alignleft lazyload\" data-src=\"https:\/\/alzira.es\/wp-content\/uploads\/2021\/04\/pdf_rojo.jpg\" alt=\"descarregar\" width=\"30\" height=\"25\" src=\"data:image\/svg+xml;base64,PHN2ZyB3aWR0aD0iMSIgaGVpZ2h0PSIxIiB4bWxucz0iaHR0cDovL3d3dy53My5vcmcvMjAwMC9zdmciPjwvc3ZnPg==\" style=\"--smush-placeholder-width: 30px; --smush-placeholder-aspect-ratio: 30\/25;\" \/><\/a><a href=\"https:\/\/alzira.es\/wp-content\/uploads\/2025\/11\/consell-d-administracio.pdf\" target=\"_blank\" rel=\"noopener\">Propuesta de designaci\u00f3n de los miembros del consejo de administraci\u00f3n , Gesti\u00f3n P\u00fablica de Alzira, Sociedad Limitada<\/a><\/p><p><a href=\"https:\/\/alzira.es\/wp-content\/uploads\/2021\/04\/pdf_rojo.jpg\"><img decoding=\"async\" class=\"size-full wp-image-54216 alignleft lazyload\" data-src=\"https:\/\/alzira.es\/wp-content\/uploads\/2021\/04\/pdf_rojo.jpg\" alt=\"descarregar\" width=\"30\" height=\"25\" src=\"data:image\/svg+xml;base64,PHN2ZyB3aWR0aD0iMSIgaGVpZ2h0PSIxIiB4bWxucz0iaHR0cDovL3d3dy53My5vcmcvMjAwMC9zdmciPjwvc3ZnPg==\" style=\"--smush-placeholder-width: 30px; --smush-placeholder-aspect-ratio: 30\/25;\" \/><\/a><a href=\"https:\/\/alzira.es\/wp-content\/uploads\/2025\/11\/proposta-final.pdf\" target=\"_blank\" rel=\"noopener\">Propuesta final de la comisi\u00f3n de estudio sobre la creaci\u00f3n de una sociedad mercantil municipal<\/a><\/p><p><a href=\"https:\/\/alzira.es\/wp-content\/uploads\/2021\/04\/pdf_rojo.jpg\"><img decoding=\"async\" class=\"size-full wp-image-54216 alignleft lazyload\" data-src=\"https:\/\/alzira.es\/wp-content\/uploads\/2021\/04\/pdf_rojo.jpg\" alt=\"descarregar\" width=\"30\" height=\"25\" src=\"data:image\/svg+xml;base64,PHN2ZyB3aWR0aD0iMSIgaGVpZ2h0PSIxIiB4bWxucz0iaHR0cDovL3d3dy53My5vcmcvMjAwMC9zdmciPjwvc3ZnPg==\" style=\"--smush-placeholder-width: 30px; --smush-placeholder-aspect-ratio: 30\/25;\" \/><\/a><a href=\"https:\/\/alzira.es\/wp-content\/uploads\/2025\/06\/Cultura_0623_BOP_01.pdf\" target=\"_blank\" rel=\"noopener\">Anuncio del Ayuntamiento de Alzira sobre la aprobaci\u00f3n inicial de constituci\u00f3n de una sociedad mercantil local<\/a><\/p><p><a href=\"https:\/\/alzira.es\/wp-content\/uploads\/2021\/04\/pdf_rojo.jpg\"><img decoding=\"async\" class=\"size-full wp-image-54216 alignleft lazyload\" data-src=\"https:\/\/alzira.es\/wp-content\/uploads\/2021\/04\/pdf_rojo.jpg\" alt=\"descarregar\" width=\"30\" height=\"25\" src=\"data:image\/svg+xml;base64,PHN2ZyB3aWR0aD0iMSIgaGVpZ2h0PSIxIiB4bWxucz0iaHR0cDovL3d3dy53My5vcmcvMjAwMC9zdmciPjwvc3ZnPg==\" style=\"--smush-placeholder-width: 30px; --smush-placeholder-aspect-ratio: 30\/25;\" \/><\/a><a href=\"https:\/\/alzira.es\/wp-content\/uploads\/2025\/06\/SMM_memoria-justificativa.pdf\" target=\"_blank\" rel=\"noopener\">Memoria justificativa sobre la viabilidad de la gesti\u00f3n directa de determinados servicios municipales mediante sociedad mercantil local y propuesta de estatutos<\/a><\/p><p><a href=\"https:\/\/alzira.es\/wp-content\/uploads\/2021\/04\/pdf_rojo.jpg\"><img decoding=\"async\" class=\"size-full wp-image-54216 alignleft lazyload\" data-src=\"https:\/\/alzira.es\/wp-content\/uploads\/2021\/04\/pdf_rojo.jpg\" alt=\"descarregar\" width=\"30\" height=\"25\" src=\"data:image\/svg+xml;base64,PHN2ZyB3aWR0aD0iMSIgaGVpZ2h0PSIxIiB4bWxucz0iaHR0cDovL3d3dy53My5vcmcvMjAwMC9zdmciPjwvc3ZnPg==\" style=\"--smush-placeholder-width: 30px; --smush-placeholder-aspect-ratio: 30\/25;\" \/><\/a><a href=\"https:\/\/alzira.es\/wp-content\/uploads\/2025\/06\/SMM_acord-ple.pdf\" target=\"_blank\" rel=\"noopener\">Acuerdo del Pleno del Ayuntamiento de 28\/05\/2025<\/a><\/p><p><a href=\"https:\/\/alzira.es\/wp-content\/uploads\/2021\/04\/pdf_rojo.jpg\"><img decoding=\"async\" class=\"size-full wp-image-54216 alignleft lazyload\" data-src=\"https:\/\/alzira.es\/wp-content\/uploads\/2021\/04\/pdf_rojo.jpg\" alt=\"descarregar\" width=\"30\" height=\"25\" src=\"data:image\/svg+xml;base64,PHN2ZyB3aWR0aD0iMSIgaGVpZ2h0PSIxIiB4bWxucz0iaHR0cDovL3d3dy53My5vcmcvMjAwMC9zdmciPjwvc3ZnPg==\" style=\"--smush-placeholder-width: 30px; --smush-placeholder-aspect-ratio: 30\/25;\" \/><\/a><a href=\"https:\/\/alzira.es\/wp-content\/uploads\/2025\/06\/SMM_proposta-estatuts.pdf\" target=\"_blank\" rel=\"noopener\">Propuesta de Estatutos de la Sociedad<\/a><\/p><p><a href=\"https:\/\/alzira.es\/wp-content\/uploads\/2021\/04\/pdf_rojo.jpg\"><img decoding=\"async\" class=\"size-full wp-image-54216 alignleft lazyload\" data-src=\"https:\/\/alzira.es\/wp-content\/uploads\/2021\/04\/pdf_rojo.jpg\" alt=\"descarregar\" width=\"30\" height=\"25\" src=\"data:image\/svg+xml;base64,PHN2ZyB3aWR0aD0iMSIgaGVpZ2h0PSIxIiB4bWxucz0iaHR0cDovL3d3dy53My5vcmcvMjAwMC9zdmciPjwvc3ZnPg==\" style=\"--smush-placeholder-width: 30px; --smush-placeholder-aspect-ratio: 30\/25;\" \/><\/a><a href=\"https:\/\/alzira.es\/wp-content\/uploads\/2025\/06\/SMM_anunci.pdf\" target=\"_blank\" rel=\"noopener\">Anuncio<\/a><\/p>\t\t\t\t\t\t\t\t<\/div>\n\t\t\t\t<\/div>\n\t\t\t\t\t<\/div>\n\t\t<\/div>\n\t\t\t\t\t<\/div>\n\t\t<\/section>\n\t\t\t\t<\/div>\n\t\t","protected":false},"excerpt":{"rendered":"<p>Acuerdo del Pleno del Ayuntamiento de 25\/03\/2026 \u00abAprobar la modificaci\u00f3n de los Estatutos de la sociedad mercantil local de capital p\u00fablico \u00edntegramente denominada \u00abGESTI\u00d3N P\u00daBLICA DE ALZIRA, SOCIEDAD LIMITADA\u00bb en los t\u00e9rminos indicados, acompa\u00f1ante al Anexo Y al final la nueva redacci\u00f3n \u00edntegra\u00bb.\u00a0 Acta n.\u00ba 2 de la sesi\u00f3n 27-02-2026 del Comit\u00e9 de Valoraci\u00f3n para &hellip; <\/p>\n<p class=\"link-more\"><a href=\"https:\/\/alzira.es\/es\/sociedad-mercantil-municipal\/\" class=\"more-link\">Continuar leyendo<span class=\"screen-reader-text\"> \u00abSociedad Mercantil Municipal\u00bb<\/span><\/a><\/p>\n","protected":false},"author":29,"featured_media":0,"parent":0,"menu_order":0,"comment_status":"closed","ping_status":"closed","template":"","meta":{"_acf_changed":false,"footnotes":""},"class_list":["post-161576","page","type-page","status-publish","hentry"],"acf":[],"_links":{"self":[{"href":"https:\/\/alzira.es\/es\/wp-json\/wp\/v2\/pages\/161576","targetHints":{"allow":["GET"]}}],"collection":[{"href":"https:\/\/alzira.es\/es\/wp-json\/wp\/v2\/pages"}],"about":[{"href":"https:\/\/alzira.es\/es\/wp-json\/wp\/v2\/types\/page"}],"author":[{"embeddable":true,"href":"https:\/\/alzira.es\/es\/wp-json\/wp\/v2\/users\/29"}],"replies":[{"embeddable":true,"href":"https:\/\/alzira.es\/es\/wp-json\/wp\/v2\/comments?post=161576"}],"version-history":[{"count":2,"href":"https:\/\/alzira.es\/es\/wp-json\/wp\/v2\/pages\/161576\/revisions"}],"predecessor-version":[{"id":170832,"href":"https:\/\/alzira.es\/es\/wp-json\/wp\/v2\/pages\/161576\/revisions\/170832"}],"wp:attachment":[{"href":"https:\/\/alzira.es\/es\/wp-json\/wp\/v2\/media?parent=161576"}],"curies":[{"name":"wp","href":"https:\/\/api.w.org\/{rel}","templated":true}]}}