{"id":161557,"date":"2025-06-06T13:55:05","date_gmt":"2025-06-06T11:55:05","guid":{"rendered":"https:\/\/alzira.es\/servicios-municipales\/recursos-humanos\/empleo-permanente\/convocatoria-02-2025-seleccion-en-propiedad-una-plaza-de-tecnico-a-medio-de-informatica-servicio-de-innovacion-y-tecnologia-por-el-sistema-"},"modified":"2025-06-10T11:52:11","modified_gmt":"2025-06-10T09:52:11","slug":"convocatoria-02-2025-seleccion-en-propiedad-una-plaza-de-tecnico-a-medio-de-informatica-servicio-de-innovacion-y-tecnologia-por-el-sistema-de-concurso-turno-restringido","status":"publish","type":"page","link":"https:\/\/alzira.es\/es\/servicios-municipales\/recursos-humanos\/empleo-permanente\/convocatoria-02-2025-seleccion-en-propiedad-una-plaza-de-tecnico-a-medio-de-informatica-servicio-de-innovacion-y-tecnologia-por-el-sistema-de-concurso-turno-restringido\/","title":{"rendered":"CONVOCATORIA 02\/2025.- Selecci\u00f3n en propiedad una plaza de T\u00e9cnico\/a medio de Inform\u00e1tica (Servicio de Innovaci\u00f3n y Tecnolog\u00eda) por el sistema de concurso turno restringido."},"content":{"rendered":"<p>Plazo de presentaci\u00f3n de solicitudes: <strong>QUINCE D\u00cdAS H\u00c1BILES\u00a0 desde el <span style=\"color: #ff0000;\">9 hasta el 30 de de junio de 2025<\/span><\/strong> (los dos incluidos).<\/p>\n<p>DOCUMENTOS DEL EXPEDIENTE:<\/p>\n\n<figure class=\"wp-block-table is-style-stripes\"><table><tbody><tr><td><strong>Nombre Fichero<\/strong><\/td><td class=\"has-text-align-center\" data-align=\"center\"><strong>Fecha Publicaci\u00f3n<\/strong><\/td><\/tr><tr><td><a href=\"https:\/\/alzira.es\/wp-content\/uploads\/2025\/06\/04-FPiO_0527_BOP_01.pdf\" target=\"_blank\" rel=\"noopener\">Anuncio publicaci\u00f3n BOPV una plaza de T\u00e9cnico\/a medio de Inform\u00e1tica A2 (Servicio Innovaci\u00f3n y Tecnolog\u00eda)<\/a><\/td><td class=\"has-text-align-center\" data-align=\"center\">27\/05\/2025<\/td><\/tr><tr><td><a href=\"https:\/\/alzira.es\/wp-content\/uploads\/2023\/03\/Autobaremacio-Tecnic-Informatica-A2.xlsx\" target=\"_blank\" rel=\"noopener\">Hoja de autobaremaci\u00f3n<\/a><\/td><td class=\"has-text-align-center\" data-align=\"center\">06\/06\/2025<\/td><\/tr><tr><td><a href=\"https:\/\/alzira.es\/wp-content\/uploads\/2023\/03\/05-BOE-A-2025-11386-060625-A2-Informatica.pdf\" target=\"_blank\" rel=\"noopener\">Anuncio BOE convocatoria una plaza de T\u00e9cnico\/a medio A2 (Servicio Innovaci\u00f3n y Tecnolog\u00eda)<\/a><\/td><td class=\"has-text-align-center\" data-align=\"center\">06\/06\/2025<\/td><\/tr><tr><td><\/td><td class=\"has-text-align-center\" data-align=\"center\"><\/td><\/tr><tr><td><\/td><td class=\"has-text-align-center\" data-align=\"center\"><\/td><\/tr><tr><td><\/td><td class=\"has-text-align-center\" data-align=\"center\"><\/td><\/tr><tr><td><\/td><td class=\"has-text-align-center\" data-align=\"center\"><\/td><\/tr><tr><td><\/td><td class=\"has-text-align-center\" data-align=\"center\"><\/td><\/tr><tr><td><\/td><td class=\"has-text-align-center\" data-align=\"center\"><\/td><\/tr><tr><td><\/td><td class=\"has-text-align-center\" data-align=\"center\"><\/td><\/tr><tr><td><\/td><td class=\"has-text-align-center\" data-align=\"center\"><\/td><\/tr><\/tbody><\/table><\/figure>\n\n<p><\/p>\n","protected":false},"excerpt":{"rendered":"<p>Plazo de presentaci\u00f3n de solicitudes: QUINCE D\u00cdAS H\u00c1BILES\u00a0 desde el 9 hasta el 30 de de junio de 2025 (los dos incluidos). DOCUMENTOS DEL EXPEDIENTE: Nombre Fichero Fecha Publicaci\u00f3n Anuncio publicaci\u00f3n BOPV una plaza de T\u00e9cnico\/a medio de Inform\u00e1tica A2 (Servicio Innovaci\u00f3n y Tecnolog\u00eda) 27\/05\/2025 Hoja de autobaremaci\u00f3n 06\/06\/2025 Anuncio BOE convocatoria una plaza de &hellip; <\/p>\n<p class=\"link-more\"><a href=\"https:\/\/alzira.es\/es\/servicios-municipales\/recursos-humanos\/empleo-permanente\/convocatoria-02-2025-seleccion-en-propiedad-una-plaza-de-tecnico-a-medio-de-informatica-servicio-de-innovacion-y-tecnologia-por-el-sistema-de-concurso-turno-restringido\/\" class=\"more-link\">Continuar leyendo<span class=\"screen-reader-text\"> \u00abCONVOCATORIA 02\/2025.- Selecci\u00f3n en propiedad una plaza de T\u00e9cnico\/a medio de Inform\u00e1tica (Servicio de Innovaci\u00f3n y Tecnolog\u00eda) por el sistema de concurso turno restringido.\u00bb<\/span><\/a><\/p>\n","protected":false},"author":156,"featured_media":0,"parent":105851,"menu_order":0,"comment_status":"closed","ping_status":"closed","template":"","meta":{"_acf_changed":false,"footnotes":""},"class_list":["post-161557","page","type-page","status-publish","hentry"],"acf":[],"_links":{"self":[{"href":"https:\/\/alzira.es\/es\/wp-json\/wp\/v2\/pages\/161557","targetHints":{"allow":["GET"]}}],"collection":[{"href":"https:\/\/alzira.es\/es\/wp-json\/wp\/v2\/pages"}],"about":[{"href":"https:\/\/alzira.es\/es\/wp-json\/wp\/v2\/types\/page"}],"author":[{"embeddable":true,"href":"https:\/\/alzira.es\/es\/wp-json\/wp\/v2\/users\/156"}],"replies":[{"embeddable":true,"href":"https:\/\/alzira.es\/es\/wp-json\/wp\/v2\/comments?post=161557"}],"version-history":[{"count":1,"href":"https:\/\/alzira.es\/es\/wp-json\/wp\/v2\/pages\/161557\/revisions"}],"predecessor-version":[{"id":161558,"href":"https:\/\/alzira.es\/es\/wp-json\/wp\/v2\/pages\/161557\/revisions\/161558"}],"up":[{"embeddable":true,"href":"https:\/\/alzira.es\/es\/wp-json\/wp\/v2\/pages\/105851"}],"wp:attachment":[{"href":"https:\/\/alzira.es\/es\/wp-json\/wp\/v2\/media?parent=161557"}],"curies":[{"name":"wp","href":"https:\/\/api.w.org\/{rel}","templated":true}]}}