{"id":161513,"date":"2025-06-10T09:44:11","date_gmt":"2025-06-10T07:44:11","guid":{"rendered":"https:\/\/alzira.es\/?page_id=161513"},"modified":"2026-04-15T13:07:03","modified_gmt":"2026-04-15T11:07:03","slug":"ingenieria-tecnica-industrial","status":"publish","type":"page","link":"https:\/\/alzira.es\/es\/servicios-municipales\/recursos-humanos\/empleo-permanente\/ingenieria-tecnica-industrial\/","title":{"rendered":"CONVOCATORIA 09\/2024.- Selecci\u00f3n en propiedad de una plaza de T\u00e9cnico\/a medio de Ingenier\u00eda t\u00e9cnica rama industrial, por concurso oposici\u00f3n libre."},"content":{"rendered":"<p><span style=\"color: #000000;\"><strong>NOVEDAD:\u00a0 <\/strong>finalizaci\u00f3n del proceso de oposici\u00f3n, inicio per\u00edodo de pr\u00e1cticas.<\/span><\/p>\n<p><a href=\"https:\/\/alzira.es\/wp-content\/uploads\/2023\/03\/01_Annex-III-i-IV-bases-1.pdf\" target=\"_blank\" rel=\"noopener\">Monograf\u00eda puesto y competencias profesionales<\/a><\/p>\n<p><strong>DOCUMENTS DE L&#8217;EXPEDIENT:<\/strong><\/p>\n\n\n<figure class=\"wp-block-table\"><table class=\"has-fixed-layout\"><tbody><tr><td><strong>Nom Fitxer<\/strong><\/td><td class=\"has-text-align-center\" data-align=\"center\"><strong>Data Publicaci\u00f3<\/strong><\/td><\/tr><tr><td><a href=\"https:\/\/alzira.es\/wp-content\/uploads\/2023\/03\/25-Edicte-resultats-finals-i-orde-borsa-Enginyer-a-T_cnic-a-Industrial1.pdf\">Edicto resultados finales oposici\u00f3n, orden bolsa y nombramiento funcionario en pr\u00e1cticas T\u00e9cnico\/a medio de Ingeniero t\u00e9cnico\/a rama Industrial A1<\/a><\/td><td class=\"has-text-align-center\" data-align=\"center\">15\/04\/2026<\/td><\/tr><tr><td><a href=\"https:\/\/alzira.es\/wp-content\/uploads\/2023\/03\/24-Edicte-obertura-sobre-ID-Enginyer-a-T_cnic-a-notes-definitives-baremaci_-prov.pdf\">Edicto apertura sobre ID resultados finales y baremaci\u00f3n provisional m\u00e9ritos<\/a><\/td><td class=\"has-text-align-center\" data-align=\"center\">31\/03\/2026<\/td><\/tr><tr><td><a href=\"https:\/\/alzira.es\/wp-content\/uploads\/2026\/03\/23-Edicte-data-obertura-sobre-ID-i-resultats-test-i-entrevista-comp-i-baremaci_-Eng.tec_.pdf\">Edicto fecha apertura sobre ID y resultados test y entrevista competenciales, y baremaci\u00f3n m\u00e9ritos<\/a><\/td><td class=\"has-text-align-center\" data-align=\"center\">23\/03\/2026<\/td><\/tr><tr><td><a href=\"https:\/\/alzira.es\/wp-content\/uploads\/2023\/03\/22-Edicte-test-competencial-i-entrevistes-Enginyer-a-Tecnic-a-Industrial.pdf\" target=\"_blank\" rel=\"noreferrer noopener\">Edicto notas provisionales test competencial y entrevista<\/a><\/td><td class=\"has-text-align-center\" data-align=\"center\">12\/03\/2026<\/td><\/tr><tr><td><a href=\"https:\/\/alzira.es\/wp-content\/uploads\/2023\/03\/21-Edicte-data-test-i-entrevista-competencials-Eng.tec-09-24.pdf\">Edicto fecha test y entrevista competenciales<\/a><\/td><td class=\"has-text-align-center\" data-align=\"center\">26\/02\/2026<\/td><\/tr><tr><td><a href=\"https:\/\/alzira.es\/wp-content\/uploads\/2026\/02\/20-Provid_ncia-nomenament-assessors-es-Tribunal-Eng-Tec-Industrial-4706.pdf\">Providencia nombramiento asesor\/a OTS<\/a><\/td><td class=\"has-text-align-center\" data-align=\"center\">25\/02\/2026<\/td><\/tr><tr><td><a href=\"https:\/\/alzira.es\/wp-content\/uploads\/2026\/02\/19-Edicte-obertura-sobre-ID-i-resultats-definitius-pr_ctic-i-Valenci_-Eng.tec-09-24.pdf\">Edicto identificaci\u00f3n aspirantes y resultados definitivos<\/a><\/td><td class=\"has-text-align-center\" data-align=\"center\">20\/02\/2026<\/td><\/tr><tr><td><a href=\"https:\/\/alzira.es\/wp-content\/uploads\/2023\/03\/18-Edicte-obertura-sobre-ID-i-resultats-definitius-pr_ctic-i-Valenci_-Eng.tec_.-conv.-09-24.pdf\">Edicto apertura sobre ID y resultados definitivos examen pr\u00e1ctico y valenciano<\/a><\/td><td class=\"has-text-align-center\" data-align=\"center\">16\/02\/2026<\/td><\/tr><tr><td><a href=\"https:\/\/alzira.es\/wp-content\/uploads\/2023\/03\/17-Edicte-resultats-provisionals-practic-i-valencia.pdf\" target=\"_blank\" rel=\"noreferrer noopener\">Edicto resultados provisionales examen pr\u00e0ctico y valenciano<\/a><\/td><td class=\"has-text-align-center\" data-align=\"center\">27\/01\/2026<\/td><\/tr><tr><td><a href=\"https:\/\/alzira.es\/wp-content\/uploads\/2026\/01\/16-Edicte-Obertura-sobre-ID-i-resultats-definitius-TEST-Enginyer-tec.-conv.-09-24-signat.pdf\">Edicto apertura sobre ID de las personas aspirantes y fecha segundo ejercicio<\/a><\/td><td class=\"has-text-align-center\" data-align=\"center\">14\/01\/2026<\/td><\/tr><tr><td><a href=\"https:\/\/alzira.es\/wp-content\/uploads\/2023\/03\/15-Edicte-resultats-definitius-prova-TEST-Enginyer-Tecnic.pdf\" target=\"_blank\" rel=\"noreferrer noopener\">Edicto resultados definitivos examen test 1er ejercicio y fecha examen<\/a><\/td><td class=\"has-text-align-center\" data-align=\"center\">08\/01\/2026<\/td><\/tr><tr><td><a href=\"https:\/\/alzira.es\/wp-content\/uploads\/2023\/03\/14-Edicte-resultats-provisionals-prova-TEST-Enginyer-tec.-conv.-09-24.pdf\" target=\"_blank\" rel=\"noreferrer noopener\">Edicto resultados provisionales examen test     1er ejercicio <\/a><\/td><td class=\"has-text-align-center\" data-align=\"center\">11\/11\/2025<\/td><\/tr><tr><td><a href=\"https:\/\/alzira.es\/wp-content\/uploads\/2023\/03\/NOTA-informativa-plantilla-Tecnic-a-Mitja-Engenyeria-Tecnica-de-la-Branca-Industrial-Subgrup-A1.pdf\" target=\"_blank\" rel=\"noreferrer noopener\">Plantilla respuestas examen test 1\u00ba ejercicio  del d\u00eda 06\/11\/25<\/a> <\/td><td class=\"has-text-align-center\" data-align=\"center\">07\/11\/2025<\/td><\/tr><tr><td><a href=\"https:\/\/alzira.es\/wp-content\/uploads\/2023\/03\/12-Providencia-canvi-ubicacio-examen-test.pdf\">Providencia cambio ubicaci\u00f3n examen test 1er ejercicio conv. 09\/24<\/a><\/td><td class=\"has-text-align-center\" data-align=\"center\">24\/10\/2025<\/td><\/tr><tr><td><a href=\"https:\/\/alzira.es\/wp-content\/uploads\/2023\/03\/11-Decret-llista-definitiva-personal-admes-i-exclos-con.-09-24-1003d1366.pdf\">Decreto lista definitiva admisi\u00f3n aspirantes y fecha de examen T\u00e9cnico\/a medio Ingenier\u00eda t\u00e9cnica rama Industrial A1<\/a><\/td><td class=\"has-text-align-center\" data-align=\"center\">03\/10\/2025<\/td><\/tr><tr><td><a href=\"https:\/\/alzira.es\/wp-content\/uploads\/2023\/03\/10-Decret-llistat-provisional-personal-admes-i-exclos-Enginyer-Tecnic-Rama-Industrial.pdf\">Decreto lista provisional admisi\u00f3n aspirantes T\u00e9cnico\/a medio Ingenier\u00eda t\u00e9cnica rama Industrial A1<\/a><\/td><td class=\"has-text-align-center\" data-align=\"center\">07\/08\/2025<\/td><\/tr><tr><td><a href=\"https:\/\/alzira.es\/wp-content\/uploads\/2023\/03\/AUTOBAREMACIO-conv-9-24-Enginyer-tecnic-2-1.xlsx\" target=\"_blank\" rel=\"noreferrer noopener\">Excel Autobaremaci\u00f3n m\u00e9ritos<\/a><\/td><td class=\"has-text-align-center\" data-align=\"center\">10\/06\/2025<\/td><\/tr><tr><td><a href=\"https:\/\/alzira.es\/wp-content\/uploads\/2023\/03\/Publicacio-BOE_Enginyer_FPiO_0609_BOE_01.pdf\" target=\"_blank\" rel=\"noreferrer noopener\">Anuncio BOE convocatoria una plaza de T\u00e9cnico\/a medio Ingenier\u00eda t\u00e9cnica rama industrial A1<\/a><\/td><td class=\"has-text-align-center\" data-align=\"center\">10\/06\/2025<\/td><\/tr><tr><td><a href=\"https:\/\/alzira.es\/wp-content\/uploads\/2023\/03\/MODIFICACIO-PLACA-FPiO_0423_BOP_01.pdf\" target=\"_blank\" rel=\"noreferrer noopener\">Rectificaci\u00f3n Bases BOP 23-04-2025 convocatoria de T\u00e9cnico\/a medio Ingenier\u00eda t\u00e9cnica<\/a><\/td><td class=\"has-text-align-center\" data-align=\"center\">10\/06\/2025<\/td><\/tr><tr><td><a href=\"https:\/\/alzira.es\/wp-content\/uploads\/2023\/03\/Publicacio-bases-BOP-30-12-2024-Tecnic-mitja-Industrial.pdf\" target=\"_blank\" rel=\"noreferrer noopener\">Publicaci\u00f3n Bases BOP 30-12-2024 convocatoria de T\u00e9cnico\/a medio Ingenier\u00eda t\u00e9cnica<\/a><\/td><td class=\"has-text-align-center\" data-align=\"center\">10\/06\/2025<\/td><\/tr><\/tbody><\/table><\/figure>\n\n\n\n<p><\/p>\n","protected":false},"excerpt":{"rendered":"<p>NOVEDAD:\u00a0 finalizaci\u00f3n del proceso de oposici\u00f3n, inicio per\u00edodo de pr\u00e1cticas. Monograf\u00eda puesto y competencias profesionales DOCUMENTS DE L&#8217;EXPEDIENT: Nom Fitxer Data Publicaci\u00f3 Edicto resultados finales oposici\u00f3n, orden bolsa y nombramiento funcionario en pr\u00e1cticas T\u00e9cnico\/a medio de Ingeniero t\u00e9cnico\/a rama Industrial A1 15\/04\/2026 Edicto apertura sobre ID resultados finales y baremaci\u00f3n provisional m\u00e9ritos 31\/03\/2026 Edicto fecha &hellip; <\/p>\n<p class=\"link-more\"><a href=\"https:\/\/alzira.es\/es\/servicios-municipales\/recursos-humanos\/empleo-permanente\/ingenieria-tecnica-industrial\/\" class=\"more-link\">Continuar leyendo<span class=\"screen-reader-text\"> \u00abCONVOCATORIA 09\/2024.- Selecci\u00f3n en propiedad de una plaza de T\u00e9cnico\/a medio de Ingenier\u00eda t\u00e9cnica rama industrial, por concurso oposici\u00f3n libre.\u00bb<\/span><\/a><\/p>\n","protected":false},"author":156,"featured_media":0,"parent":105851,"menu_order":0,"comment_status":"closed","ping_status":"closed","template":"","meta":{"_acf_changed":false,"footnotes":""},"class_list":["post-161513","page","type-page","status-publish","hentry"],"acf":[],"_links":{"self":[{"href":"https:\/\/alzira.es\/es\/wp-json\/wp\/v2\/pages\/161513","targetHints":{"allow":["GET"]}}],"collection":[{"href":"https:\/\/alzira.es\/es\/wp-json\/wp\/v2\/pages"}],"about":[{"href":"https:\/\/alzira.es\/es\/wp-json\/wp\/v2\/types\/page"}],"author":[{"embeddable":true,"href":"https:\/\/alzira.es\/es\/wp-json\/wp\/v2\/users\/156"}],"replies":[{"embeddable":true,"href":"https:\/\/alzira.es\/es\/wp-json\/wp\/v2\/comments?post=161513"}],"version-history":[{"count":2,"href":"https:\/\/alzira.es\/es\/wp-json\/wp\/v2\/pages\/161513\/revisions"}],"predecessor-version":[{"id":171113,"href":"https:\/\/alzira.es\/es\/wp-json\/wp\/v2\/pages\/161513\/revisions\/171113"}],"up":[{"embeddable":true,"href":"https:\/\/alzira.es\/es\/wp-json\/wp\/v2\/pages\/105851"}],"wp:attachment":[{"href":"https:\/\/alzira.es\/es\/wp-json\/wp\/v2\/media?parent=161513"}],"curies":[{"name":"wp","href":"https:\/\/api.w.org\/{rel}","templated":true}]}}